{"id":1100,"date":"2021-01-29T12:06:09","date_gmt":"2021-01-29T11:06:09","guid":{"rendered":"https:\/\/cyberschool.univ-rennes.fr?page_id=1100"},"modified":"2026-03-12T14:36:52","modified_gmt":"2026-03-12T13:36:52","slug":"research-organisation-at-cyberschool","status":"publish","type":"page","link":"https:\/\/cyberschool.univ-rennes.fr\/en\/research\/research-organisation-at-cyberschool\/","title":{"rendered":"Research"},"content":{"rendered":"<section class=\"text-intro\">\n    <div class=\"container\">\n        <p style=\"text-align: center;\"><strong>Brittany positions itself as one of the leading French regions in the field of digital security.<\/strong> The <a href=\"https:\/\/www.pole-excellence-cyber.org\/\" target=\"_blank\" rel=\"noopener\">P\u00f4le d\u2019excellence Cyber<\/a> (PEC), established through the initiative of the Ministry of Defense and the Brittany Region, was born in this strategic location. This prominent national competitiveness cluster brings together numerous businesses in the field, government stakeholders, and academic institutions.<\/p>\n\n    <\/div>\n<\/section>\n\n\n\n<section class=\"image-rounded\">\n    <div class=\"container\">\n        <div class=\"bloc-img\">\n            <picture>\n                <source\n                type=\"image\/webp\"\n                srcset=\"https:\/\/cyberschool.univ-rennes.fr\/app\/uploads\/2021\/01\/internship2-400x225.webp, https:\/\/cyberschool.univ-rennes.fr\/app\/uploads\/2021\/01\/internship2-800x450@2x.webp 2x\"\n                media=\"(max-width: 480px)\"\n                >\n                <source\n                type=\"image\/webp\"\n                srcset=\"https:\/\/cyberschool.univ-rennes.fr\/app\/uploads\/2021\/01\/internship2-1280x415.webp, https:\/\/cyberschool.univ-rennes.fr\/app\/uploads\/2021\/01\/internship2-2560x830@2x.webp 2x\"\n                media=\"(min-width: 1280px)\"\n                >\n                <source\n                type=\"image\/jpeg\"\n                srcset=\"https:\/\/cyberschool.univ-rennes.fr\/app\/uploads\/2021\/01\/internship2-400x225.jpg, https:\/\/cyberschool.univ-rennes.fr\/app\/uploads\/2021\/01\/internship2-800x450@2x.jpg 2x\"\n                media=\"(max-width: 480px)\"\n                >\n                <source\n                type=\"image\/jpeg\"\n                srcset=\"https:\/\/cyberschool.univ-rennes.fr\/app\/uploads\/2021\/01\/internship2-1280x415.jpg, https:\/\/cyberschool.univ-rennes.fr\/app\/uploads\/2021\/01\/internship2-2560x830@2x.jpg 2x\"\n                media=\"(min-width: 1280px)\"\n                >\n                <img decoding=\"async\" src=\"https:\/\/cyberschool.univ-rennes.fr\/app\/uploads\/2021\/01\/internship2-1280x415.jpg\" loading=\"lazy\" alt=\"Internship2\" \/>\n            <\/picture>\n        <\/div>\n    <\/div>\n<\/section>\n\n\n\n<section class=\"txt\">\n    <div class=\"container\">\n        <div class=\"bloc-txt\">\n                        <p>Rennes, a stronghold of cybersecurity in France, gathers a large number of research actors.<\/p>\n<p><strong>This concentration is reflected in their strong presence across six major laboratories in Rennes:<\/strong><\/p>\n<ul>\n<li><a href=\"http:\/\/crest.science\/\" target=\"_blank\" rel=\"noopener\">CREST &#8211; Center for Research in Economics and Statistics (Centre de recherche en \u00e9conomie et statistique)<\/a><\/li>\n<li><a href=\"https:\/\/www.ietr.fr\/\" target=\"_blank\" rel=\"noopener\">IETR &#8211; Rennes Institute of Electronics and Telecommunications (Institut d&#8217;\u00e9lectronique et de t\u00e9l\u00e9communications de Rennes)<\/a><\/li>\n<li><a href=\"https:\/\/iode.univ-rennes1.fr\/\" target=\"_blank\" rel=\"noopener\">IODE &#8211; Western France Institute: Law and Europe\u00a0 (Institut de l&#8217;Ouest : Droit et Europe)<\/a><\/li>\n<li><a href=\"https:\/\/www.inria.fr\/en\/centre-inria-rennes-bretagne-atlantique\" target=\"_blank\" rel=\"noopener\">INRIA &#8211; Rennes-Bretagne Altlantique Research Centre (Centre de recherche en sciences et technologies du num\u00e9rique)<\/a><\/li>\n<li aria-level=\"1\"><a href=\"http:\/\/www.irisa.fr\/\" target=\"_blank\" rel=\"noopener\">IRISA &#8211; Research Institute of Computer Science and Random Systems (Institut de recherche en informatique et syst\u00e8mes al\u00e9atoires)<\/a><\/li>\n<li aria-level=\"1\"><a href=\"https:\/\/irmar.univ-rennes1.fr\/\" target=\"_blank\" rel=\"noopener\">IRMAR &#8211; Rennes Institute of Mathematical Research (Institut de recherche math\u00e9matique de Rennes)<\/a><\/li>\n<\/ul>\n<p><strong>The Rennes environment thus offers cybersecurity researchers a particularly rich framework for developing academic and industrial collaborations at the local, national, and international levels.<\/strong> They thereby contribute to the national cybersecurity strategy and participate in the development of its ecosystem.<\/p>\n<p>The richness of this environment also promotes knowledge sharing and provides an ideal setting for attracting many Rennes students to the world of research and further studies through doctoral programs.<\/p>\n\n        <\/div>\n    <\/div>\n<\/section>\n\n\n\n<section class=\"txt\">\n    <div class=\"container\">\n        <div class=\"bloc-txt\">\n                            <h2><span class=\"elipse\"><\/span><span class=\"trait\"><\/span>Research Areas<\/h2>\n                        <p>Partners of CyberSchool (<a href=\"https:\/\/www.univ-rennes.fr\/\" target=\"_blank\" rel=\"noopener\">University of Rennes<\/a>, <a href=\"https:\/\/www.centralesupelec.fr\/\" target=\"_blank\" rel=\"noopener\">CentraleSup\u00e9lec<\/a>, <a href=\"https:\/\/www.cnrs.fr\/fr\" target=\"_blank\" rel=\"noopener\">CNRS<\/a>, <a href=\"https:\/\/ensai.fr\" target=\"_blank\" rel=\"noopener\">ENSAI<\/a>, <a href=\"https:\/\/www.ens-rennes.fr\/\" target=\"_blank\" rel=\"noopener\">ENS Rennes<\/a>, <a href=\"https:\/\/www.imt-atlantique.fr\/fr\" target=\"_blank\" rel=\"noopener\">IMT Atlantique<\/a>, <a href=\"https:\/\/www.inria.fr\/fr\" target=\"_blank\" rel=\"noopener\">Inria<\/a>, <a href=\"https:\/\/www.insa-rennes.fr\/index.html\" target=\"_blank\" rel=\"noopener\">INSA Rennes<\/a>, <a href=\"https:\/\/www.sciencespo-rennes.fr\/\" target=\"_blank\" rel=\"noopener\">Sciences Po Rennes<\/a>, <a href=\"https:\/\/www.univ-rennes2.fr\/\" target=\"_blank\" rel=\"noopener\">University Rennes 2<\/a>) collaborate with these laboratories and host numerous researchers covering<strong> a wide spectrum of fields related to computer security, ranging from cryptography to the human and societal dimensions of digital security :<\/strong><\/p>\n\n        <\/div>\n    <\/div>\n<\/section>\n\n\n<section class=\"mineures\">\n    <div class=\"container\">\n                             <div class=\"contain-childs\">\n                                <div class=\"child\">\n                                            <div><span>Cryptography<\/span><\/div>\n                                    <\/div>\n                                <div class=\"child\">\n                                            <div><span>Verification<\/span><\/div>\n                                    <\/div>\n                                <div class=\"child\">\n                                            <div><span>Software and Compilation Security<\/span><\/div>\n                                    <\/div>\n                                <div class=\"child\">\n                                            <div><span>Hardware Security IOT &#038; ICS<\/span><\/div>\n                                    <\/div>\n                                <div class=\"child\">\n                                            <div><span>Network and Cloud \/ System Security<\/span><\/div>\n                                    <\/div>\n                                <div class=\"child\">\n                                            <div><span>Reactive Security Services<\/span><\/div>\n                                    <\/div>\n                                <div class=\"child\">\n                                            <div><span>Distributed Systems, Blockchain and Privacy<\/span><\/div>\n                                    <\/div>\n                                <div class=\"child\">\n                                            <div><span>AI and Security<\/span><\/div>\n                                    <\/div>\n                                <div class=\"child\">\n                                            <div><span>Human and Societal aspects of security and privacy<\/span><\/div>\n                                    <\/div>\n                            <\/div>\n            <\/div>\n<\/section>\n","protected":false},"excerpt":{"rendered":"","protected":false},"author":1,"featured_media":0,"parent":1096,"menu_order":0,"comment_status":"closed","ping_status":"closed","template":"","meta":[],"acf":[],"yoast_head":"<!-- This site is optimized with the Yoast SEO plugin v20.13 - https:\/\/yoast.com\/wordpress\/plugins\/seo\/ -->\n<title>Research - CyberSchool<\/title>\n<meta name=\"description\" content=\"Brittany positions itself as one of the leading French regions in the field of digital security.\" \/>\n<meta name=\"robots\" content=\"index, follow, max-snippet:-1, max-image-preview:large, max-video-preview:-1\" \/>\n<link rel=\"canonical\" href=\"https:\/\/cyberschool.univ-rennes.fr\/en\/research\/research-organisation-at-cyberschool\/\" \/>\n<meta property=\"og:locale\" content=\"en_US\" \/>\n<meta property=\"og:type\" content=\"article\" \/>\n<meta property=\"og:title\" content=\"Research - CyberSchool\" \/>\n<meta property=\"og:description\" content=\"Brittany positions itself as one of the leading French regions in the field of digital security.\" \/>\n<meta property=\"og:url\" content=\"https:\/\/cyberschool.univ-rennes.fr\/en\/research\/research-organisation-at-cyberschool\/\" \/>\n<meta property=\"og:site_name\" content=\"CyberSchool\" \/>\n<meta property=\"article:publisher\" content=\"https:\/\/www.facebook.com\/CSchoolRennes\/\" \/>\n<meta property=\"article:modified_time\" content=\"2026-03-12T13:36:52+00:00\" \/>\n<meta property=\"og:image\" content=\"https:\/\/cyberschool.univ-rennes.fr\/app\/uploads\/2021\/02\/cover-social-network.jpeg\" \/>\n\t<meta property=\"og:image:width\" content=\"1500\" \/>\n\t<meta property=\"og:image:height\" content=\"500\" \/>\n\t<meta property=\"og:image:type\" content=\"image\/jpeg\" \/>\n<meta name=\"twitter:card\" content=\"summary_large_image\" \/>\n<meta name=\"twitter:site\" content=\"@CSchoolRennes\" \/>\n<script type=\"application\/ld+json\" class=\"yoast-schema-graph\">{\"@context\":\"https:\/\/schema.org\",\"@graph\":[{\"@type\":\"WebPage\",\"@id\":\"https:\/\/cyberschool.univ-rennes.fr\/en\/research\/research-organisation-at-cyberschool\/\",\"url\":\"https:\/\/cyberschool.univ-rennes.fr\/en\/research\/research-organisation-at-cyberschool\/\",\"name\":\"Research - CyberSchool\",\"isPartOf\":{\"@id\":\"https:\/\/cyberschool.univ-rennes.fr\/en\/#website\"},\"datePublished\":\"2021-01-29T11:06:09+00:00\",\"dateModified\":\"2026-03-12T13:36:52+00:00\",\"description\":\"Brittany positions itself as one of the leading French regions in the field of digital security.\",\"breadcrumb\":{\"@id\":\"https:\/\/cyberschool.univ-rennes.fr\/en\/research\/research-organisation-at-cyberschool\/#breadcrumb\"},\"inLanguage\":\"en-US\",\"potentialAction\":[{\"@type\":\"ReadAction\",\"target\":[\"https:\/\/cyberschool.univ-rennes.fr\/en\/research\/research-organisation-at-cyberschool\/\"]}]},{\"@type\":\"BreadcrumbList\",\"@id\":\"https:\/\/cyberschool.univ-rennes.fr\/en\/research\/research-organisation-at-cyberschool\/#breadcrumb\",\"itemListElement\":[{\"@type\":\"ListItem\",\"position\":1,\"name\":\"Home\",\"item\":\"https:\/\/cyberschool.univ-rennes.fr\/en\/\"},{\"@type\":\"ListItem\",\"position\":2,\"name\":\"Research\",\"item\":\"https:\/\/cyberschool.univ-rennes.fr\/en\/research\/\"},{\"@type\":\"ListItem\",\"position\":3,\"name\":\"Research\"}]},{\"@type\":\"WebSite\",\"@id\":\"https:\/\/cyberschool.univ-rennes.fr\/en\/#website\",\"url\":\"https:\/\/cyberschool.univ-rennes.fr\/en\/\",\"name\":\"CyberSchool\",\"description\":\"Just another WordPress site\",\"potentialAction\":[{\"@type\":\"SearchAction\",\"target\":{\"@type\":\"EntryPoint\",\"urlTemplate\":\"https:\/\/cyberschool.univ-rennes.fr\/en\/?s={search_term_string}\"},\"query-input\":\"required name=search_term_string\"}],\"inLanguage\":\"en-US\"}]}<\/script>\n<!-- \/ Yoast SEO plugin. -->","yoast_head_json":{"title":"Research - CyberSchool","description":"Brittany positions itself as one of the leading French regions in the field of digital security.","robots":{"index":"index","follow":"follow","max-snippet":"max-snippet:-1","max-image-preview":"max-image-preview:large","max-video-preview":"max-video-preview:-1"},"canonical":"https:\/\/cyberschool.univ-rennes.fr\/en\/research\/research-organisation-at-cyberschool\/","og_locale":"en_US","og_type":"article","og_title":"Research - CyberSchool","og_description":"Brittany positions itself as one of the leading French regions in the field of digital security.","og_url":"https:\/\/cyberschool.univ-rennes.fr\/en\/research\/research-organisation-at-cyberschool\/","og_site_name":"CyberSchool","article_publisher":"https:\/\/www.facebook.com\/CSchoolRennes\/","article_modified_time":"2026-03-12T13:36:52+00:00","og_image":[{"width":1500,"height":500,"url":"https:\/\/cyberschool.univ-rennes.fr\/app\/uploads\/2021\/02\/cover-social-network.jpeg","type":"image\/jpeg"}],"twitter_card":"summary_large_image","twitter_site":"@CSchoolRennes","schema":{"@context":"https:\/\/schema.org","@graph":[{"@type":"WebPage","@id":"https:\/\/cyberschool.univ-rennes.fr\/en\/research\/research-organisation-at-cyberschool\/","url":"https:\/\/cyberschool.univ-rennes.fr\/en\/research\/research-organisation-at-cyberschool\/","name":"Research - CyberSchool","isPartOf":{"@id":"https:\/\/cyberschool.univ-rennes.fr\/en\/#website"},"datePublished":"2021-01-29T11:06:09+00:00","dateModified":"2026-03-12T13:36:52+00:00","description":"Brittany positions itself as one of the leading French regions in the field of digital security.","breadcrumb":{"@id":"https:\/\/cyberschool.univ-rennes.fr\/en\/research\/research-organisation-at-cyberschool\/#breadcrumb"},"inLanguage":"en-US","potentialAction":[{"@type":"ReadAction","target":["https:\/\/cyberschool.univ-rennes.fr\/en\/research\/research-organisation-at-cyberschool\/"]}]},{"@type":"BreadcrumbList","@id":"https:\/\/cyberschool.univ-rennes.fr\/en\/research\/research-organisation-at-cyberschool\/#breadcrumb","itemListElement":[{"@type":"ListItem","position":1,"name":"Home","item":"https:\/\/cyberschool.univ-rennes.fr\/en\/"},{"@type":"ListItem","position":2,"name":"Research","item":"https:\/\/cyberschool.univ-rennes.fr\/en\/research\/"},{"@type":"ListItem","position":3,"name":"Research"}]},{"@type":"WebSite","@id":"https:\/\/cyberschool.univ-rennes.fr\/en\/#website","url":"https:\/\/cyberschool.univ-rennes.fr\/en\/","name":"CyberSchool","description":"Just another WordPress site","potentialAction":[{"@type":"SearchAction","target":{"@type":"EntryPoint","urlTemplate":"https:\/\/cyberschool.univ-rennes.fr\/en\/?s={search_term_string}"},"query-input":"required name=search_term_string"}],"inLanguage":"en-US"}]}},"_links":{"self":[{"href":"https:\/\/cyberschool.univ-rennes.fr\/en\/wp-json\/wp\/v2\/pages\/1100"}],"collection":[{"href":"https:\/\/cyberschool.univ-rennes.fr\/en\/wp-json\/wp\/v2\/pages"}],"about":[{"href":"https:\/\/cyberschool.univ-rennes.fr\/en\/wp-json\/wp\/v2\/types\/page"}],"author":[{"embeddable":true,"href":"https:\/\/cyberschool.univ-rennes.fr\/en\/wp-json\/wp\/v2\/users\/1"}],"replies":[{"embeddable":true,"href":"https:\/\/cyberschool.univ-rennes.fr\/en\/wp-json\/wp\/v2\/comments?post=1100"}],"version-history":[{"count":30,"href":"https:\/\/cyberschool.univ-rennes.fr\/en\/wp-json\/wp\/v2\/pages\/1100\/revisions"}],"predecessor-version":[{"id":18502,"href":"https:\/\/cyberschool.univ-rennes.fr\/en\/wp-json\/wp\/v2\/pages\/1100\/revisions\/18502"}],"up":[{"embeddable":true,"href":"https:\/\/cyberschool.univ-rennes.fr\/en\/wp-json\/wp\/v2\/pages\/1096"}],"wp:attachment":[{"href":"https:\/\/cyberschool.univ-rennes.fr\/en\/wp-json\/wp\/v2\/media?parent=1100"}],"curies":[{"name":"wp","href":"https:\/\/api.w.org\/{rel}","templated":true}]}}