{"id":13363,"date":"2023-07-12T10:58:10","date_gmt":"2023-07-12T09:58:10","guid":{"rendered":"https:\/\/cyberschool.univ-rennes.fr\/?page_id=13363"},"modified":"2026-03-12T14:29:48","modified_gmt":"2026-03-12T13:29:48","slug":"security-of-embedded-systems-and-iots-2","status":"publish","type":"page","link":"https:\/\/cyberschool.univ-rennes.fr\/en\/education\/masters-and-postgraduate-programmes\/masters-cybersecurity-science-of-software-and-hardware-security\/study-programme-of-the-masters-cybersecurity-science-of-software-and-hardware-security\/security-of-embedded-systems-and-iots-2\/","title":{"rendered":"Security of embedded systems and IoTs"},"content":{"rendered":"\n<section class=\"txt\">\n    <div class=\"container\">\n        <div class=\"bloc-txt\">\n                            <h2><span class=\"elipse\"><\/span><span class=\"trait\"><\/span>Teaching goals<\/h2>\n                        <p>L&#8217;objectif de ce module est de pr\u00e9senter les m\u00e9thodes et outils utilis\u00e9s pour le pentest embarqu\u00e9. Il s&#8217;articule autour d&#8217;un cas pratique de pentest sur un objet connect\u00e9 (smart home). Les bases th\u00e9oriques n\u00e9cessaires \u00e0 la r\u00e9alisation du pentest seront pr\u00e9sent\u00e9es dans un premier temps avant de terminer par un TP sur le device.<\/p>\n\n        <\/div>\n    <\/div>\n<\/section>\n\n\n\n<section class=\"txt\">\n    <div class=\"container\">\n        <div class=\"bloc-txt\">\n                            <h2><span class=\"elipse\"><\/span><span class=\"trait\"><\/span>Course content<\/h2>\n                        <ul>\n<li>Particularit\u00e9s d&#8217;un syst\u00e8me embarqu\u00e9 &#8211; Un mod\u00e8le d&#8217;attaquant diff\u00e9rent<\/li>\n<li>Fingerprinting &#8211; Pr\u00e9sentation des composants que l&#8217;on peut trouver sur un PCB (Circuit imprim\u00e9)<\/li>\n<li>Bootloader<\/li>\n<li>Pr\u00e9sentation de l&#8217;architecture classique d&#8217;un syst\u00e8me embarqu\u00e9<\/li>\n<li>Protocoles de communication PCB \u2013 Protocoles utilis\u00e9s dans l&#8217;embarqu\u00e9 (UART, SPI, &#8230;)<\/li>\n<li>Protocole IoT &#8211; Protocoles et attaques connues sur les \u00e9changes sans fil LoRa, BLE,&#8230;<\/li>\n<li>Reverse engineering &#8211; Initiation au reverse engineering de syst\u00e8mes embarqu\u00e9s<\/li>\n<li>Contre-mesures &#8211; Contre mesures applicables et contournements<\/li>\n<li>Mise en pratique sur syst\u00e8me r\u00e9el (Smart home)<\/li>\n<\/ul>\n\n        <\/div>\n    <\/div>\n<\/section>\n","protected":false},"excerpt":{"rendered":"","protected":false},"author":8,"featured_media":0,"parent":11707,"menu_order":0,"comment_status":"closed","ping_status":"closed","template":"","meta":[],"acf":[],"yoast_head":"<!-- This site is optimized with the Yoast SEO plugin v20.13 - https:\/\/yoast.com\/wordpress\/plugins\/seo\/ -->\n<title>Security of embedded systems and IoTs - CyberSchool<\/title>\n<meta name=\"robots\" content=\"index, follow, max-snippet:-1, max-image-preview:large, max-video-preview:-1\" \/>\n<link rel=\"canonical\" href=\"https:\/\/cyberschool.univ-rennes.fr\/en\/education\/masters-and-postgraduate-programmes\/masters-cybersecurity-science-of-software-and-hardware-security\/study-programme-of-the-masters-cybersecurity-science-of-software-and-hardware-security\/security-of-embedded-systems-and-iots-2\/\" \/>\n<meta property=\"og:locale\" content=\"en_US\" \/>\n<meta property=\"og:type\" content=\"article\" \/>\n<meta property=\"og:title\" content=\"Security of embedded systems and IoTs - CyberSchool\" \/>\n<meta property=\"og:url\" content=\"https:\/\/cyberschool.univ-rennes.fr\/en\/education\/masters-and-postgraduate-programmes\/masters-cybersecurity-science-of-software-and-hardware-security\/study-programme-of-the-masters-cybersecurity-science-of-software-and-hardware-security\/security-of-embedded-systems-and-iots-2\/\" \/>\n<meta property=\"og:site_name\" content=\"CyberSchool\" \/>\n<meta property=\"article:publisher\" content=\"https:\/\/www.facebook.com\/CSchoolRennes\/\" \/>\n<meta property=\"article:modified_time\" content=\"2026-03-12T13:29:48+00:00\" \/>\n<meta property=\"og:image\" content=\"https:\/\/cyberschool.univ-rennes.fr\/app\/uploads\/2021\/02\/cover-social-network.jpeg\" \/>\n\t<meta property=\"og:image:width\" content=\"1500\" \/>\n\t<meta property=\"og:image:height\" content=\"500\" \/>\n\t<meta property=\"og:image:type\" content=\"image\/jpeg\" \/>\n<meta name=\"twitter:card\" content=\"summary_large_image\" \/>\n<meta name=\"twitter:site\" content=\"@CSchoolRennes\" \/>\n<script type=\"application\/ld+json\" class=\"yoast-schema-graph\">{\"@context\":\"https:\/\/schema.org\",\"@graph\":[{\"@type\":\"WebPage\",\"@id\":\"https:\/\/cyberschool.univ-rennes.fr\/en\/education\/masters-and-postgraduate-programmes\/masters-cybersecurity-science-of-software-and-hardware-security\/study-programme-of-the-masters-cybersecurity-science-of-software-and-hardware-security\/security-of-embedded-systems-and-iots-2\/\",\"url\":\"https:\/\/cyberschool.univ-rennes.fr\/en\/education\/masters-and-postgraduate-programmes\/masters-cybersecurity-science-of-software-and-hardware-security\/study-programme-of-the-masters-cybersecurity-science-of-software-and-hardware-security\/security-of-embedded-systems-and-iots-2\/\",\"name\":\"Security of embedded systems and IoTs - CyberSchool\",\"isPartOf\":{\"@id\":\"https:\/\/cyberschool.univ-rennes.fr\/en\/#website\"},\"datePublished\":\"2023-07-12T09:58:10+00:00\",\"dateModified\":\"2026-03-12T13:29:48+00:00\",\"breadcrumb\":{\"@id\":\"https:\/\/cyberschool.univ-rennes.fr\/en\/education\/masters-and-postgraduate-programmes\/masters-cybersecurity-science-of-software-and-hardware-security\/study-programme-of-the-masters-cybersecurity-science-of-software-and-hardware-security\/security-of-embedded-systems-and-iots-2\/#breadcrumb\"},\"inLanguage\":\"en-US\",\"potentialAction\":[{\"@type\":\"ReadAction\",\"target\":[\"https:\/\/cyberschool.univ-rennes.fr\/en\/education\/masters-and-postgraduate-programmes\/masters-cybersecurity-science-of-software-and-hardware-security\/study-programme-of-the-masters-cybersecurity-science-of-software-and-hardware-security\/security-of-embedded-systems-and-iots-2\/\"]}]},{\"@type\":\"BreadcrumbList\",\"@id\":\"https:\/\/cyberschool.univ-rennes.fr\/en\/education\/masters-and-postgraduate-programmes\/masters-cybersecurity-science-of-software-and-hardware-security\/study-programme-of-the-masters-cybersecurity-science-of-software-and-hardware-security\/security-of-embedded-systems-and-iots-2\/#breadcrumb\",\"itemListElement\":[{\"@type\":\"ListItem\",\"position\":1,\"name\":\"Home\",\"item\":\"https:\/\/cyberschool.univ-rennes.fr\/en\/\"},{\"@type\":\"ListItem\",\"position\":2,\"name\":\"Education\",\"item\":\"https:\/\/cyberschool.univ-rennes.fr\/en\/education\/\"},{\"@type\":\"ListItem\",\"position\":3,\"name\":\"Master\u2019s and postgraduate programmes\",\"item\":\"https:\/\/cyberschool.univ-rennes.fr\/en\/education\/masters-and-postgraduate-programmes\/\"},{\"@type\":\"ListItem\",\"position\":4,\"name\":\"Master\u2019s Cybersecurity, Science of Software and Hardware Security\",\"item\":\"https:\/\/cyberschool.univ-rennes.fr\/en\/education\/masters-and-postgraduate-programmes\/masters-cybersecurity-science-of-software-and-hardware-security\/\"},{\"@type\":\"ListItem\",\"position\":5,\"name\":\"Study programme of the Master\u2019s Cybersecurity, Science of Software and Hardware Security\",\"item\":\"https:\/\/cyberschool.univ-rennes.fr\/en\/education\/masters-and-postgraduate-programmes\/masters-cybersecurity-science-of-software-and-hardware-security\/study-programme-of-the-masters-cybersecurity-science-of-software-and-hardware-security\/\"},{\"@type\":\"ListItem\",\"position\":6,\"name\":\"Security of embedded systems and IoTs\"}]},{\"@type\":\"WebSite\",\"@id\":\"https:\/\/cyberschool.univ-rennes.fr\/en\/#website\",\"url\":\"https:\/\/cyberschool.univ-rennes.fr\/en\/\",\"name\":\"CyberSchool\",\"description\":\"Just another WordPress site\",\"potentialAction\":[{\"@type\":\"SearchAction\",\"target\":{\"@type\":\"EntryPoint\",\"urlTemplate\":\"https:\/\/cyberschool.univ-rennes.fr\/en\/?s={search_term_string}\"},\"query-input\":\"required name=search_term_string\"}],\"inLanguage\":\"en-US\"}]}<\/script>\n<!-- \/ Yoast SEO plugin. -->","yoast_head_json":{"title":"Security of embedded systems and IoTs - CyberSchool","robots":{"index":"index","follow":"follow","max-snippet":"max-snippet:-1","max-image-preview":"max-image-preview:large","max-video-preview":"max-video-preview:-1"},"canonical":"https:\/\/cyberschool.univ-rennes.fr\/en\/education\/masters-and-postgraduate-programmes\/masters-cybersecurity-science-of-software-and-hardware-security\/study-programme-of-the-masters-cybersecurity-science-of-software-and-hardware-security\/security-of-embedded-systems-and-iots-2\/","og_locale":"en_US","og_type":"article","og_title":"Security of embedded systems and IoTs - CyberSchool","og_url":"https:\/\/cyberschool.univ-rennes.fr\/en\/education\/masters-and-postgraduate-programmes\/masters-cybersecurity-science-of-software-and-hardware-security\/study-programme-of-the-masters-cybersecurity-science-of-software-and-hardware-security\/security-of-embedded-systems-and-iots-2\/","og_site_name":"CyberSchool","article_publisher":"https:\/\/www.facebook.com\/CSchoolRennes\/","article_modified_time":"2026-03-12T13:29:48+00:00","og_image":[{"width":1500,"height":500,"url":"https:\/\/cyberschool.univ-rennes.fr\/app\/uploads\/2021\/02\/cover-social-network.jpeg","type":"image\/jpeg"}],"twitter_card":"summary_large_image","twitter_site":"@CSchoolRennes","schema":{"@context":"https:\/\/schema.org","@graph":[{"@type":"WebPage","@id":"https:\/\/cyberschool.univ-rennes.fr\/en\/education\/masters-and-postgraduate-programmes\/masters-cybersecurity-science-of-software-and-hardware-security\/study-programme-of-the-masters-cybersecurity-science-of-software-and-hardware-security\/security-of-embedded-systems-and-iots-2\/","url":"https:\/\/cyberschool.univ-rennes.fr\/en\/education\/masters-and-postgraduate-programmes\/masters-cybersecurity-science-of-software-and-hardware-security\/study-programme-of-the-masters-cybersecurity-science-of-software-and-hardware-security\/security-of-embedded-systems-and-iots-2\/","name":"Security of embedded systems and IoTs - CyberSchool","isPartOf":{"@id":"https:\/\/cyberschool.univ-rennes.fr\/en\/#website"},"datePublished":"2023-07-12T09:58:10+00:00","dateModified":"2026-03-12T13:29:48+00:00","breadcrumb":{"@id":"https:\/\/cyberschool.univ-rennes.fr\/en\/education\/masters-and-postgraduate-programmes\/masters-cybersecurity-science-of-software-and-hardware-security\/study-programme-of-the-masters-cybersecurity-science-of-software-and-hardware-security\/security-of-embedded-systems-and-iots-2\/#breadcrumb"},"inLanguage":"en-US","potentialAction":[{"@type":"ReadAction","target":["https:\/\/cyberschool.univ-rennes.fr\/en\/education\/masters-and-postgraduate-programmes\/masters-cybersecurity-science-of-software-and-hardware-security\/study-programme-of-the-masters-cybersecurity-science-of-software-and-hardware-security\/security-of-embedded-systems-and-iots-2\/"]}]},{"@type":"BreadcrumbList","@id":"https:\/\/cyberschool.univ-rennes.fr\/en\/education\/masters-and-postgraduate-programmes\/masters-cybersecurity-science-of-software-and-hardware-security\/study-programme-of-the-masters-cybersecurity-science-of-software-and-hardware-security\/security-of-embedded-systems-and-iots-2\/#breadcrumb","itemListElement":[{"@type":"ListItem","position":1,"name":"Home","item":"https:\/\/cyberschool.univ-rennes.fr\/en\/"},{"@type":"ListItem","position":2,"name":"Education","item":"https:\/\/cyberschool.univ-rennes.fr\/en\/education\/"},{"@type":"ListItem","position":3,"name":"Master\u2019s and postgraduate programmes","item":"https:\/\/cyberschool.univ-rennes.fr\/en\/education\/masters-and-postgraduate-programmes\/"},{"@type":"ListItem","position":4,"name":"Master\u2019s Cybersecurity, Science of Software and Hardware Security","item":"https:\/\/cyberschool.univ-rennes.fr\/en\/education\/masters-and-postgraduate-programmes\/masters-cybersecurity-science-of-software-and-hardware-security\/"},{"@type":"ListItem","position":5,"name":"Study programme of the Master\u2019s Cybersecurity, Science of Software and Hardware Security","item":"https:\/\/cyberschool.univ-rennes.fr\/en\/education\/masters-and-postgraduate-programmes\/masters-cybersecurity-science-of-software-and-hardware-security\/study-programme-of-the-masters-cybersecurity-science-of-software-and-hardware-security\/"},{"@type":"ListItem","position":6,"name":"Security of embedded systems and IoTs"}]},{"@type":"WebSite","@id":"https:\/\/cyberschool.univ-rennes.fr\/en\/#website","url":"https:\/\/cyberschool.univ-rennes.fr\/en\/","name":"CyberSchool","description":"Just another WordPress site","potentialAction":[{"@type":"SearchAction","target":{"@type":"EntryPoint","urlTemplate":"https:\/\/cyberschool.univ-rennes.fr\/en\/?s={search_term_string}"},"query-input":"required name=search_term_string"}],"inLanguage":"en-US"}]}},"_links":{"self":[{"href":"https:\/\/cyberschool.univ-rennes.fr\/en\/wp-json\/wp\/v2\/pages\/13363"}],"collection":[{"href":"https:\/\/cyberschool.univ-rennes.fr\/en\/wp-json\/wp\/v2\/pages"}],"about":[{"href":"https:\/\/cyberschool.univ-rennes.fr\/en\/wp-json\/wp\/v2\/types\/page"}],"author":[{"embeddable":true,"href":"https:\/\/cyberschool.univ-rennes.fr\/en\/wp-json\/wp\/v2\/users\/8"}],"replies":[{"embeddable":true,"href":"https:\/\/cyberschool.univ-rennes.fr\/en\/wp-json\/wp\/v2\/comments?post=13363"}],"version-history":[{"count":13,"href":"https:\/\/cyberschool.univ-rennes.fr\/en\/wp-json\/wp\/v2\/pages\/13363\/revisions"}],"predecessor-version":[{"id":18451,"href":"https:\/\/cyberschool.univ-rennes.fr\/en\/wp-json\/wp\/v2\/pages\/13363\/revisions\/18451"}],"up":[{"embeddable":true,"href":"https:\/\/cyberschool.univ-rennes.fr\/en\/wp-json\/wp\/v2\/pages\/11707"}],"wp:attachment":[{"href":"https:\/\/cyberschool.univ-rennes.fr\/en\/wp-json\/wp\/v2\/media?parent=13363"}],"curies":[{"name":"wp","href":"https:\/\/api.w.org\/{rel}","templated":true}]}}