{"id":13394,"date":"2023-07-12T14:14:15","date_gmt":"2023-07-12T13:14:15","guid":{"rendered":"https:\/\/cyberschool.univ-rennes.fr\/?page_id=13394"},"modified":"2026-03-12T14:29:35","modified_gmt":"2026-03-12T13:29:35","slug":"research-project-2","status":"publish","type":"page","link":"https:\/\/cyberschool.univ-rennes.fr\/en\/education\/masters-and-postgraduate-programmes\/masters-cybersecurity-science-of-software-and-hardware-security\/study-programme-of-the-masters-cybersecurity-science-of-software-and-hardware-security\/research-project-2\/","title":{"rendered":"Research project"},"content":{"rendered":"\n<section class=\"txt\">\n    <div class=\"container\">\n        <div class=\"bloc-txt\">\n                            <h2><span class=\"elipse\"><\/span><span class=\"trait\"><\/span>Teaching goals<\/h2>\n                        <p>L\u2019objectif de cette UE VET\/projet est de r\u00e9aliser, par groupes de 3 \u00e0 4 \u00e9tudiants, un travail de veille technologique puis de recherche sur un\u00a0 sujet donn\u00e9.<\/p>\n\n        <\/div>\n    <\/div>\n<\/section>\n\n\n\n<section class=\"txt\">\n    <div class=\"container\">\n        <div class=\"bloc-txt\">\n                            <h2><span class=\"elipse\"><\/span><span class=\"trait\"><\/span>Course description<\/h2>\n                        <p>Lors de la premi\u00e8re phase (VET, de d\u00e9but octobre \u00e0 mi-novembre), les \u00e9tudiants r\u00e9alisent une \u00e9tude bibliographique sur 3 \u00e0 4 articles scientifiques.<\/p>\n<p>La deuxi\u00e8me phase (Projet, de mi-novembre \u00e0 d\u00e9but\u00a0 f\u00e9vrier) sera un travail scientifique en rapport avec les articles \u00e9tudi\u00e9s : reproduire les r\u00e9sultats d\u00e9crits, implanter une attaque d\u00e9crite, d\u00e9velopper un prototype, une preuve de concept, etc.<\/p>\n<p>Les \u00e9tudiants \u00e9criront un rapport et pr\u00e9senteront leur r\u00e9sultats \u00e0 deux reprises: une fois sur la partie VET et une fois sur la partie Projet.<\/p>\n\n        <\/div>\n    <\/div>\n<\/section>\n\n\n\n<section class=\"txt\">\n    <div class=\"container\">\n        <div class=\"bloc-txt\">\n                            <h2><span class=\"elipse\"><\/span><span class=\"trait\"><\/span>Example of topics<\/h2>\n                        <p>Here are some examples of topics covered by M2 students from previous years.<\/p>\n\n        <\/div>\n    <\/div>\n<\/section>\n\n\n<section class=\"tuiles\">\n    <div class=\"container\">\n                <div class=\"bloc\">\n            <h2><span class=\"elipse\"><\/span><span class=\"trait\"><\/span>2024-2025<\/h2>\n            <ul>\n<li>Deceptive networks (IRISA)<\/li>\n<li>Attaques par fautes sur l\u2019horloge (IRISA)<\/li>\n<li>Lab Pentest (ORNISEC)<\/li>\n<li>S\u00e9curit\u00e9 IA G\u00e9n\u00e9rative (ORANGE)<\/li>\n<li>Conception Malware (AMOSSYS)<\/li>\n<li>Radio Frequency Retro Reflection Attack on USB (IETR<\/li>\n<\/ul>\n\n                    <\/div>\n                <div class=\"bloc\">\n            <h2><span class=\"elipse\"><\/span><span class=\"trait\"><\/span>2023-2024<\/h2>\n            <ul>\n<li>Security in Distributed Additive Manufacturing (IRISA)<\/li>\n<li>Analyse du ransomware LockBit (CentraleSup\u00e9lec)<\/li>\n<li>Extraction automatique de stuctures protobuf (AMOSSYS)<\/li>\n<li>Control-Flow Integrity and Code Reuse Attacks (IRISA)<\/li>\n<li>Bluetooth Low Energy (IETR)<\/li>\n<li>Authentification de l\u2019Appelant T\u00e9l\u00e9phonique (ORANGE)<\/li>\n<li>Recherche de vuln\u00e9rabilit\u00e9s par analyse de code source (AMOSSYS)<\/li>\n<li>Etat de l\u2019art sur la cryptographie embarqu\u00e9e dans l\u2019iOT (AMOSSYS)<\/li>\n<li>AndroTransformers \u2013 Resisting to Massive proliferation of new Android malware threats (IRISA)<\/li>\n<\/ul>\n\n                    <\/div>\n            <\/div>\n<\/section>\n\n\n<section class=\"tuiles\">\n    <div class=\"container\">\n                <div class=\"bloc\">\n            <h2><span class=\"elipse\"><\/span><span class=\"trait\"><\/span>2022-2023<\/h2>\n            <ul>\n<li>IA pour d\u00e9tecter les comportements anormaux dans un SIEM<\/li>\n<li>Interception Radio de type Tempest avec des plates-formes SDR<\/li>\n<li>Programmation d&#8217;un Botnet<\/li>\n<li>Analyse du Malware Blackmatter<\/li>\n<\/ul>\n\n                    <\/div>\n            <\/div>\n<\/section>\n","protected":false},"excerpt":{"rendered":"","protected":false},"author":8,"featured_media":0,"parent":11707,"menu_order":0,"comment_status":"closed","ping_status":"closed","template":"","meta":[],"acf":[],"yoast_head":"<!-- This site is optimized with the Yoast SEO plugin v20.13 - https:\/\/yoast.com\/wordpress\/plugins\/seo\/ -->\n<title>Research project - CyberSchool<\/title>\n<meta name=\"robots\" content=\"index, follow, max-snippet:-1, max-image-preview:large, max-video-preview:-1\" \/>\n<link rel=\"canonical\" href=\"https:\/\/cyberschool.univ-rennes.fr\/en\/education\/masters-and-postgraduate-programmes\/masters-cybersecurity-science-of-software-and-hardware-security\/study-programme-of-the-masters-cybersecurity-science-of-software-and-hardware-security\/research-project-2\/\" \/>\n<meta property=\"og:locale\" content=\"en_US\" \/>\n<meta property=\"og:type\" content=\"article\" \/>\n<meta property=\"og:title\" content=\"Research project - CyberSchool\" \/>\n<meta property=\"og:url\" content=\"https:\/\/cyberschool.univ-rennes.fr\/en\/education\/masters-and-postgraduate-programmes\/masters-cybersecurity-science-of-software-and-hardware-security\/study-programme-of-the-masters-cybersecurity-science-of-software-and-hardware-security\/research-project-2\/\" \/>\n<meta property=\"og:site_name\" content=\"CyberSchool\" \/>\n<meta property=\"article:publisher\" content=\"https:\/\/www.facebook.com\/CSchoolRennes\/\" \/>\n<meta property=\"article:modified_time\" content=\"2026-03-12T13:29:35+00:00\" \/>\n<meta property=\"og:image\" content=\"https:\/\/cyberschool.univ-rennes.fr\/app\/uploads\/2021\/02\/cover-social-network.jpeg\" \/>\n\t<meta property=\"og:image:width\" content=\"1500\" \/>\n\t<meta property=\"og:image:height\" content=\"500\" \/>\n\t<meta property=\"og:image:type\" content=\"image\/jpeg\" \/>\n<meta name=\"twitter:card\" content=\"summary_large_image\" \/>\n<meta name=\"twitter:site\" content=\"@CSchoolRennes\" \/>\n<script type=\"application\/ld+json\" class=\"yoast-schema-graph\">{\"@context\":\"https:\/\/schema.org\",\"@graph\":[{\"@type\":\"WebPage\",\"@id\":\"https:\/\/cyberschool.univ-rennes.fr\/en\/education\/masters-and-postgraduate-programmes\/masters-cybersecurity-science-of-software-and-hardware-security\/study-programme-of-the-masters-cybersecurity-science-of-software-and-hardware-security\/research-project-2\/\",\"url\":\"https:\/\/cyberschool.univ-rennes.fr\/en\/education\/masters-and-postgraduate-programmes\/masters-cybersecurity-science-of-software-and-hardware-security\/study-programme-of-the-masters-cybersecurity-science-of-software-and-hardware-security\/research-project-2\/\",\"name\":\"Research project - CyberSchool\",\"isPartOf\":{\"@id\":\"https:\/\/cyberschool.univ-rennes.fr\/en\/#website\"},\"datePublished\":\"2023-07-12T13:14:15+00:00\",\"dateModified\":\"2026-03-12T13:29:35+00:00\",\"breadcrumb\":{\"@id\":\"https:\/\/cyberschool.univ-rennes.fr\/en\/education\/masters-and-postgraduate-programmes\/masters-cybersecurity-science-of-software-and-hardware-security\/study-programme-of-the-masters-cybersecurity-science-of-software-and-hardware-security\/research-project-2\/#breadcrumb\"},\"inLanguage\":\"en-US\",\"potentialAction\":[{\"@type\":\"ReadAction\",\"target\":[\"https:\/\/cyberschool.univ-rennes.fr\/en\/education\/masters-and-postgraduate-programmes\/masters-cybersecurity-science-of-software-and-hardware-security\/study-programme-of-the-masters-cybersecurity-science-of-software-and-hardware-security\/research-project-2\/\"]}]},{\"@type\":\"BreadcrumbList\",\"@id\":\"https:\/\/cyberschool.univ-rennes.fr\/en\/education\/masters-and-postgraduate-programmes\/masters-cybersecurity-science-of-software-and-hardware-security\/study-programme-of-the-masters-cybersecurity-science-of-software-and-hardware-security\/research-project-2\/#breadcrumb\",\"itemListElement\":[{\"@type\":\"ListItem\",\"position\":1,\"name\":\"Home\",\"item\":\"https:\/\/cyberschool.univ-rennes.fr\/en\/\"},{\"@type\":\"ListItem\",\"position\":2,\"name\":\"Education\",\"item\":\"https:\/\/cyberschool.univ-rennes.fr\/en\/education\/\"},{\"@type\":\"ListItem\",\"position\":3,\"name\":\"Master\u2019s and postgraduate programmes\",\"item\":\"https:\/\/cyberschool.univ-rennes.fr\/en\/education\/masters-and-postgraduate-programmes\/\"},{\"@type\":\"ListItem\",\"position\":4,\"name\":\"Master\u2019s Cybersecurity, Science of Software and Hardware Security\",\"item\":\"https:\/\/cyberschool.univ-rennes.fr\/en\/education\/masters-and-postgraduate-programmes\/masters-cybersecurity-science-of-software-and-hardware-security\/\"},{\"@type\":\"ListItem\",\"position\":5,\"name\":\"Study programme of the Master\u2019s Cybersecurity, Science of Software and Hardware Security\",\"item\":\"https:\/\/cyberschool.univ-rennes.fr\/en\/education\/masters-and-postgraduate-programmes\/masters-cybersecurity-science-of-software-and-hardware-security\/study-programme-of-the-masters-cybersecurity-science-of-software-and-hardware-security\/\"},{\"@type\":\"ListItem\",\"position\":6,\"name\":\"Research project\"}]},{\"@type\":\"WebSite\",\"@id\":\"https:\/\/cyberschool.univ-rennes.fr\/en\/#website\",\"url\":\"https:\/\/cyberschool.univ-rennes.fr\/en\/\",\"name\":\"CyberSchool\",\"description\":\"Just another WordPress site\",\"potentialAction\":[{\"@type\":\"SearchAction\",\"target\":{\"@type\":\"EntryPoint\",\"urlTemplate\":\"https:\/\/cyberschool.univ-rennes.fr\/en\/?s={search_term_string}\"},\"query-input\":\"required name=search_term_string\"}],\"inLanguage\":\"en-US\"}]}<\/script>\n<!-- \/ Yoast SEO plugin. -->","yoast_head_json":{"title":"Research project - CyberSchool","robots":{"index":"index","follow":"follow","max-snippet":"max-snippet:-1","max-image-preview":"max-image-preview:large","max-video-preview":"max-video-preview:-1"},"canonical":"https:\/\/cyberschool.univ-rennes.fr\/en\/education\/masters-and-postgraduate-programmes\/masters-cybersecurity-science-of-software-and-hardware-security\/study-programme-of-the-masters-cybersecurity-science-of-software-and-hardware-security\/research-project-2\/","og_locale":"en_US","og_type":"article","og_title":"Research project - CyberSchool","og_url":"https:\/\/cyberschool.univ-rennes.fr\/en\/education\/masters-and-postgraduate-programmes\/masters-cybersecurity-science-of-software-and-hardware-security\/study-programme-of-the-masters-cybersecurity-science-of-software-and-hardware-security\/research-project-2\/","og_site_name":"CyberSchool","article_publisher":"https:\/\/www.facebook.com\/CSchoolRennes\/","article_modified_time":"2026-03-12T13:29:35+00:00","og_image":[{"width":1500,"height":500,"url":"https:\/\/cyberschool.univ-rennes.fr\/app\/uploads\/2021\/02\/cover-social-network.jpeg","type":"image\/jpeg"}],"twitter_card":"summary_large_image","twitter_site":"@CSchoolRennes","schema":{"@context":"https:\/\/schema.org","@graph":[{"@type":"WebPage","@id":"https:\/\/cyberschool.univ-rennes.fr\/en\/education\/masters-and-postgraduate-programmes\/masters-cybersecurity-science-of-software-and-hardware-security\/study-programme-of-the-masters-cybersecurity-science-of-software-and-hardware-security\/research-project-2\/","url":"https:\/\/cyberschool.univ-rennes.fr\/en\/education\/masters-and-postgraduate-programmes\/masters-cybersecurity-science-of-software-and-hardware-security\/study-programme-of-the-masters-cybersecurity-science-of-software-and-hardware-security\/research-project-2\/","name":"Research project - CyberSchool","isPartOf":{"@id":"https:\/\/cyberschool.univ-rennes.fr\/en\/#website"},"datePublished":"2023-07-12T13:14:15+00:00","dateModified":"2026-03-12T13:29:35+00:00","breadcrumb":{"@id":"https:\/\/cyberschool.univ-rennes.fr\/en\/education\/masters-and-postgraduate-programmes\/masters-cybersecurity-science-of-software-and-hardware-security\/study-programme-of-the-masters-cybersecurity-science-of-software-and-hardware-security\/research-project-2\/#breadcrumb"},"inLanguage":"en-US","potentialAction":[{"@type":"ReadAction","target":["https:\/\/cyberschool.univ-rennes.fr\/en\/education\/masters-and-postgraduate-programmes\/masters-cybersecurity-science-of-software-and-hardware-security\/study-programme-of-the-masters-cybersecurity-science-of-software-and-hardware-security\/research-project-2\/"]}]},{"@type":"BreadcrumbList","@id":"https:\/\/cyberschool.univ-rennes.fr\/en\/education\/masters-and-postgraduate-programmes\/masters-cybersecurity-science-of-software-and-hardware-security\/study-programme-of-the-masters-cybersecurity-science-of-software-and-hardware-security\/research-project-2\/#breadcrumb","itemListElement":[{"@type":"ListItem","position":1,"name":"Home","item":"https:\/\/cyberschool.univ-rennes.fr\/en\/"},{"@type":"ListItem","position":2,"name":"Education","item":"https:\/\/cyberschool.univ-rennes.fr\/en\/education\/"},{"@type":"ListItem","position":3,"name":"Master\u2019s and postgraduate programmes","item":"https:\/\/cyberschool.univ-rennes.fr\/en\/education\/masters-and-postgraduate-programmes\/"},{"@type":"ListItem","position":4,"name":"Master\u2019s Cybersecurity, Science of Software and Hardware Security","item":"https:\/\/cyberschool.univ-rennes.fr\/en\/education\/masters-and-postgraduate-programmes\/masters-cybersecurity-science-of-software-and-hardware-security\/"},{"@type":"ListItem","position":5,"name":"Study programme of the Master\u2019s Cybersecurity, Science of Software and Hardware Security","item":"https:\/\/cyberschool.univ-rennes.fr\/en\/education\/masters-and-postgraduate-programmes\/masters-cybersecurity-science-of-software-and-hardware-security\/study-programme-of-the-masters-cybersecurity-science-of-software-and-hardware-security\/"},{"@type":"ListItem","position":6,"name":"Research project"}]},{"@type":"WebSite","@id":"https:\/\/cyberschool.univ-rennes.fr\/en\/#website","url":"https:\/\/cyberschool.univ-rennes.fr\/en\/","name":"CyberSchool","description":"Just another WordPress site","potentialAction":[{"@type":"SearchAction","target":{"@type":"EntryPoint","urlTemplate":"https:\/\/cyberschool.univ-rennes.fr\/en\/?s={search_term_string}"},"query-input":"required name=search_term_string"}],"inLanguage":"en-US"}]}},"_links":{"self":[{"href":"https:\/\/cyberschool.univ-rennes.fr\/en\/wp-json\/wp\/v2\/pages\/13394"}],"collection":[{"href":"https:\/\/cyberschool.univ-rennes.fr\/en\/wp-json\/wp\/v2\/pages"}],"about":[{"href":"https:\/\/cyberschool.univ-rennes.fr\/en\/wp-json\/wp\/v2\/types\/page"}],"author":[{"embeddable":true,"href":"https:\/\/cyberschool.univ-rennes.fr\/en\/wp-json\/wp\/v2\/users\/8"}],"replies":[{"embeddable":true,"href":"https:\/\/cyberschool.univ-rennes.fr\/en\/wp-json\/wp\/v2\/comments?post=13394"}],"version-history":[{"count":13,"href":"https:\/\/cyberschool.univ-rennes.fr\/en\/wp-json\/wp\/v2\/pages\/13394\/revisions"}],"predecessor-version":[{"id":18447,"href":"https:\/\/cyberschool.univ-rennes.fr\/en\/wp-json\/wp\/v2\/pages\/13394\/revisions\/18447"}],"up":[{"embeddable":true,"href":"https:\/\/cyberschool.univ-rennes.fr\/en\/wp-json\/wp\/v2\/pages\/11707"}],"wp:attachment":[{"href":"https:\/\/cyberschool.univ-rennes.fr\/en\/wp-json\/wp\/v2\/media?parent=13394"}],"curies":[{"name":"wp","href":"https:\/\/api.w.org\/{rel}","templated":true}]}}