{"id":13590,"date":"2023-09-14T11:25:46","date_gmt":"2023-09-14T10:25:46","guid":{"rendered":"https:\/\/cyberschool.univ-rennes.fr\/?page_id=13590"},"modified":"2026-04-02T10:30:18","modified_gmt":"2026-04-02T09:30:18","slug":"our-events","status":"publish","type":"page","link":"https:\/\/cyberschool.univ-rennes.fr\/en\/about\/our-events\/","title":{"rendered":"Events"},"content":{"rendered":"<section class=\"text-intro\">\n    <div class=\"container\">\n        <p style=\"text-align: center;\"><strong>CyberSchool organises events aimed at demystifying the field of cybersecurity, raising awareness of computer security issues, discussing current topics, and showcasing research&#8230;<\/strong><\/p>\n<p style=\"text-align: center;\">Our events are free upon registration.<\/p>\n\n    <\/div>\n<\/section>\n\n\n\n<section class=\"image-rounded\">\n    <div class=\"container\">\n        <div class=\"bloc-img\">\n            <picture>\n                <source\n                type=\"image\/webp\"\n                srcset=\"https:\/\/cyberschool.univ-rennes.fr\/app\/uploads\/2024\/10\/jeudi-cyber-n1-cyberschool-9-400x225.webp, https:\/\/cyberschool.univ-rennes.fr\/app\/uploads\/2024\/10\/jeudi-cyber-n1-cyberschool-9-800x450@2x.webp 2x\"\n                media=\"(max-width: 480px)\"\n                >\n                <source\n                type=\"image\/webp\"\n                srcset=\"https:\/\/cyberschool.univ-rennes.fr\/app\/uploads\/2024\/10\/jeudi-cyber-n1-cyberschool-9-1280x415.webp, https:\/\/cyberschool.univ-rennes.fr\/app\/uploads\/2024\/10\/jeudi-cyber-n1-cyberschool-9-2560x830@2x.webp 2x\"\n                media=\"(min-width: 1280px)\"\n                >\n                <source\n                type=\"image\/jpeg\"\n                srcset=\"https:\/\/cyberschool.univ-rennes.fr\/app\/uploads\/2024\/10\/jeudi-cyber-n1-cyberschool-9-400x225.jpg, https:\/\/cyberschool.univ-rennes.fr\/app\/uploads\/2024\/10\/jeudi-cyber-n1-cyberschool-9-800x450@2x.jpg 2x\"\n                media=\"(max-width: 480px)\"\n                >\n                <source\n                type=\"image\/jpeg\"\n                srcset=\"https:\/\/cyberschool.univ-rennes.fr\/app\/uploads\/2024\/10\/jeudi-cyber-n1-cyberschool-9-1280x415.jpg, https:\/\/cyberschool.univ-rennes.fr\/app\/uploads\/2024\/10\/jeudi-cyber-n1-cyberschool-9-2560x830@2x.jpg 2x\"\n                media=\"(min-width: 1280px)\"\n                >\n                <img decoding=\"async\" src=\"https:\/\/cyberschool.univ-rennes.fr\/app\/uploads\/2024\/10\/jeudi-cyber-n1-cyberschool-9-1280x415.jpg\" loading=\"lazy\" alt=\"Jeudi Cyber N1 Cyberschool\" \/>\n            <\/picture>\n        <\/div>\n    <\/div>\n<\/section>\n\n\n<section class=\"logo-text\">\n    <div class=\"container\">\n        <h2><span class=\"elipse\"><\/span><span class=\"trait\"><\/span>The Upcoming events<\/h2>\n    <\/div>\n    <div class=\"container\">\n                                    <div class=\"bloc\">\n                                        <div class=\"contain-txt\">\n                        <p class=\"title\">CYBER THURSDAY<\/p>\n                        <p><strong>OCTOBER 1, 2026<\/strong><\/p>\n<p><em>More info to come.<\/em><\/p>\n\n                    <\/div>\n                <\/div>\n                        <\/div>\n<\/section>\n\n\n<section class=\"logo-text\">\n    <div class=\"container\">\n        <h2><span class=\"elipse\"><\/span><span class=\"trait\"><\/span>The past events<\/h2>\n    <\/div>\n    <div class=\"container\">\n                                    <a href=\"https:\/\/cyberschool.univ-rennes.fr\/en\/about\/our-events\/cyber-thursdays\/research-and-applications\/\" target=\"_blank\" rel=\"noopener\" class=\"bloc\">\n                                        <div class=\"contain-txt\">\n                        <p class=\"title\">CYBER THURSDAY | Research and Applications<\/p>\n                        <p><strong>FEBRUARY 12, 2026<\/strong><\/p>\n<p>An afternoon of keynote sessions devoted to three major transitions currently under way: <strong>post-quantum cryptography, advanced detection of threats targeting information systems, and the authentication of AI-generated visual content<\/strong>.<\/p>\n\n                    <\/div>\n                <\/a>\n                                                <a href=\"https:\/\/cyberschool.univ-rennes.fr\/en\/research\/cyberschool-research-school\/\" target=\"_blank\" rel=\"noopener\" class=\"bloc\">\n                                        <div class=\"contain-txt\">\n                        <p class=\"title\">Winter Research School 2026<\/p>\n                        <p><strong>FEBRUARY 10, 11, 12, 2026<\/strong><\/p>\n<p><strong>CyberSchool is organising the 4th edition of its Research School.<\/strong> The event is free and will take place at the P\u00f4le Num\u00e9rique Rennes Beaulieu.<\/p>\n\n                    <\/div>\n                <\/a>\n                                                <a href=\"https:\/\/cyberschool.univ-rennes.fr\/en\/about\/our-events\/cyber-thursdays\/cyber-thursday-cyberspace-under-high-tension-influence-operations-cyber-warfare-and-the-rise-of-cybercrime\/\" target=\"_blank\" rel=\"noopener\" class=\"bloc\">\n                                        <div class=\"contain-txt\">\n                        <p class=\"title\">CYBER THURSDAY | Cyberspace under high tension: influence operations, cyber warfare and the rise of cybercrime<\/p>\n                        <p><strong>JANUARY 8, 2026<\/strong><\/p>\n<p>How can we <strong>outmanoeuvre a multifaceted threat<\/strong> and <strong>defend our sovereignty<\/strong>?<\/p>\n\n                    <\/div>\n                <\/a>\n                                                <a href=\"https:\/\/cyberschool.univ-rennes.fr\/en\/about\/our-events\/cyber-thursdays\/cyber-thursday-cyber-risk-engineering-manage-risk-orchestrate-defense-ensure-continuity\/\" target=\"_blank\" rel=\"noopener\" class=\"bloc\">\n                                        <div class=\"contain-txt\">\n                        <p class=\"title\">CYBER THURSDAY | Cyber Risk Engineering: Manage risk, orchestrate defense, ensure continuity<\/p>\n                        <p><strong>DECEMBER 4, 2025<\/strong><\/p>\n<p>How can we <strong>define a security policy, prioritise actions, secure systems, ensure compliance, train teams, cope with an attack, recover, and guarantee business continuity<\/strong>?<\/p>\n\n                    <\/div>\n                <\/a>\n                                                <a href=\"https:\/\/cyberschool.univ-rennes.fr\/en\/about\/our-events\/cyber-thursdays\/cyber-thursday-when-ot-meets-it-an-expanded-attack-surface-through-the-interaction-of-two-ecosystems\/\" target=\"_blank\" rel=\"noopener\" class=\"bloc\">\n                                        <div class=\"contain-txt\">\n                        <p class=\"title\">CYBER THURSDAY | When OT meets IT: An expanded attack surface through the interaction of two ecosystems<\/p>\n                        <p><strong>NOVEMBER 6, 2025<\/strong><\/p>\n<p data-start=\"274\" data-end=\"429\">As the <strong>convergence between OT and IT<\/strong> becomes inevitable, how can organisations <strong>manage the new cyber risks<\/strong> that threaten their <strong>operational infrastructures<\/strong>?<\/p>\n\n                    <\/div>\n                <\/a>\n                                                <a href=\"https:\/\/cyberschool.univ-rennes.fr\/en\/about\/our-events\/cyber-thursdays\/cyber-thursday-hack-the-news-journalism-professions-put-to-the-test-by-cyber-manipulations\/\" target=\"_blank\" rel=\"noopener\" class=\"bloc\">\n                                        <div class=\"contain-txt\">\n                        <p class=\"title\">CYBER THURSDAY | Hack The News: Journalism under the pressure of cyber manipulation<\/p>\n                        <p><strong>OCTOBER 2, 2025<\/strong><\/p>\n<p data-start=\"190\" data-end=\"234\"><em>Cyber Thursdays<\/em> are back for a new season!<\/p>\n<p data-start=\"236\" data-end=\"393\">In the face of <strong>deepfakes<\/strong> and large-scale <strong>manipulation campaigns<\/strong>, how should journalists <strong>rethink their practices<\/strong> and <strong>reaffirm their role<\/strong> in our democracies?<\/p>\n\n                    <\/div>\n                <\/a>\n                                                <a href=\"https:\/\/cyberschool.univ-rennes.fr\/en\/about\/our-events\/cyber-thursday-cybersecurity-and-artificial-intelligence\/\" target=\"_blank\" rel=\"noopener\" class=\"bloc\">\n                                        <div class=\"contain-txt\">\n                        <p class=\"title\">CYBER THURSDAY | Cybersecurity and Artificial Intelligence<\/p>\n                        <p><strong>FEBRUARY 6, 2025<\/strong><\/p>\n<p>At the intersection of cybersecurity and artificial intelligence, this Cyber Thursday will feature a series of conferences where professionals and researchers will share their insights and innovations. Topics will include <strong>protection against reverse engineering, evaluation and training of language models, geopolitics of cyberspace and societal impacts, as well as the application of differential privacy to safeguard sensitive data<\/strong>.<\/p>\n\n                    <\/div>\n                <\/a>\n                                                <a href=\"https:\/\/cyberschool.univ-rennes.fr\/en\/research\/cyberschool-research-school\/winter-research-school-2025\/\" target=\"_blank\" rel=\"noopener\" class=\"bloc\">\n                                        <div class=\"contain-txt\">\n                        <p class=\"title\">Winter Research School 2025<\/p>\n                        <p><strong>FEBRUARY 4, 5, 6, 2025<\/strong><\/p>\n<p><strong>The CyberSchool Research School is back for a 3rd edition!<\/strong> The event is free and will take place at the P\u00f4le Num\u00e9rique Rennes Beaulieu.<\/p>\n\n                    <\/div>\n                <\/a>\n                                                <a href=\"https:\/\/cyberschool.univ-rennes.fr\/en\/about\/our-events\/cyber-thursday-target-attacker-protector-when-humans-are-at-the-very-heart-of-the-cybersecurity-issue\/\" target=\"_blank\" rel=\"noopener\" class=\"bloc\">\n                                        <div class=\"contain-txt\">\n                        <p class=\"title\">CYBER THURSDAY | Target, Attacker, Protector: when Humans are at the very heart of the cybersecurity issue<\/p>\n                        <p><strong>JANUARY 9, 2025<\/strong><\/p>\n<p>In the context of a multifaceted threat that impacts everyone, come and learn more about the importance of cutting-edge technologies through the example of <strong>mobile security<\/strong>, the challenges of <strong>strategic leadership<\/strong>\u2014whether participative or directive\u2014the forms that <strong>business collaboration<\/strong> can take, and finally, <strong>defence strategies in light of the law<\/strong>.<\/p>\n\n                    <\/div>\n                <\/a>\n                                                <a href=\"https:\/\/cyberschool.univ-rennes.fr\/en\/about\/our-events\/cyber-thursday-cyber-360-a-deep-dive-into-4-unique-themes-for-an-overview-of-cybersecurity-careers\/\" target=\"_blank\" rel=\"noopener\" class=\"bloc\">\n                                        <div class=\"contain-txt\">\n                        <p class=\"title\">CYBER THURSDAY | Cyber 360: A deep dive into 4 unique themes for an overview of cybersecurity careers<\/p>\n                        <p><strong>DECEMBER 5, 2024<\/strong><\/p>\n<p><strong>What better way to illustrate the challenges and careers in cyber than by presenting real-life case studies and giving you the opportunity to engage with those who experience them first-hand?<\/strong> That\u2019s exactly what we\u2019re offering on 5 December, where you&#8217;ll have the chance to meet our experts.<\/p>\n\n                    <\/div>\n                <\/a>\n                                                <a href=\"https:\/\/cyberschool.univ-rennes.fr\/en\/about\/our-events\/cyber-thursday-strategy-psychology-technology-an-interdisciplinary-approach-to-three-pillars-of-cybersecurity\/\" target=\"_blank\" rel=\"noopener\" class=\"bloc\">\n                                        <div class=\"contain-txt\">\n                        <p class=\"title\">CYBER THURSDAY | Strategy, Psychology, Technology: An Interdisciplinary Approach to Three Pillars of Cybersecurity<\/p>\n                        <p><strong>NOVEMBER 7, 2024<\/strong><\/p>\n<p><strong>Cybersecurity is a multidimensional universe where Strategy, Psychology, and Technology are closely intertwined.<\/strong> During this second roundtable discussion, you will discover that interdisciplinary collaboration is a fundamental pillar of this field.<\/p>\n\n                    <\/div>\n                <\/a>\n                                                <a href=\"https:\/\/cyberschool.univ-rennes.fr\/en\/about\/our-events\/cyber-thursday-essential-important-service-operators-cybercrime-cyber-resilience\/\" target=\"_blank\" rel=\"noopener\" class=\"bloc\">\n                                        <div class=\"contain-txt\">\n                        <p class=\"title\">CYBER THURSDAY | Cybercrime ; NIS2 &#8211; Essential\/Important Entities (EE-EI) ; Cyber Resilience<\/p>\n                        <p><strong>OCTOBER 3, 2024<\/strong><\/p>\n<p><strong>For our first Cyber Thursday, we have chosen to use the lens of &#8220;NIS2&#8221; to discuss Essential and Important Entities (EE and EI) that are particularly affected by this European directive.<\/strong> You will learn about the threats, professions, challenges, and opportunities at the heart of the cyber issues faced by these organisations.<\/p>\n\n                    <\/div>\n                <\/a>\n                                                <a href=\"https:\/\/cyberschool.univ-rennes.fr\/en\/research\/cyberschool-research-school\/winter-research-school-2024\/\" target=\"_blank\" rel=\"noopener\" class=\"bloc\">\n                                        <div class=\"contain-txt\">\n                        <p class=\"title\">Winter Research School 2024<\/p>\n                        <p><strong>FEBRUARY 20, 21, 22, 2024<\/strong><\/p>\n<p><strong>CyberSchool organised its second Winter Research School.<\/strong>\u00a0The event aimed to provide participants with an overview of current research in cybersecurity, with the <strong>involvement of several research teams and laboratories<\/strong>, ensuring a <strong>diversity of topics<\/strong>.<\/p>\n\n                    <\/div>\n                <\/a>\n                                                <a href=\"https:\/\/cyberschool.univ-rennes.fr\/en\/about\/our-events\/women-cybersecurity-together-for-digital-security\/\" target=\"_blank\" rel=\"noopener\" class=\"bloc\">\n                                        <div class=\"contain-txt\">\n                        <p class=\"title\">Women &#038; Cybersecurity: Together for Digital Security<\/p>\n                        <p><strong>OCTOBER 10, 2023<\/strong><\/p>\n<p>As part of cybermoi\/s, an awareness initiative on cybersecurity issues launched by ANSSI and Cybermalveillance.gouv.fr, <strong>CyberSchool, ESTIMnum\u00e9rique, and CErcle des Femmes de la CYberS\u00e9curit\u00e9 (CEFCYS) organised an event dedicated to promoting STEM fields among women.<\/strong><\/p>\n\n                    <\/div>\n                <\/a>\n                                                <a href=\"https:\/\/cyberschool.univ-rennes.fr\/en\/research\/cyberschool-research-school\/spring-research-school\/\" target=\"_blank\" rel=\"noopener\" class=\"bloc\">\n                                        <div class=\"contain-txt\">\n                        <p class=\"title\">Spring Research School 2023<\/p>\n                        <p><strong>APRIL 11, 12, 13, 14, 2023<\/strong><\/p>\n<p><strong> CyberSchool organised its first Spring Research School.<\/strong> This research school was intended to give participants an <strong>overview of the current state of research in cybersecurity<\/strong>, through presentations of recent work by speakers from the relevant teams at IRISA, IETR, IRMAR and CREST.<\/p>\n\n                    <\/div>\n                <\/a>\n                                                <a href=\"https:\/\/cyberschool.univ-rennes.fr\/en\/conference-pegasus-project\/\" target=\"_blank\" rel=\"noopener\" class=\"bloc\">\n                                        <div class=\"contain-txt\">\n                        <p class=\"title\">Conference Pegasus Project<\/p>\n                        <p><strong>NOVEMBER 24, 2021<\/strong><\/p>\n<p>CyberSchool organised a conference about the <strong>Pegasus project<\/strong>, with Etienne Maynier, technologist in the Amnesty Tech program of Amnesty International.<\/p>\n\n                    <\/div>\n                <\/a>\n                        <\/div>\n<\/section>\n\n\n<section class=\"press-releases\">\n    <div class=\"container\">\n        <h2><span class=\"elipse\"><\/span><span class=\"trait\"><\/span>Legal notice<\/h2>\n    <\/div>\n    <div class=\"container contain-line\">\n                    <a href=\"https:\/\/cyberschool.univ-rennes.fr\/app\/uploads\/2024\/09\/cyberschool-mentions-legales-donnees.pdf\" target=\"_blank\" class=\"line\">\n                <p class=\"date\"><\/p>\n                <p>Treatment of personal data<\/p>           \n            <\/a>\n            <\/div>\n<\/section>\n","protected":false},"excerpt":{"rendered":"","protected":false},"author":8,"featured_media":0,"parent":259,"menu_order":0,"comment_status":"closed","ping_status":"closed","template":"","meta":[],"acf":[],"yoast_head":"<!-- This site is optimized with the Yoast SEO plugin v20.13 - https:\/\/yoast.com\/wordpress\/plugins\/seo\/ -->\n<title>Events - CyberSchool<\/title>\n<meta name=\"description\" content=\"CyberSchool organises events aimed at demystifying cybersecurity, raising awareness of computer security issues, discussing current topics, showcasing research...\" \/>\n<meta name=\"robots\" content=\"index, follow, max-snippet:-1, max-image-preview:large, max-video-preview:-1\" \/>\n<link rel=\"canonical\" href=\"https:\/\/cyberschool.univ-rennes.fr\/en\/about\/our-events\/\" \/>\n<meta property=\"og:locale\" content=\"en_US\" \/>\n<meta property=\"og:type\" content=\"article\" \/>\n<meta property=\"og:title\" content=\"Events - CyberSchool\" \/>\n<meta property=\"og:description\" content=\"CyberSchool organises events aimed at demystifying cybersecurity, raising awareness of computer security issues, discussing current topics, showcasing research...\" \/>\n<meta property=\"og:url\" content=\"https:\/\/cyberschool.univ-rennes.fr\/en\/about\/our-events\/\" \/>\n<meta property=\"og:site_name\" content=\"CyberSchool\" \/>\n<meta property=\"article:publisher\" content=\"https:\/\/www.facebook.com\/CSchoolRennes\/\" \/>\n<meta property=\"article:modified_time\" content=\"2026-04-02T09:30:18+00:00\" \/>\n<meta property=\"og:image\" content=\"https:\/\/cyberschool.univ-rennes.fr\/app\/uploads\/2021\/02\/cover-social-network.jpeg\" \/>\n\t<meta property=\"og:image:width\" content=\"1500\" \/>\n\t<meta property=\"og:image:height\" content=\"500\" \/>\n\t<meta property=\"og:image:type\" content=\"image\/jpeg\" \/>\n<meta name=\"twitter:card\" content=\"summary_large_image\" \/>\n<meta name=\"twitter:site\" content=\"@CSchoolRennes\" \/>\n<script type=\"application\/ld+json\" class=\"yoast-schema-graph\">{\"@context\":\"https:\/\/schema.org\",\"@graph\":[{\"@type\":\"WebPage\",\"@id\":\"https:\/\/cyberschool.univ-rennes.fr\/en\/about\/our-events\/\",\"url\":\"https:\/\/cyberschool.univ-rennes.fr\/en\/about\/our-events\/\",\"name\":\"Events - CyberSchool\",\"isPartOf\":{\"@id\":\"https:\/\/cyberschool.univ-rennes.fr\/en\/#website\"},\"datePublished\":\"2023-09-14T10:25:46+00:00\",\"dateModified\":\"2026-04-02T09:30:18+00:00\",\"description\":\"CyberSchool organises events aimed at demystifying cybersecurity, raising awareness of computer security issues, discussing current topics, showcasing research...\",\"breadcrumb\":{\"@id\":\"https:\/\/cyberschool.univ-rennes.fr\/en\/about\/our-events\/#breadcrumb\"},\"inLanguage\":\"en-US\",\"potentialAction\":[{\"@type\":\"ReadAction\",\"target\":[\"https:\/\/cyberschool.univ-rennes.fr\/en\/about\/our-events\/\"]}]},{\"@type\":\"BreadcrumbList\",\"@id\":\"https:\/\/cyberschool.univ-rennes.fr\/en\/about\/our-events\/#breadcrumb\",\"itemListElement\":[{\"@type\":\"ListItem\",\"position\":1,\"name\":\"Home\",\"item\":\"https:\/\/cyberschool.univ-rennes.fr\/en\/\"},{\"@type\":\"ListItem\",\"position\":2,\"name\":\"About\",\"item\":\"https:\/\/cyberschool.univ-rennes.fr\/en\/about\/\"},{\"@type\":\"ListItem\",\"position\":3,\"name\":\"Events\"}]},{\"@type\":\"WebSite\",\"@id\":\"https:\/\/cyberschool.univ-rennes.fr\/en\/#website\",\"url\":\"https:\/\/cyberschool.univ-rennes.fr\/en\/\",\"name\":\"CyberSchool\",\"description\":\"Just another WordPress site\",\"potentialAction\":[{\"@type\":\"SearchAction\",\"target\":{\"@type\":\"EntryPoint\",\"urlTemplate\":\"https:\/\/cyberschool.univ-rennes.fr\/en\/?s={search_term_string}\"},\"query-input\":\"required name=search_term_string\"}],\"inLanguage\":\"en-US\"}]}<\/script>\n<!-- \/ Yoast SEO plugin. -->","yoast_head_json":{"title":"Events - CyberSchool","description":"CyberSchool organises events aimed at demystifying cybersecurity, raising awareness of computer security issues, discussing current topics, showcasing research...","robots":{"index":"index","follow":"follow","max-snippet":"max-snippet:-1","max-image-preview":"max-image-preview:large","max-video-preview":"max-video-preview:-1"},"canonical":"https:\/\/cyberschool.univ-rennes.fr\/en\/about\/our-events\/","og_locale":"en_US","og_type":"article","og_title":"Events - CyberSchool","og_description":"CyberSchool organises events aimed at demystifying cybersecurity, raising awareness of computer security issues, discussing current topics, showcasing research...","og_url":"https:\/\/cyberschool.univ-rennes.fr\/en\/about\/our-events\/","og_site_name":"CyberSchool","article_publisher":"https:\/\/www.facebook.com\/CSchoolRennes\/","article_modified_time":"2026-04-02T09:30:18+00:00","og_image":[{"width":1500,"height":500,"url":"https:\/\/cyberschool.univ-rennes.fr\/app\/uploads\/2021\/02\/cover-social-network.jpeg","type":"image\/jpeg"}],"twitter_card":"summary_large_image","twitter_site":"@CSchoolRennes","schema":{"@context":"https:\/\/schema.org","@graph":[{"@type":"WebPage","@id":"https:\/\/cyberschool.univ-rennes.fr\/en\/about\/our-events\/","url":"https:\/\/cyberschool.univ-rennes.fr\/en\/about\/our-events\/","name":"Events - CyberSchool","isPartOf":{"@id":"https:\/\/cyberschool.univ-rennes.fr\/en\/#website"},"datePublished":"2023-09-14T10:25:46+00:00","dateModified":"2026-04-02T09:30:18+00:00","description":"CyberSchool organises events aimed at demystifying cybersecurity, raising awareness of computer security issues, discussing current topics, showcasing research...","breadcrumb":{"@id":"https:\/\/cyberschool.univ-rennes.fr\/en\/about\/our-events\/#breadcrumb"},"inLanguage":"en-US","potentialAction":[{"@type":"ReadAction","target":["https:\/\/cyberschool.univ-rennes.fr\/en\/about\/our-events\/"]}]},{"@type":"BreadcrumbList","@id":"https:\/\/cyberschool.univ-rennes.fr\/en\/about\/our-events\/#breadcrumb","itemListElement":[{"@type":"ListItem","position":1,"name":"Home","item":"https:\/\/cyberschool.univ-rennes.fr\/en\/"},{"@type":"ListItem","position":2,"name":"About","item":"https:\/\/cyberschool.univ-rennes.fr\/en\/about\/"},{"@type":"ListItem","position":3,"name":"Events"}]},{"@type":"WebSite","@id":"https:\/\/cyberschool.univ-rennes.fr\/en\/#website","url":"https:\/\/cyberschool.univ-rennes.fr\/en\/","name":"CyberSchool","description":"Just another WordPress site","potentialAction":[{"@type":"SearchAction","target":{"@type":"EntryPoint","urlTemplate":"https:\/\/cyberschool.univ-rennes.fr\/en\/?s={search_term_string}"},"query-input":"required name=search_term_string"}],"inLanguage":"en-US"}]}},"_links":{"self":[{"href":"https:\/\/cyberschool.univ-rennes.fr\/en\/wp-json\/wp\/v2\/pages\/13590"}],"collection":[{"href":"https:\/\/cyberschool.univ-rennes.fr\/en\/wp-json\/wp\/v2\/pages"}],"about":[{"href":"https:\/\/cyberschool.univ-rennes.fr\/en\/wp-json\/wp\/v2\/types\/page"}],"author":[{"embeddable":true,"href":"https:\/\/cyberschool.univ-rennes.fr\/en\/wp-json\/wp\/v2\/users\/8"}],"replies":[{"embeddable":true,"href":"https:\/\/cyberschool.univ-rennes.fr\/en\/wp-json\/wp\/v2\/comments?post=13590"}],"version-history":[{"count":54,"href":"https:\/\/cyberschool.univ-rennes.fr\/en\/wp-json\/wp\/v2\/pages\/13590\/revisions"}],"predecessor-version":[{"id":18662,"href":"https:\/\/cyberschool.univ-rennes.fr\/en\/wp-json\/wp\/v2\/pages\/13590\/revisions\/18662"}],"up":[{"embeddable":true,"href":"https:\/\/cyberschool.univ-rennes.fr\/en\/wp-json\/wp\/v2\/pages\/259"}],"wp:attachment":[{"href":"https:\/\/cyberschool.univ-rennes.fr\/en\/wp-json\/wp\/v2\/media?parent=13590"}],"curies":[{"name":"wp","href":"https:\/\/api.w.org\/{rel}","templated":true}]}}