{"id":13872,"date":"2023-10-03T09:57:27","date_gmt":"2023-10-03T08:57:27","guid":{"rendered":"https:\/\/cyberschool.univ-rennes.fr\/?page_id=13872"},"modified":"2026-03-12T14:28:03","modified_gmt":"2026-03-12T13:28:03","slug":"study-programme-of-the-masters-cybersecurity-with-ciso-specialisation","status":"publish","type":"page","link":"https:\/\/cyberschool.univ-rennes.fr\/en\/education\/masters-and-postgraduate-programmes\/masters-cybersecurity-with-ciso-specialisation\/study-programme-of-the-masters-cybersecurity-with-ciso-specialisation\/","title":{"rendered":"Study programme of the Master\u2019s Cybersecurity with CISO specialisation"},"content":{"rendered":"<section class=\"text-intro\">\n    <div class=\"container\">\n        <p style=\"text-align: center;\"><strong>You will find below the first and second year courses of the <a href=\"https:\/\/cyberschool.univ-rennes.fr\/en\/education\/cybersecurity-training-programmes\/masters-cybersecurity-with-ciso-specialisation\/\" target=\"_blank\" rel=\"noopener\">Master\u2019s Cybersecurity with CISO specialisation<\/a>.<\/strong><\/p>\n<p style=\"text-align: center;\"><strong>Reminder: The Master\u2019s Cybersecurity with CISO specialisation is only offered as a work-study programme.<\/strong><\/p>\n<p style=\"text-align: center;\"><em>Course descriptions are currently being written.<\/em><\/p>\n\n    <\/div>\n<\/section>\n\n\n\n<figure class=\"wp-block-table\"><table class=\"has-white-color has-text-color has-background has-link-color\" style=\"background-color:#ff4700\"><tbody><tr><td class=\"has-text-align-center\" data-align=\"center\"><strong>YEAR 1<\/strong><\/td><\/tr><\/tbody><\/table><\/figure>\n\n\n\n<figure class=\"wp-block-table\"><table class=\"has-white-background-color has-text-color has-background has-link-color\" style=\"color:#ff4700\"><tbody><tr><td class=\"has-text-align-center\" data-align=\"center\"><strong>SEMESTER 1<\/strong><\/td><\/tr><\/tbody><\/table><\/figure>\n\n\n\n<figure class=\"wp-block-table\"><table class=\"has-white-color has-text-color has-background has-link-color\" style=\"background-color:#3026ff\"><tbody><tr><td class=\"has-text-align-center\" data-align=\"center\"><a href=\"https:\/\/cyberschool.univ-rennes.fr\/en\/education\/masters-and-postgraduate-programmes\/masters-cybersecurity-with-ciso-specialisation\/study-programme-of-the-masters-cybersecurity-with-ciso-specialisation\/architecture-des-systemes-dinformation\/\"><mark style=\"background-color:rgba(0, 0, 0, 0)\" class=\"has-inline-color has-white-color\">Architecture des Syst\u00e8mes d\u2019Information (ARCHSSI) \u2013 5 ECTS<\/mark><\/a><\/td><\/tr><tr><td class=\"has-text-align-center\" data-align=\"center\"><a href=\"https:\/\/cyberschool.univ-rennes.fr\/en\/education\/masters-and-postgraduate-programmes\/masters-cybersecurity-with-ciso-specialisation\/study-programme-of-the-masters-cybersecurity-with-ciso-specialisation\/audits-de-la-securite-des-systemes-dinformation\/\"><mark style=\"background-color:rgba(0, 0, 0, 0)\" class=\"has-inline-color has-white-color\">Audits de la s\u00e9curit\u00e9 des syst\u00e8mes d\u2019information (AUDIT) \u2013 4 ECTS<\/mark><\/a><\/td><\/tr><tr><td class=\"has-text-align-center\" data-align=\"center\"><a href=\"https:\/\/cyberschool.univ-rennes.fr\/en\/education\/masters-and-postgraduate-programmes\/masters-cybersecurity-with-ciso-specialisation\/study-programme-of-the-masters-cybersecurity-with-ciso-specialisation\/cybersecurite-menaces-et-organisations-hygiene-numerique\/\"><mark style=\"background-color:rgba(0, 0, 0, 0)\" class=\"has-inline-color has-white-color\">Cybers\u00e9curit\u00e9 : Menaces et organisations, hygi\u00e8ne num\u00e9rique (SENV) \u2013 4 ECTS<\/mark><\/a><\/td><\/tr><tr><td class=\"has-text-align-center\" data-align=\"center\"><a href=\"https:\/\/cyberschool.univ-rennes.fr\/en\/education\/masters-and-postgraduate-programmes\/masters-cybersecurity-with-ciso-specialisation\/study-programme-of-the-masters-cybersecurity-with-ciso-specialisation\/management-de-projet-et-communication\/\"><mark style=\"background-color:rgba(0, 0, 0, 0)\" class=\"has-inline-color has-white-color\">Management de projet et communication (MPJCOM) \u2013 3 ECTS<\/mark><\/a><\/td><\/tr><tr><td class=\"has-text-align-center\" data-align=\"center\"><a href=\"https:\/\/cyberschool.univ-rennes.fr\/en\/education\/masters-and-postgraduate-programmes\/masters-cybersecurity-with-ciso-specialisation\/study-programme-of-the-masters-cybersecurity-with-ciso-specialisation\/programmation-pour-reseaux-et-systemes\/\"><mark style=\"background-color:rgba(0, 0, 0, 0)\" class=\"has-inline-color has-white-color\">Programmation pour r\u00e9seaux et syst\u00e8mes (PROG) \u2013 5 ECTS<\/mark><\/a><\/td><\/tr><tr><td class=\"has-text-align-center\" data-align=\"center\"><a href=\"https:\/\/cyberschool.univ-rennes.fr\/en\/education\/masters-and-postgraduate-programmes\/masters-cybersecurity-with-ciso-specialisation\/study-programme-of-the-masters-cybersecurity-with-ciso-specialisation\/securite-des-bases-de-donnees\/\"><mark style=\"background-color:rgba(0, 0, 0, 0)\" class=\"has-inline-color has-white-color\">S\u00e9curit\u00e9 des bases de donn\u00e9es (SBD) \u2013 5 ECTS<\/mark><\/a><\/td><\/tr><tr><td class=\"has-text-align-center\" data-align=\"center\">Suivi d\u2019alternance 1 (SALT1) \u2013 1 ECTS<\/td><\/tr><\/tbody><\/table><\/figure>\n\n\n\n<figure class=\"wp-block-table\"><table class=\"has-white-background-color has-text-color has-background has-link-color\" style=\"color:#ff4700\"><tbody><tr><td class=\"has-text-align-center\" data-align=\"center\"><strong>SEMESTER 2<\/strong><\/td><\/tr><\/tbody><\/table><\/figure>\n\n\n\n<figure class=\"wp-block-table\"><table class=\"has-white-color has-text-color has-background has-link-color\" style=\"background-color:#3026ff\"><tbody><tr><td class=\"has-text-align-center\" data-align=\"center\">Alternance S2 \u2013 15 ECTS<\/td><\/tr><tr><td class=\"has-text-align-center\" data-align=\"center\">Anglais \u2013 3 ECTS<\/td><\/tr><tr><td class=\"has-text-align-center\" data-align=\"center\"><a href=\"https:\/\/cyberschool.univ-rennes.fr\/en\/education\/masters-and-postgraduate-programmes\/masters-cybersecurity-with-ciso-specialisation\/study-programme-of-the-masters-cybersecurity-with-ciso-specialisation\/cryptographie-vie-privee\/\"><mark style=\"background-color:rgba(0, 0, 0, 0)\" class=\"has-inline-color has-white-color\">Cryptographie &amp; vie priv\u00e9e (SDATA) \u2013 3 ECTS<\/mark><\/a><\/td><\/tr><tr><td class=\"has-text-align-center\" data-align=\"center\"><a href=\"https:\/\/cyberschool.univ-rennes.fr\/en\/education\/masters-and-postgraduate-programmes\/masters-cybersecurity-with-ciso-specialisation\/study-programme-of-the-masters-cybersecurity-with-ciso-specialisation\/gestion-des-risques\/\"><mark style=\"background-color:rgba(0, 0, 0, 0)\" class=\"has-inline-color has-white-color\">Gestion des risques (GRISKS) \u2013 3 ECTS<\/mark><\/a><\/td><\/tr><tr><td class=\"has-text-align-center\" data-align=\"center\"><a href=\"https:\/\/cyberschool.univ-rennes.fr\/en\/education\/masters-and-postgraduate-programmes\/masters-cybersecurity-with-ciso-specialisation\/study-programme-of-the-masters-cybersecurity-with-ciso-specialisation\/reseaux-et-securite-du-cloud\/\"><mark style=\"background-color:rgba(0, 0, 0, 0)\" class=\"has-inline-color has-white-color\">R\u00e9seaux et s\u00e9curit\u00e9 du Cloud (CLOUD) \u2013 4 ECTS<\/mark><\/a><\/td><\/tr><tr><td class=\"has-text-align-center\" data-align=\"center\"><a href=\"https:\/\/cyberschool.univ-rennes.fr\/en\/education\/masters-and-postgraduate-programmes\/masters-cybersecurity-with-ciso-specialisation\/study-programme-of-the-masters-cybersecurity-with-ciso-specialisation\/securite-des-systemes-linux-windows\/\"><mark style=\"background-color:rgba(0, 0, 0, 0)\" class=\"has-inline-color has-white-color\">S\u00e9curit\u00e9 des Syst\u00e8mes Linux &amp; Windows (SSYS) \u2013 5 ECTS<\/mark><\/a><\/td><\/tr><\/tbody><\/table><\/figure>\n\n\n\n<figure class=\"wp-block-table\"><table class=\"has-white-color has-text-color has-background has-link-color\" style=\"background-color:#ff4700\"><tbody><tr><td class=\"has-text-align-center\" data-align=\"center\"><strong>YEAR 2<\/strong><\/td><\/tr><\/tbody><\/table><\/figure>\n\n\n\n<figure class=\"wp-block-table\"><table class=\"has-white-background-color has-text-color has-background has-link-color\" style=\"color:#ff4700\"><tbody><tr><td class=\"has-text-align-center\" data-align=\"center\"><strong>SEMESTER 3<\/strong><\/td><\/tr><\/tbody><\/table><\/figure>\n\n\n\n<figure class=\"wp-block-table\"><table class=\"has-white-color has-text-color has-background has-link-color\" style=\"background-color:#3026ff\"><tbody><tr><td class=\"has-text-align-center\" data-align=\"center\"><a href=\"https:\/\/cyberschool.univ-rennes.fr\/en\/education\/masters-and-postgraduate-programmes\/masters-cybersecurity-with-ciso-specialisation\/study-programme-of-the-masters-cybersecurity-with-ciso-specialisation\/droit-de-la-cybersecurite\/\"><mark style=\"background-color:rgba(0, 0, 0, 0)\" class=\"has-inline-color has-white-color\">Droit de la cybers\u00e9curit\u00e9 (DROIT) \u2013 5 ECTS<\/mark><\/a><\/td><\/tr><tr><td class=\"has-text-align-center\" data-align=\"center\"><a href=\"https:\/\/cyberschool.univ-rennes.fr\/en\/education\/masters-and-postgraduate-programmes\/masters-cybersecurity-with-ciso-specialisation\/study-programme-of-the-masters-cybersecurity-with-ciso-specialisation\/management-de-projet-et-communication-2\/\"><mark style=\"background-color:rgba(0, 0, 0, 0)\" class=\"has-inline-color has-white-color\">Management de projet et communication (MPJCOM) \u2013 3 ECTS<\/mark><\/a><\/td><\/tr><tr><td class=\"has-text-align-center\" data-align=\"center\"><a href=\"https:\/\/cyberschool.univ-rennes.fr\/en\/education\/masters-and-postgraduate-programmes\/masters-cybersecurity-with-ciso-specialisation\/study-programme-of-the-masters-cybersecurity-with-ciso-specialisation\/methodologie-pentest\/\"><mark style=\"background-color:rgba(0, 0, 0, 0)\" class=\"has-inline-color has-white-color\">M\u00e9thodologie Pentest (PENT) \u2013 5 ECTS<\/mark><\/a><\/td><\/tr><tr><td class=\"has-text-align-center\" data-align=\"center\"><a href=\"https:\/\/cyberschool.univ-rennes.fr\/en\/education\/masters-and-postgraduate-programmes\/masters-cybersecurity-with-ciso-specialisation\/study-programme-of-the-masters-cybersecurity-with-ciso-specialisation\/organisation-normes-et-outils-etatiques\/\"><mark style=\"background-color:rgba(0, 0, 0, 0)\" class=\"has-inline-color has-white-color\">Organisation, normes et outils \u00e9tatiques (SENV2) \u2013 5 ECTS<\/mark><\/a><\/td><\/tr><tr><td class=\"has-text-align-center\" data-align=\"center\">Suivi d\u2019alternance 2 (SALT2) \u2013 2 ECTS<\/td><\/tr><\/tbody><\/table><\/figure>\n\n\n\n<figure class=\"wp-block-table\"><table class=\"has-white-background-color has-text-color has-background has-link-color\" style=\"color:#ff4700\"><tbody><tr><td class=\"has-text-align-center\" data-align=\"center\"><strong>SEMESTER 4<\/strong><\/td><\/tr><\/tbody><\/table><\/figure>\n\n\n\n<figure class=\"wp-block-table\"><table class=\"has-white-color has-text-color has-background has-link-color\" style=\"background-color:#3026ff\"><tbody><tr><td class=\"has-text-align-center\" data-align=\"center\">Alternance S2 \u2013 27 ECTS<\/td><\/tr><tr><td class=\"has-text-align-center\" data-align=\"center\">Anglais \u2013 3 ECTS<\/td><\/tr><tr><td class=\"has-text-align-center\" data-align=\"center\"><a href=\"https:\/\/cyberschool.univ-rennes.fr\/en\/education\/masters-and-postgraduate-programmes\/masters-cybersecurity-with-ciso-specialisation\/study-programme-of-the-masters-cybersecurity-with-ciso-specialisation\/gestion-de-crise-et-securite-operationnelle\/\"><mark style=\"background-color:rgba(0, 0, 0, 0)\" class=\"has-inline-color has-white-color\">Gestion de crise et s\u00e9curit\u00e9 op\u00e9rationnelle (CRIS) \u2013 5 ECTS<\/mark><\/a><\/td><\/tr><tr><td class=\"has-text-align-center\" data-align=\"center\"><a href=\"https:\/\/cyberschool.univ-rennes.fr\/en\/education\/masters-and-postgraduate-programmes\/masters-cybersecurity-with-ciso-specialisation\/study-programme-of-the-masters-cybersecurity-with-ciso-specialisation\/securite-avancee-des-si-dentreprise\/\"><mark style=\"background-color:rgba(0, 0, 0, 0)\" class=\"has-inline-color has-white-color\">S\u00e9curit\u00e9 avanc\u00e9e des SI d\u2019entreprise (SSYS2) \u2013 5 ECTS<\/mark><\/a><\/td><\/tr><\/tbody><\/table><\/figure>\n","protected":false},"excerpt":{"rendered":"<p>YEAR 1 SEMESTER 1 Architecture des Syst\u00e8mes d\u2019Information (ARCHSSI) \u2013 5 ECTS Audits de la s\u00e9curit\u00e9 des syst\u00e8mes d\u2019information (AUDIT) \u2013 4 ECTS Cybers\u00e9curit\u00e9 : Menaces et organisations, hygi\u00e8ne num\u00e9rique (SENV) \u2013 4 ECTS Management de projet et communication (MPJCOM) \u2013 3 ECTS Programmation pour r\u00e9seaux et syst\u00e8mes (PROG) \u2013 5 ECTS S\u00e9curit\u00e9 des bases [&hellip;]<\/p>\n","protected":false},"author":8,"featured_media":8332,"parent":13857,"menu_order":0,"comment_status":"closed","ping_status":"closed","template":"","meta":[],"acf":[],"yoast_head":"<!-- This site is optimized with the Yoast SEO plugin v20.13 - https:\/\/yoast.com\/wordpress\/plugins\/seo\/ -->\n<title>Study programme of the Master\u2019s Cybersecurity with CISO specialisation - CyberSchool<\/title>\n<meta name=\"robots\" content=\"index, follow, max-snippet:-1, max-image-preview:large, max-video-preview:-1\" \/>\n<link rel=\"canonical\" href=\"https:\/\/cyberschool.univ-rennes.fr\/en\/education\/masters-and-postgraduate-programmes\/masters-cybersecurity-with-ciso-specialisation\/study-programme-of-the-masters-cybersecurity-with-ciso-specialisation\/\" \/>\n<meta property=\"og:locale\" content=\"en_US\" \/>\n<meta property=\"og:type\" content=\"article\" \/>\n<meta property=\"og:title\" content=\"Study programme of the Master\u2019s Cybersecurity with CISO specialisation - CyberSchool\" \/>\n<meta property=\"og:description\" content=\"YEAR 1 SEMESTER 1 Architecture des Syst\u00e8mes d\u2019Information (ARCHSSI) \u2013 5 ECTS Audits de la s\u00e9curit\u00e9 des syst\u00e8mes d\u2019information (AUDIT) \u2013 4 ECTS Cybers\u00e9curit\u00e9 : Menaces et organisations, hygi\u00e8ne num\u00e9rique (SENV) \u2013 4 ECTS Management de projet et communication (MPJCOM) \u2013 3 ECTS Programmation pour r\u00e9seaux et syst\u00e8mes (PROG) \u2013 5 ECTS S\u00e9curit\u00e9 des bases [&hellip;]\" \/>\n<meta property=\"og:url\" content=\"https:\/\/cyberschool.univ-rennes.fr\/en\/education\/masters-and-postgraduate-programmes\/masters-cybersecurity-with-ciso-specialisation\/study-programme-of-the-masters-cybersecurity-with-ciso-specialisation\/\" \/>\n<meta property=\"og:site_name\" content=\"CyberSchool\" \/>\n<meta property=\"article:publisher\" content=\"https:\/\/www.facebook.com\/CSchoolRennes\/\" \/>\n<meta property=\"article:modified_time\" content=\"2026-03-12T13:28:03+00:00\" \/>\n<meta property=\"og:image\" content=\"https:\/\/cyberschool.univ-rennes.fr\/app\/uploads\/2022\/11\/studentsss.png\" \/>\n\t<meta property=\"og:image:width\" content=\"1392\" \/>\n\t<meta property=\"og:image:height\" content=\"928\" \/>\n\t<meta property=\"og:image:type\" content=\"image\/png\" \/>\n<meta name=\"twitter:card\" content=\"summary_large_image\" \/>\n<meta name=\"twitter:site\" content=\"@CSchoolRennes\" \/>\n<meta name=\"twitter:label1\" content=\"Est. reading time\" \/>\n\t<meta name=\"twitter:data1\" content=\"1 minute\" \/>\n<script type=\"application\/ld+json\" class=\"yoast-schema-graph\">{\"@context\":\"https:\/\/schema.org\",\"@graph\":[{\"@type\":\"WebPage\",\"@id\":\"https:\/\/cyberschool.univ-rennes.fr\/en\/education\/masters-and-postgraduate-programmes\/masters-cybersecurity-with-ciso-specialisation\/study-programme-of-the-masters-cybersecurity-with-ciso-specialisation\/\",\"url\":\"https:\/\/cyberschool.univ-rennes.fr\/en\/education\/masters-and-postgraduate-programmes\/masters-cybersecurity-with-ciso-specialisation\/study-programme-of-the-masters-cybersecurity-with-ciso-specialisation\/\",\"name\":\"Study programme of the Master\u2019s Cybersecurity with CISO specialisation - CyberSchool\",\"isPartOf\":{\"@id\":\"https:\/\/cyberschool.univ-rennes.fr\/en\/#website\"},\"datePublished\":\"2023-10-03T08:57:27+00:00\",\"dateModified\":\"2026-03-12T13:28:03+00:00\",\"breadcrumb\":{\"@id\":\"https:\/\/cyberschool.univ-rennes.fr\/en\/education\/masters-and-postgraduate-programmes\/masters-cybersecurity-with-ciso-specialisation\/study-programme-of-the-masters-cybersecurity-with-ciso-specialisation\/#breadcrumb\"},\"inLanguage\":\"en-US\",\"potentialAction\":[{\"@type\":\"ReadAction\",\"target\":[\"https:\/\/cyberschool.univ-rennes.fr\/en\/education\/masters-and-postgraduate-programmes\/masters-cybersecurity-with-ciso-specialisation\/study-programme-of-the-masters-cybersecurity-with-ciso-specialisation\/\"]}]},{\"@type\":\"BreadcrumbList\",\"@id\":\"https:\/\/cyberschool.univ-rennes.fr\/en\/education\/masters-and-postgraduate-programmes\/masters-cybersecurity-with-ciso-specialisation\/study-programme-of-the-masters-cybersecurity-with-ciso-specialisation\/#breadcrumb\",\"itemListElement\":[{\"@type\":\"ListItem\",\"position\":1,\"name\":\"Home\",\"item\":\"https:\/\/cyberschool.univ-rennes.fr\/en\/\"},{\"@type\":\"ListItem\",\"position\":2,\"name\":\"Education\",\"item\":\"https:\/\/cyberschool.univ-rennes.fr\/en\/education\/\"},{\"@type\":\"ListItem\",\"position\":3,\"name\":\"Master\u2019s and postgraduate programmes\",\"item\":\"https:\/\/cyberschool.univ-rennes.fr\/en\/education\/masters-and-postgraduate-programmes\/\"},{\"@type\":\"ListItem\",\"position\":4,\"name\":\"Master\u2019s Cybersecurity with CISO specialisation\",\"item\":\"https:\/\/cyberschool.univ-rennes.fr\/en\/education\/masters-and-postgraduate-programmes\/masters-cybersecurity-with-ciso-specialisation\/\"},{\"@type\":\"ListItem\",\"position\":5,\"name\":\"Study programme of the Master\u2019s Cybersecurity with CISO specialisation\"}]},{\"@type\":\"WebSite\",\"@id\":\"https:\/\/cyberschool.univ-rennes.fr\/en\/#website\",\"url\":\"https:\/\/cyberschool.univ-rennes.fr\/en\/\",\"name\":\"CyberSchool\",\"description\":\"Just another WordPress site\",\"potentialAction\":[{\"@type\":\"SearchAction\",\"target\":{\"@type\":\"EntryPoint\",\"urlTemplate\":\"https:\/\/cyberschool.univ-rennes.fr\/en\/?s={search_term_string}\"},\"query-input\":\"required name=search_term_string\"}],\"inLanguage\":\"en-US\"}]}<\/script>\n<!-- \/ Yoast SEO plugin. -->","yoast_head_json":{"title":"Study programme of the Master\u2019s Cybersecurity with CISO specialisation - CyberSchool","robots":{"index":"index","follow":"follow","max-snippet":"max-snippet:-1","max-image-preview":"max-image-preview:large","max-video-preview":"max-video-preview:-1"},"canonical":"https:\/\/cyberschool.univ-rennes.fr\/en\/education\/masters-and-postgraduate-programmes\/masters-cybersecurity-with-ciso-specialisation\/study-programme-of-the-masters-cybersecurity-with-ciso-specialisation\/","og_locale":"en_US","og_type":"article","og_title":"Study programme of the Master\u2019s Cybersecurity with CISO specialisation - CyberSchool","og_description":"YEAR 1 SEMESTER 1 Architecture des Syst\u00e8mes d\u2019Information (ARCHSSI) \u2013 5 ECTS Audits de la s\u00e9curit\u00e9 des syst\u00e8mes d\u2019information (AUDIT) \u2013 4 ECTS Cybers\u00e9curit\u00e9 : Menaces et organisations, hygi\u00e8ne num\u00e9rique (SENV) \u2013 4 ECTS Management de projet et communication (MPJCOM) \u2013 3 ECTS Programmation pour r\u00e9seaux et syst\u00e8mes (PROG) \u2013 5 ECTS S\u00e9curit\u00e9 des bases [&hellip;]","og_url":"https:\/\/cyberschool.univ-rennes.fr\/en\/education\/masters-and-postgraduate-programmes\/masters-cybersecurity-with-ciso-specialisation\/study-programme-of-the-masters-cybersecurity-with-ciso-specialisation\/","og_site_name":"CyberSchool","article_publisher":"https:\/\/www.facebook.com\/CSchoolRennes\/","article_modified_time":"2026-03-12T13:28:03+00:00","og_image":[{"width":1392,"height":928,"url":"https:\/\/cyberschool.univ-rennes.fr\/app\/uploads\/2022\/11\/studentsss.png","type":"image\/png"}],"twitter_card":"summary_large_image","twitter_site":"@CSchoolRennes","twitter_misc":{"Est. reading time":"1 minute"},"schema":{"@context":"https:\/\/schema.org","@graph":[{"@type":"WebPage","@id":"https:\/\/cyberschool.univ-rennes.fr\/en\/education\/masters-and-postgraduate-programmes\/masters-cybersecurity-with-ciso-specialisation\/study-programme-of-the-masters-cybersecurity-with-ciso-specialisation\/","url":"https:\/\/cyberschool.univ-rennes.fr\/en\/education\/masters-and-postgraduate-programmes\/masters-cybersecurity-with-ciso-specialisation\/study-programme-of-the-masters-cybersecurity-with-ciso-specialisation\/","name":"Study programme of the Master\u2019s Cybersecurity with CISO specialisation - CyberSchool","isPartOf":{"@id":"https:\/\/cyberschool.univ-rennes.fr\/en\/#website"},"datePublished":"2023-10-03T08:57:27+00:00","dateModified":"2026-03-12T13:28:03+00:00","breadcrumb":{"@id":"https:\/\/cyberschool.univ-rennes.fr\/en\/education\/masters-and-postgraduate-programmes\/masters-cybersecurity-with-ciso-specialisation\/study-programme-of-the-masters-cybersecurity-with-ciso-specialisation\/#breadcrumb"},"inLanguage":"en-US","potentialAction":[{"@type":"ReadAction","target":["https:\/\/cyberschool.univ-rennes.fr\/en\/education\/masters-and-postgraduate-programmes\/masters-cybersecurity-with-ciso-specialisation\/study-programme-of-the-masters-cybersecurity-with-ciso-specialisation\/"]}]},{"@type":"BreadcrumbList","@id":"https:\/\/cyberschool.univ-rennes.fr\/en\/education\/masters-and-postgraduate-programmes\/masters-cybersecurity-with-ciso-specialisation\/study-programme-of-the-masters-cybersecurity-with-ciso-specialisation\/#breadcrumb","itemListElement":[{"@type":"ListItem","position":1,"name":"Home","item":"https:\/\/cyberschool.univ-rennes.fr\/en\/"},{"@type":"ListItem","position":2,"name":"Education","item":"https:\/\/cyberschool.univ-rennes.fr\/en\/education\/"},{"@type":"ListItem","position":3,"name":"Master\u2019s and postgraduate programmes","item":"https:\/\/cyberschool.univ-rennes.fr\/en\/education\/masters-and-postgraduate-programmes\/"},{"@type":"ListItem","position":4,"name":"Master\u2019s Cybersecurity with CISO specialisation","item":"https:\/\/cyberschool.univ-rennes.fr\/en\/education\/masters-and-postgraduate-programmes\/masters-cybersecurity-with-ciso-specialisation\/"},{"@type":"ListItem","position":5,"name":"Study programme of the Master\u2019s Cybersecurity with CISO specialisation"}]},{"@type":"WebSite","@id":"https:\/\/cyberschool.univ-rennes.fr\/en\/#website","url":"https:\/\/cyberschool.univ-rennes.fr\/en\/","name":"CyberSchool","description":"Just another WordPress site","potentialAction":[{"@type":"SearchAction","target":{"@type":"EntryPoint","urlTemplate":"https:\/\/cyberschool.univ-rennes.fr\/en\/?s={search_term_string}"},"query-input":"required name=search_term_string"}],"inLanguage":"en-US"}]}},"_links":{"self":[{"href":"https:\/\/cyberschool.univ-rennes.fr\/en\/wp-json\/wp\/v2\/pages\/13872"}],"collection":[{"href":"https:\/\/cyberschool.univ-rennes.fr\/en\/wp-json\/wp\/v2\/pages"}],"about":[{"href":"https:\/\/cyberschool.univ-rennes.fr\/en\/wp-json\/wp\/v2\/types\/page"}],"author":[{"embeddable":true,"href":"https:\/\/cyberschool.univ-rennes.fr\/en\/wp-json\/wp\/v2\/users\/8"}],"replies":[{"embeddable":true,"href":"https:\/\/cyberschool.univ-rennes.fr\/en\/wp-json\/wp\/v2\/comments?post=13872"}],"version-history":[{"count":26,"href":"https:\/\/cyberschool.univ-rennes.fr\/en\/wp-json\/wp\/v2\/pages\/13872\/revisions"}],"predecessor-version":[{"id":18412,"href":"https:\/\/cyberschool.univ-rennes.fr\/en\/wp-json\/wp\/v2\/pages\/13872\/revisions\/18412"}],"up":[{"embeddable":true,"href":"https:\/\/cyberschool.univ-rennes.fr\/en\/wp-json\/wp\/v2\/pages\/13857"}],"wp:featuredmedia":[{"embeddable":true,"href":"https:\/\/cyberschool.univ-rennes.fr\/en\/wp-json\/wp\/v2\/media\/8332"}],"wp:attachment":[{"href":"https:\/\/cyberschool.univ-rennes.fr\/en\/wp-json\/wp\/v2\/media?parent=13872"}],"curies":[{"name":"wp","href":"https:\/\/api.w.org\/{rel}","templated":true}]}}