{"id":14216,"date":"2024-01-25T17:28:09","date_gmt":"2024-01-25T16:28:09","guid":{"rendered":"https:\/\/cyberschool.univ-rennes.fr\/?page_id=14216"},"modified":"2026-03-12T14:35:57","modified_gmt":"2026-03-12T13:35:57","slug":"but-reseaux-telecommunications-lannion","status":"publish","type":"page","link":"https:\/\/cyberschool.univ-rennes.fr\/en\/education\/two-and-three-year-higher-education-programmes\/but-reseaux-telecommunications-lannion\/","title":{"rendered":"BUT R\u00e9seaux &amp; T\u00e9l\u00e9communications (Lannion)"},"content":{"rendered":"<section class=\"text-intro\">\n    <div class=\"container\">\n        <section class=\"text-intro\">\n<div class=\"container\">\n<p style=\"text-align: center;\"><strong>The <em>BUT R\u00e9seaux &amp; T\u00e9l\u00e9communications<\/em> is run by the <a href=\"https:\/\/iut-lannion.univ-rennes.fr\/\" target=\"_blank\" rel=\"noopener\">IUT of Lannion<\/a> (<a href=\"https:\/\/www.univ-rennes1.fr\/\" target=\"_blank\" rel=\"noopener\">University of Rennes<\/a>).<\/strong><\/p>\n<p style=\"text-align: center;\"><img decoding=\"async\" loading=\"lazy\" class=\"alignnone  wp-image-12782\" src=\"https:\/\/cyberschool.univ-rennes.fr\/app\/uploads\/2023\/06\/iut_lannion_ur_logo_web-300x94.png\" alt=\"\" width=\"230\" height=\"72\" srcset=\"https:\/\/cyberschool.univ-rennes.fr\/app\/uploads\/2023\/06\/iut_lannion_ur_logo_web-300x94.png 300w, https:\/\/cyberschool.univ-rennes.fr\/app\/uploads\/2023\/06\/iut_lannion_ur_logo_web.png 378w\" sizes=\"(max-width: 230px) 100vw, 230px\" \/><\/p>\n<blockquote>\n<p style=\"text-align: center;\"><strong>&gt; Duration:<\/strong> 3 years, full-time or work-study<br \/>\n&gt; <strong>Cybersecurity courses:<\/strong> starting from the 2nd year (choose the \u2018cybersecurity\u2019 track).<strong><br \/>\n&gt; Programme managers<\/strong>: Thierry Brault, Thierry Peyre, Romuald Rocher<strong><br \/>\n&gt; Place<\/strong>: Lannion<\/p>\n<\/blockquote>\n<\/div>\n<\/section>\n\n    <\/div>\n<\/section>\n\n\n    <section class=\"txt-image  right\">\n    <div class=\"container\">\n        <div class=\"bloc-txt\">\n            <div class=\"contain-txt\">\n                                    <h2><span class=\"elipse\"><\/span><span class=\"trait\"><\/span>Presentation<\/h2>\n                                <p><strong>The <em>BUT R\u00e9seaux &amp; T\u00e9l\u00e9communications<\/em> programme trains technicians over three years capable of implementing, configuring, and maintaining information systems and equipment while ensuring their physical and software security.<\/strong><\/p>\n<p>The first year of this <em>BUT<\/em> is an exploration year covering all areas of Networks &amp; Telecommunications. In the 2nd and 3rd years, students follow the cybersecurity track, deepening their knowledge and skills in this field.<\/p>\n<p><strong>The cybersecurity track develops strategies, techniques, and skills for securing information systems. It specializes students in designing security policies, implementing them, and monitoring them.<\/strong> Developing knowledge and expertise in the fields of computer science and transmission electronics (even if it is possible to enter the track without knowledge in these two areas), this track combines diverse theoretical and practical teachings leading to integration into the community of Neticians.<\/p>\n\n                                            <\/div>\n        <\/div>\n        <div class=\"bloc-img\">\n            <picture>\n                    <source\n                    type=\"image\/webp\"\n                    srcset=\"https:\/\/cyberschool.univ-rennes.fr\/app\/uploads\/2023\/06\/adobestock_282380890-scaled.webp, https:\/\/cyberschool.univ-rennes.fr\/app\/uploads\/2023\/06\/adobestock_282380890-scaled@2x.webp 2x\"\n                    >\n                    <source\n                    type=\"image\/jpeg\"\n                    srcset=\"https:\/\/cyberschool.univ-rennes.fr\/app\/uploads\/2023\/06\/adobestock_282380890-scaled.jpg, https:\/\/cyberschool.univ-rennes.fr\/app\/uploads\/2023\/06\/adobestock_282380890-scaled@2x.jpg 2x\"\n                    >\n                    <img decoding=\"async\" src=\"https:\/\/cyberschool.univ-rennes.fr\/app\/uploads\/2023\/06\/adobestock_282380890-scaled.jpg\" loading=\"lazy\" alt=\"\" \/>\n            <\/picture>\n        <\/div>\n    <\/div>\n<\/section>\n\n\n\n<section class=\"txt\">\n    <div class=\"container\">\n        <div class=\"bloc-txt\">\n                            <h2><span class=\"elipse\"><\/span><span class=\"trait\"><\/span>Acquired skills<\/h2>\n                        <div class=\"flex flex-grow flex-col max-w-full\">\n<div class=\"min-h-[20px] text-message flex flex-col items-start gap-3 whitespace-pre-wrap break-words [.text-message+&amp;]:mt-5 overflow-x-auto\" data-message-author-role=\"assistant\" data-message-id=\"cfcb1934-9c01-474e-83e6-fc8ab4db718b\">\n<div class=\"markdown prose w-full break-words dark:prose-invert light\">\n<ul>\n<li>Acquisition of skills in the following areas:<\/li>\n<li style=\"list-style-type: none;\">\n<ul>\n<li>Local enterprise networks with and without wires (Copper, Optical, WiFi&#8230;);<\/li>\n<li>Telecommunication and Internet networks (operator networks ADSL, Fibre, and Satellite);<\/li>\n<li>Fixed and mobile multimedia access networks (xDSL, GSM, UMTS, LTE, 5G&#8230;);<\/li>\n<li>Enterprise multimedia communication systems: telephony, video over IP&#8230;<\/li>\n<\/ul>\n<\/li>\n<li>Understanding, installing, managing, and marketing fixed or mobile multimedia computer and telecommunications networks (phone, TV, video, data, online games, web&#8230;).<\/li>\n<\/ul>\n<\/div>\n<\/div>\n<\/div>\n\n        <\/div>\n    <\/div>\n<\/section>\n\n\n    <section class=\"txt-image  left\">\n    <div class=\"container\">\n        <div class=\"bloc-txt\">\n            <div class=\"contain-txt\">\n                                    <h2><span class=\"elipse\"><\/span><span class=\"trait\"><\/span>Who can apply ?<\/h2>\n                                <div class=\"flex flex-grow flex-col max-w-full\">\n<div class=\"min-h-[20px] text-message flex flex-col items-start gap-3 whitespace-pre-wrap break-words [.text-message+&amp;]:mt-5 overflow-x-auto\" data-message-author-role=\"assistant\" data-message-id=\"282b7b4e-ae8e-4bd6-b4fc-66234a33004c\">\n<div class=\"markdown prose w-full break-words dark:prose-invert light\">\n<p>If you wish to apply for the <em>BUT R\u00e9seaux &amp; T\u00e9l\u00e9communications<\/em>, you must hold a:<\/p>\n<ul>\n<li><strong>General Baccalaureate<\/strong>. The most suitable specialties are:\n<ul>\n<li>Mathematics<\/li>\n<li>Digital and Computer Science<\/li>\n<li>Physics chemistry<\/li>\n<li>Engineering Science<\/li>\n<\/ul>\n<\/li>\n<li><strong>STI2D Baccalaureate<\/strong><\/li>\n<\/ul>\n<p><strong>The <em>BUT<\/em> is also open to continuing education.<\/strong><\/p>\n<\/div>\n<\/div>\n<\/div>\n\n                                            <\/div>\n        <\/div>\n        <div class=\"bloc-img\">\n            <picture>\n                    <source\n                    type=\"image\/webp\"\n                    srcset=\"https:\/\/cyberschool.univ-rennes.fr\/app\/uploads\/2023\/06\/adobestock_311413288-scaled.webp, https:\/\/cyberschool.univ-rennes.fr\/app\/uploads\/2023\/06\/adobestock_311413288-scaled@2x.webp 2x\"\n                    >\n                    <source\n                    type=\"image\/jpeg\"\n                    srcset=\"https:\/\/cyberschool.univ-rennes.fr\/app\/uploads\/2023\/06\/adobestock_311413288-scaled.jpg, https:\/\/cyberschool.univ-rennes.fr\/app\/uploads\/2023\/06\/adobestock_311413288-scaled@2x.jpg 2x\"\n                    >\n                    <img decoding=\"async\" src=\"https:\/\/cyberschool.univ-rennes.fr\/app\/uploads\/2023\/06\/adobestock_311413288-scaled.jpg\" loading=\"lazy\" alt=\"\" \/>\n            <\/picture>\n        <\/div>\n    <\/div>\n<\/section>\n\n\n\n<section class=\"txt\">\n    <div class=\"container\">\n        <div class=\"bloc-txt\">\n                            <h2><span class=\"elipse\"><\/span><span class=\"trait\"><\/span>Internships &#038; Work-study programme<\/h2>\n                        <div class=\"flex flex-grow flex-col max-w-full\">\n<div class=\"min-h-[20px] text-message flex flex-col items-start gap-3 whitespace-pre-wrap break-words [.text-message+&amp;]:mt-5 overflow-x-auto\" data-message-author-role=\"assistant\" data-message-id=\"1e05017d-2e87-4f09-95da-b5f0bfac7b8f\">\n<div class=\"markdown prose w-full break-words dark:prose-invert light\">\n<p>Students have the choice to pursue their 2nd and 3rd years in traditional training (with internships) or through work-study arrangements:<\/p>\n<ul>\n<li>Students choosing traditional training must complete:\n<ul>\n<li><strong>10 weeks of internship in the 2nd year<\/strong><\/li>\n<li><strong>16 weeks of internship in the 3rd year<\/strong><\/li>\n<\/ul>\n<\/li>\n<\/ul>\n<p>They have the possibility to carry out their internships abroad.<\/p>\n<ul>\n<li><strong>Students choosing work-study programme will alternate between periods of training and periods in the industry.<\/strong><\/li>\n<\/ul>\n<\/div>\n<\/div>\n<\/div>\n\n        <\/div>\n    <\/div>\n<\/section>\n\n\n\n<section class=\"txt\">\n    <div class=\"container\">\n        <div class=\"bloc-txt\">\n                            <h2><span class=\"elipse\"><\/span><span class=\"trait\"><\/span>Study programme<\/h2>\n                        <p>Find out more about the courses taught in this <em>BUT<\/em>:<\/p>\n<div class=\"btn-shortcode\"><a href=\"https:\/\/formations.univ-rennes.fr\/parcours\/reseaux-et-telecommunications-rt\" target=\"_blank\" rel=\"noopener\">Check out the study programme<\/a><\/div>\n\n        <\/div>\n    <\/div>\n<\/section>\n\n\n\n<section class=\"txt\">\n    <div class=\"container\">\n        <div class=\"bloc-txt\">\n                            <h2><span class=\"elipse\"><\/span><span class=\"trait\"><\/span>Employment opportunities<\/h2>\n                        <p>Following the completion of the <em>BUT R\u00e9seaux &amp; T\u00e9l\u00e9communications<\/em>, graduates can choose<strong> to continue their studies in engineering school or pursue a master&#8217;s degree.<\/strong><\/p>\n<p>Here are examples of engineering schools partnering with the CyberSchool:<\/p>\n<ul>\n<li><a href=\"https:\/\/www.enssat.fr\/\" target=\"_blank\" rel=\"noopener\">ENSSAT<\/a> (Lannion)<\/li>\n<li><a href=\"https:\/\/www.insa-rennes.fr\/\" target=\"_blank\" rel=\"noopener\">INSA<\/a> (Rennes)<\/li>\n<li><a href=\"https:\/\/esir.univ-rennes.fr\/\" target=\"_blank\" rel=\"noopener\">ESIR<\/a> (Rennes)<\/li>\n<\/ul>\n<p>Students wishing to pursue a master&#8217;s degree in the field of cybersecurity can specifically apply for the <a href=\"https:\/\/cyberschool.univ-rennes.fr\/en\/education\/cybersecurity-training-programmes\/masters-computer-science-track-chief-information-security-officer\/\">Master\u2019s Computer Science, track Chief information security officer<\/a> at the University of Rennes.<\/p>\n<p>On the other hand, <strong>students can also choose to enter the professional field as specialists in network &amp; telecom professions, experts in cybersecurity.<\/strong> They can particularly join service companies and network equipment manufacturers, telecommunications operators and internet service providers, companies and administrations managing their own information and communication systems, telephone installers, service and engineering companies in information technology&#8230;<\/p>\n\n        <\/div>\n    <\/div>\n<\/section>\n\n\n    <section class=\"txt-image  left\">\n    <div class=\"container\">\n        <div class=\"bloc-txt\">\n            <div class=\"contain-txt\">\n                                    <h2><span class=\"elipse\"><\/span><span class=\"trait\"><\/span>SecNumedu Label<\/h2>\n                                <p><strong>The programme benefits from the <a href=\"https:\/\/cyber.gouv.fr\/se-former-la-cybersecurite\" target=\"_blank\" rel=\"noopener\">SecNumedu Label<\/a> awarded by <a href=\"https:\/\/cyber.gouv.fr\/\" target=\"_blank\" rel=\"noopener\">ANSSI<\/a> for the period 2023-2026.<\/strong> This labelling ensures the relevance of the programme with respect to its objectives.<\/p>\n\n                                            <\/div>\n        <\/div>\n        <div class=\"bloc-img\">\n            <picture>\n                    <source\n                    type=\"image\/webp\"\n                    srcset=\"https:\/\/cyberschool.univ-rennes.fr\/app\/uploads\/2023\/06\/post-rectangle-8-e1688033030104.webp, https:\/\/cyberschool.univ-rennes.fr\/app\/uploads\/2023\/06\/post-rectangle-8-e1688033030104@2x.webp 2x\"\n                    >\n                    <source\n                    type=\"image\/jpeg\"\n                    srcset=\"https:\/\/cyberschool.univ-rennes.fr\/app\/uploads\/2023\/06\/post-rectangle-8-e1688033030104.jpg, https:\/\/cyberschool.univ-rennes.fr\/app\/uploads\/2023\/06\/post-rectangle-8-e1688033030104@2x.jpg 2x\"\n                    >\n                    <img decoding=\"async\" src=\"https:\/\/cyberschool.univ-rennes.fr\/app\/uploads\/2023\/06\/post-rectangle-8-e1688033030104.jpg\" loading=\"lazy\" alt=\"Logo label SecNumedu\" \/>\n            <\/picture>\n        <\/div>\n    <\/div>\n<\/section>\n\n\n<section class=\"double-cta\">\n    <div class=\"container\">\n                    <div class=\"bloc\">\n                <p class=\"title\">Go to the website of the IUT of Lannion<\/p>\n                <a href=\"https:\/\/iut-lannion.univ-rennes.fr\/reseaux-telecommunications\"  class=\"btn\"><span>I would like more information<\/span><\/a>\n            <\/div>\n                    <div class=\"bloc\">\n                <p class=\"title\">Do you wish to apply for the BUT R\u00e9seaux &#038; T\u00e9l\u00e9communications?<\/p>\n                <a href=\"https:\/\/iut-lannion.univ-rennes.fr\/les-candidatures-se-font-en-ligne\"  class=\"btn\"><span>I wish to apply<\/span><\/a>\n            <\/div>\n            <\/div>\n<\/section>\n","protected":false},"excerpt":{"rendered":"","protected":false},"author":8,"featured_media":12101,"parent":17375,"menu_order":0,"comment_status":"closed","ping_status":"closed","template":"","meta":[],"acf":[],"yoast_head":"<!-- This site is optimized with the Yoast SEO plugin v20.13 - https:\/\/yoast.com\/wordpress\/plugins\/seo\/ -->\n<title>BUT R\u00e9seaux &amp; T\u00e9l\u00e9communications (Lannion) - CyberSchool<\/title>\n<meta name=\"robots\" content=\"index, follow, max-snippet:-1, max-image-preview:large, max-video-preview:-1\" \/>\n<link rel=\"canonical\" href=\"https:\/\/cyberschool.univ-rennes.fr\/en\/education\/two-and-three-year-higher-education-programmes\/but-reseaux-telecommunications-lannion\/\" \/>\n<meta property=\"og:locale\" content=\"en_US\" \/>\n<meta property=\"og:type\" content=\"article\" \/>\n<meta property=\"og:title\" content=\"BUT R\u00e9seaux &amp; T\u00e9l\u00e9communications (Lannion) - CyberSchool\" \/>\n<meta property=\"og:url\" content=\"https:\/\/cyberschool.univ-rennes.fr\/en\/education\/two-and-three-year-higher-education-programmes\/but-reseaux-telecommunications-lannion\/\" \/>\n<meta property=\"og:site_name\" content=\"CyberSchool\" \/>\n<meta property=\"article:publisher\" content=\"https:\/\/www.facebook.com\/CSchoolRennes\/\" \/>\n<meta property=\"article:modified_time\" content=\"2026-03-12T13:35:57+00:00\" \/>\n<meta property=\"og:image\" content=\"https:\/\/cyberschool.univ-rennes.fr\/app\/uploads\/2023\/06\/adobestock_282380890-scaled.jpeg\" \/>\n\t<meta property=\"og:image:width\" content=\"2560\" \/>\n\t<meta property=\"og:image:height\" content=\"1707\" \/>\n\t<meta property=\"og:image:type\" content=\"image\/jpeg\" \/>\n<meta name=\"twitter:card\" content=\"summary_large_image\" \/>\n<meta name=\"twitter:site\" content=\"@CSchoolRennes\" \/>\n<script type=\"application\/ld+json\" class=\"yoast-schema-graph\">{\"@context\":\"https:\/\/schema.org\",\"@graph\":[{\"@type\":\"WebPage\",\"@id\":\"https:\/\/cyberschool.univ-rennes.fr\/en\/education\/two-and-three-year-higher-education-programmes\/but-reseaux-telecommunications-lannion\/\",\"url\":\"https:\/\/cyberschool.univ-rennes.fr\/en\/education\/two-and-three-year-higher-education-programmes\/but-reseaux-telecommunications-lannion\/\",\"name\":\"BUT R\u00e9seaux &amp; T\u00e9l\u00e9communications (Lannion) - CyberSchool\",\"isPartOf\":{\"@id\":\"https:\/\/cyberschool.univ-rennes.fr\/en\/#website\"},\"datePublished\":\"2024-01-25T16:28:09+00:00\",\"dateModified\":\"2026-03-12T13:35:57+00:00\",\"breadcrumb\":{\"@id\":\"https:\/\/cyberschool.univ-rennes.fr\/en\/education\/two-and-three-year-higher-education-programmes\/but-reseaux-telecommunications-lannion\/#breadcrumb\"},\"inLanguage\":\"en-US\",\"potentialAction\":[{\"@type\":\"ReadAction\",\"target\":[\"https:\/\/cyberschool.univ-rennes.fr\/en\/education\/two-and-three-year-higher-education-programmes\/but-reseaux-telecommunications-lannion\/\"]}]},{\"@type\":\"BreadcrumbList\",\"@id\":\"https:\/\/cyberschool.univ-rennes.fr\/en\/education\/two-and-three-year-higher-education-programmes\/but-reseaux-telecommunications-lannion\/#breadcrumb\",\"itemListElement\":[{\"@type\":\"ListItem\",\"position\":1,\"name\":\"Home\",\"item\":\"https:\/\/cyberschool.univ-rennes.fr\/en\/\"},{\"@type\":\"ListItem\",\"position\":2,\"name\":\"Education\",\"item\":\"https:\/\/cyberschool.univ-rennes.fr\/en\/education\/\"},{\"@type\":\"ListItem\",\"position\":3,\"name\":\"Two- and three-year higher education programmes\",\"item\":\"https:\/\/cyberschool.univ-rennes.fr\/en\/education\/two-and-three-year-higher-education-programmes\/\"},{\"@type\":\"ListItem\",\"position\":4,\"name\":\"BUT R\u00e9seaux &amp; T\u00e9l\u00e9communications (Lannion)\"}]},{\"@type\":\"WebSite\",\"@id\":\"https:\/\/cyberschool.univ-rennes.fr\/en\/#website\",\"url\":\"https:\/\/cyberschool.univ-rennes.fr\/en\/\",\"name\":\"CyberSchool\",\"description\":\"Just another WordPress site\",\"potentialAction\":[{\"@type\":\"SearchAction\",\"target\":{\"@type\":\"EntryPoint\",\"urlTemplate\":\"https:\/\/cyberschool.univ-rennes.fr\/en\/?s={search_term_string}\"},\"query-input\":\"required name=search_term_string\"}],\"inLanguage\":\"en-US\"}]}<\/script>\n<!-- \/ Yoast SEO plugin. -->","yoast_head_json":{"title":"BUT R\u00e9seaux &amp; T\u00e9l\u00e9communications (Lannion) - CyberSchool","robots":{"index":"index","follow":"follow","max-snippet":"max-snippet:-1","max-image-preview":"max-image-preview:large","max-video-preview":"max-video-preview:-1"},"canonical":"https:\/\/cyberschool.univ-rennes.fr\/en\/education\/two-and-three-year-higher-education-programmes\/but-reseaux-telecommunications-lannion\/","og_locale":"en_US","og_type":"article","og_title":"BUT R\u00e9seaux &amp; T\u00e9l\u00e9communications (Lannion) - CyberSchool","og_url":"https:\/\/cyberschool.univ-rennes.fr\/en\/education\/two-and-three-year-higher-education-programmes\/but-reseaux-telecommunications-lannion\/","og_site_name":"CyberSchool","article_publisher":"https:\/\/www.facebook.com\/CSchoolRennes\/","article_modified_time":"2026-03-12T13:35:57+00:00","og_image":[{"width":2560,"height":1707,"url":"https:\/\/cyberschool.univ-rennes.fr\/app\/uploads\/2023\/06\/adobestock_282380890-scaled.jpeg","type":"image\/jpeg"}],"twitter_card":"summary_large_image","twitter_site":"@CSchoolRennes","schema":{"@context":"https:\/\/schema.org","@graph":[{"@type":"WebPage","@id":"https:\/\/cyberschool.univ-rennes.fr\/en\/education\/two-and-three-year-higher-education-programmes\/but-reseaux-telecommunications-lannion\/","url":"https:\/\/cyberschool.univ-rennes.fr\/en\/education\/two-and-three-year-higher-education-programmes\/but-reseaux-telecommunications-lannion\/","name":"BUT R\u00e9seaux &amp; T\u00e9l\u00e9communications (Lannion) - CyberSchool","isPartOf":{"@id":"https:\/\/cyberschool.univ-rennes.fr\/en\/#website"},"datePublished":"2024-01-25T16:28:09+00:00","dateModified":"2026-03-12T13:35:57+00:00","breadcrumb":{"@id":"https:\/\/cyberschool.univ-rennes.fr\/en\/education\/two-and-three-year-higher-education-programmes\/but-reseaux-telecommunications-lannion\/#breadcrumb"},"inLanguage":"en-US","potentialAction":[{"@type":"ReadAction","target":["https:\/\/cyberschool.univ-rennes.fr\/en\/education\/two-and-three-year-higher-education-programmes\/but-reseaux-telecommunications-lannion\/"]}]},{"@type":"BreadcrumbList","@id":"https:\/\/cyberschool.univ-rennes.fr\/en\/education\/two-and-three-year-higher-education-programmes\/but-reseaux-telecommunications-lannion\/#breadcrumb","itemListElement":[{"@type":"ListItem","position":1,"name":"Home","item":"https:\/\/cyberschool.univ-rennes.fr\/en\/"},{"@type":"ListItem","position":2,"name":"Education","item":"https:\/\/cyberschool.univ-rennes.fr\/en\/education\/"},{"@type":"ListItem","position":3,"name":"Two- and three-year higher education programmes","item":"https:\/\/cyberschool.univ-rennes.fr\/en\/education\/two-and-three-year-higher-education-programmes\/"},{"@type":"ListItem","position":4,"name":"BUT R\u00e9seaux &amp; T\u00e9l\u00e9communications (Lannion)"}]},{"@type":"WebSite","@id":"https:\/\/cyberschool.univ-rennes.fr\/en\/#website","url":"https:\/\/cyberschool.univ-rennes.fr\/en\/","name":"CyberSchool","description":"Just another WordPress site","potentialAction":[{"@type":"SearchAction","target":{"@type":"EntryPoint","urlTemplate":"https:\/\/cyberschool.univ-rennes.fr\/en\/?s={search_term_string}"},"query-input":"required name=search_term_string"}],"inLanguage":"en-US"}]}},"_links":{"self":[{"href":"https:\/\/cyberschool.univ-rennes.fr\/en\/wp-json\/wp\/v2\/pages\/14216"}],"collection":[{"href":"https:\/\/cyberschool.univ-rennes.fr\/en\/wp-json\/wp\/v2\/pages"}],"about":[{"href":"https:\/\/cyberschool.univ-rennes.fr\/en\/wp-json\/wp\/v2\/types\/page"}],"author":[{"embeddable":true,"href":"https:\/\/cyberschool.univ-rennes.fr\/en\/wp-json\/wp\/v2\/users\/8"}],"replies":[{"embeddable":true,"href":"https:\/\/cyberschool.univ-rennes.fr\/en\/wp-json\/wp\/v2\/comments?post=14216"}],"version-history":[{"count":14,"href":"https:\/\/cyberschool.univ-rennes.fr\/en\/wp-json\/wp\/v2\/pages\/14216\/revisions"}],"predecessor-version":[{"id":18490,"href":"https:\/\/cyberschool.univ-rennes.fr\/en\/wp-json\/wp\/v2\/pages\/14216\/revisions\/18490"}],"up":[{"embeddable":true,"href":"https:\/\/cyberschool.univ-rennes.fr\/en\/wp-json\/wp\/v2\/pages\/17375"}],"wp:featuredmedia":[{"embeddable":true,"href":"https:\/\/cyberschool.univ-rennes.fr\/en\/wp-json\/wp\/v2\/media\/12101"}],"wp:attachment":[{"href":"https:\/\/cyberschool.univ-rennes.fr\/en\/wp-json\/wp\/v2\/media?parent=14216"}],"curies":[{"name":"wp","href":"https:\/\/api.w.org\/{rel}","templated":true}]}}