{"id":14460,"date":"2024-03-28T11:57:01","date_gmt":"2024-03-28T10:57:01","guid":{"rendered":"https:\/\/cyberschool.univ-rennes.fr\/?page_id=14460"},"modified":"2026-03-12T14:35:58","modified_gmt":"2026-03-12T13:35:58","slug":"but-reseaux-telecommunications-saint-malo","status":"publish","type":"page","link":"https:\/\/cyberschool.univ-rennes.fr\/en\/education\/two-and-three-year-higher-education-programmes\/but-reseaux-telecommunications-saint-malo\/","title":{"rendered":"BUT R\u00e9seaux &amp; T\u00e9l\u00e9communications (Saint-Malo)"},"content":{"rendered":"<section class=\"text-intro\">\n    <div class=\"container\">\n        <p style=\"text-align: center;\"><strong>The <em>BUT R\u00e9seaux &amp; T\u00e9l\u00e9communications<\/em> is run by the <a href=\"https:\/\/iut-stmalo.univ-rennes.fr\/\" target=\"_blank\" rel=\"noopener\">IUT of Saint-Malo<\/a> (<a href=\"https:\/\/www.univ-rennes1.fr\/\" target=\"_blank\" rel=\"noopener\">University of Rennes<\/a>).<\/strong><\/p>\n<p style=\"text-align: center;\"><img decoding=\"async\" loading=\"lazy\" class=\" wp-image-14550 aligncenter\" src=\"https:\/\/cyberschool.univ-rennes.fr\/app\/uploads\/2024\/04\/logo-iutstmalounivrennes-04-300x68.png\" alt=\"Logos de l'IUT de Saint-Malo et de l'Universit\u00e9 de Rennes\" width=\"485\" height=\"110\" srcset=\"https:\/\/cyberschool.univ-rennes.fr\/app\/uploads\/2024\/04\/logo-iutstmalounivrennes-04-300x68.png 300w, https:\/\/cyberschool.univ-rennes.fr\/app\/uploads\/2024\/04\/logo-iutstmalounivrennes-04-768x174.png 768w, https:\/\/cyberschool.univ-rennes.fr\/app\/uploads\/2024\/04\/logo-iutstmalounivrennes-04.png 834w\" sizes=\"(max-width: 485px) 100vw, 485px\" \/><strong>&gt; Duration:<\/strong> 3 years, full-time or work-study<br \/>\n&gt; <strong>Cybersecurity courses:<\/strong> starting from the 2nd year<strong><br \/>\n&gt; <\/strong><strong>Head of Department:<\/strong> Marie-Bernadette Piel<strong><br \/>\n&gt; Place<\/strong>: Saint-Malo<\/p>\n\n    <\/div>\n<\/section>\n\n\n    <section class=\"txt-image  right\">\n    <div class=\"container\">\n        <div class=\"bloc-txt\">\n            <div class=\"contain-txt\">\n                                    <h2><span class=\"elipse\"><\/span><span class=\"trait\"><\/span>Presentation<\/h2>\n                                <p><strong>The <em>BUT R\u00e9seaux &amp; T\u00e9l\u00e9communications<\/em> trains<\/strong> <strong>specialists in the installation, administration, supervision, and security of computer networks and telecommunications networks.<\/strong><\/p>\n<p>From the second year onwards, students have the choice between several tracks, including:<\/p>\n<ul>\n<li>the <strong>cybersecurity track<\/strong>, which teaches the design and implementation of cybersecurity policies in businesses.<\/li>\n<li>the <strong>System and Cloud Development track<\/strong>, which teaches the deployment, administration, and securing of applications and services in a cloud environment.<\/li>\n<\/ul>\n<p>The teaching is delivered by lecturers, researchers, and numerous professionals from the industry.<\/p>\n\n                                            <\/div>\n        <\/div>\n        <div class=\"bloc-img\">\n            <picture>\n                    <source\n                    type=\"image\/webp\"\n                    srcset=\"https:\/\/cyberschool.univ-rennes.fr\/app\/uploads\/2023\/06\/adobestock_365849047-scaled.webp, https:\/\/cyberschool.univ-rennes.fr\/app\/uploads\/2023\/06\/adobestock_365849047-scaled@2x.webp 2x\"\n                    >\n                    <source\n                    type=\"image\/jpeg\"\n                    srcset=\"https:\/\/cyberschool.univ-rennes.fr\/app\/uploads\/2023\/06\/adobestock_365849047-scaled.jpg, https:\/\/cyberschool.univ-rennes.fr\/app\/uploads\/2023\/06\/adobestock_365849047-scaled@2x.jpg 2x\"\n                    >\n                    <img decoding=\"async\" src=\"https:\/\/cyberschool.univ-rennes.fr\/app\/uploads\/2023\/06\/adobestock_365849047-scaled.jpg\" loading=\"lazy\" alt=\"\" \/>\n            <\/picture>\n        <\/div>\n    <\/div>\n<\/section>\n\n\n    <section class=\"txt-image bg-grey left\">\n    <div class=\"container\">\n        <div class=\"bloc-txt\">\n            <div class=\"contain-txt\">\n                                    <h2><span class=\"elipse\"><\/span><span class=\"trait\"><\/span>Who can apply ?<\/h2>\n                                <div class=\"flex flex-grow flex-col max-w-full\">\n<div class=\"min-h-[20px] text-message flex flex-col items-start gap-3 whitespace-pre-wrap break-words [.text-message+&amp;]:mt-5 overflow-x-auto\" data-message-author-role=\"assistant\" data-message-id=\"282b7b4e-ae8e-4bd6-b4fc-66234a33004c\">\n<div class=\"markdown prose w-full break-words dark:prose-invert light\">\n<p>If you wish to apply for the <em>BUT R\u00e9seaux &amp; T\u00e9l\u00e9communications<\/em>, you must hold a:<\/p>\n<ul>\n<li><strong>General Baccalaureate.<\/strong> The most suitable specialties are:\n<ul>\n<li>Mathematics<\/li>\n<li>Digital and Computer Science<\/li>\n<li>Physics chemistry<\/li>\n<li>Engineering Science<\/li>\n<\/ul>\n<\/li>\n<li><strong>STI2D Baccalaureate<\/strong><\/li>\n<li><strong>CIEL Baccalaureate<\/strong><\/li>\n<\/ul>\n<p>The <em>BUT<\/em> is also open to <strong>students in their first year of higher education<\/strong> (bachelor, preparatory classes, first year of engineering school) wishing to reorient themselves, as well as to <strong>students in continuing education<\/strong>.<\/p>\n<\/div>\n<\/div>\n<\/div>\n\n                                            <\/div>\n        <\/div>\n        <div class=\"bloc-img\">\n            <picture>\n                    <source\n                    type=\"image\/webp\"\n                    srcset=\"https:\/\/cyberschool.univ-rennes.fr\/app\/uploads\/2023\/06\/22computer-1185626_1280.webp, https:\/\/cyberschool.univ-rennes.fr\/app\/uploads\/2023\/06\/22computer-1185626_1280@2x.webp 2x\"\n                    >\n                    <source\n                    type=\"image\/jpeg\"\n                    srcset=\"https:\/\/cyberschool.univ-rennes.fr\/app\/uploads\/2023\/06\/22computer-1185626_1280.jpg, https:\/\/cyberschool.univ-rennes.fr\/app\/uploads\/2023\/06\/22computer-1185626_1280@2x.jpg 2x\"\n                    >\n                    <img decoding=\"async\" src=\"https:\/\/cyberschool.univ-rennes.fr\/app\/uploads\/2023\/06\/22computer-1185626_1280.jpg\" loading=\"lazy\" alt=\"\" \/>\n            <\/picture>\n        <\/div>\n    <\/div>\n<\/section>\n\n\n\n<section class=\"txt\">\n    <div class=\"container\">\n        <div class=\"bloc-txt\">\n                            <h2><span class=\"elipse\"><\/span><span class=\"trait\"><\/span>Internships &#038; Work-study programme<\/h2>\n                        <div class=\"flex flex-grow flex-col max-w-full\">\n<div class=\"min-h-[20px] text-message flex flex-col items-start gap-3 whitespace-pre-wrap break-words [.text-message+&amp;]:mt-5 overflow-x-auto\" data-message-author-role=\"assistant\" data-message-id=\"15c3e9e1-bd71-4dad-aaac-626b5f4b865b\">\n<div class=\"markdown prose w-full break-words dark:prose-invert light\">\n<div class=\"flex flex-grow flex-col max-w-full\">\n<div class=\"min-h-[20px] text-message flex flex-col items-start gap-3 whitespace-pre-wrap break-words [.text-message+&amp;]:mt-5 overflow-x-auto\" data-message-author-role=\"assistant\" data-message-id=\"6c3e8525-4408-4294-b359-d8592d54bb71\">\n<div class=\"markdown prose w-full break-words dark:prose-invert light\">\n<p>The training programme combines theoretical teachings with practical application through:<\/p>\n<ul>\n<li><strong>Internships in companies or public institutions (in France or abroad)<\/strong> lasting:\n<ul>\n<li>4 weeks in the first year (optional)<\/li>\n<li>8 to 12 weeks in the second year<\/li>\n<\/ul>\n<\/li>\n<li><strong>A work-study programme<\/strong> available from the first year, alternating between periods of study at the IUT of Saint-Malo and periods of professional activities in a company.<br \/>\nStudents in the traditional programme have the option to switch to the work-study programme in the second year.<br \/>\n<strong>The third year of the BUT programme is systematically conducted through work-study.<\/strong><\/li>\n<\/ul>\n<\/div>\n<\/div>\n<\/div>\n<\/div>\n<\/div>\n<\/div>\n\n        <\/div>\n    <\/div>\n<\/section>\n\n\n\n<section class=\"txt\">\n    <div class=\"container\">\n        <div class=\"bloc-txt\">\n                            <h2><span class=\"elipse\"><\/span><span class=\"trait\"><\/span>Study programme<\/h2>\n                        <p>Find out more about the courses taught in this <em>BUT<\/em>:<\/p>\n<div class=\"btn-shortcode\"><a href=\"https:\/\/iut-stmalo.univ-rennes.fr\/reseaux-telecommunications#p-64\" target=\"_blank\" rel=\"noopener\">Check out the study programme<\/a><\/div>\n\n        <\/div>\n    <\/div>\n<\/section>\n\n\n\n<section class=\"txt\">\n    <div class=\"container\">\n        <div class=\"bloc-txt\">\n                            <h2><span class=\"elipse\"><\/span><span class=\"trait\"><\/span>Employment opportunities<\/h2>\n                        <p>Following the completion of the <em>BUT R\u00e9seaux &amp; T\u00e9l\u00e9communications<\/em>, <strong>graduates can choose to continue their studies in engineering school or pursue a master\u2019s degree.<\/strong><\/p>\n<p>Here are examples of engineering schools:<\/p>\n<ul>\n<li><a href=\"https:\/\/www.insa-rennes.fr\/\" target=\"_blank\" rel=\"noopener\">INSA<\/a> (Rennes)<\/li>\n<li><a href=\"https:\/\/www.enssat.fr\/\" target=\"_blank\" rel=\"noopener\">ENSSAT<\/a> (Lannion)<\/li>\n<li><a href=\"https:\/\/esir.univ-rennes.fr\/\" target=\"_blank\" rel=\"noopener\">ESIR<\/a> (Rennes)<\/li>\n<li><a href=\"https:\/\/www.imt-atlantique.fr\/fr\" target=\"_blank\" rel=\"noopener\">IMT Atlantique<\/a> (Brest, Rennes)<\/li>\n<\/ul>\n<p>Students wishing to pursue a master\u2019s degree in the field of cybersecurity can specifically apply for the <a href=\"https:\/\/cyberschool.univ-rennes.fr\/en\/education\/cybersecurity-training-programmes\/masters-computer-science-track-chief-information-security-officer\/\">Master\u2019s Computer Science, track Chief information security officer<\/a> at the University of Rennes.<\/p>\n<p>On the other hand,<strong> students can also choose to enter the professional field as specialists in network &amp; telecom professions, experts in cybersecurity.<\/strong> They can particularly join service companies and network equipment manufacturers, telecommunications operators and internet service providers, companies and administrations managing their own information and communication systems, telephone installers, service and engineering companies in information technology\u2026<\/p>\n\n        <\/div>\n    <\/div>\n<\/section>\n\n\n    <section class=\"txt-image  left\">\n    <div class=\"container\">\n        <div class=\"bloc-txt\">\n            <div class=\"contain-txt\">\n                                    <h2><span class=\"elipse\"><\/span><span class=\"trait\"><\/span>SecNumedu Label<\/h2>\n                                <p><strong>The programme benefits from the <a href=\"https:\/\/cyber.gouv.fr\/se-former-la-cybersecurite\" target=\"_blank\" rel=\"noopener\">SecNumedu Label<\/a> awarded by <a href=\"https:\/\/cyber.gouv.fr\/\" target=\"_blank\" rel=\"noopener\">ANSSI<\/a>.<\/strong> This certification, granted to both the Cybersecurity track and the System and Cloud Development track, ensures the relevance of the training in relation to its objectives.<\/p>\n\n                                            <\/div>\n        <\/div>\n        <div class=\"bloc-img\">\n            <picture>\n                    <source\n                    type=\"image\/webp\"\n                    srcset=\"https:\/\/cyberschool.univ-rennes.fr\/app\/uploads\/2023\/06\/post-rectangle-8-e1688033030104.webp, https:\/\/cyberschool.univ-rennes.fr\/app\/uploads\/2023\/06\/post-rectangle-8-e1688033030104@2x.webp 2x\"\n                    >\n                    <source\n                    type=\"image\/jpeg\"\n                    srcset=\"https:\/\/cyberschool.univ-rennes.fr\/app\/uploads\/2023\/06\/post-rectangle-8-e1688033030104.jpg, https:\/\/cyberschool.univ-rennes.fr\/app\/uploads\/2023\/06\/post-rectangle-8-e1688033030104@2x.jpg 2x\"\n                    >\n                    <img decoding=\"async\" src=\"https:\/\/cyberschool.univ-rennes.fr\/app\/uploads\/2023\/06\/post-rectangle-8-e1688033030104.jpg\" loading=\"lazy\" alt=\"Logo label SecNumedu\" \/>\n            <\/picture>\n        <\/div>\n    <\/div>\n<\/section>\n\n\n<section class=\"double-cta\">\n    <div class=\"container\">\n                    <div class=\"bloc\">\n                <p class=\"title\">Go to the website of the IUT of Saint-Malo<\/p>\n                <a href=\"https:\/\/iut-stmalo.univ-rennes.fr\/reseaux-telecommunications\"  class=\"btn\"><span>I would like more information<\/span><\/a>\n            <\/div>\n                    <div class=\"bloc\">\n                <p class=\"title\">Do you wish to apply for the BUT R\u00e9seaux &#038; T\u00e9l\u00e9communications?<\/p>\n                <a href=\"https:\/\/iut-lannion.univ-rennes.fr\/les-candidatures-se-font-en-ligne\"  class=\"btn\"><span>I wish to apply<\/span><\/a>\n            <\/div>\n            <\/div>\n<\/section>\n","protected":false},"excerpt":{"rendered":"","protected":false},"author":8,"featured_media":12088,"parent":17375,"menu_order":0,"comment_status":"closed","ping_status":"closed","template":"","meta":[],"acf":[],"yoast_head":"<!-- This site is optimized with the Yoast SEO plugin v20.13 - https:\/\/yoast.com\/wordpress\/plugins\/seo\/ -->\n<title>BUT R\u00e9seaux &amp; T\u00e9l\u00e9communications (Saint-Malo) - CyberSchool<\/title>\n<meta name=\"robots\" content=\"index, follow, max-snippet:-1, max-image-preview:large, max-video-preview:-1\" \/>\n<link rel=\"canonical\" href=\"https:\/\/cyberschool.univ-rennes.fr\/en\/education\/two-and-three-year-higher-education-programmes\/but-reseaux-telecommunications-saint-malo\/\" \/>\n<meta property=\"og:locale\" content=\"en_US\" \/>\n<meta property=\"og:type\" content=\"article\" \/>\n<meta property=\"og:title\" content=\"BUT R\u00e9seaux &amp; T\u00e9l\u00e9communications (Saint-Malo) - CyberSchool\" \/>\n<meta property=\"og:url\" content=\"https:\/\/cyberschool.univ-rennes.fr\/en\/education\/two-and-three-year-higher-education-programmes\/but-reseaux-telecommunications-saint-malo\/\" \/>\n<meta property=\"og:site_name\" content=\"CyberSchool\" \/>\n<meta property=\"article:publisher\" content=\"https:\/\/www.facebook.com\/CSchoolRennes\/\" \/>\n<meta property=\"article:modified_time\" content=\"2026-03-12T13:35:58+00:00\" \/>\n<meta property=\"og:image\" content=\"https:\/\/cyberschool.univ-rennes.fr\/app\/uploads\/2023\/06\/adobestock_365849047-scaled.jpeg\" \/>\n\t<meta property=\"og:image:width\" content=\"2560\" \/>\n\t<meta property=\"og:image:height\" content=\"1545\" \/>\n\t<meta property=\"og:image:type\" content=\"image\/jpeg\" \/>\n<meta name=\"twitter:card\" content=\"summary_large_image\" \/>\n<meta name=\"twitter:site\" content=\"@CSchoolRennes\" \/>\n<script type=\"application\/ld+json\" class=\"yoast-schema-graph\">{\"@context\":\"https:\/\/schema.org\",\"@graph\":[{\"@type\":\"WebPage\",\"@id\":\"https:\/\/cyberschool.univ-rennes.fr\/en\/education\/two-and-three-year-higher-education-programmes\/but-reseaux-telecommunications-saint-malo\/\",\"url\":\"https:\/\/cyberschool.univ-rennes.fr\/en\/education\/two-and-three-year-higher-education-programmes\/but-reseaux-telecommunications-saint-malo\/\",\"name\":\"BUT R\u00e9seaux &amp; T\u00e9l\u00e9communications (Saint-Malo) - CyberSchool\",\"isPartOf\":{\"@id\":\"https:\/\/cyberschool.univ-rennes.fr\/en\/#website\"},\"datePublished\":\"2024-03-28T10:57:01+00:00\",\"dateModified\":\"2026-03-12T13:35:58+00:00\",\"breadcrumb\":{\"@id\":\"https:\/\/cyberschool.univ-rennes.fr\/en\/education\/two-and-three-year-higher-education-programmes\/but-reseaux-telecommunications-saint-malo\/#breadcrumb\"},\"inLanguage\":\"en-US\",\"potentialAction\":[{\"@type\":\"ReadAction\",\"target\":[\"https:\/\/cyberschool.univ-rennes.fr\/en\/education\/two-and-three-year-higher-education-programmes\/but-reseaux-telecommunications-saint-malo\/\"]}]},{\"@type\":\"BreadcrumbList\",\"@id\":\"https:\/\/cyberschool.univ-rennes.fr\/en\/education\/two-and-three-year-higher-education-programmes\/but-reseaux-telecommunications-saint-malo\/#breadcrumb\",\"itemListElement\":[{\"@type\":\"ListItem\",\"position\":1,\"name\":\"Home\",\"item\":\"https:\/\/cyberschool.univ-rennes.fr\/en\/\"},{\"@type\":\"ListItem\",\"position\":2,\"name\":\"Education\",\"item\":\"https:\/\/cyberschool.univ-rennes.fr\/en\/education\/\"},{\"@type\":\"ListItem\",\"position\":3,\"name\":\"Two- and three-year higher education programmes\",\"item\":\"https:\/\/cyberschool.univ-rennes.fr\/en\/education\/two-and-three-year-higher-education-programmes\/\"},{\"@type\":\"ListItem\",\"position\":4,\"name\":\"BUT R\u00e9seaux &amp; T\u00e9l\u00e9communications (Saint-Malo)\"}]},{\"@type\":\"WebSite\",\"@id\":\"https:\/\/cyberschool.univ-rennes.fr\/en\/#website\",\"url\":\"https:\/\/cyberschool.univ-rennes.fr\/en\/\",\"name\":\"CyberSchool\",\"description\":\"Just another WordPress site\",\"potentialAction\":[{\"@type\":\"SearchAction\",\"target\":{\"@type\":\"EntryPoint\",\"urlTemplate\":\"https:\/\/cyberschool.univ-rennes.fr\/en\/?s={search_term_string}\"},\"query-input\":\"required name=search_term_string\"}],\"inLanguage\":\"en-US\"}]}<\/script>\n<!-- \/ Yoast SEO plugin. -->","yoast_head_json":{"title":"BUT R\u00e9seaux &amp; T\u00e9l\u00e9communications (Saint-Malo) - CyberSchool","robots":{"index":"index","follow":"follow","max-snippet":"max-snippet:-1","max-image-preview":"max-image-preview:large","max-video-preview":"max-video-preview:-1"},"canonical":"https:\/\/cyberschool.univ-rennes.fr\/en\/education\/two-and-three-year-higher-education-programmes\/but-reseaux-telecommunications-saint-malo\/","og_locale":"en_US","og_type":"article","og_title":"BUT R\u00e9seaux &amp; T\u00e9l\u00e9communications (Saint-Malo) - CyberSchool","og_url":"https:\/\/cyberschool.univ-rennes.fr\/en\/education\/two-and-three-year-higher-education-programmes\/but-reseaux-telecommunications-saint-malo\/","og_site_name":"CyberSchool","article_publisher":"https:\/\/www.facebook.com\/CSchoolRennes\/","article_modified_time":"2026-03-12T13:35:58+00:00","og_image":[{"width":2560,"height":1545,"url":"https:\/\/cyberschool.univ-rennes.fr\/app\/uploads\/2023\/06\/adobestock_365849047-scaled.jpeg","type":"image\/jpeg"}],"twitter_card":"summary_large_image","twitter_site":"@CSchoolRennes","schema":{"@context":"https:\/\/schema.org","@graph":[{"@type":"WebPage","@id":"https:\/\/cyberschool.univ-rennes.fr\/en\/education\/two-and-three-year-higher-education-programmes\/but-reseaux-telecommunications-saint-malo\/","url":"https:\/\/cyberschool.univ-rennes.fr\/en\/education\/two-and-three-year-higher-education-programmes\/but-reseaux-telecommunications-saint-malo\/","name":"BUT R\u00e9seaux &amp; T\u00e9l\u00e9communications (Saint-Malo) - CyberSchool","isPartOf":{"@id":"https:\/\/cyberschool.univ-rennes.fr\/en\/#website"},"datePublished":"2024-03-28T10:57:01+00:00","dateModified":"2026-03-12T13:35:58+00:00","breadcrumb":{"@id":"https:\/\/cyberschool.univ-rennes.fr\/en\/education\/two-and-three-year-higher-education-programmes\/but-reseaux-telecommunications-saint-malo\/#breadcrumb"},"inLanguage":"en-US","potentialAction":[{"@type":"ReadAction","target":["https:\/\/cyberschool.univ-rennes.fr\/en\/education\/two-and-three-year-higher-education-programmes\/but-reseaux-telecommunications-saint-malo\/"]}]},{"@type":"BreadcrumbList","@id":"https:\/\/cyberschool.univ-rennes.fr\/en\/education\/two-and-three-year-higher-education-programmes\/but-reseaux-telecommunications-saint-malo\/#breadcrumb","itemListElement":[{"@type":"ListItem","position":1,"name":"Home","item":"https:\/\/cyberschool.univ-rennes.fr\/en\/"},{"@type":"ListItem","position":2,"name":"Education","item":"https:\/\/cyberschool.univ-rennes.fr\/en\/education\/"},{"@type":"ListItem","position":3,"name":"Two- and three-year higher education programmes","item":"https:\/\/cyberschool.univ-rennes.fr\/en\/education\/two-and-three-year-higher-education-programmes\/"},{"@type":"ListItem","position":4,"name":"BUT R\u00e9seaux &amp; T\u00e9l\u00e9communications (Saint-Malo)"}]},{"@type":"WebSite","@id":"https:\/\/cyberschool.univ-rennes.fr\/en\/#website","url":"https:\/\/cyberschool.univ-rennes.fr\/en\/","name":"CyberSchool","description":"Just another WordPress site","potentialAction":[{"@type":"SearchAction","target":{"@type":"EntryPoint","urlTemplate":"https:\/\/cyberschool.univ-rennes.fr\/en\/?s={search_term_string}"},"query-input":"required name=search_term_string"}],"inLanguage":"en-US"}]}},"_links":{"self":[{"href":"https:\/\/cyberschool.univ-rennes.fr\/en\/wp-json\/wp\/v2\/pages\/14460"}],"collection":[{"href":"https:\/\/cyberschool.univ-rennes.fr\/en\/wp-json\/wp\/v2\/pages"}],"about":[{"href":"https:\/\/cyberschool.univ-rennes.fr\/en\/wp-json\/wp\/v2\/types\/page"}],"author":[{"embeddable":true,"href":"https:\/\/cyberschool.univ-rennes.fr\/en\/wp-json\/wp\/v2\/users\/8"}],"replies":[{"embeddable":true,"href":"https:\/\/cyberschool.univ-rennes.fr\/en\/wp-json\/wp\/v2\/comments?post=14460"}],"version-history":[{"count":10,"href":"https:\/\/cyberschool.univ-rennes.fr\/en\/wp-json\/wp\/v2\/pages\/14460\/revisions"}],"predecessor-version":[{"id":18491,"href":"https:\/\/cyberschool.univ-rennes.fr\/en\/wp-json\/wp\/v2\/pages\/14460\/revisions\/18491"}],"up":[{"embeddable":true,"href":"https:\/\/cyberschool.univ-rennes.fr\/en\/wp-json\/wp\/v2\/pages\/17375"}],"wp:featuredmedia":[{"embeddable":true,"href":"https:\/\/cyberschool.univ-rennes.fr\/en\/wp-json\/wp\/v2\/media\/12088"}],"wp:attachment":[{"href":"https:\/\/cyberschool.univ-rennes.fr\/en\/wp-json\/wp\/v2\/media?parent=14460"}],"curies":[{"name":"wp","href":"https:\/\/api.w.org\/{rel}","templated":true}]}}