{"id":14704,"date":"2024-04-15T15:26:24","date_gmt":"2024-04-15T14:26:24","guid":{"rendered":"https:\/\/cyberschool.univ-rennes.fr\/?page_id=14704"},"modified":"2026-03-12T14:25:29","modified_gmt":"2026-03-12T13:25:29","slug":"diplome-dingenieur-mention-cybersecurite","status":"publish","type":"page","link":"https:\/\/cyberschool.univ-rennes.fr\/en\/education\/masters-and-postgraduate-programmes\/diplome-dingenieur-mention-cybersecurite\/","title":{"rendered":"Dipl\u00f4me d\u2019ing\u00e9nieur mention cybers\u00e9curit\u00e9"},"content":{"rendered":"<section class=\"text-intro\">\n    <div class=\"container\">\n        <p style=\"text-align: center;\"><strong>The <em>Dipl\u00f4me d\u2019ing\u00e9nieur mention cybers\u00e9curit\u00e9<\/em> is run by <a href=\"http:\/\/www.rennes.centralesupelec.fr\/\" target=\"_blank\" rel=\"noopener\">CentraleSup\u00e9lec<\/a>.<\/strong><\/p>\n<p><img decoding=\"async\" loading=\"lazy\" class=\" wp-image-10762 aligncenter\" src=\"https:\/\/cyberschool.univ-rennes.fr\/app\/uploads\/2023\/05\/1200px-logo_centralesupelec.svg-300x156.png\" alt=\"Logo de CentraleSup\u00e9lec\" width=\"165\" height=\"86\" \/><\/p>\n<blockquote>\n<p style=\"text-align: center;\"><strong>&gt; Duration:<\/strong> 3 years, full-time or work-study<br \/>\n<strong>&gt; Cybersecurity courses:<\/strong> In 3rd year<br \/>\n&gt; <strong>Head of IT Department:<\/strong> Jean-Fran\u00e7ois Lalande<br \/>\n<strong>&gt; Place:<\/strong> Rennes<\/p>\n<\/blockquote>\n\n    <\/div>\n<\/section>\n\n\n    <section class=\"txt-image  right\">\n    <div class=\"container\">\n        <div class=\"bloc-txt\">\n            <div class=\"contain-txt\">\n                                    <h2><span class=\"elipse\"><\/span><span class=\"trait\"><\/span>Presentation<\/h2>\n                                <p>The engineering programme at CentraleSup\u00e9lec spans over 3 years. Students undergo two initial years of general studies, including courses in the field of computer science (SIP courses, algorithmic courses, Security &amp; Networks&#8230;).<\/p>\n<p>In the third year, the programme branches into 4 specialisations: &#8216;Systems&#8217;, &#8216;Artificial Intelligence&#8217;, &#8216;Software Science&#8217;, and &#8216;Cybersecurity&#8217;. <strong>The cybersecurity specialisation equips students with the necessary skills for securing information systems successfully, through training covering cryptography, prevention and detection of intrusions and malware, as well as various aspects of security engineering.<\/strong> The field of cybersecurity demands a very high level of technical expertise. It requires experts capable of understanding and anticipating increasingly complex attacks. These experts must continuously innovate and devise new means of defence and detection. They will be responsible for the security of tomorrow&#8217;s digital data. The objective of this specialisation is therefore to enable graduates to integrate into state organisations requiring strong technical competence, or into highly technically selective national or international companies (such as Apple Security team, Google project Zero, Amazon Information Security, etc). However, the goal is also for young graduates to potentially venture into entrepreneurship in the field of digital security.<\/p>\n\n                                            <\/div>\n        <\/div>\n        <div class=\"bloc-img\">\n            <picture>\n                    <source\n                    type=\"image\/webp\"\n                    srcset=\"https:\/\/cyberschool.univ-rennes.fr\/app\/uploads\/2023\/06\/mention-cyber-2.webp, https:\/\/cyberschool.univ-rennes.fr\/app\/uploads\/2023\/06\/mention-cyber-2@2x.webp 2x\"\n                    >\n                    <source\n                    type=\"image\/jpeg\"\n                    srcset=\"https:\/\/cyberschool.univ-rennes.fr\/app\/uploads\/2023\/06\/mention-cyber-2.jpg, https:\/\/cyberschool.univ-rennes.fr\/app\/uploads\/2023\/06\/mention-cyber-2@2x.jpg 2x\"\n                    >\n                    <img decoding=\"async\" src=\"https:\/\/cyberschool.univ-rennes.fr\/app\/uploads\/2023\/06\/mention-cyber-2.jpg\" loading=\"lazy\" alt=\"Sch\u00e9ma expliquant la mention cybers\u00e9curit\u00e9 de CentraleSup\u00e9lec\" \/>\n            <\/picture>\n        <\/div>\n    <\/div>\n<\/section>\n\n\n    <section class=\"txt-image bg-grey left\">\n    <div class=\"container\">\n        <div class=\"bloc-txt\">\n            <div class=\"contain-txt\">\n                                    <h2><span class=\"elipse\"><\/span><span class=\"trait\"><\/span>Who can apply?<\/h2>\n                                <p>If you wish to obtain the <em>Dipl\u00f4me d\u2019ing\u00e9nieur mention cybers\u00e9curit\u00e9<\/em>, you <strong>must have completed a <\/strong><em><strong>Classe pr\u00e9paratoire scientifique aux Grandes \u00c9coles<\/strong>.<\/em><\/p>\n\n                                            <\/div>\n        <\/div>\n        <div class=\"bloc-img\">\n            <picture>\n                    <source\n                    type=\"image\/webp\"\n                    srcset=\"https:\/\/cyberschool.univ-rennes.fr\/app\/uploads\/2023\/06\/linkedin-sales-solutions-u3hmzw5u-si-unsplash-min-scaled.webp, https:\/\/cyberschool.univ-rennes.fr\/app\/uploads\/2023\/06\/linkedin-sales-solutions-u3hmzw5u-si-unsplash-min-scaled@2x.webp 2x\"\n                    >\n                    <source\n                    type=\"image\/jpeg\"\n                    srcset=\"https:\/\/cyberschool.univ-rennes.fr\/app\/uploads\/2023\/06\/linkedin-sales-solutions-u3hmzw5u-si-unsplash-min-scaled.jpg, https:\/\/cyberschool.univ-rennes.fr\/app\/uploads\/2023\/06\/linkedin-sales-solutions-u3hmzw5u-si-unsplash-min-scaled@2x.jpg 2x\"\n                    >\n                    <img decoding=\"async\" src=\"https:\/\/cyberschool.univ-rennes.fr\/app\/uploads\/2023\/06\/linkedin-sales-solutions-u3hmzw5u-si-unsplash-min-scaled.jpg\" loading=\"lazy\" alt=\"Etudiant sur son ordinateur\" \/>\n            <\/picture>\n        <\/div>\n    <\/div>\n<\/section>\n\n\n\n<section class=\"txt\">\n    <div class=\"container\">\n        <div class=\"bloc-txt\">\n                            <h2><span class=\"elipse\"><\/span><span class=\"trait\"><\/span>Internship and work-study programme<\/h2>\n                        <p><strong>Students must undertake a final internship during their 3rd year.<\/strong> This internship marks the end of the engineering students&#8217; education, allowing them to fully integrate into the professional world thereafter.<\/p>\n<p><strong>Students also have the option to complete their years of training through a work-study programme.<\/strong> They are therefore required to find a hosting company and sign an apprenticeship contract.<\/p>\n\n        <\/div>\n    <\/div>\n<\/section>\n\n\n\n<section class=\"txt\">\n    <div class=\"container\">\n        <div class=\"bloc-txt\">\n                            <h2><span class=\"elipse\"><\/span><span class=\"trait\"><\/span>Possible Diversification<\/h2>\n                        <p><strong>In the 3rd year of the programme (with the cybersecurity specialisation), it&#8217;s possible to concurrently pursue a research master&#8217;s degree in computer science (<em>Master informatique parcours Science Informatique<\/em>) at the University of Rennes.<\/strong> This opportunity is particularly aimed at students wishing to pursue a doctoral thesis or simply curious to explore the world of research during their final year of study.<\/p>\n<div class=\"btn-shortcode\"><a href=\"https:\/\/cyberschool.univ-rennes.fr\/en\/education\/cybersecurity-training-programmes\/master-informatique-parcours-science-informatique\/\" target=\"_blank\" rel=\"noopener\">Learn more about the research master&#8217;s degree<\/a><\/div>\n\n        <\/div>\n    <\/div>\n<\/section>\n\n\n    <section class=\"txt-image  left\">\n    <div class=\"container\">\n        <div class=\"bloc-txt\">\n            <div class=\"contain-txt\">\n                                    <h2><span class=\"elipse\"><\/span><span class=\"trait\"><\/span>International Mobility<\/h2>\n                                <p><strong>Students have the opportunity to undertake a semester abroad<\/strong> if they meet academic requirements and if the courses chosen at the foreign university replace the courses not taken in the specialisation (to be defined with the teaching team).<\/p>\n\n                                            <\/div>\n        <\/div>\n        <div class=\"bloc-img\">\n            <picture>\n                    <source\n                    type=\"image\/webp\"\n                    srcset=\"https:\/\/cyberschool.univ-rennes.fr\/app\/uploads\/2023\/07\/4greg-rosenke-3ulmrqz5apa-unsplash-scaled.webp, https:\/\/cyberschool.univ-rennes.fr\/app\/uploads\/2023\/07\/4greg-rosenke-3ulmrqz5apa-unsplash-scaled@2x.webp 2x\"\n                    >\n                    <source\n                    type=\"image\/jpeg\"\n                    srcset=\"https:\/\/cyberschool.univ-rennes.fr\/app\/uploads\/2023\/07\/4greg-rosenke-3ulmrqz5apa-unsplash-scaled.jpg, https:\/\/cyberschool.univ-rennes.fr\/app\/uploads\/2023\/07\/4greg-rosenke-3ulmrqz5apa-unsplash-scaled@2x.jpg 2x\"\n                    >\n                    <img decoding=\"async\" src=\"https:\/\/cyberschool.univ-rennes.fr\/app\/uploads\/2023\/07\/4greg-rosenke-3ulmrqz5apa-unsplash-scaled.jpg\" loading=\"lazy\" alt=\"globe\" \/>\n            <\/picture>\n        <\/div>\n    <\/div>\n<\/section>\n\n\n\n<section class=\"txt\">\n    <div class=\"container\">\n        <div class=\"bloc-txt\">\n                            <h2><span class=\"elipse\"><\/span><span class=\"trait\"><\/span>Study programme<\/h2>\n                        <p>Find out more about the courses taught in this programme.<\/p>\n<div class=\"btn-shortcode\"><a href=\"https:\/\/www.rennes.centralesupelec.fr\/sites\/rennes\/files\/inline-files\/PresentationMentionCyber_CursusCS_08_10_2019.pdf\" target=\"_blank\" rel=\"noopener\">Check out the study programme<\/a><\/div>\n\n        <\/div>\n    <\/div>\n<\/section>\n\n\n\n<section class=\"txt\">\n    <div class=\"container\">\n        <div class=\"bloc-txt\">\n                            <h2><span class=\"elipse\"><\/span><span class=\"trait\"><\/span>Employment opportunities<\/h2>\n                        <p>Graduates from the cybersecurity specialisation will be able to seamlessly integrate into the professional environment.<\/p>\n<p>Here are examples of fields opening up to them:<\/p>\n<ul>\n<li><strong>Software Engineering<\/strong><\/li>\n<li><strong>Security Architect<\/strong><\/li>\n<li><strong>Security Governance<\/strong><\/li>\n<li><strong>Consulting Auditing<\/strong><\/li>\n<li><strong>Research &amp; Development<\/strong><\/li>\n<\/ul>\n\n        <\/div>\n    <\/div>\n<\/section>\n\n\n<section class=\"double-cta\">\n    <div class=\"container\">\n                    <div class=\"bloc\">\n                <p class=\"title\">Go to the website of CentraleSup\u00e9lec<\/p>\n                <a href=\"https:\/\/www.rennes.centralesupelec.fr\/sites\/rennes\/files\/inline-files\/PresentationMentionCyber_CursusCS_08_10_2019.pdf\" target=\"_blank\" class=\"btn\"><span>I would like more information<\/span><\/a>\n            <\/div>\n                    <div class=\"bloc\">\n                <p class=\"title\">Do you wish to apply for this programme?<\/p>\n                <a href=\"https:\/\/www.centralesupelec.fr\/fr\/le-cursus-ingenieur?tab=programme-grande-ecole-voies-dadmission\"  class=\"btn\"><span>I wish to apply<\/span><\/a>\n            <\/div>\n            <\/div>\n<\/section>\n","protected":false},"excerpt":{"rendered":"","protected":false},"author":8,"featured_media":12858,"parent":11276,"menu_order":0,"comment_status":"closed","ping_status":"closed","template":"","meta":[],"acf":[],"yoast_head":"<!-- This site is optimized with the Yoast SEO plugin v20.13 - https:\/\/yoast.com\/wordpress\/plugins\/seo\/ -->\n<title>Dipl\u00f4me d\u2019ing\u00e9nieur mention cybers\u00e9curit\u00e9 - CyberSchool<\/title>\n<meta name=\"robots\" content=\"index, follow, max-snippet:-1, max-image-preview:large, max-video-preview:-1\" \/>\n<link rel=\"canonical\" href=\"https:\/\/cyberschool.univ-rennes.fr\/en\/education\/masters-and-postgraduate-programmes\/diplome-dingenieur-mention-cybersecurite\/\" \/>\n<meta property=\"og:locale\" content=\"en_US\" \/>\n<meta property=\"og:type\" content=\"article\" \/>\n<meta property=\"og:title\" content=\"Dipl\u00f4me d\u2019ing\u00e9nieur mention cybers\u00e9curit\u00e9 - CyberSchool\" \/>\n<meta property=\"og:url\" content=\"https:\/\/cyberschool.univ-rennes.fr\/en\/education\/masters-and-postgraduate-programmes\/diplome-dingenieur-mention-cybersecurite\/\" \/>\n<meta property=\"og:site_name\" content=\"CyberSchool\" \/>\n<meta property=\"article:publisher\" content=\"https:\/\/www.facebook.com\/CSchoolRennes\/\" \/>\n<meta property=\"article:modified_time\" content=\"2026-03-12T13:25:29+00:00\" \/>\n<meta property=\"og:image\" content=\"https:\/\/cyberschool.univ-rennes.fr\/app\/uploads\/2023\/06\/mention-cyber-2.jpg\" \/>\n\t<meta property=\"og:image:width\" content=\"1200\" \/>\n\t<meta property=\"og:image:height\" content=\"800\" \/>\n\t<meta property=\"og:image:type\" content=\"image\/jpeg\" \/>\n<meta name=\"twitter:card\" content=\"summary_large_image\" \/>\n<meta name=\"twitter:site\" content=\"@CSchoolRennes\" \/>\n<script type=\"application\/ld+json\" class=\"yoast-schema-graph\">{\"@context\":\"https:\/\/schema.org\",\"@graph\":[{\"@type\":\"WebPage\",\"@id\":\"https:\/\/cyberschool.univ-rennes.fr\/en\/education\/masters-and-postgraduate-programmes\/diplome-dingenieur-mention-cybersecurite\/\",\"url\":\"https:\/\/cyberschool.univ-rennes.fr\/en\/education\/masters-and-postgraduate-programmes\/diplome-dingenieur-mention-cybersecurite\/\",\"name\":\"Dipl\u00f4me d\u2019ing\u00e9nieur mention cybers\u00e9curit\u00e9 - CyberSchool\",\"isPartOf\":{\"@id\":\"https:\/\/cyberschool.univ-rennes.fr\/en\/#website\"},\"datePublished\":\"2024-04-15T14:26:24+00:00\",\"dateModified\":\"2026-03-12T13:25:29+00:00\",\"breadcrumb\":{\"@id\":\"https:\/\/cyberschool.univ-rennes.fr\/en\/education\/masters-and-postgraduate-programmes\/diplome-dingenieur-mention-cybersecurite\/#breadcrumb\"},\"inLanguage\":\"en-US\",\"potentialAction\":[{\"@type\":\"ReadAction\",\"target\":[\"https:\/\/cyberschool.univ-rennes.fr\/en\/education\/masters-and-postgraduate-programmes\/diplome-dingenieur-mention-cybersecurite\/\"]}]},{\"@type\":\"BreadcrumbList\",\"@id\":\"https:\/\/cyberschool.univ-rennes.fr\/en\/education\/masters-and-postgraduate-programmes\/diplome-dingenieur-mention-cybersecurite\/#breadcrumb\",\"itemListElement\":[{\"@type\":\"ListItem\",\"position\":1,\"name\":\"Home\",\"item\":\"https:\/\/cyberschool.univ-rennes.fr\/en\/\"},{\"@type\":\"ListItem\",\"position\":2,\"name\":\"Education\",\"item\":\"https:\/\/cyberschool.univ-rennes.fr\/en\/education\/\"},{\"@type\":\"ListItem\",\"position\":3,\"name\":\"Master\u2019s and postgraduate programmes\",\"item\":\"https:\/\/cyberschool.univ-rennes.fr\/en\/education\/masters-and-postgraduate-programmes\/\"},{\"@type\":\"ListItem\",\"position\":4,\"name\":\"Dipl\u00f4me d\u2019ing\u00e9nieur mention cybers\u00e9curit\u00e9\"}]},{\"@type\":\"WebSite\",\"@id\":\"https:\/\/cyberschool.univ-rennes.fr\/en\/#website\",\"url\":\"https:\/\/cyberschool.univ-rennes.fr\/en\/\",\"name\":\"CyberSchool\",\"description\":\"Just another WordPress site\",\"potentialAction\":[{\"@type\":\"SearchAction\",\"target\":{\"@type\":\"EntryPoint\",\"urlTemplate\":\"https:\/\/cyberschool.univ-rennes.fr\/en\/?s={search_term_string}\"},\"query-input\":\"required name=search_term_string\"}],\"inLanguage\":\"en-US\"}]}<\/script>\n<!-- \/ Yoast SEO plugin. -->","yoast_head_json":{"title":"Dipl\u00f4me d\u2019ing\u00e9nieur mention cybers\u00e9curit\u00e9 - CyberSchool","robots":{"index":"index","follow":"follow","max-snippet":"max-snippet:-1","max-image-preview":"max-image-preview:large","max-video-preview":"max-video-preview:-1"},"canonical":"https:\/\/cyberschool.univ-rennes.fr\/en\/education\/masters-and-postgraduate-programmes\/diplome-dingenieur-mention-cybersecurite\/","og_locale":"en_US","og_type":"article","og_title":"Dipl\u00f4me d\u2019ing\u00e9nieur mention cybers\u00e9curit\u00e9 - CyberSchool","og_url":"https:\/\/cyberschool.univ-rennes.fr\/en\/education\/masters-and-postgraduate-programmes\/diplome-dingenieur-mention-cybersecurite\/","og_site_name":"CyberSchool","article_publisher":"https:\/\/www.facebook.com\/CSchoolRennes\/","article_modified_time":"2026-03-12T13:25:29+00:00","og_image":[{"width":1200,"height":800,"url":"https:\/\/cyberschool.univ-rennes.fr\/app\/uploads\/2023\/06\/mention-cyber-2.jpg","type":"image\/jpeg"}],"twitter_card":"summary_large_image","twitter_site":"@CSchoolRennes","schema":{"@context":"https:\/\/schema.org","@graph":[{"@type":"WebPage","@id":"https:\/\/cyberschool.univ-rennes.fr\/en\/education\/masters-and-postgraduate-programmes\/diplome-dingenieur-mention-cybersecurite\/","url":"https:\/\/cyberschool.univ-rennes.fr\/en\/education\/masters-and-postgraduate-programmes\/diplome-dingenieur-mention-cybersecurite\/","name":"Dipl\u00f4me d\u2019ing\u00e9nieur mention cybers\u00e9curit\u00e9 - CyberSchool","isPartOf":{"@id":"https:\/\/cyberschool.univ-rennes.fr\/en\/#website"},"datePublished":"2024-04-15T14:26:24+00:00","dateModified":"2026-03-12T13:25:29+00:00","breadcrumb":{"@id":"https:\/\/cyberschool.univ-rennes.fr\/en\/education\/masters-and-postgraduate-programmes\/diplome-dingenieur-mention-cybersecurite\/#breadcrumb"},"inLanguage":"en-US","potentialAction":[{"@type":"ReadAction","target":["https:\/\/cyberschool.univ-rennes.fr\/en\/education\/masters-and-postgraduate-programmes\/diplome-dingenieur-mention-cybersecurite\/"]}]},{"@type":"BreadcrumbList","@id":"https:\/\/cyberschool.univ-rennes.fr\/en\/education\/masters-and-postgraduate-programmes\/diplome-dingenieur-mention-cybersecurite\/#breadcrumb","itemListElement":[{"@type":"ListItem","position":1,"name":"Home","item":"https:\/\/cyberschool.univ-rennes.fr\/en\/"},{"@type":"ListItem","position":2,"name":"Education","item":"https:\/\/cyberschool.univ-rennes.fr\/en\/education\/"},{"@type":"ListItem","position":3,"name":"Master\u2019s and postgraduate programmes","item":"https:\/\/cyberschool.univ-rennes.fr\/en\/education\/masters-and-postgraduate-programmes\/"},{"@type":"ListItem","position":4,"name":"Dipl\u00f4me d\u2019ing\u00e9nieur mention cybers\u00e9curit\u00e9"}]},{"@type":"WebSite","@id":"https:\/\/cyberschool.univ-rennes.fr\/en\/#website","url":"https:\/\/cyberschool.univ-rennes.fr\/en\/","name":"CyberSchool","description":"Just another WordPress site","potentialAction":[{"@type":"SearchAction","target":{"@type":"EntryPoint","urlTemplate":"https:\/\/cyberschool.univ-rennes.fr\/en\/?s={search_term_string}"},"query-input":"required name=search_term_string"}],"inLanguage":"en-US"}]}},"_links":{"self":[{"href":"https:\/\/cyberschool.univ-rennes.fr\/en\/wp-json\/wp\/v2\/pages\/14704"}],"collection":[{"href":"https:\/\/cyberschool.univ-rennes.fr\/en\/wp-json\/wp\/v2\/pages"}],"about":[{"href":"https:\/\/cyberschool.univ-rennes.fr\/en\/wp-json\/wp\/v2\/types\/page"}],"author":[{"embeddable":true,"href":"https:\/\/cyberschool.univ-rennes.fr\/en\/wp-json\/wp\/v2\/users\/8"}],"replies":[{"embeddable":true,"href":"https:\/\/cyberschool.univ-rennes.fr\/en\/wp-json\/wp\/v2\/comments?post=14704"}],"version-history":[{"count":10,"href":"https:\/\/cyberschool.univ-rennes.fr\/en\/wp-json\/wp\/v2\/pages\/14704\/revisions"}],"predecessor-version":[{"id":18402,"href":"https:\/\/cyberschool.univ-rennes.fr\/en\/wp-json\/wp\/v2\/pages\/14704\/revisions\/18402"}],"up":[{"embeddable":true,"href":"https:\/\/cyberschool.univ-rennes.fr\/en\/wp-json\/wp\/v2\/pages\/11276"}],"wp:featuredmedia":[{"embeddable":true,"href":"https:\/\/cyberschool.univ-rennes.fr\/en\/wp-json\/wp\/v2\/media\/12858"}],"wp:attachment":[{"href":"https:\/\/cyberschool.univ-rennes.fr\/en\/wp-json\/wp\/v2\/media?parent=14704"}],"curies":[{"name":"wp","href":"https:\/\/api.w.org\/{rel}","templated":true}]}}