{"id":14736,"date":"2024-04-16T11:08:25","date_gmt":"2024-04-16T10:08:25","guid":{"rendered":"https:\/\/cyberschool.univ-rennes.fr\/?page_id=14736"},"modified":"2026-03-12T14:25:31","modified_gmt":"2026-03-12T13:25:31","slug":"diplome-dingenieur-parcours-infosec","status":"publish","type":"page","link":"https:\/\/cyberschool.univ-rennes.fr\/en\/education\/masters-and-postgraduate-programmes\/diplome-dingenieur-parcours-infosec\/","title":{"rendered":"Dipl\u00f4me d\u2019ing\u00e9nieur parcours InfoSec"},"content":{"rendered":"<section class=\"text-intro\">\n    <div class=\"container\">\n        <section class=\"text-intro\">\n<div class=\"container\">\n<p style=\"text-align: center;\"><strong>The\u00a0<em>Dipl\u00f4me d\u2019ing\u00e9nieur parcours InfoSec<\/em> is run by <a href=\"http:\/\/www.rennes.centralesupelec.fr\/\" target=\"_blank\" rel=\"noopener\">CentraleSup\u00e9lec<\/a>.<\/strong><\/p>\n<p style=\"text-align: center;\"><img decoding=\"async\" loading=\"lazy\" class=\" wp-image-10762 aligncenter\" src=\"https:\/\/cyberschool.univ-rennes.fr\/app\/uploads\/2023\/05\/1200px-logo_centralesupelec.svg-300x156.png\" alt=\"Logo de CentraleSup\u00e9lec\" width=\"165\" height=\"86\" \/><\/p>\n<blockquote>\n<p style=\"text-align: center;\"><strong>&gt; Duration:<\/strong> 3 years, full-time or work-study<br \/>\n<strong>&gt; Cybersecurity courses:<\/strong> Starting from the 2nd year<br \/>\n&gt; <strong>Head of IT Department:<\/strong> Jean-Fran\u00e7ois Lalande<strong><br \/>\n<\/strong><strong>&gt; Place:<\/strong> Rennes<\/p>\n<\/blockquote>\n<\/div>\n<\/section>\n\n    <\/div>\n<\/section>\n\n\n    <section class=\"txt-image  right\">\n    <div class=\"container\">\n        <div class=\"bloc-txt\">\n            <div class=\"contain-txt\">\n                                    <h2><span class=\"elipse\"><\/span><span class=\"trait\"><\/span>Presentation<\/h2>\n                                <p>The engineering programme at CentraleSup\u00e9lec spans over 3 years. Students undergo a first year of general studies, including courses in the field of computer science (SIP courses, algorithmics, Security &amp; Networks&#8230;).<\/p>\n<p><strong>From the second year onwards, students can choose to follow the InfoSec track, where they address societal issues, entrepreneurship, and research. This track offers enhanced computer science training in the second year (InfoSec 1) and specialised cybersecurity training in the third year (InfoSec 2).<\/strong><\/p>\n<p><strong>The second year will allow any student interested in a mention in computer science to acquire both solid foundations in computer science and an opening to other domains, such as IoT or industrial control systems, the securing of which is currently a challenge.<\/strong> Throughout the year, students will study 2 main themes: one aimed at providing students in the track with the keys to understanding the functioning of an application, software, and computer network; the second focusing on lower-level aspects such as hardware architecture, compilation, and operating systems.<\/p>\n<p><strong>The third year enables these students, already equipped with a strong computer science background, to acquire all the knowledge and best practices in computer security.<\/strong> Throughout the year, students cover 3 major themes: &#8216;Data and Usage Protection&#8217;, &#8216;System Protection&#8217;, and &#8216;Threat Awareness and Security Audits&#8217;.<\/p>\n\n                                            <\/div>\n        <\/div>\n        <div class=\"bloc-img\">\n            <picture>\n                    <source\n                    type=\"image\/webp\"\n                    srcset=\"https:\/\/cyberschool.univ-rennes.fr\/app\/uploads\/2023\/06\/mimi-thian-vekwzpqu-5m-unsplash-scaled.webp, https:\/\/cyberschool.univ-rennes.fr\/app\/uploads\/2023\/06\/mimi-thian-vekwzpqu-5m-unsplash-scaled@2x.webp 2x\"\n                    >\n                    <source\n                    type=\"image\/jpeg\"\n                    srcset=\"https:\/\/cyberschool.univ-rennes.fr\/app\/uploads\/2023\/06\/mimi-thian-vekwzpqu-5m-unsplash-scaled.jpg, https:\/\/cyberschool.univ-rennes.fr\/app\/uploads\/2023\/06\/mimi-thian-vekwzpqu-5m-unsplash-scaled@2x.jpg 2x\"\n                    >\n                    <img decoding=\"async\" src=\"https:\/\/cyberschool.univ-rennes.fr\/app\/uploads\/2023\/06\/mimi-thian-vekwzpqu-5m-unsplash-scaled.jpg\" loading=\"lazy\" alt=\"Etudiante sur son ordinateur\" \/>\n            <\/picture>\n        <\/div>\n    <\/div>\n<\/section>\n\n\n    <section class=\"txt-image bg-grey left\">\n    <div class=\"container\">\n        <div class=\"bloc-txt\">\n            <div class=\"contain-txt\">\n                                    <h2><span class=\"elipse\"><\/span><span class=\"trait\"><\/span>Who can apply ?<\/h2>\n                                <p>If you wish to obtain the <em>Dipl\u00f4me d\u2019ing\u00e9nieur parcours InfoSec<\/em>, you <strong>must have completed a <em>Classe pr\u00e9paratoire scientifique aux Grandes \u00c9coles<\/em>.<\/strong><\/p>\n\n                                            <\/div>\n        <\/div>\n        <div class=\"bloc-img\">\n            <picture>\n                    <source\n                    type=\"image\/webp\"\n                    srcset=\"https:\/\/cyberschool.univ-rennes.fr\/app\/uploads\/2023\/05\/photo-1634087990018-415aeb951215.webp, https:\/\/cyberschool.univ-rennes.fr\/app\/uploads\/2023\/05\/photo-1634087990018-415aeb951215@2x.webp 2x\"\n                    >\n                    <source\n                    type=\"image\/jpeg\"\n                    srcset=\"https:\/\/cyberschool.univ-rennes.fr\/app\/uploads\/2023\/05\/photo-1634087990018-415aeb951215.jpg, https:\/\/cyberschool.univ-rennes.fr\/app\/uploads\/2023\/05\/photo-1634087990018-415aeb951215@2x.jpg 2x\"\n                    >\n                    <img decoding=\"async\" src=\"https:\/\/cyberschool.univ-rennes.fr\/app\/uploads\/2023\/05\/photo-1634087990018-415aeb951215.jpg\" loading=\"lazy\" alt=\"Etudiante qui \u00e9crit au tableau\" \/>\n            <\/picture>\n        <\/div>\n    <\/div>\n<\/section>\n\n\n\n<section class=\"txt\">\n    <div class=\"container\">\n        <div class=\"bloc-txt\">\n                            <h2><span class=\"elipse\"><\/span><span class=\"trait\"><\/span>Internship and work-study programme<\/h2>\n                        <p><strong>Students must undertake a final internship during their 3rd year<\/strong> (InfoSec2). This internship marks the end of the engineering students\u2019 education, allowing them to fully integrate into the professional world thereafter.<\/p>\n<p><strong>Students also have the option to complete their years of training through a work-study programme.<\/strong> They are therefore required to find a hosting company and sign an apprenticeship contract.<\/p>\n\n        <\/div>\n    <\/div>\n<\/section>\n\n\n\n<section class=\"txt\">\n    <div class=\"container\">\n        <div class=\"bloc-txt\">\n                            <h2><span class=\"elipse\"><\/span><span class=\"trait\"><\/span>Possible Diversification<\/h2>\n                        <div class=\"flex flex-grow flex-col max-w-full\">\n<div class=\"min-h-[20px] text-message flex flex-col items-start gap-3 whitespace-pre-wrap break-words [.text-message+&amp;]:mt-5 overflow-x-auto\" dir=\"auto\" data-message-author-role=\"assistant\" data-message-id=\"f1c5f687-3ca4-4681-b740-d6a1061aa34c\">\n<div class=\"markdown prose w-full break-words dark:prose-invert light\">\n<p><strong>In the second year of the InfoSec track (InfoSec 2), it\u2019s possible to concurrently pursue a research master\u2019s degree in computer science (<em>Master informatique parcours Science Informatique<\/em>) at the University of Rennes.<\/strong> This opportunity is particularly aimed at students wishing to pursue a doctoral thesis or simply curious to explore the world of research during their final year of study.<\/p>\n<div class=\"btn-shortcode\"><a href=\"https:\/\/cyberschool.univ-rennes.fr\/en\/education\/cybersecurity-training-programmes\/master-informatique-parcours-science-informatique\/\" target=\"_blank\" rel=\"noopener\">Learn more about the research master\u2019s degree<\/a><\/div>\n<p>&nbsp;<\/p>\n<\/div>\n<\/div>\n<\/div>\n<div>\n<div class=\"flex flex-grow flex-col max-w-full\">\n<div class=\"min-h-[20px] text-message flex flex-col items-start gap-3 whitespace-pre-wrap break-words [.text-message+&amp;]:mt-5 overflow-x-auto\" dir=\"auto\" data-message-author-role=\"assistant\" data-message-id=\"77fa9499-48de-45d3-a896-3598ebc4b5b1\">\n<div class=\"markdown prose w-full break-words dark:prose-invert light\">\n<p><strong>The second-year students in the InfoSec track also have the opportunity to concurrently pursue the<\/strong> <strong>Master\u2019s Cybersecurity, Science of Software and Hardware Security at ISTIC (University of Rennes).<\/strong> This option is aimed at students wishing to further specialise in cybersecurity.<\/p>\n<\/div>\n<\/div>\n<\/div>\n<\/div>\n<div><div class=\"btn-shortcode\"><a href=\"https:\/\/cyberschool.univ-rennes.fr\/en\/education\/cybersecurity-training-programmes\/masters-in-computer-science-cybersecurity-track\/\" target=\"_blank\" rel=\"noopener\">Learn more about the Master\u2019s Cybersecurity, Science of Software and Hardware Security<\/a><\/div><\/div>\n\n        <\/div>\n    <\/div>\n<\/section>\n\n\n    <section class=\"txt-image  left\">\n    <div class=\"container\">\n        <div class=\"bloc-txt\">\n            <div class=\"contain-txt\">\n                                    <h2><span class=\"elipse\"><\/span><span class=\"trait\"><\/span>International Mobility<\/h2>\n                                <div class=\"flex flex-grow flex-col max-w-full\">\n<div class=\"min-h-[20px] text-message flex flex-col items-start gap-3 whitespace-pre-wrap break-words [.text-message+&amp;]:mt-5 overflow-x-auto\" dir=\"auto\" data-message-author-role=\"assistant\" data-message-id=\"cba22de7-dc04-498d-96e8-580f122866d2\">\n<div class=\"markdown prose w-full break-words dark:prose-invert light\">\n<p><strong>Students have the opportunity to undertake a semester abroad<\/strong> (S8) if they meet academic requirements and if the courses chosen at the foreign university replace the courses not taken in the specialisation (to be defined with the teaching team).<\/p>\n<\/div>\n<\/div>\n<\/div>\n\n                                            <\/div>\n        <\/div>\n        <div class=\"bloc-img\">\n            <picture>\n                    <source\n                    type=\"image\/webp\"\n                    srcset=\"https:\/\/cyberschool.univ-rennes.fr\/app\/uploads\/2023\/06\/vladislav-klapin-9me5mqfxine-unsplash-scaled.webp, https:\/\/cyberschool.univ-rennes.fr\/app\/uploads\/2023\/06\/vladislav-klapin-9me5mqfxine-unsplash-scaled@2x.webp 2x\"\n                    >\n                    <source\n                    type=\"image\/jpeg\"\n                    srcset=\"https:\/\/cyberschool.univ-rennes.fr\/app\/uploads\/2023\/06\/vladislav-klapin-9me5mqfxine-unsplash-scaled.jpg, https:\/\/cyberschool.univ-rennes.fr\/app\/uploads\/2023\/06\/vladislav-klapin-9me5mqfxine-unsplash-scaled@2x.jpg 2x\"\n                    >\n                    <img decoding=\"async\" src=\"https:\/\/cyberschool.univ-rennes.fr\/app\/uploads\/2023\/06\/vladislav-klapin-9me5mqfxine-unsplash-scaled.jpg\" loading=\"lazy\" alt=\"Plusieurs drapeaux du monde\" \/>\n            <\/picture>\n        <\/div>\n    <\/div>\n<\/section>\n\n\n\n<section class=\"txt\">\n    <div class=\"container\">\n        <div class=\"bloc-txt\">\n                            <h2><span class=\"elipse\"><\/span><span class=\"trait\"><\/span>Study programme<\/h2>\n                        <p>Find out more about the courses taught in this programme.<\/p>\n<div class=\"btn-shortcode\"><a href=\"https:\/\/www.rennes.centralesupelec.fr\/fr\/node\/130\" target=\"_blank\" rel=\"noopener\">Check out the study programme<\/a><\/div>\n\n        <\/div>\n    <\/div>\n<\/section>\n\n\n\n<section class=\"txt\">\n    <div class=\"container\">\n        <div class=\"bloc-txt\">\n                            <h2><span class=\"elipse\"><\/span><span class=\"trait\"><\/span>Employment opportunities<\/h2>\n                        <p><strong>Students who have followed the InfoSec track will be technical experts with a broad understanding of the challenges posed by digital security.<\/strong> Throughout their studies, they will have had the opportunity to comprehend both the technical and societal aspects of digital security. They will have been exposed to entrepreneurship and will be familiar with the research issues in this field.<\/p>\n<p>As more concrete examples, CentraleSup\u00e9lec aims for InfoSec track students to be able to integrate the following companies and organisations immediately upon completing the programme:<\/p>\n<ul>\n<li>Consulting: the Big Four (<a href=\"http:\/\/www.ey.com\/fr\/fr\/services\/advisory\/ey-advisory---conseil---cybersecurite\" target=\"_blank\" rel=\"noopener\">EY<\/a>, <a href=\"https:\/\/home.kpmg.com\/fr\/fr\/home\/services\/advisory\/risk-consulting\/it-risk-consulting\/cybersecurite-et-protection-des-donnees-personnelles.html\" target=\"_blank\" rel=\"noopener\">KPMG<\/a>, <a href=\"https:\/\/www2.deloitte.com\/fr\/fr\/pages\/risque-compliance-et-controle-interne\/topics\/cyber-risk.html?icid=top_cyber-risk\" target=\"_blank\" rel=\"noopener\">Deloitte<\/a>, <a href=\"https:\/\/www.pwc.fr\/fr\/vos-enjeux\/cybersecurite.html\" target=\"_blank\" rel=\"noopener\">PwC<\/a>), <a href=\"https:\/\/www.wavestone.com\/fr\/offre\/cybersecurite-confiance-numerique\/\" target=\"_blank\" rel=\"noopener\">Wavestone<\/a><\/li>\n<li>Services: <a href=\"http:\/\/www.devoteam.fr\/en\/offers\/risk-security\" target=\"_blank\" rel=\"noopener\">Devoteam<\/a>, <a href=\"https:\/\/www.soprasteria.com\/fr\/nos-offres\/cybersecurite\" target=\"_blank\" rel=\"noopener\">Sopra Steria<\/a>, <a href=\"https:\/\/www.fr.capgemini.com\/solutions-de-cybersecurite\" target=\"_blank\" rel=\"noopener\">Capgemini<\/a>, <a href=\"http:\/\/www.orange-business.com\/fr\/securite\" target=\"_blank\" rel=\"noopener\">Orange Cyberd\u00e9fense<\/a>, \u2026<\/li>\n<li>Banks: BNP Paribas, Soci\u00e9t\u00e9 G\u00e9n\u00e9rale, <a href=\"https:\/\/acpr.banque-france.fr\/accueil.html\" target=\"_blank\" rel=\"noopener\">BdF<\/a>, \u2026<\/li>\n<li>R&amp;D departments of large companies: <a href=\"http:\/\/www.gemalto.com\/france\" target=\"_blank\" rel=\"noopener\">Gemalto<\/a>, Intel, IBM, <a href=\"https:\/\/www.cybersecurity-airbusds.com\/fr\/\" target=\"_blank\" rel=\"noopener\">Airbus<\/a>, EDF, <a href=\"https:\/\/www.orange.com\/fr\/Innovation\/Recherche\/La-recherche-chez-Orange\" target=\"_blank\" rel=\"noopener\">Orange Labs<\/a>, \u2026<\/li>\n<li>Start-ups: <a href=\"http:\/\/www.criteo.com\/fr\/\" target=\"_blank\" rel=\"noopener\">Criteo<\/a>, <a href=\"https:\/\/cryptosense.com\/\" target=\"_blank\" rel=\"noopener\">Cryptosense<\/a>, <a href=\"https:\/\/www.amossys.fr\/\" target=\"_blank\" rel=\"noopener\">Amossys<\/a>, <a href=\"https:\/\/www.sekoia.fr\/\" target=\"_blank\" rel=\"noopener\">Sekoia<\/a>, <a href=\"https:\/\/www.quarkslab.com\/\" target=\"_blank\" rel=\"noopener\">Quarkslab<\/a>, \u2026<\/li>\n<li>Doctorate: CentraleSup\u00e9lec, Inria, CEA, ENS, Cifre, etc.<\/li>\n<li>Government agencies: <a href=\"http:\/\/www.defense.gouv.fr\/dga\/la-dga2\/expertise-et-essais\/les-centres-d-expertise-et-d-essais-de-la-dga\/dga-maitrise-de-l-information\" target=\"_blank\" rel=\"noopener\">DGA-MI<\/a>, <a href=\"https:\/\/ssi.gouv.fr\" target=\"_blank\" rel=\"noopener\">ANSSI<\/a>, civilian or military cyber defence (<a href=\"https:\/\/www.ssi.gouv.fr\/agence\/organisation\/les-sous-directions\/centre-operationnel-de-la-securite-des-systemes-dinformation-cossi\/\" target=\"_blank\" rel=\"noopener\">COSSI<\/a> et <a href=\"https:\/\/www.ssi.gouv.fr\/agence\/organisation\/les-sous-directions\/centre-operationnel-de-la-securite-des-systemes-dinformation-cossi\/le-centre-de-cyberdefense\/\" target=\"_blank\" rel=\"noopener\">CALID<\/a>), civilian intelligence (<a href=\"http:\/\/www.defense.gouv.fr\/dgse\" target=\"_blank\" rel=\"noopener\">DGSE<\/a>), military intelligence (<a href=\"http:\/\/www.defense.gouv.fr\/ema\/directions-et-services\/la-direction-du-renseignement-militaire\/la-drm\" target=\"_blank\" rel=\"noopener\">DRM<\/a>, <a href=\"http:\/\/www.defense.gouv.fr\/drsd\" target=\"_blank\" rel=\"noopener\">DRSD<\/a>)\u2026<\/li>\n<\/ul>\n\n        <\/div>\n    <\/div>\n<\/section>\n\n\n<section class=\"double-cta\">\n    <div class=\"container\">\n                    <div class=\"bloc\">\n                <p class=\"title\">Go to the website of CentraleSup\u00e9lec<\/p>\n                <a href=\"https:\/\/www.rennes.centralesupelec.fr\/InfoSec\"  class=\"btn\"><span>I would like more information<\/span><\/a>\n            <\/div>\n                    <div class=\"bloc\">\n                <p class=\"title\">Do you wish to apply for this programme?<\/p>\n                <a href=\"https:\/\/www.centralesupelec.fr\/fr\/le-cursus-ingenieur?tab=programme-grande-ecole-voies-dadmission\"  class=\"btn\"><span>I wish to apply<\/span><\/a>\n            <\/div>\n            <\/div>\n<\/section>\n","protected":false},"excerpt":{"rendered":"","protected":false},"author":8,"featured_media":12398,"parent":11276,"menu_order":0,"comment_status":"closed","ping_status":"closed","template":"","meta":[],"acf":[],"yoast_head":"<!-- This site is optimized with the Yoast SEO plugin v20.13 - https:\/\/yoast.com\/wordpress\/plugins\/seo\/ -->\n<title>Dipl\u00f4me d\u2019ing\u00e9nieur parcours InfoSec - CyberSchool<\/title>\n<meta name=\"robots\" content=\"index, follow, max-snippet:-1, max-image-preview:large, max-video-preview:-1\" \/>\n<link rel=\"canonical\" href=\"https:\/\/cyberschool.univ-rennes.fr\/en\/education\/masters-and-postgraduate-programmes\/diplome-dingenieur-parcours-infosec\/\" \/>\n<meta property=\"og:locale\" content=\"en_US\" \/>\n<meta property=\"og:type\" content=\"article\" \/>\n<meta property=\"og:title\" content=\"Dipl\u00f4me d\u2019ing\u00e9nieur parcours InfoSec - CyberSchool\" \/>\n<meta property=\"og:url\" content=\"https:\/\/cyberschool.univ-rennes.fr\/en\/education\/masters-and-postgraduate-programmes\/diplome-dingenieur-parcours-infosec\/\" \/>\n<meta property=\"og:site_name\" content=\"CyberSchool\" \/>\n<meta property=\"article:publisher\" content=\"https:\/\/www.facebook.com\/CSchoolRennes\/\" \/>\n<meta property=\"article:modified_time\" content=\"2026-03-12T13:25:31+00:00\" \/>\n<meta property=\"og:image\" content=\"https:\/\/cyberschool.univ-rennes.fr\/app\/uploads\/2023\/06\/mimi-thian-vekwzpqu-5m-unsplash-scaled.jpg\" \/>\n\t<meta property=\"og:image:width\" content=\"2560\" \/>\n\t<meta property=\"og:image:height\" content=\"1920\" \/>\n\t<meta property=\"og:image:type\" content=\"image\/jpeg\" \/>\n<meta name=\"twitter:card\" content=\"summary_large_image\" \/>\n<meta name=\"twitter:site\" content=\"@CSchoolRennes\" \/>\n<script type=\"application\/ld+json\" class=\"yoast-schema-graph\">{\"@context\":\"https:\/\/schema.org\",\"@graph\":[{\"@type\":\"WebPage\",\"@id\":\"https:\/\/cyberschool.univ-rennes.fr\/en\/education\/masters-and-postgraduate-programmes\/diplome-dingenieur-parcours-infosec\/\",\"url\":\"https:\/\/cyberschool.univ-rennes.fr\/en\/education\/masters-and-postgraduate-programmes\/diplome-dingenieur-parcours-infosec\/\",\"name\":\"Dipl\u00f4me d\u2019ing\u00e9nieur parcours InfoSec - CyberSchool\",\"isPartOf\":{\"@id\":\"https:\/\/cyberschool.univ-rennes.fr\/en\/#website\"},\"datePublished\":\"2024-04-16T10:08:25+00:00\",\"dateModified\":\"2026-03-12T13:25:31+00:00\",\"breadcrumb\":{\"@id\":\"https:\/\/cyberschool.univ-rennes.fr\/en\/education\/masters-and-postgraduate-programmes\/diplome-dingenieur-parcours-infosec\/#breadcrumb\"},\"inLanguage\":\"en-US\",\"potentialAction\":[{\"@type\":\"ReadAction\",\"target\":[\"https:\/\/cyberschool.univ-rennes.fr\/en\/education\/masters-and-postgraduate-programmes\/diplome-dingenieur-parcours-infosec\/\"]}]},{\"@type\":\"BreadcrumbList\",\"@id\":\"https:\/\/cyberschool.univ-rennes.fr\/en\/education\/masters-and-postgraduate-programmes\/diplome-dingenieur-parcours-infosec\/#breadcrumb\",\"itemListElement\":[{\"@type\":\"ListItem\",\"position\":1,\"name\":\"Home\",\"item\":\"https:\/\/cyberschool.univ-rennes.fr\/en\/\"},{\"@type\":\"ListItem\",\"position\":2,\"name\":\"Education\",\"item\":\"https:\/\/cyberschool.univ-rennes.fr\/en\/education\/\"},{\"@type\":\"ListItem\",\"position\":3,\"name\":\"Master\u2019s and postgraduate programmes\",\"item\":\"https:\/\/cyberschool.univ-rennes.fr\/en\/education\/masters-and-postgraduate-programmes\/\"},{\"@type\":\"ListItem\",\"position\":4,\"name\":\"Dipl\u00f4me d\u2019ing\u00e9nieur parcours InfoSec\"}]},{\"@type\":\"WebSite\",\"@id\":\"https:\/\/cyberschool.univ-rennes.fr\/en\/#website\",\"url\":\"https:\/\/cyberschool.univ-rennes.fr\/en\/\",\"name\":\"CyberSchool\",\"description\":\"Just another WordPress site\",\"potentialAction\":[{\"@type\":\"SearchAction\",\"target\":{\"@type\":\"EntryPoint\",\"urlTemplate\":\"https:\/\/cyberschool.univ-rennes.fr\/en\/?s={search_term_string}\"},\"query-input\":\"required name=search_term_string\"}],\"inLanguage\":\"en-US\"}]}<\/script>\n<!-- \/ Yoast SEO plugin. -->","yoast_head_json":{"title":"Dipl\u00f4me d\u2019ing\u00e9nieur parcours InfoSec - CyberSchool","robots":{"index":"index","follow":"follow","max-snippet":"max-snippet:-1","max-image-preview":"max-image-preview:large","max-video-preview":"max-video-preview:-1"},"canonical":"https:\/\/cyberschool.univ-rennes.fr\/en\/education\/masters-and-postgraduate-programmes\/diplome-dingenieur-parcours-infosec\/","og_locale":"en_US","og_type":"article","og_title":"Dipl\u00f4me d\u2019ing\u00e9nieur parcours InfoSec - CyberSchool","og_url":"https:\/\/cyberschool.univ-rennes.fr\/en\/education\/masters-and-postgraduate-programmes\/diplome-dingenieur-parcours-infosec\/","og_site_name":"CyberSchool","article_publisher":"https:\/\/www.facebook.com\/CSchoolRennes\/","article_modified_time":"2026-03-12T13:25:31+00:00","og_image":[{"width":2560,"height":1920,"url":"https:\/\/cyberschool.univ-rennes.fr\/app\/uploads\/2023\/06\/mimi-thian-vekwzpqu-5m-unsplash-scaled.jpg","type":"image\/jpeg"}],"twitter_card":"summary_large_image","twitter_site":"@CSchoolRennes","schema":{"@context":"https:\/\/schema.org","@graph":[{"@type":"WebPage","@id":"https:\/\/cyberschool.univ-rennes.fr\/en\/education\/masters-and-postgraduate-programmes\/diplome-dingenieur-parcours-infosec\/","url":"https:\/\/cyberschool.univ-rennes.fr\/en\/education\/masters-and-postgraduate-programmes\/diplome-dingenieur-parcours-infosec\/","name":"Dipl\u00f4me d\u2019ing\u00e9nieur parcours InfoSec - CyberSchool","isPartOf":{"@id":"https:\/\/cyberschool.univ-rennes.fr\/en\/#website"},"datePublished":"2024-04-16T10:08:25+00:00","dateModified":"2026-03-12T13:25:31+00:00","breadcrumb":{"@id":"https:\/\/cyberschool.univ-rennes.fr\/en\/education\/masters-and-postgraduate-programmes\/diplome-dingenieur-parcours-infosec\/#breadcrumb"},"inLanguage":"en-US","potentialAction":[{"@type":"ReadAction","target":["https:\/\/cyberschool.univ-rennes.fr\/en\/education\/masters-and-postgraduate-programmes\/diplome-dingenieur-parcours-infosec\/"]}]},{"@type":"BreadcrumbList","@id":"https:\/\/cyberschool.univ-rennes.fr\/en\/education\/masters-and-postgraduate-programmes\/diplome-dingenieur-parcours-infosec\/#breadcrumb","itemListElement":[{"@type":"ListItem","position":1,"name":"Home","item":"https:\/\/cyberschool.univ-rennes.fr\/en\/"},{"@type":"ListItem","position":2,"name":"Education","item":"https:\/\/cyberschool.univ-rennes.fr\/en\/education\/"},{"@type":"ListItem","position":3,"name":"Master\u2019s and postgraduate programmes","item":"https:\/\/cyberschool.univ-rennes.fr\/en\/education\/masters-and-postgraduate-programmes\/"},{"@type":"ListItem","position":4,"name":"Dipl\u00f4me d\u2019ing\u00e9nieur parcours InfoSec"}]},{"@type":"WebSite","@id":"https:\/\/cyberschool.univ-rennes.fr\/en\/#website","url":"https:\/\/cyberschool.univ-rennes.fr\/en\/","name":"CyberSchool","description":"Just another WordPress site","potentialAction":[{"@type":"SearchAction","target":{"@type":"EntryPoint","urlTemplate":"https:\/\/cyberschool.univ-rennes.fr\/en\/?s={search_term_string}"},"query-input":"required name=search_term_string"}],"inLanguage":"en-US"}]}},"_links":{"self":[{"href":"https:\/\/cyberschool.univ-rennes.fr\/en\/wp-json\/wp\/v2\/pages\/14736"}],"collection":[{"href":"https:\/\/cyberschool.univ-rennes.fr\/en\/wp-json\/wp\/v2\/pages"}],"about":[{"href":"https:\/\/cyberschool.univ-rennes.fr\/en\/wp-json\/wp\/v2\/types\/page"}],"author":[{"embeddable":true,"href":"https:\/\/cyberschool.univ-rennes.fr\/en\/wp-json\/wp\/v2\/users\/8"}],"replies":[{"embeddable":true,"href":"https:\/\/cyberschool.univ-rennes.fr\/en\/wp-json\/wp\/v2\/comments?post=14736"}],"version-history":[{"count":11,"href":"https:\/\/cyberschool.univ-rennes.fr\/en\/wp-json\/wp\/v2\/pages\/14736\/revisions"}],"predecessor-version":[{"id":18403,"href":"https:\/\/cyberschool.univ-rennes.fr\/en\/wp-json\/wp\/v2\/pages\/14736\/revisions\/18403"}],"up":[{"embeddable":true,"href":"https:\/\/cyberschool.univ-rennes.fr\/en\/wp-json\/wp\/v2\/pages\/11276"}],"wp:featuredmedia":[{"embeddable":true,"href":"https:\/\/cyberschool.univ-rennes.fr\/en\/wp-json\/wp\/v2\/media\/12398"}],"wp:attachment":[{"href":"https:\/\/cyberschool.univ-rennes.fr\/en\/wp-json\/wp\/v2\/media?parent=14736"}],"curies":[{"name":"wp","href":"https:\/\/api.w.org\/{rel}","templated":true}]}}