{"id":14858,"date":"2024-04-22T15:56:24","date_gmt":"2024-04-22T14:56:24","guid":{"rendered":"https:\/\/cyberschool.univ-rennes.fr\/?page_id=14858"},"modified":"2026-03-12T14:25:26","modified_gmt":"2026-03-12T13:25:26","slug":"cybersecurity-post-master-degree","status":"publish","type":"page","link":"https:\/\/cyberschool.univ-rennes.fr\/en\/education\/masters-and-postgraduate-programmes\/cybersecurity-post-master-degree\/","title":{"rendered":"Cybersecurity \u2013 post-master degree"},"content":{"rendered":"<section class=\"text-intro\">\n    <div class=\"container\">\n        <section class=\"text-intro\">\n<div class=\"container\">\n<p style=\"text-align: center;\"><strong>The Cybersecurity \u2013 post-master degree is run by <a href=\"https:\/\/www.imt-atlantique.fr\/en\" target=\"_blank\" rel=\"noopener\">IMT Atlantique<\/a> et <a href=\"http:\/\/www.rennes.centralesupelec.fr\/\" target=\"_blank\" rel=\"noopener\">CentraleSup\u00e9lec<\/a>.<\/strong><\/p>\n<p style=\"text-align: center;\"><img decoding=\"async\" loading=\"lazy\" class=\" wp-image-11423 aligncenter\" src=\"https:\/\/cyberschool.univ-rennes.fr\/app\/uploads\/2023\/06\/fichier-2a4x-8-300x75.png\" alt=\"Logos de l'IMT Atlantique et CentraleSup\u00e9lec\" width=\"248\" height=\"62\" srcset=\"https:\/\/cyberschool.univ-rennes.fr\/app\/uploads\/2023\/06\/fichier-2a4x-8-300x75.png 300w, https:\/\/cyberschool.univ-rennes.fr\/app\/uploads\/2023\/06\/fichier-2a4x-8.png 555w\" sizes=\"(max-width: 248px) 100vw, 248px\" \/><strong>&gt; Duration:<\/strong> 1 year, full-time<strong><br \/>\n&gt; Programme managers<\/strong>: Val\u00e9rie Viet Tong, Fr\u00e9d\u00e9ric Tronel et Romaric Ludinard<strong><br \/>\n&gt; Place<\/strong>: Rennes<\/p>\n<\/div>\n<\/section>\n<section class=\"text-intro\"><\/section>\n\n    <\/div>\n<\/section>\n\n\n    <section class=\"txt-image  right\">\n    <div class=\"container\">\n        <div class=\"bloc-txt\">\n            <div class=\"contain-txt\">\n                                <p>This post-master degree is codelivered by CentraleSupelec and IMT Atlantique. As a consequence, students of this degree obtain a double degree and benefit from the features of both universities: internship offers, alumni associations, job forum&#8230;<\/p>\n<p><strong>The goal is to develop skills related to the conception, deployment, exploitation of Information systems in a secure way. In addition, students are also train to continously improve the security of an Information System and to react to security breachs.<\/strong><\/p>\n<p>The Post-Master degree in Cybersecurity is offered by lecturers from the &#8220;Network Systems, Cyber Security and Digital Law&#8221; (SRCD) department of IMT Atlantique and from &#8220;<strong>C<\/strong>onfidentiality, <strong>I<\/strong>ntegrity, <em><strong>D<\/strong>isponibilit\u00e9<\/em>, <strong>Re<\/strong>partition&#8221; (CIDRE) team from CentraleSupelec. Lectures are given in French. In addition to lecturers from these both prestigious universities, a large part of lecture or teached by technical experts from various companies.<\/p>\n\n                                            <\/div>\n        <\/div>\n        <div class=\"bloc-img\">\n            <picture>\n                    <source\n                    type=\"image\/webp\"\n                    srcset=\"https:\/\/cyberschool.univ-rennes.fr\/app\/uploads\/2023\/06\/adobestock_601375100-scaled.webp, https:\/\/cyberschool.univ-rennes.fr\/app\/uploads\/2023\/06\/adobestock_601375100-scaled@2x.webp 2x\"\n                    >\n                    <source\n                    type=\"image\/jpeg\"\n                    srcset=\"https:\/\/cyberschool.univ-rennes.fr\/app\/uploads\/2023\/06\/adobestock_601375100-scaled.jpg, https:\/\/cyberschool.univ-rennes.fr\/app\/uploads\/2023\/06\/adobestock_601375100-scaled@2x.jpg 2x\"\n                    >\n                    <img decoding=\"async\" src=\"https:\/\/cyberschool.univ-rennes.fr\/app\/uploads\/2023\/06\/adobestock_601375100-scaled.jpg\" loading=\"lazy\" alt=\"Professeure au tableau lors de son cours\" \/>\n            <\/picture>\n        <\/div>\n    <\/div>\n<\/section>\n\n\n\n<section class=\"txt\">\n    <div class=\"container\">\n        <div class=\"bloc-txt\">\n                            <h2><span class=\"elipse\"><\/span><span class=\"trait\"><\/span>Acquired skills<\/h2>\n                        <div class=\"flex flex-grow flex-col max-w-full\">\n<div class=\"min-h-[20px] text-message flex flex-col items-start gap-3 whitespace-pre-wrap break-words [.text-message+&amp;]:mt-5 overflow-x-auto\" dir=\"auto\" data-message-author-role=\"assistant\" data-message-id=\"d8c0a700-c3b2-4e0a-9c0d-75d0ec3b4e57\">\n<div class=\"markdown prose w-full break-words dark:prose-invert light\">\n<p>At the end of this programme, students will be able to:<\/p>\n<ul>\n<li>Master organisational methods (EBIOS methods, ISO 27001 standard) and technical methods (authentication, certification, firewall, etc.) to protect the resources of an information system.<\/li>\n<li>Comprehend comprehensively the issues related to information system security to manage associated risks (risk management).<\/li>\n<li>Contextualise the technical, economic, and legal environment in which the information system security policy should be established.<\/li>\n<\/ul>\n<\/div>\n<\/div>\n<\/div>\n\n        <\/div>\n    <\/div>\n<\/section>\n\n\n    <section class=\"txt-image bg-grey left\">\n    <div class=\"container\">\n        <div class=\"bloc-txt\">\n            <div class=\"contain-txt\">\n                                    <h2><span class=\"elipse\"><\/span><span class=\"trait\"><\/span>Who can apply?<\/h2>\n                                <div class=\"flex flex-grow flex-col max-w-full\">\n<div class=\"min-h-[20px] text-message flex flex-col items-start gap-3 whitespace-pre-wrap break-words [.text-message+&amp;]:mt-5 overflow-x-auto\" dir=\"auto\" data-message-author-role=\"assistant\" data-message-id=\"afffbe22-bb90-47cd-bc58-c03b60d230ed\">\n<div class=\"markdown prose w-full break-words dark:prose-invert light\">\n<p>This training programme is aimed at professionals or recent graduates, with or without professional experience, who wish to acquire expertise in information systems security.<\/p>\n<p>If you wish to apply for the Cybersecurity \u2013 post-master degree, you must hold one of the following qualifications:<\/p>\n<ul>\n<li><strong>Engineering degree accredited by the <em>Commission des Titres d&#8217;Ing\u00e9nieur<\/em> (CTI list)<\/strong><\/li>\n<li><strong>Degree from a management school accredited to award the national Master&#8217;s degree (CEFDG list)<\/strong><\/li>\n<li><strong>Postgraduate degree accredited by university authorities (DEA, DESS, Master&#8217;s, etc.) or professional diploma at Bac+5 level<\/strong><\/li>\n<li><strong>Master 1 degree or <em>Ma\u00eetrise<\/em> or equivalent for auditors with at least 3 years of professional experience<\/strong><\/li>\n<li><strong>Title listed in the RNCP at level 1<\/strong><\/li>\n<li><strong>Foreign diploma equivalent to the French diplomas mentioned above<\/strong><\/li>\n<\/ul>\n<p>Some candidates holding a <em>Bac+4<\/em> without professional experience may be admitted under derogation.<\/p>\n<p>In addition to the required titles and diplomas mentioned above, candidates must have a background in scientific education. General knowledge in computer science and networks is necessary.<\/p>\n<\/div>\n<\/div>\n<\/div>\n\n                                            <\/div>\n        <\/div>\n        <div class=\"bloc-img\">\n            <picture>\n                    <source\n                    type=\"image\/webp\"\n                    srcset=\"https:\/\/cyberschool.univ-rennes.fr\/app\/uploads\/2023\/05\/photo-564c1401ecc0.webp, https:\/\/cyberschool.univ-rennes.fr\/app\/uploads\/2023\/05\/photo-564c1401ecc0@2x.webp 2x\"\n                    >\n                    <source\n                    type=\"image\/jpeg\"\n                    srcset=\"https:\/\/cyberschool.univ-rennes.fr\/app\/uploads\/2023\/05\/photo-564c1401ecc0.jpg, https:\/\/cyberschool.univ-rennes.fr\/app\/uploads\/2023\/05\/photo-564c1401ecc0@2x.jpg 2x\"\n                    >\n                    <img decoding=\"async\" src=\"https:\/\/cyberschool.univ-rennes.fr\/app\/uploads\/2023\/05\/photo-564c1401ecc0.jpg\" loading=\"lazy\" alt=\"amphith\u00e9\u00e2tre vide\" \/>\n            <\/picture>\n        <\/div>\n    <\/div>\n<\/section>\n\n\n\n<section class=\"txt\">\n    <div class=\"container\">\n        <div class=\"bloc-txt\">\n                            <h2><span class=\"elipse\"><\/span><span class=\"trait\"><\/span>Internship<\/h2>\n                        <p>Students are required to complete a <strong>6-month internship in a company<\/strong> (from April to September), which will culminate in the defense of a professional thesis.<\/p>\n\n        <\/div>\n    <\/div>\n<\/section>\n\n\n\n<section class=\"txt\">\n    <div class=\"container\">\n        <div class=\"bloc-txt\">\n                            <h2><span class=\"elipse\"><\/span><span class=\"trait\"><\/span>Study programme<\/h2>\n                        <p>Find out more about the courses taught in this programme.<\/p>\n<div class=\"btn-shortcode\"><a href=\"https:\/\/exed.centralesupelec.fr\/formation\/mastere-specialise-cybersecurite\/\" target=\"_blank\" rel=\"noopener\">Check out the study programme<\/a><\/div>\n\n        <\/div>\n    <\/div>\n<\/section>\n\n\n\n<section class=\"txt\">\n    <div class=\"container\">\n        <div class=\"bloc-txt\">\n                            <h2><span class=\"elipse\"><\/span><span class=\"trait\"><\/span>Employment opportunities<\/h2>\n                        <div class=\"flex flex-grow flex-col max-w-full\">\n<div class=\"min-h-[20px] text-message flex flex-col items-start gap-3 whitespace-pre-wrap break-words [.text-message+&amp;]:mt-5 overflow-x-auto\" dir=\"auto\" data-message-author-role=\"assistant\" data-message-id=\"5dfe7832-0f10-4072-91b2-b0f11dd3ab43\">\n<div class=\"markdown prose w-full break-words dark:prose-invert light\">\n<p>Graduates of this post-master degree can pursue a wide range of jobs in various sectors including IT, Telecommunications, Consulting, Defense, Banking, Insurance, Transportation, and Logistics.<\/p>\n<p>Examples of jobs:<\/p>\n<ul>\n<li><strong>Information Systems Security Manager<\/strong><\/li>\n<li><strong>Security Developer<\/strong><\/li>\n<li><strong>Security Architect<\/strong><\/li>\n<li><strong>Security Integrator<\/strong><\/li>\n<li><strong>SOC Analyst<\/strong><\/li>\n<li><strong>Organisational Security Consultant<\/strong><\/li>\n<li><strong>Technical Security Consultant<\/strong><\/li>\n<li><strong>Security Product Evaluator<\/strong><\/li>\n<\/ul>\n<\/div>\n<\/div>\n<\/div>\n\n        <\/div>\n    <\/div>\n<\/section>\n\n\n    <section class=\"txt-image bg-grey left\">\n    <div class=\"container\">\n        <div class=\"bloc-txt\">\n            <div class=\"contain-txt\">\n                                    <h2><span class=\"elipse\"><\/span><span class=\"trait\"><\/span>Labeling<\/h2>\n                                <div class=\"flex flex-grow flex-col max-w-full\">\n<div class=\"min-h-[20px] text-message flex flex-col items-start gap-3 whitespace-pre-wrap break-words [.text-message+&amp;]:mt-5 overflow-x-auto\" dir=\"auto\" data-message-author-role=\"assistant\" data-message-id=\"ac74067b-97c8-43b3-93df-1129f7c9fb2b\">\n<div class=\"markdown prose w-full break-words dark:prose-invert light\">\n<p><strong>The Cybersecurity \u2013 post-master degree has been granted the <a href=\"https:\/\/www.ssi.gouv.fr\/\" target=\"_blank\" rel=\"noopener\">ANSSI<\/a> (French national agency for information systems security) <a href=\"https:\/\/www.ssi.gouv.fr\/entreprise\/formations\/secnumedu\/\" target=\"_blank\" rel=\"noopener\">SecNum<em>edu<\/em> label<\/a>.<\/strong> This label guarantees the relevance of the training in relation to its objectives.<\/p>\n<p>This post-master degree also ranks 1st in the category of &#8220;Telecommunications, Networks, and System Security&#8221; in the SMBG ranking since its inception.<\/p>\n<\/div>\n<\/div>\n<\/div>\n\n                                            <\/div>\n        <\/div>\n        <div class=\"bloc-img\">\n            <picture>\n                    <source\n                    type=\"image\/webp\"\n                    srcset=\"https:\/\/cyberschool.univ-rennes.fr\/app\/uploads\/2022\/11\/secnumedu_logo_plan-de-travail-1.webp, https:\/\/cyberschool.univ-rennes.fr\/app\/uploads\/2022\/11\/secnumedu_logo_plan-de-travail-1@2x.webp 2x\"\n                    >\n                    <source\n                    type=\"image\/jpeg\"\n                    srcset=\"https:\/\/cyberschool.univ-rennes.fr\/app\/uploads\/2022\/11\/secnumedu_logo_plan-de-travail-1.jpg, https:\/\/cyberschool.univ-rennes.fr\/app\/uploads\/2022\/11\/secnumedu_logo_plan-de-travail-1@2x.jpg 2x\"\n                    >\n                    <img decoding=\"async\" src=\"https:\/\/cyberschool.univ-rennes.fr\/app\/uploads\/2022\/11\/secnumedu_logo_plan-de-travail-1.jpg\" loading=\"lazy\" alt=\"Logo SecNumedu\" \/>\n            <\/picture>\n        <\/div>\n    <\/div>\n<\/section>\n\n\n<section class=\"double-cta\">\n    <div class=\"container\">\n                    <div class=\"bloc\">\n                <p class=\"title\">Do you want more information?<\/p>\n                <a href=\"https:\/\/exed.centralesupelec.fr\/formation\/mastere-specialise-cybersecurite\/\"  class=\"btn\"><span>I would like more information<\/span><\/a>\n            <\/div>\n                    <div class=\"bloc\">\n                <p class=\"title\">Do you wish to apply for this programme?<\/p>\n                <a href=\"https:\/\/candidatures.centralesupelec.fr\/campaign\/69024960fba8533acc786c0f?lang=fr\"  class=\"btn\"><span>I wish to apply<\/span><\/a>\n            <\/div>\n            <\/div>\n<\/section>\n","protected":false},"excerpt":{"rendered":"","protected":false},"author":8,"featured_media":12305,"parent":11276,"menu_order":0,"comment_status":"closed","ping_status":"closed","template":"","meta":[],"acf":[],"yoast_head":"<!-- This site is optimized with the Yoast SEO plugin v20.13 - https:\/\/yoast.com\/wordpress\/plugins\/seo\/ -->\n<title>Cybersecurity \u2013 post-master degree - CyberSchool<\/title>\n<meta name=\"robots\" content=\"index, follow, max-snippet:-1, max-image-preview:large, max-video-preview:-1\" \/>\n<link rel=\"canonical\" href=\"https:\/\/cyberschool.univ-rennes.fr\/en\/education\/masters-and-postgraduate-programmes\/cybersecurity-post-master-degree\/\" \/>\n<meta property=\"og:locale\" content=\"en_US\" \/>\n<meta property=\"og:type\" content=\"article\" \/>\n<meta property=\"og:title\" content=\"Cybersecurity \u2013 post-master degree - CyberSchool\" \/>\n<meta property=\"og:url\" content=\"https:\/\/cyberschool.univ-rennes.fr\/en\/education\/masters-and-postgraduate-programmes\/cybersecurity-post-master-degree\/\" \/>\n<meta property=\"og:site_name\" content=\"CyberSchool\" \/>\n<meta property=\"article:publisher\" content=\"https:\/\/www.facebook.com\/CSchoolRennes\/\" \/>\n<meta property=\"article:modified_time\" content=\"2026-03-12T13:25:26+00:00\" \/>\n<meta property=\"og:image\" content=\"https:\/\/cyberschool.univ-rennes.fr\/app\/uploads\/2023\/06\/adobestock_601375100-scaled.jpeg\" \/>\n\t<meta property=\"og:image:width\" content=\"2560\" \/>\n\t<meta property=\"og:image:height\" content=\"1440\" \/>\n\t<meta property=\"og:image:type\" content=\"image\/jpeg\" \/>\n<meta name=\"twitter:card\" content=\"summary_large_image\" \/>\n<meta name=\"twitter:site\" content=\"@CSchoolRennes\" \/>\n<script type=\"application\/ld+json\" class=\"yoast-schema-graph\">{\"@context\":\"https:\/\/schema.org\",\"@graph\":[{\"@type\":\"WebPage\",\"@id\":\"https:\/\/cyberschool.univ-rennes.fr\/en\/education\/masters-and-postgraduate-programmes\/cybersecurity-post-master-degree\/\",\"url\":\"https:\/\/cyberschool.univ-rennes.fr\/en\/education\/masters-and-postgraduate-programmes\/cybersecurity-post-master-degree\/\",\"name\":\"Cybersecurity \u2013 post-master degree - CyberSchool\",\"isPartOf\":{\"@id\":\"https:\/\/cyberschool.univ-rennes.fr\/en\/#website\"},\"datePublished\":\"2024-04-22T14:56:24+00:00\",\"dateModified\":\"2026-03-12T13:25:26+00:00\",\"breadcrumb\":{\"@id\":\"https:\/\/cyberschool.univ-rennes.fr\/en\/education\/masters-and-postgraduate-programmes\/cybersecurity-post-master-degree\/#breadcrumb\"},\"inLanguage\":\"en-US\",\"potentialAction\":[{\"@type\":\"ReadAction\",\"target\":[\"https:\/\/cyberschool.univ-rennes.fr\/en\/education\/masters-and-postgraduate-programmes\/cybersecurity-post-master-degree\/\"]}]},{\"@type\":\"BreadcrumbList\",\"@id\":\"https:\/\/cyberschool.univ-rennes.fr\/en\/education\/masters-and-postgraduate-programmes\/cybersecurity-post-master-degree\/#breadcrumb\",\"itemListElement\":[{\"@type\":\"ListItem\",\"position\":1,\"name\":\"Home\",\"item\":\"https:\/\/cyberschool.univ-rennes.fr\/en\/\"},{\"@type\":\"ListItem\",\"position\":2,\"name\":\"Education\",\"item\":\"https:\/\/cyberschool.univ-rennes.fr\/en\/education\/\"},{\"@type\":\"ListItem\",\"position\":3,\"name\":\"Master\u2019s and postgraduate programmes\",\"item\":\"https:\/\/cyberschool.univ-rennes.fr\/en\/education\/masters-and-postgraduate-programmes\/\"},{\"@type\":\"ListItem\",\"position\":4,\"name\":\"Cybersecurity \u2013 post-master degree\"}]},{\"@type\":\"WebSite\",\"@id\":\"https:\/\/cyberschool.univ-rennes.fr\/en\/#website\",\"url\":\"https:\/\/cyberschool.univ-rennes.fr\/en\/\",\"name\":\"CyberSchool\",\"description\":\"Just another WordPress site\",\"potentialAction\":[{\"@type\":\"SearchAction\",\"target\":{\"@type\":\"EntryPoint\",\"urlTemplate\":\"https:\/\/cyberschool.univ-rennes.fr\/en\/?s={search_term_string}\"},\"query-input\":\"required name=search_term_string\"}],\"inLanguage\":\"en-US\"}]}<\/script>\n<!-- \/ Yoast SEO plugin. -->","yoast_head_json":{"title":"Cybersecurity \u2013 post-master degree - CyberSchool","robots":{"index":"index","follow":"follow","max-snippet":"max-snippet:-1","max-image-preview":"max-image-preview:large","max-video-preview":"max-video-preview:-1"},"canonical":"https:\/\/cyberschool.univ-rennes.fr\/en\/education\/masters-and-postgraduate-programmes\/cybersecurity-post-master-degree\/","og_locale":"en_US","og_type":"article","og_title":"Cybersecurity \u2013 post-master degree - CyberSchool","og_url":"https:\/\/cyberschool.univ-rennes.fr\/en\/education\/masters-and-postgraduate-programmes\/cybersecurity-post-master-degree\/","og_site_name":"CyberSchool","article_publisher":"https:\/\/www.facebook.com\/CSchoolRennes\/","article_modified_time":"2026-03-12T13:25:26+00:00","og_image":[{"width":2560,"height":1440,"url":"https:\/\/cyberschool.univ-rennes.fr\/app\/uploads\/2023\/06\/adobestock_601375100-scaled.jpeg","type":"image\/jpeg"}],"twitter_card":"summary_large_image","twitter_site":"@CSchoolRennes","schema":{"@context":"https:\/\/schema.org","@graph":[{"@type":"WebPage","@id":"https:\/\/cyberschool.univ-rennes.fr\/en\/education\/masters-and-postgraduate-programmes\/cybersecurity-post-master-degree\/","url":"https:\/\/cyberschool.univ-rennes.fr\/en\/education\/masters-and-postgraduate-programmes\/cybersecurity-post-master-degree\/","name":"Cybersecurity \u2013 post-master degree - CyberSchool","isPartOf":{"@id":"https:\/\/cyberschool.univ-rennes.fr\/en\/#website"},"datePublished":"2024-04-22T14:56:24+00:00","dateModified":"2026-03-12T13:25:26+00:00","breadcrumb":{"@id":"https:\/\/cyberschool.univ-rennes.fr\/en\/education\/masters-and-postgraduate-programmes\/cybersecurity-post-master-degree\/#breadcrumb"},"inLanguage":"en-US","potentialAction":[{"@type":"ReadAction","target":["https:\/\/cyberschool.univ-rennes.fr\/en\/education\/masters-and-postgraduate-programmes\/cybersecurity-post-master-degree\/"]}]},{"@type":"BreadcrumbList","@id":"https:\/\/cyberschool.univ-rennes.fr\/en\/education\/masters-and-postgraduate-programmes\/cybersecurity-post-master-degree\/#breadcrumb","itemListElement":[{"@type":"ListItem","position":1,"name":"Home","item":"https:\/\/cyberschool.univ-rennes.fr\/en\/"},{"@type":"ListItem","position":2,"name":"Education","item":"https:\/\/cyberschool.univ-rennes.fr\/en\/education\/"},{"@type":"ListItem","position":3,"name":"Master\u2019s and postgraduate programmes","item":"https:\/\/cyberschool.univ-rennes.fr\/en\/education\/masters-and-postgraduate-programmes\/"},{"@type":"ListItem","position":4,"name":"Cybersecurity \u2013 post-master degree"}]},{"@type":"WebSite","@id":"https:\/\/cyberschool.univ-rennes.fr\/en\/#website","url":"https:\/\/cyberschool.univ-rennes.fr\/en\/","name":"CyberSchool","description":"Just another WordPress site","potentialAction":[{"@type":"SearchAction","target":{"@type":"EntryPoint","urlTemplate":"https:\/\/cyberschool.univ-rennes.fr\/en\/?s={search_term_string}"},"query-input":"required name=search_term_string"}],"inLanguage":"en-US"}]}},"_links":{"self":[{"href":"https:\/\/cyberschool.univ-rennes.fr\/en\/wp-json\/wp\/v2\/pages\/14858"}],"collection":[{"href":"https:\/\/cyberschool.univ-rennes.fr\/en\/wp-json\/wp\/v2\/pages"}],"about":[{"href":"https:\/\/cyberschool.univ-rennes.fr\/en\/wp-json\/wp\/v2\/types\/page"}],"author":[{"embeddable":true,"href":"https:\/\/cyberschool.univ-rennes.fr\/en\/wp-json\/wp\/v2\/users\/8"}],"replies":[{"embeddable":true,"href":"https:\/\/cyberschool.univ-rennes.fr\/en\/wp-json\/wp\/v2\/comments?post=14858"}],"version-history":[{"count":11,"href":"https:\/\/cyberschool.univ-rennes.fr\/en\/wp-json\/wp\/v2\/pages\/14858\/revisions"}],"predecessor-version":[{"id":18399,"href":"https:\/\/cyberschool.univ-rennes.fr\/en\/wp-json\/wp\/v2\/pages\/14858\/revisions\/18399"}],"up":[{"embeddable":true,"href":"https:\/\/cyberschool.univ-rennes.fr\/en\/wp-json\/wp\/v2\/pages\/11276"}],"wp:featuredmedia":[{"embeddable":true,"href":"https:\/\/cyberschool.univ-rennes.fr\/en\/wp-json\/wp\/v2\/media\/12305"}],"wp:attachment":[{"href":"https:\/\/cyberschool.univ-rennes.fr\/en\/wp-json\/wp\/v2\/media?parent=14858"}],"curies":[{"name":"wp","href":"https:\/\/api.w.org\/{rel}","templated":true}]}}