{"id":14879,"date":"2024-05-06T09:26:49","date_gmt":"2024-05-06T08:26:49","guid":{"rendered":"https:\/\/cyberschool.univ-rennes.fr\/?page_id=14879"},"modified":"2026-03-12T14:35:59","modified_gmt":"2026-03-12T13:35:59","slug":"cycle-universitaire-preparatoire-aux-grandes-ecoles-cupge-cybersecurite","status":"publish","type":"page","link":"https:\/\/cyberschool.univ-rennes.fr\/en\/education\/two-and-three-year-higher-education-programmes\/cycle-universitaire-preparatoire-aux-grandes-ecoles-cupge-cybersecurite\/","title":{"rendered":"Cycle Universitaire Pr\u00e9paratoire aux Grandes \u00c9coles (CUPGE) \u2013 Cybers\u00e9curit\u00e9"},"content":{"rendered":"<section class=\"text-intro\">\n    <div class=\"container\">\n        <section class=\"text-intro\">\n<div class=\"container\">\n<section class=\"text-intro\">\n<div class=\"container\">\n<p style=\"text-align: center;\"><strong>The\u00a0<em>Cycle Universitaire Pr\u00e9paratoire aux Grandes \u00c9coles (CUPGE) \u2013 Cybers\u00e9curit\u00e9<\/em><\/strong> <strong>is run by <a href=\"https:\/\/www.enssat.fr\/\" target=\"_blank\" rel=\"noopener\">Enssat<\/a> and the <a href=\"https:\/\/iut-lannion.univ-rennes.fr\/\" target=\"_blank\" rel=\"noopener\">IUT of Lannion<\/a> (<a href=\"https:\/\/www.univ-rennes1.fr\/\" target=\"_blank\" rel=\"noopener\">University of Rennes<\/a>).<\/strong><\/p>\n<p><img decoding=\"async\" loading=\"lazy\" class=\" wp-image-14593 aligncenter\" src=\"https:\/\/cyberschool.univ-rennes.fr\/app\/uploads\/2024\/04\/logos-enssat-iut-lannion-cyberschool-300x62.png\" alt=\"Logos de l'Enssat et l'Iut de Lannion\" width=\"431\" height=\"89\" srcset=\"https:\/\/cyberschool.univ-rennes.fr\/app\/uploads\/2024\/04\/logos-enssat-iut-lannion-cyberschool-300x62.png 300w, https:\/\/cyberschool.univ-rennes.fr\/app\/uploads\/2024\/04\/logos-enssat-iut-lannion-cyberschool-768x159.png 768w, https:\/\/cyberschool.univ-rennes.fr\/app\/uploads\/2024\/04\/logos-enssat-iut-lannion-cyberschool.png 823w\" sizes=\"(max-width: 431px) 100vw, 431px\" \/><\/p>\n<blockquote>\n<h3 style=\"text-align: center;\">NEW: OPEN IN SEPTEMBER 2024<\/h3>\n<p style=\"text-align: center;\"><strong>&gt; Duration:<\/strong> 2 years, full-time<strong><br \/>\n&gt; Place<\/strong>: Lannion<\/p>\n<\/blockquote>\n<\/div>\n<\/section>\n<\/div>\n<\/section>\n\n    <\/div>\n<\/section>\n\n\n    <section class=\"txt-image  right\">\n    <div class=\"container\">\n        <div class=\"bloc-txt\">\n            <div class=\"contain-txt\">\n                                    <h2><span class=\"elipse\"><\/span><span class=\"trait\"><\/span>Presentation<\/h2>\n                                <p><strong>This <em>Cycle Universitaire Pr\u00e9paratoire aux Grandes \u00c9coles (CUPGE) \u2013 Cybers\u00e9curit\u00e9<\/em> is designed for students who are considering pursuing engineering studies at Enssat and wish to reinforce their choice of professional project through practical experience and experimentation.<\/strong><\/p>\n<p><strong>The programme is based on the first two years of the <a href=\"https:\/\/cyberschool.univ-rennes.fr\/en\/education\/cybersecurity-training-programmes\/but-reseaux-telecommunications-lannion\/\" target=\"_blank\" rel=\"noopener\">BUT R\u00e9seaux &amp; T\u00e9l\u00e9communications at the IUT of Lannion<\/a><\/strong>, with additional focus on fundamental scientific subjects, particularly mathematics. This programme combines theoretical scientific teachings with hands-on experience (40% practical work, a multi-technological project, and an internship in a company), as well as an emphasis on engineering skills.<\/p>\n\n                                            <\/div>\n        <\/div>\n        <div class=\"bloc-img\">\n            <picture>\n                    <source\n                    type=\"image\/webp\"\n                    srcset=\"https:\/\/cyberschool.univ-rennes.fr\/app\/uploads\/2024\/04\/surface-8rs5ugac5iw-unsplash-scaled.webp, https:\/\/cyberschool.univ-rennes.fr\/app\/uploads\/2024\/04\/surface-8rs5ugac5iw-unsplash-scaled@2x.webp 2x\"\n                    >\n                    <source\n                    type=\"image\/jpeg\"\n                    srcset=\"https:\/\/cyberschool.univ-rennes.fr\/app\/uploads\/2024\/04\/surface-8rs5ugac5iw-unsplash-scaled.jpg, https:\/\/cyberschool.univ-rennes.fr\/app\/uploads\/2024\/04\/surface-8rs5ugac5iw-unsplash-scaled@2x.jpg 2x\"\n                    >\n                    <img decoding=\"async\" src=\"https:\/\/cyberschool.univ-rennes.fr\/app\/uploads\/2024\/04\/surface-8rs5ugac5iw-unsplash-scaled.jpg\" loading=\"lazy\" alt=\"Une femme assise devant son ordinateur\" \/>\n            <\/picture>\n        <\/div>\n    <\/div>\n<\/section>\n\n\n\n<section class=\"txt\">\n    <div class=\"container\">\n        <div class=\"bloc-txt\">\n                            <h2><span class=\"elipse\"><\/span><span class=\"trait\"><\/span>Acquired skills<\/h2>\n                        <div class=\"flex flex-grow flex-col max-w-full\">\n<div class=\"min-h-[20px] text-message flex flex-col items-start whitespace-pre-wrap break-words [.text-message+&amp;]:mt-5 overflow-x-auto gap-3\" dir=\"auto\" data-message-author-role=\"assistant\" data-message-id=\"a84b1b8c-aceb-4bd7-9318-098b4a6a166a\">\n<div class=\"markdown prose w-full break-words dark:prose-invert light\">\n<p>From computer science to telecommunications, encompassing networks, servers, and their security, students gain comprehensive expertise in the field of information and communication systems. This expertise particularly includes:<\/p>\n<ul>\n<li>Computer networks: local (Ethernet), wide-area (ADSL, fibre optic, satellite, etc.).<\/li>\n<li>Services: web, email, social networks, cloud, telephony, video conferencing, Internet television, information security, data backup, virtualization, etc.<\/li>\n<li>Cybersecurity: intrusion testing, network security, cyber defense, and crisis management.<\/li>\n<\/ul>\n<p>The complementary training in humanities and social sciences aims to provide students with various skills relevant to the engineering profession.<\/p>\n<\/div>\n<\/div>\n<\/div>\n\n        <\/div>\n    <\/div>\n<\/section>\n\n\n    <section class=\"txt-image  left\">\n    <div class=\"container\">\n        <div class=\"bloc-txt\">\n            <div class=\"contain-txt\">\n                                    <h2><span class=\"elipse\"><\/span><span class=\"trait\"><\/span>Who can apply ?<\/h2>\n                                <p>If you wish to apply for the <em>Cycle Universitaire Pr\u00e9paratoire aux Grandes \u00c9coles (CUPGE) \u2013 Cybers\u00e9curit\u00e9<\/em>, you <strong>must hold a General Baccalaureate with scientific specialisations<\/strong> (mathematics, digital and computer sciences, physics-chemistry, engineering sciences).<\/p>\n\n                                            <\/div>\n        <\/div>\n        <div class=\"bloc-img\">\n            <picture>\n                    <source\n                    type=\"image\/webp\"\n                    srcset=\"https:\/\/cyberschool.univ-rennes.fr\/app\/uploads\/2024\/04\/livres-cyberschool-scaled.webp, https:\/\/cyberschool.univ-rennes.fr\/app\/uploads\/2024\/04\/livres-cyberschool-scaled@2x.webp 2x\"\n                    >\n                    <source\n                    type=\"image\/jpeg\"\n                    srcset=\"https:\/\/cyberschool.univ-rennes.fr\/app\/uploads\/2024\/04\/livres-cyberschool-scaled.jpg, https:\/\/cyberschool.univ-rennes.fr\/app\/uploads\/2024\/04\/livres-cyberschool-scaled@2x.jpg 2x\"\n                    >\n                    <img decoding=\"async\" src=\"https:\/\/cyberschool.univ-rennes.fr\/app\/uploads\/2024\/04\/livres-cyberschool-scaled.jpg\" loading=\"lazy\" alt=\"Des livres empil\u00e9s\" \/>\n            <\/picture>\n        <\/div>\n    <\/div>\n<\/section>\n\n\n\n<section class=\"txt\">\n    <div class=\"container\">\n        <div class=\"bloc-txt\">\n                            <h2><span class=\"elipse\"><\/span><span class=\"trait\"><\/span>Internship<\/h2>\n                        <p>The <em>Cycle Universitaire Pr\u00e9paratoire aux Grandes \u00c9coles (CUPGE) \u2013 Cybers\u00e9curit\u00e9 <\/em>combines theoretical teachings with <strong>practical application through a second-year internship in a company.<\/strong><\/p>\n\n        <\/div>\n    <\/div>\n<\/section>\n\n\n\n<section class=\"txt\">\n    <div class=\"container\">\n        <div class=\"bloc-txt\">\n                            <h2><span class=\"elipse\"><\/span><span class=\"trait\"><\/span>Employment opportunities<\/h2>\n                        <p>At the end of the <em>Cycle Universitaire Pr\u00e9paratoire aux Grandes \u00c9coles (CUPGE) \u2013 Cybers\u00e9curit\u00e9<\/em>, <strong>students have automatic access to the engineering cycle at Enssat through the validation of the preparatory cycle via continuous assessment:<\/strong><\/p>\n<ul>\n<li><a href=\"https:\/\/cyberschool.univ-rennes.fr\/en\/education\/cybersecurity-training-programmes\/computer-engineer-by-apprenticeship-cybersecurity-data-and-multimedia-science-artificial-intelligence\/\" target=\"_blank\" rel=\"noopener\">Computer Engineer by Apprenticeship, Cybersecurity, data and multimedia science, artificial intelligence<\/a><\/li>\n<li><a href=\"https:\/\/cyberschool.univ-rennes.fr\/en\/education\/cybersecurity-training-programmes\/software-and-computing-engineering-information-management-artificial-intelligence-and-cybersecurity\/\" target=\"_blank\" rel=\"noopener\">Software and Computing engineering, Information management, artificial intelligence and cybersecurity<\/a><\/li>\n<li><a href=\"https:\/\/www.enssat.fr\/en_US\/formations\/formation-ingenieur-systemes-numeriques\" target=\"_blank\" rel=\"noopener\">Digital systems engineering, Digital and signal technologies, embedded systems, AI, hardware security<\/a><\/li>\n<\/ul>\n<p><strong>If a student encounters difficulties in the reinforcement subjects that may compromise their access to the engineering cycle, they may continue with a professional-oriented <a href=\"https:\/\/cyberschool.univ-rennes.fr\/en\/education\/cybersecurity-training-programmes\/but-reseaux-telecommunications-lannion\/\" target=\"_blank\" rel=\"noopener\"><em>BUT R\u00e9seaux &amp; T\u00e9l\u00e9communications<\/em><\/a> (Year 3).<\/strong> This system thus ensures the academic path of the student is secure and provides the best possible success based on their abilities.<\/p>\n\n        <\/div>\n    <\/div>\n<\/section>\n\n\n<section class=\"double-cta\">\n    <div class=\"container\">\n                    <div class=\"bloc\">\n                <p class=\"title\">Would you like more information?<\/p>\n                <a href=\"https:\/\/www.enssat.fr\/fr_FR\/formations\/post-bac-cupge-lannion\"  class=\"btn\"><span>I would like more information<\/span><\/a>\n            <\/div>\n                    <div class=\"bloc\">\n                <p class=\"title\">Do you wish to apply for the Cycle Universitaire Pr\u00e9paratoire aux Grandes \u00c9coles (CUPGE) \u2013 Cybers\u00e9curit\u00e9?<\/p>\n                <a href=\"https:\/\/dossier.parcoursup.fr\/Candidats\/public\/fiches\/afficherFicheFormation?g_ta_cod=43557&#038;typeBac=0\"  class=\"btn\"><span>I wish to apply<\/span><\/a>\n            <\/div>\n            <\/div>\n<\/section>\n","protected":false},"excerpt":{"rendered":"","protected":false},"author":8,"featured_media":14530,"parent":17375,"menu_order":0,"comment_status":"closed","ping_status":"closed","template":"","meta":[],"acf":[],"yoast_head":"<!-- This site is optimized with the Yoast SEO plugin v20.13 - https:\/\/yoast.com\/wordpress\/plugins\/seo\/ -->\n<title>Cycle Universitaire Pr\u00e9paratoire aux Grandes \u00c9coles (CUPGE) \u2013 Cybers\u00e9curit\u00e9 - CyberSchool<\/title>\n<meta name=\"robots\" content=\"index, follow, max-snippet:-1, max-image-preview:large, max-video-preview:-1\" \/>\n<link rel=\"canonical\" href=\"https:\/\/cyberschool.univ-rennes.fr\/en\/education\/two-and-three-year-higher-education-programmes\/cycle-universitaire-preparatoire-aux-grandes-ecoles-cupge-cybersecurite\/\" \/>\n<meta property=\"og:locale\" content=\"en_US\" \/>\n<meta property=\"og:type\" content=\"article\" \/>\n<meta property=\"og:title\" content=\"Cycle Universitaire Pr\u00e9paratoire aux Grandes \u00c9coles (CUPGE) \u2013 Cybers\u00e9curit\u00e9 - CyberSchool\" \/>\n<meta property=\"og:url\" content=\"https:\/\/cyberschool.univ-rennes.fr\/en\/education\/two-and-three-year-higher-education-programmes\/cycle-universitaire-preparatoire-aux-grandes-ecoles-cupge-cybersecurite\/\" \/>\n<meta property=\"og:site_name\" content=\"CyberSchool\" \/>\n<meta property=\"article:publisher\" content=\"https:\/\/www.facebook.com\/CSchoolRennes\/\" \/>\n<meta property=\"article:modified_time\" content=\"2026-03-12T13:35:59+00:00\" \/>\n<meta property=\"og:image\" content=\"https:\/\/cyberschool.univ-rennes.fr\/app\/uploads\/2024\/04\/surface-8rs5ugac5iw-unsplash-scaled.jpg\" \/>\n\t<meta property=\"og:image:width\" content=\"2560\" \/>\n\t<meta property=\"og:image:height\" content=\"1707\" \/>\n\t<meta property=\"og:image:type\" content=\"image\/jpeg\" \/>\n<meta name=\"twitter:card\" content=\"summary_large_image\" \/>\n<meta name=\"twitter:site\" content=\"@CSchoolRennes\" \/>\n<script type=\"application\/ld+json\" class=\"yoast-schema-graph\">{\"@context\":\"https:\/\/schema.org\",\"@graph\":[{\"@type\":\"WebPage\",\"@id\":\"https:\/\/cyberschool.univ-rennes.fr\/en\/education\/two-and-three-year-higher-education-programmes\/cycle-universitaire-preparatoire-aux-grandes-ecoles-cupge-cybersecurite\/\",\"url\":\"https:\/\/cyberschool.univ-rennes.fr\/en\/education\/two-and-three-year-higher-education-programmes\/cycle-universitaire-preparatoire-aux-grandes-ecoles-cupge-cybersecurite\/\",\"name\":\"Cycle Universitaire Pr\u00e9paratoire aux Grandes \u00c9coles (CUPGE) \u2013 Cybers\u00e9curit\u00e9 - CyberSchool\",\"isPartOf\":{\"@id\":\"https:\/\/cyberschool.univ-rennes.fr\/en\/#website\"},\"datePublished\":\"2024-05-06T08:26:49+00:00\",\"dateModified\":\"2026-03-12T13:35:59+00:00\",\"breadcrumb\":{\"@id\":\"https:\/\/cyberschool.univ-rennes.fr\/en\/education\/two-and-three-year-higher-education-programmes\/cycle-universitaire-preparatoire-aux-grandes-ecoles-cupge-cybersecurite\/#breadcrumb\"},\"inLanguage\":\"en-US\",\"potentialAction\":[{\"@type\":\"ReadAction\",\"target\":[\"https:\/\/cyberschool.univ-rennes.fr\/en\/education\/two-and-three-year-higher-education-programmes\/cycle-universitaire-preparatoire-aux-grandes-ecoles-cupge-cybersecurite\/\"]}]},{\"@type\":\"BreadcrumbList\",\"@id\":\"https:\/\/cyberschool.univ-rennes.fr\/en\/education\/two-and-three-year-higher-education-programmes\/cycle-universitaire-preparatoire-aux-grandes-ecoles-cupge-cybersecurite\/#breadcrumb\",\"itemListElement\":[{\"@type\":\"ListItem\",\"position\":1,\"name\":\"Home\",\"item\":\"https:\/\/cyberschool.univ-rennes.fr\/en\/\"},{\"@type\":\"ListItem\",\"position\":2,\"name\":\"Education\",\"item\":\"https:\/\/cyberschool.univ-rennes.fr\/en\/education\/\"},{\"@type\":\"ListItem\",\"position\":3,\"name\":\"Two- and three-year higher education programmes\",\"item\":\"https:\/\/cyberschool.univ-rennes.fr\/en\/education\/two-and-three-year-higher-education-programmes\/\"},{\"@type\":\"ListItem\",\"position\":4,\"name\":\"Cycle Universitaire Pr\u00e9paratoire aux Grandes \u00c9coles (CUPGE) \u2013 Cybers\u00e9curit\u00e9\"}]},{\"@type\":\"WebSite\",\"@id\":\"https:\/\/cyberschool.univ-rennes.fr\/en\/#website\",\"url\":\"https:\/\/cyberschool.univ-rennes.fr\/en\/\",\"name\":\"CyberSchool\",\"description\":\"Just another WordPress site\",\"potentialAction\":[{\"@type\":\"SearchAction\",\"target\":{\"@type\":\"EntryPoint\",\"urlTemplate\":\"https:\/\/cyberschool.univ-rennes.fr\/en\/?s={search_term_string}\"},\"query-input\":\"required name=search_term_string\"}],\"inLanguage\":\"en-US\"}]}<\/script>\n<!-- \/ Yoast SEO plugin. -->","yoast_head_json":{"title":"Cycle Universitaire Pr\u00e9paratoire aux Grandes \u00c9coles (CUPGE) \u2013 Cybers\u00e9curit\u00e9 - CyberSchool","robots":{"index":"index","follow":"follow","max-snippet":"max-snippet:-1","max-image-preview":"max-image-preview:large","max-video-preview":"max-video-preview:-1"},"canonical":"https:\/\/cyberschool.univ-rennes.fr\/en\/education\/two-and-three-year-higher-education-programmes\/cycle-universitaire-preparatoire-aux-grandes-ecoles-cupge-cybersecurite\/","og_locale":"en_US","og_type":"article","og_title":"Cycle Universitaire Pr\u00e9paratoire aux Grandes \u00c9coles (CUPGE) \u2013 Cybers\u00e9curit\u00e9 - CyberSchool","og_url":"https:\/\/cyberschool.univ-rennes.fr\/en\/education\/two-and-three-year-higher-education-programmes\/cycle-universitaire-preparatoire-aux-grandes-ecoles-cupge-cybersecurite\/","og_site_name":"CyberSchool","article_publisher":"https:\/\/www.facebook.com\/CSchoolRennes\/","article_modified_time":"2026-03-12T13:35:59+00:00","og_image":[{"width":2560,"height":1707,"url":"https:\/\/cyberschool.univ-rennes.fr\/app\/uploads\/2024\/04\/surface-8rs5ugac5iw-unsplash-scaled.jpg","type":"image\/jpeg"}],"twitter_card":"summary_large_image","twitter_site":"@CSchoolRennes","schema":{"@context":"https:\/\/schema.org","@graph":[{"@type":"WebPage","@id":"https:\/\/cyberschool.univ-rennes.fr\/en\/education\/two-and-three-year-higher-education-programmes\/cycle-universitaire-preparatoire-aux-grandes-ecoles-cupge-cybersecurite\/","url":"https:\/\/cyberschool.univ-rennes.fr\/en\/education\/two-and-three-year-higher-education-programmes\/cycle-universitaire-preparatoire-aux-grandes-ecoles-cupge-cybersecurite\/","name":"Cycle Universitaire Pr\u00e9paratoire aux Grandes \u00c9coles (CUPGE) \u2013 Cybers\u00e9curit\u00e9 - CyberSchool","isPartOf":{"@id":"https:\/\/cyberschool.univ-rennes.fr\/en\/#website"},"datePublished":"2024-05-06T08:26:49+00:00","dateModified":"2026-03-12T13:35:59+00:00","breadcrumb":{"@id":"https:\/\/cyberschool.univ-rennes.fr\/en\/education\/two-and-three-year-higher-education-programmes\/cycle-universitaire-preparatoire-aux-grandes-ecoles-cupge-cybersecurite\/#breadcrumb"},"inLanguage":"en-US","potentialAction":[{"@type":"ReadAction","target":["https:\/\/cyberschool.univ-rennes.fr\/en\/education\/two-and-three-year-higher-education-programmes\/cycle-universitaire-preparatoire-aux-grandes-ecoles-cupge-cybersecurite\/"]}]},{"@type":"BreadcrumbList","@id":"https:\/\/cyberschool.univ-rennes.fr\/en\/education\/two-and-three-year-higher-education-programmes\/cycle-universitaire-preparatoire-aux-grandes-ecoles-cupge-cybersecurite\/#breadcrumb","itemListElement":[{"@type":"ListItem","position":1,"name":"Home","item":"https:\/\/cyberschool.univ-rennes.fr\/en\/"},{"@type":"ListItem","position":2,"name":"Education","item":"https:\/\/cyberschool.univ-rennes.fr\/en\/education\/"},{"@type":"ListItem","position":3,"name":"Two- and three-year higher education programmes","item":"https:\/\/cyberschool.univ-rennes.fr\/en\/education\/two-and-three-year-higher-education-programmes\/"},{"@type":"ListItem","position":4,"name":"Cycle Universitaire Pr\u00e9paratoire aux Grandes \u00c9coles (CUPGE) \u2013 Cybers\u00e9curit\u00e9"}]},{"@type":"WebSite","@id":"https:\/\/cyberschool.univ-rennes.fr\/en\/#website","url":"https:\/\/cyberschool.univ-rennes.fr\/en\/","name":"CyberSchool","description":"Just another WordPress site","potentialAction":[{"@type":"SearchAction","target":{"@type":"EntryPoint","urlTemplate":"https:\/\/cyberschool.univ-rennes.fr\/en\/?s={search_term_string}"},"query-input":"required name=search_term_string"}],"inLanguage":"en-US"}]}},"_links":{"self":[{"href":"https:\/\/cyberschool.univ-rennes.fr\/en\/wp-json\/wp\/v2\/pages\/14879"}],"collection":[{"href":"https:\/\/cyberschool.univ-rennes.fr\/en\/wp-json\/wp\/v2\/pages"}],"about":[{"href":"https:\/\/cyberschool.univ-rennes.fr\/en\/wp-json\/wp\/v2\/types\/page"}],"author":[{"embeddable":true,"href":"https:\/\/cyberschool.univ-rennes.fr\/en\/wp-json\/wp\/v2\/users\/8"}],"replies":[{"embeddable":true,"href":"https:\/\/cyberschool.univ-rennes.fr\/en\/wp-json\/wp\/v2\/comments?post=14879"}],"version-history":[{"count":7,"href":"https:\/\/cyberschool.univ-rennes.fr\/en\/wp-json\/wp\/v2\/pages\/14879\/revisions"}],"predecessor-version":[{"id":18492,"href":"https:\/\/cyberschool.univ-rennes.fr\/en\/wp-json\/wp\/v2\/pages\/14879\/revisions\/18492"}],"up":[{"embeddable":true,"href":"https:\/\/cyberschool.univ-rennes.fr\/en\/wp-json\/wp\/v2\/pages\/17375"}],"wp:featuredmedia":[{"embeddable":true,"href":"https:\/\/cyberschool.univ-rennes.fr\/en\/wp-json\/wp\/v2\/media\/14530"}],"wp:attachment":[{"href":"https:\/\/cyberschool.univ-rennes.fr\/en\/wp-json\/wp\/v2\/media?parent=14879"}],"curies":[{"name":"wp","href":"https:\/\/api.w.org\/{rel}","templated":true}]}}