{"id":14890,"date":"2024-05-06T13:16:47","date_gmt":"2024-05-06T12:16:47","guid":{"rendered":"https:\/\/cyberschool.univ-rennes.fr\/?page_id=14890"},"modified":"2026-03-12T14:25:23","modified_gmt":"2026-03-12T13:25:23","slug":"apprentice-engineer-specialising-in-computer-science-networks-and-telecommunications","status":"publish","type":"page","link":"https:\/\/cyberschool.univ-rennes.fr\/en\/education\/masters-and-postgraduate-programmes\/apprentice-engineer-specialising-in-computer-science-networks-and-telecommunications\/","title":{"rendered":"Apprentice engineer specialising in: Computer science, Networks and Telecommunications"},"content":{"rendered":"<section class=\"text-intro\">\n    <div class=\"container\">\n        <section class=\"text-intro\">\n<div class=\"container\">\n<section class=\"text-intro\">\n<div class=\"container\">\n<p style=\"text-align: center;\"><strong>The Apprentice engineer programme specialising in Computer science, Networks and Telecommunications is run by <a href=\"https:\/\/www.imt-atlantique.fr\/en\" target=\"_blank\" rel=\"noopener\">IMT Atlantique<\/a>.<\/strong><\/p>\n<blockquote>\n<p style=\"text-align: center;\"><img decoding=\"async\" loading=\"lazy\" class=\"wp-image-925 aligncenter\" src=\"https:\/\/cyberschool.univ-rennes.fr\/app\/uploads\/2021\/01\/imt-atlantique-rvb-pour-impression-300x204.jpg\" alt=\"Logo de IMT Atlantique\" width=\"149\" height=\"101\" \/><strong>&gt; Duration:<\/strong> 3 years, work-study<strong><br \/>\n&gt; Places<\/strong>: Rennes and Brest<\/p>\n<\/blockquote>\n<\/div>\n<\/section>\n<\/div>\n<\/section>\n\n    <\/div>\n<\/section>\n\n\n    <section class=\"txt-image  right\">\n    <div class=\"container\">\n        <div class=\"bloc-txt\">\n            <div class=\"contain-txt\">\n                                    <h2><span class=\"elipse\"><\/span><span class=\"trait\"><\/span>Presentation<\/h2>\n                                <p><strong>This IMT Atlantique apprenticeship programme is designed to train high-level, operational graduate engineers with a wide range of skills in computer science, networks and telecommunications.<\/strong> It prepares them for careers in both the architecture and engineering of information and communication systems and networks, as well as managerial and international functions.<\/p>\n<div class=\"flex flex-grow flex-col max-w-full\">\n<div class=\"min-h-[20px] text-message flex flex-col items-start whitespace-pre-wrap break-words [.text-message+&amp;]:mt-5 overflow-x-auto gap-3\" dir=\"auto\" data-message-author-role=\"assistant\" data-message-id=\"f977d707-abd8-49c3-b15d-899f73cfb69e\">\n<div class=\"markdown prose w-full break-words dark:prose-invert light\">\n<p>The programme is organised around 4 main themes:<\/p>\n<ul>\n<li><strong>Computing, Networks, and Telecommunications:<\/strong> Fundamental principles of networks, Object-oriented design and programming, Signal processing, Data management, Cybersecurity&#8230;<\/li>\n<li><strong>Social Sciences and Management:<\/strong> Business management and strategy, Project management, Legal and economic approach to companies&#8230;<\/li>\n<li><strong>Engineering Sciences:<\/strong> Mathematics, Physics, Electronics, Introduction to research and innovation&#8230;<\/li>\n<li><strong>Personal and Professional Development, International Training:<\/strong> English, internship feedback, Sustainable development and corporate social responsibility, international stays.<\/li>\n<\/ul>\n<\/div>\n<\/div>\n<\/div>\n\n                                            <\/div>\n        <\/div>\n        <div class=\"bloc-img\">\n            <picture>\n                    <source\n                    type=\"image\/webp\"\n                    srcset=\"https:\/\/cyberschool.univ-rennes.fr\/app\/uploads\/2023\/05\/photo-1424298397478-4bd87a6a0f0c.webp, https:\/\/cyberschool.univ-rennes.fr\/app\/uploads\/2023\/05\/photo-1424298397478-4bd87a6a0f0c@2x.webp 2x\"\n                    >\n                    <source\n                    type=\"image\/jpeg\"\n                    srcset=\"https:\/\/cyberschool.univ-rennes.fr\/app\/uploads\/2023\/05\/photo-1424298397478-4bd87a6a0f0c.jpg, https:\/\/cyberschool.univ-rennes.fr\/app\/uploads\/2023\/05\/photo-1424298397478-4bd87a6a0f0c@2x.jpg 2x\"\n                    >\n                    <img decoding=\"async\" src=\"https:\/\/cyberschool.univ-rennes.fr\/app\/uploads\/2023\/05\/photo-1424298397478-4bd87a6a0f0c.jpg\" loading=\"lazy\" alt=\"etudiant\" \/>\n            <\/picture>\n        <\/div>\n    <\/div>\n<\/section>\n\n\n    <section class=\"txt-image bg-grey left\">\n    <div class=\"container\">\n        <div class=\"bloc-txt\">\n            <div class=\"contain-txt\">\n                                    <h2><span class=\"elipse\"><\/span><span class=\"trait\"><\/span>Who can apply?<\/h2>\n                                <div class=\"flex flex-grow flex-col max-w-full\">\n<div class=\"min-h-[20px] text-message flex flex-col items-start whitespace-pre-wrap break-words [.text-message+&amp;]:mt-5 overflow-x-auto gap-3\" dir=\"auto\" data-message-author-role=\"assistant\" data-message-id=\"a1a0e957-4afe-4f04-a5ba-c003d3159c3c\">\n<div class=\"markdown prose w-full break-words dark:prose-invert light\">\n<p>If you wish to access this study programme, you must hold:<\/p>\n<ul>\n<li><strong>A <em>BUT R\u00e9seaux et T\u00e9l\u00e9communications<\/em><\/strong><\/li>\n<li><strong>A <em>BUT Informatique<\/em><\/strong><\/li>\n<li><strong>A <em>BUT g\u00e9nie \u00e9lectrique et informatique industrielle (GEII)<\/em><\/strong><\/li>\n<li><strong>A <em>BUT Mesures Physiques<\/em><\/strong><\/li>\n<li><strong>A <em>BTS Syst\u00e8mes num\u00e9riques<\/em><\/strong><\/li>\n<li><strong>A Bachelor of Science<\/strong><\/li>\n<li><strong>A <em>Classe pr\u00e9paratoire adaptation technicien sup\u00e9rieur (ATS)<\/em><\/strong><\/li>\n<li><strong>A <em>Classe pr\u00e9paratoire technologie et sciences industrielles (TSI)<\/em><\/strong><\/li>\n<li><strong>A <em>Classe pr\u00e9paratoire physique et technologie (PT)<\/em><\/strong><\/li>\n<\/ul>\n<\/div>\n<\/div>\n<\/div>\n\n                                            <\/div>\n        <\/div>\n        <div class=\"bloc-img\">\n            <picture>\n                    <source\n                    type=\"image\/webp\"\n                    srcset=\"https:\/\/cyberschool.univ-rennes.fr\/app\/uploads\/2023\/06\/education-gaf1c539e4_1280.webp, https:\/\/cyberschool.univ-rennes.fr\/app\/uploads\/2023\/06\/education-gaf1c539e4_1280@2x.webp 2x\"\n                    >\n                    <source\n                    type=\"image\/jpeg\"\n                    srcset=\"https:\/\/cyberschool.univ-rennes.fr\/app\/uploads\/2023\/06\/education-gaf1c539e4_1280.jpg, https:\/\/cyberschool.univ-rennes.fr\/app\/uploads\/2023\/06\/education-gaf1c539e4_1280@2x.jpg 2x\"\n                    >\n                    <img decoding=\"async\" src=\"https:\/\/cyberschool.univ-rennes.fr\/app\/uploads\/2023\/06\/education-gaf1c539e4_1280.jpg\" loading=\"lazy\" alt=\"Etudiante qui \u00e9crit\" \/>\n            <\/picture>\n        <\/div>\n    <\/div>\n<\/section>\n\n\n\n<section class=\"txt\">\n    <div class=\"container\">\n        <div class=\"bloc-txt\">\n                            <h2><span class=\"elipse\"><\/span><span class=\"trait\"><\/span>Work-study programme<\/h2>\n                        <p>The work-study rhythm enables the completion of long-term missions in the company and ensures the coherence of the modules taught. <strong>Over 3 years, apprentices undergo training at the school for 1600 hours spread over 70 weeks. The rest of the time is spent in the company.<\/strong> Apprentices build their skills through practice: academic knowledge is enriched by know-how and soft skills. This construction is gradual: starting with work-study activities of a higher technician and gradually transitioning to engineer-level tasks.<\/p>\n\n        <\/div>\n    <\/div>\n<\/section>\n\n\n    <section class=\"txt-image  left\">\n    <div class=\"container\">\n        <div class=\"bloc-txt\">\n            <div class=\"contain-txt\">\n                                    <h2><span class=\"elipse\"><\/span><span class=\"trait\"><\/span>International mobility<\/h2>\n                                <div class=\"flex flex-grow flex-col max-w-full\">\n<div class=\"min-h-[20px] text-message flex flex-col items-start whitespace-pre-wrap break-words [.text-message+&amp;]:mt-5 overflow-x-auto gap-3\" dir=\"auto\" data-message-author-role=\"assistant\" data-message-id=\"206b1ee9-de16-4ed9-b596-5979ced38bb4\">\n<div class=\"markdown prose w-full break-words dark:prose-invert light\">\n<p>The training spans over 3 years and includes <strong>a mandatory 13-week experience abroad during the students&#8217; curriculum.<\/strong><\/p>\n<\/div>\n<\/div>\n<\/div>\n\n                                            <\/div>\n        <\/div>\n        <div class=\"bloc-img\">\n            <picture>\n                    <source\n                    type=\"image\/webp\"\n                    srcset=\"https:\/\/cyberschool.univ-rennes.fr\/app\/uploads\/2023\/06\/adobestock_460085365-scaled.webp, https:\/\/cyberschool.univ-rennes.fr\/app\/uploads\/2023\/06\/adobestock_460085365-scaled@2x.webp 2x\"\n                    >\n                    <source\n                    type=\"image\/jpeg\"\n                    srcset=\"https:\/\/cyberschool.univ-rennes.fr\/app\/uploads\/2023\/06\/adobestock_460085365-scaled.jpg, https:\/\/cyberschool.univ-rennes.fr\/app\/uploads\/2023\/06\/adobestock_460085365-scaled@2x.jpg 2x\"\n                    >\n                    <img decoding=\"async\" src=\"https:\/\/cyberschool.univ-rennes.fr\/app\/uploads\/2023\/06\/adobestock_460085365-scaled.jpg\" loading=\"lazy\" alt=\"amphith\u00e9\u00e2tre rempli\" \/>\n            <\/picture>\n        <\/div>\n    <\/div>\n<\/section>\n\n\n\n<section class=\"txt\">\n    <div class=\"container\">\n        <div class=\"bloc-txt\">\n                            <h2><span class=\"elipse\"><\/span><span class=\"trait\"><\/span>Study programme<\/h2>\n                        <p>Find out more about the courses taught in this programme:<\/p>\n<div class=\"btn-shortcode\"><a href=\"https:\/\/www.imt-atlantique.fr\/sites\/default\/files\/formations\/fip\/programmeFIP.pdf\" target=\"_blank\" rel=\"noopener\">Check out the study programme<\/a><\/div>\n\n        <\/div>\n    <\/div>\n<\/section>\n\n\n\n<section class=\"txt\">\n    <div class=\"container\">\n        <div class=\"bloc-txt\">\n                            <h2><span class=\"elipse\"><\/span><span class=\"trait\"><\/span>Employment opportunities<\/h2>\n                        <div class=\"flex flex-grow flex-col max-w-full\">\n<div class=\"min-h-[20px] text-message flex flex-col items-start whitespace-pre-wrap break-words [.text-message+&amp;]:mt-5 overflow-x-auto gap-3\" dir=\"auto\" data-message-author-role=\"assistant\" data-message-id=\"25c3b120-86ed-4349-a238-cb8b8014b10f\">\n<div class=\"markdown prose w-full break-words dark:prose-invert light\">\n<p>Graduates from this programme will be able to access professions such as:<\/p>\n<ul>\n<li><strong>Architect or expert in IT operations<\/strong><\/li>\n<li><strong>Project Manager<\/strong><\/li>\n<li><strong>Business Engineer or Pre-sales Engineer<\/strong><\/li>\n<li><strong>Information Systems Study Engineer<\/strong><\/li>\n<li><strong>Networks and Telecommunications Engineer<\/strong><\/li>\n<\/ul>\n<\/div>\n<\/div>\n<\/div>\n\n        <\/div>\n    <\/div>\n<\/section>\n\n\n    <section class=\"txt-image bg-grey left\">\n    <div class=\"container\">\n        <div class=\"bloc-txt\">\n            <div class=\"contain-txt\">\n                                    <h2><span class=\"elipse\"><\/span><span class=\"trait\"><\/span>Partnership<\/h2>\n                                <p>The Apprentice engineer programme specialising in Computer science, Networks and Telecommunications, is organised <strong>in partnership with the <a href=\"https:\/\/www.formation-industrie.bzh\/itii-les-ecoles-d-ingenieurs\" target=\"_blank\" rel=\"noopener\"><em>Institut des Techniques d&#8217;Ing\u00e9nieurs et d&#8217;Industrie<\/em> (ITII) Bretagne<\/a>.<\/strong><\/p>\n\n                                            <\/div>\n        <\/div>\n        <div class=\"bloc-img\">\n            <picture>\n                    <source\n                    type=\"image\/webp\"\n                    srcset=\"https:\/\/cyberschool.univ-rennes.fr\/app\/uploads\/2023\/06\/logo_itii_bretagne_ajuste_logo_itii_bzh.webp, https:\/\/cyberschool.univ-rennes.fr\/app\/uploads\/2023\/06\/logo_itii_bretagne_ajuste_logo_itii_bzh@2x.webp 2x\"\n                    >\n                    <source\n                    type=\"image\/jpeg\"\n                    srcset=\"https:\/\/cyberschool.univ-rennes.fr\/app\/uploads\/2023\/06\/logo_itii_bretagne_ajuste_logo_itii_bzh.jpg, https:\/\/cyberschool.univ-rennes.fr\/app\/uploads\/2023\/06\/logo_itii_bretagne_ajuste_logo_itii_bzh@2x.jpg 2x\"\n                    >\n                    <img decoding=\"async\" src=\"https:\/\/cyberschool.univ-rennes.fr\/app\/uploads\/2023\/06\/logo_itii_bretagne_ajuste_logo_itii_bzh.jpg\" loading=\"lazy\" alt=\"Logo ITII Bretagne\" \/>\n            <\/picture>\n        <\/div>\n    <\/div>\n<\/section>\n\n\n<section class=\"double-cta\">\n    <div class=\"container\">\n                    <div class=\"bloc\">\n                <p class=\"title\">Go to the website of IMT Atlantique<\/p>\n                <a href=\"https:\/\/www.imt-atlantique.fr\/en\/study\/apprenticeship-engineer\/science-networks-telecommunications\"  class=\"btn\"><span>I would like more information<\/span><\/a>\n            <\/div>\n                    <div class=\"bloc\">\n                <p class=\"title\">Do you wish to become a student engineer at IMT Atlantique?<\/p>\n                <a href=\"https:\/\/www.imt-atlantique.fr\/fr\/formation\/ingenieur-apprentissage\/informatique-reseaux-telecommunications\/candidature\"  class=\"btn\"><span>I wish to apply<\/span><\/a>\n            <\/div>\n            <\/div>\n<\/section>\n","protected":false},"excerpt":{"rendered":"","protected":false},"author":8,"featured_media":11080,"parent":11276,"menu_order":0,"comment_status":"closed","ping_status":"closed","template":"","meta":[],"acf":[],"yoast_head":"<!-- This site is optimized with the Yoast SEO plugin v20.13 - https:\/\/yoast.com\/wordpress\/plugins\/seo\/ -->\n<title>Apprentice engineer specialising in: Computer science, Networks and Telecommunications - CyberSchool<\/title>\n<meta name=\"robots\" content=\"index, follow, max-snippet:-1, max-image-preview:large, max-video-preview:-1\" \/>\n<link rel=\"canonical\" href=\"https:\/\/cyberschool.univ-rennes.fr\/en\/education\/masters-and-postgraduate-programmes\/apprentice-engineer-specialising-in-computer-science-networks-and-telecommunications\/\" \/>\n<meta property=\"og:locale\" content=\"en_US\" \/>\n<meta property=\"og:type\" content=\"article\" \/>\n<meta property=\"og:title\" content=\"Apprentice engineer specialising in: Computer science, Networks and Telecommunications - CyberSchool\" \/>\n<meta property=\"og:url\" content=\"https:\/\/cyberschool.univ-rennes.fr\/en\/education\/masters-and-postgraduate-programmes\/apprentice-engineer-specialising-in-computer-science-networks-and-telecommunications\/\" \/>\n<meta property=\"og:site_name\" content=\"CyberSchool\" \/>\n<meta property=\"article:publisher\" content=\"https:\/\/www.facebook.com\/CSchoolRennes\/\" \/>\n<meta property=\"article:modified_time\" content=\"2026-03-12T13:25:23+00:00\" \/>\n<meta property=\"og:image\" content=\"https:\/\/cyberschool.univ-rennes.fr\/app\/uploads\/2023\/05\/photo-1424298397478-4bd87a6a0f0c.webp\" \/>\n\t<meta property=\"og:image:width\" content=\"1170\" \/>\n\t<meta property=\"og:image:height\" content=\"780\" \/>\n\t<meta property=\"og:image:type\" content=\"image\/webp\" \/>\n<meta name=\"twitter:card\" content=\"summary_large_image\" \/>\n<meta name=\"twitter:site\" content=\"@CSchoolRennes\" \/>\n<script type=\"application\/ld+json\" class=\"yoast-schema-graph\">{\"@context\":\"https:\/\/schema.org\",\"@graph\":[{\"@type\":\"WebPage\",\"@id\":\"https:\/\/cyberschool.univ-rennes.fr\/en\/education\/masters-and-postgraduate-programmes\/apprentice-engineer-specialising-in-computer-science-networks-and-telecommunications\/\",\"url\":\"https:\/\/cyberschool.univ-rennes.fr\/en\/education\/masters-and-postgraduate-programmes\/apprentice-engineer-specialising-in-computer-science-networks-and-telecommunications\/\",\"name\":\"Apprentice engineer specialising in: Computer science, Networks and Telecommunications - CyberSchool\",\"isPartOf\":{\"@id\":\"https:\/\/cyberschool.univ-rennes.fr\/en\/#website\"},\"datePublished\":\"2024-05-06T12:16:47+00:00\",\"dateModified\":\"2026-03-12T13:25:23+00:00\",\"breadcrumb\":{\"@id\":\"https:\/\/cyberschool.univ-rennes.fr\/en\/education\/masters-and-postgraduate-programmes\/apprentice-engineer-specialising-in-computer-science-networks-and-telecommunications\/#breadcrumb\"},\"inLanguage\":\"en-US\",\"potentialAction\":[{\"@type\":\"ReadAction\",\"target\":[\"https:\/\/cyberschool.univ-rennes.fr\/en\/education\/masters-and-postgraduate-programmes\/apprentice-engineer-specialising-in-computer-science-networks-and-telecommunications\/\"]}]},{\"@type\":\"BreadcrumbList\",\"@id\":\"https:\/\/cyberschool.univ-rennes.fr\/en\/education\/masters-and-postgraduate-programmes\/apprentice-engineer-specialising-in-computer-science-networks-and-telecommunications\/#breadcrumb\",\"itemListElement\":[{\"@type\":\"ListItem\",\"position\":1,\"name\":\"Home\",\"item\":\"https:\/\/cyberschool.univ-rennes.fr\/en\/\"},{\"@type\":\"ListItem\",\"position\":2,\"name\":\"Education\",\"item\":\"https:\/\/cyberschool.univ-rennes.fr\/en\/education\/\"},{\"@type\":\"ListItem\",\"position\":3,\"name\":\"Master\u2019s and postgraduate programmes\",\"item\":\"https:\/\/cyberschool.univ-rennes.fr\/en\/education\/masters-and-postgraduate-programmes\/\"},{\"@type\":\"ListItem\",\"position\":4,\"name\":\"Apprentice engineer specialising in: Computer science, Networks and Telecommunications\"}]},{\"@type\":\"WebSite\",\"@id\":\"https:\/\/cyberschool.univ-rennes.fr\/en\/#website\",\"url\":\"https:\/\/cyberschool.univ-rennes.fr\/en\/\",\"name\":\"CyberSchool\",\"description\":\"Just another WordPress site\",\"potentialAction\":[{\"@type\":\"SearchAction\",\"target\":{\"@type\":\"EntryPoint\",\"urlTemplate\":\"https:\/\/cyberschool.univ-rennes.fr\/en\/?s={search_term_string}\"},\"query-input\":\"required name=search_term_string\"}],\"inLanguage\":\"en-US\"}]}<\/script>\n<!-- \/ Yoast SEO plugin. -->","yoast_head_json":{"title":"Apprentice engineer specialising in: Computer science, Networks and Telecommunications - CyberSchool","robots":{"index":"index","follow":"follow","max-snippet":"max-snippet:-1","max-image-preview":"max-image-preview:large","max-video-preview":"max-video-preview:-1"},"canonical":"https:\/\/cyberschool.univ-rennes.fr\/en\/education\/masters-and-postgraduate-programmes\/apprentice-engineer-specialising-in-computer-science-networks-and-telecommunications\/","og_locale":"en_US","og_type":"article","og_title":"Apprentice engineer specialising in: Computer science, Networks and Telecommunications - CyberSchool","og_url":"https:\/\/cyberschool.univ-rennes.fr\/en\/education\/masters-and-postgraduate-programmes\/apprentice-engineer-specialising-in-computer-science-networks-and-telecommunications\/","og_site_name":"CyberSchool","article_publisher":"https:\/\/www.facebook.com\/CSchoolRennes\/","article_modified_time":"2026-03-12T13:25:23+00:00","og_image":[{"width":1170,"height":780,"url":"https:\/\/cyberschool.univ-rennes.fr\/app\/uploads\/2023\/05\/photo-1424298397478-4bd87a6a0f0c.webp","type":"image\/webp"}],"twitter_card":"summary_large_image","twitter_site":"@CSchoolRennes","schema":{"@context":"https:\/\/schema.org","@graph":[{"@type":"WebPage","@id":"https:\/\/cyberschool.univ-rennes.fr\/en\/education\/masters-and-postgraduate-programmes\/apprentice-engineer-specialising-in-computer-science-networks-and-telecommunications\/","url":"https:\/\/cyberschool.univ-rennes.fr\/en\/education\/masters-and-postgraduate-programmes\/apprentice-engineer-specialising-in-computer-science-networks-and-telecommunications\/","name":"Apprentice engineer specialising in: Computer science, Networks and Telecommunications - CyberSchool","isPartOf":{"@id":"https:\/\/cyberschool.univ-rennes.fr\/en\/#website"},"datePublished":"2024-05-06T12:16:47+00:00","dateModified":"2026-03-12T13:25:23+00:00","breadcrumb":{"@id":"https:\/\/cyberschool.univ-rennes.fr\/en\/education\/masters-and-postgraduate-programmes\/apprentice-engineer-specialising-in-computer-science-networks-and-telecommunications\/#breadcrumb"},"inLanguage":"en-US","potentialAction":[{"@type":"ReadAction","target":["https:\/\/cyberschool.univ-rennes.fr\/en\/education\/masters-and-postgraduate-programmes\/apprentice-engineer-specialising-in-computer-science-networks-and-telecommunications\/"]}]},{"@type":"BreadcrumbList","@id":"https:\/\/cyberschool.univ-rennes.fr\/en\/education\/masters-and-postgraduate-programmes\/apprentice-engineer-specialising-in-computer-science-networks-and-telecommunications\/#breadcrumb","itemListElement":[{"@type":"ListItem","position":1,"name":"Home","item":"https:\/\/cyberschool.univ-rennes.fr\/en\/"},{"@type":"ListItem","position":2,"name":"Education","item":"https:\/\/cyberschool.univ-rennes.fr\/en\/education\/"},{"@type":"ListItem","position":3,"name":"Master\u2019s and postgraduate programmes","item":"https:\/\/cyberschool.univ-rennes.fr\/en\/education\/masters-and-postgraduate-programmes\/"},{"@type":"ListItem","position":4,"name":"Apprentice engineer specialising in: Computer science, Networks and Telecommunications"}]},{"@type":"WebSite","@id":"https:\/\/cyberschool.univ-rennes.fr\/en\/#website","url":"https:\/\/cyberschool.univ-rennes.fr\/en\/","name":"CyberSchool","description":"Just another WordPress site","potentialAction":[{"@type":"SearchAction","target":{"@type":"EntryPoint","urlTemplate":"https:\/\/cyberschool.univ-rennes.fr\/en\/?s={search_term_string}"},"query-input":"required name=search_term_string"}],"inLanguage":"en-US"}]}},"_links":{"self":[{"href":"https:\/\/cyberschool.univ-rennes.fr\/en\/wp-json\/wp\/v2\/pages\/14890"}],"collection":[{"href":"https:\/\/cyberschool.univ-rennes.fr\/en\/wp-json\/wp\/v2\/pages"}],"about":[{"href":"https:\/\/cyberschool.univ-rennes.fr\/en\/wp-json\/wp\/v2\/types\/page"}],"author":[{"embeddable":true,"href":"https:\/\/cyberschool.univ-rennes.fr\/en\/wp-json\/wp\/v2\/users\/8"}],"replies":[{"embeddable":true,"href":"https:\/\/cyberschool.univ-rennes.fr\/en\/wp-json\/wp\/v2\/comments?post=14890"}],"version-history":[{"count":6,"href":"https:\/\/cyberschool.univ-rennes.fr\/en\/wp-json\/wp\/v2\/pages\/14890\/revisions"}],"predecessor-version":[{"id":18397,"href":"https:\/\/cyberschool.univ-rennes.fr\/en\/wp-json\/wp\/v2\/pages\/14890\/revisions\/18397"}],"up":[{"embeddable":true,"href":"https:\/\/cyberschool.univ-rennes.fr\/en\/wp-json\/wp\/v2\/pages\/11276"}],"wp:featuredmedia":[{"embeddable":true,"href":"https:\/\/cyberschool.univ-rennes.fr\/en\/wp-json\/wp\/v2\/media\/11080"}],"wp:attachment":[{"href":"https:\/\/cyberschool.univ-rennes.fr\/en\/wp-json\/wp\/v2\/media?parent=14890"}],"curies":[{"name":"wp","href":"https:\/\/api.w.org\/{rel}","templated":true}]}}