{"id":16441,"date":"2025-03-11T14:57:26","date_gmt":"2025-03-11T13:57:26","guid":{"rendered":"https:\/\/cyberschool.univ-rennes.fr\/?page_id=16441"},"modified":"2026-03-12T14:35:52","modified_gmt":"2026-03-12T13:35:52","slug":"theorie-des-nombres","status":"publish","type":"page","link":"https:\/\/cyberschool.univ-rennes.fr\/en\/education\/masters-and-postgraduate-programmes\/masters-in-mathematics-and-applications-it-mathematics-and-cryptography\/study-programme-of-the-masters-mathematics-and-applications-it-mathematics-and-cryptography\/theorie-des-nombres\/","title":{"rendered":"Th\u00e9orie des nombres"},"content":{"rendered":"\n<section class=\"txt\">\n    <div class=\"container\">\n        <div class=\"bloc-txt\">\n                            <h2><span class=\"elipse\"><\/span><span class=\"trait\"><\/span>Course description<\/h2>\n                        <p>Le programme commence par le th\u00e9or\u00e8me de r\u00e9ciprocit\u00e9 quadratique, qu\u2019on pourra traiter en utilisant la th\u00e9orie des extensions de corps vue en ALGB. On fera ensuite la th\u00e9orie de Galois appuy\u00e9e par un certain nombre d\u2019exemples. Apr\u00e8s un chapitre sur les r\u00e9seaux euclidiens et la recherche de vecteurs courts avec le th\u00e9or\u00e8me de Hermite ou Minkowski, on abordera les anneaux d\u2019entiers d\u2019un corps de nombres avec leurs plongements r\u00e9els et complexes, avec comme objectif la preuve du th\u00e9or\u00e8me des unit\u00e9s. On traitera en d\u00e9tail les exemples des extensions quadratiques.<\/p>\n<ol>\n<li>R\u00e9ciprocit\u00e9 quadratique\n<ol>\n<li>Symboles de Legendre et Jacobi<\/li>\n<li>Preuve de la r\u00e9ciprocit\u00e9<\/li>\n<\/ol>\n<\/li>\n<li>Th\u00e9orie de Galois\n<ol>\n<li>(extension de rupture et de d\u00e9composition connues). Th\u00e9or\u00e8me de l\u2019\u00e9l\u00e9ment primitif<\/li>\n<li>Th\u00e9or\u00e8me de correspondance<\/li>\n<li>R\u00e9solubilit\u00e9 par radicaux<\/li>\n<li>Exemples : corps finis, extensions quadratiques, extensions cyclotomiques, voire extensions de Kummer<\/li>\n<\/ol>\n<\/li>\n<li>G\u00e9om\u00e9trie des nombres, r\u00e9seaux\n<ol>\n<li>Caract\u00e9risation des r\u00e9seaux comme sous-groupes discrets cocompacts<\/li>\n<li>Covolumes, lien avec l\u2019indice d\u2019un sous-r\u00e9seau<\/li>\n<li>Th\u00e9or\u00e8mes de Hermite et\/ou Minkowski<\/li>\n<li>Th\u00e9or\u00e8mes des 2 et 4 carr\u00e9s<\/li>\n<\/ol>\n<\/li>\n<li>Entiers alg\u00e9briques\n<ol>\n<li>Entiers alg\u00e9briques, anneau des entiers d\u2019un corps de nombres, c\u2019est un Z-module de type fini<\/li>\n<li>Exemples : entiers de Gauss, d\u2019Eisenstein, Z[p2], entiers quadratiques, leurs unit\u00e9s, caract\u00e8re euclidien<\/li>\n<li>Les anneaux d\u2019entiers quadratiques<\/li>\n<li>Plongements r\u00e9els et complexes d\u2019un corps de nombres, et conjugu\u00e9s de Galois<\/li>\n<li>Les entiers comme un r\u00e9seau<\/li>\n<\/ol>\n<\/li>\n<li>Trace, norme, th\u00e9or\u00e8me des unit\u00e9s\n<ol>\n<li>Trace et norme<\/li>\n<li>\u00c9nonc\u00e9 du th\u00e9or\u00e8me des unit\u00e9s, exemple des entiers quadratiques<\/li>\n<li>Preuve du th\u00e9or\u00e8me des unit\u00e9s<\/li>\n<\/ol>\n<\/li>\n<\/ol>\n<p>En fonction du temps disponible, des compl\u00e9ments possibles, par exemple en TD, sont :<\/p>\n<ul>\n<li>Discriminant et application \u00e0 la d\u00e9termination algorithmique de OK<\/li>\n<li>Factorisation des id\u00e9aux, groupe de classes<\/li>\n<li>Corps p-adiques.<\/li>\n<\/ul>\n\n        <\/div>\n    <\/div>\n<\/section>\n\n\n\n<section class=\"txt\">\n    <div class=\"container\">\n        <div class=\"bloc-txt\">\n                            <h2><span class=\"elipse\"><\/span><span class=\"trait\"><\/span>Skills to acquire<\/h2>\n                        <ul>\n<li>Utilisation des extensions de corps pour r\u00e9soudre des probl\u00e8mes alg\u00e9briques.<\/li>\n<li>Utiliser la g\u00e9om\u00e9trie du plongement euclidien de l\u2019anneau des entiers, ainsi que les notions de trace et de norme pour en d\u00e9duire des propri\u00e9t\u00e9s alg\u00e9briques.<\/li>\n<\/ul>\n\n        <\/div>\n    <\/div>\n<\/section>\n\n\n\n<section class=\"txt\">\n    <div class=\"container\">\n        <div class=\"bloc-txt\">\n                            <h2><span class=\"elipse\"><\/span><span class=\"trait\"><\/span>Biography<\/h2>\n                        <p><strong>Florian Ivorra<\/strong> est ma\u00eetre de conf\u00e9rences \u00e0 l\u2019Universit\u00e9 de Rennes.<\/p>\n\n        <\/div>\n    <\/div>\n<\/section>\n","protected":false},"excerpt":{"rendered":"","protected":false},"author":8,"featured_media":0,"parent":11605,"menu_order":0,"comment_status":"closed","ping_status":"closed","template":"","meta":[],"acf":[],"yoast_head":"<!-- This site is optimized with the Yoast SEO plugin v20.13 - https:\/\/yoast.com\/wordpress\/plugins\/seo\/ -->\n<title>Th\u00e9orie des nombres - CyberSchool<\/title>\n<meta name=\"robots\" content=\"index, follow, max-snippet:-1, max-image-preview:large, max-video-preview:-1\" \/>\n<link rel=\"canonical\" href=\"https:\/\/cyberschool.univ-rennes.fr\/en\/education\/masters-and-postgraduate-programmes\/masters-in-mathematics-and-applications-it-mathematics-and-cryptography\/study-programme-of-the-masters-mathematics-and-applications-it-mathematics-and-cryptography\/theorie-des-nombres\/\" \/>\n<meta property=\"og:locale\" content=\"en_US\" \/>\n<meta property=\"og:type\" content=\"article\" \/>\n<meta property=\"og:title\" content=\"Th\u00e9orie des nombres - CyberSchool\" \/>\n<meta property=\"og:url\" content=\"https:\/\/cyberschool.univ-rennes.fr\/en\/education\/masters-and-postgraduate-programmes\/masters-in-mathematics-and-applications-it-mathematics-and-cryptography\/study-programme-of-the-masters-mathematics-and-applications-it-mathematics-and-cryptography\/theorie-des-nombres\/\" \/>\n<meta property=\"og:site_name\" content=\"CyberSchool\" \/>\n<meta property=\"article:publisher\" content=\"https:\/\/www.facebook.com\/CSchoolRennes\/\" \/>\n<meta property=\"article:modified_time\" content=\"2026-03-12T13:35:52+00:00\" \/>\n<meta property=\"og:image\" content=\"https:\/\/cyberschool.univ-rennes.fr\/app\/uploads\/2021\/02\/cover-social-network.jpeg\" \/>\n\t<meta property=\"og:image:width\" content=\"1500\" \/>\n\t<meta property=\"og:image:height\" content=\"500\" \/>\n\t<meta property=\"og:image:type\" content=\"image\/jpeg\" \/>\n<meta name=\"twitter:card\" content=\"summary_large_image\" \/>\n<meta name=\"twitter:site\" content=\"@CSchoolRennes\" \/>\n<script type=\"application\/ld+json\" class=\"yoast-schema-graph\">{\"@context\":\"https:\/\/schema.org\",\"@graph\":[{\"@type\":\"WebPage\",\"@id\":\"https:\/\/cyberschool.univ-rennes.fr\/en\/education\/masters-and-postgraduate-programmes\/masters-in-mathematics-and-applications-it-mathematics-and-cryptography\/study-programme-of-the-masters-mathematics-and-applications-it-mathematics-and-cryptography\/theorie-des-nombres\/\",\"url\":\"https:\/\/cyberschool.univ-rennes.fr\/en\/education\/masters-and-postgraduate-programmes\/masters-in-mathematics-and-applications-it-mathematics-and-cryptography\/study-programme-of-the-masters-mathematics-and-applications-it-mathematics-and-cryptography\/theorie-des-nombres\/\",\"name\":\"Th\u00e9orie des nombres - CyberSchool\",\"isPartOf\":{\"@id\":\"https:\/\/cyberschool.univ-rennes.fr\/en\/#website\"},\"datePublished\":\"2025-03-11T13:57:26+00:00\",\"dateModified\":\"2026-03-12T13:35:52+00:00\",\"breadcrumb\":{\"@id\":\"https:\/\/cyberschool.univ-rennes.fr\/en\/education\/masters-and-postgraduate-programmes\/masters-in-mathematics-and-applications-it-mathematics-and-cryptography\/study-programme-of-the-masters-mathematics-and-applications-it-mathematics-and-cryptography\/theorie-des-nombres\/#breadcrumb\"},\"inLanguage\":\"en-US\",\"potentialAction\":[{\"@type\":\"ReadAction\",\"target\":[\"https:\/\/cyberschool.univ-rennes.fr\/en\/education\/masters-and-postgraduate-programmes\/masters-in-mathematics-and-applications-it-mathematics-and-cryptography\/study-programme-of-the-masters-mathematics-and-applications-it-mathematics-and-cryptography\/theorie-des-nombres\/\"]}]},{\"@type\":\"BreadcrumbList\",\"@id\":\"https:\/\/cyberschool.univ-rennes.fr\/en\/education\/masters-and-postgraduate-programmes\/masters-in-mathematics-and-applications-it-mathematics-and-cryptography\/study-programme-of-the-masters-mathematics-and-applications-it-mathematics-and-cryptography\/theorie-des-nombres\/#breadcrumb\",\"itemListElement\":[{\"@type\":\"ListItem\",\"position\":1,\"name\":\"Home\",\"item\":\"https:\/\/cyberschool.univ-rennes.fr\/en\/\"},{\"@type\":\"ListItem\",\"position\":2,\"name\":\"Education\",\"item\":\"https:\/\/cyberschool.univ-rennes.fr\/en\/education\/\"},{\"@type\":\"ListItem\",\"position\":3,\"name\":\"Master\u2019s and postgraduate programmes\",\"item\":\"https:\/\/cyberschool.univ-rennes.fr\/en\/education\/masters-and-postgraduate-programmes\/\"},{\"@type\":\"ListItem\",\"position\":4,\"name\":\"Master\u2019s in Mathematics and Applications \u2013 IT Mathematics and Cryptography\",\"item\":\"https:\/\/cyberschool.univ-rennes.fr\/en\/education\/masters-and-postgraduate-programmes\/masters-in-mathematics-and-applications-it-mathematics-and-cryptography\/\"},{\"@type\":\"ListItem\",\"position\":5,\"name\":\"Study programme of the Master&rsquo;s Mathematics and Applications \u2013 IT Mathematics and Cryptography\",\"item\":\"https:\/\/cyberschool.univ-rennes.fr\/en\/education\/masters-and-postgraduate-programmes\/masters-in-mathematics-and-applications-it-mathematics-and-cryptography\/study-programme-of-the-masters-mathematics-and-applications-it-mathematics-and-cryptography\/\"},{\"@type\":\"ListItem\",\"position\":6,\"name\":\"Th\u00e9orie des nombres\"}]},{\"@type\":\"WebSite\",\"@id\":\"https:\/\/cyberschool.univ-rennes.fr\/en\/#website\",\"url\":\"https:\/\/cyberschool.univ-rennes.fr\/en\/\",\"name\":\"CyberSchool\",\"description\":\"Just another WordPress site\",\"potentialAction\":[{\"@type\":\"SearchAction\",\"target\":{\"@type\":\"EntryPoint\",\"urlTemplate\":\"https:\/\/cyberschool.univ-rennes.fr\/en\/?s={search_term_string}\"},\"query-input\":\"required name=search_term_string\"}],\"inLanguage\":\"en-US\"}]}<\/script>\n<!-- \/ Yoast SEO plugin. -->","yoast_head_json":{"title":"Th\u00e9orie des nombres - CyberSchool","robots":{"index":"index","follow":"follow","max-snippet":"max-snippet:-1","max-image-preview":"max-image-preview:large","max-video-preview":"max-video-preview:-1"},"canonical":"https:\/\/cyberschool.univ-rennes.fr\/en\/education\/masters-and-postgraduate-programmes\/masters-in-mathematics-and-applications-it-mathematics-and-cryptography\/study-programme-of-the-masters-mathematics-and-applications-it-mathematics-and-cryptography\/theorie-des-nombres\/","og_locale":"en_US","og_type":"article","og_title":"Th\u00e9orie des nombres - CyberSchool","og_url":"https:\/\/cyberschool.univ-rennes.fr\/en\/education\/masters-and-postgraduate-programmes\/masters-in-mathematics-and-applications-it-mathematics-and-cryptography\/study-programme-of-the-masters-mathematics-and-applications-it-mathematics-and-cryptography\/theorie-des-nombres\/","og_site_name":"CyberSchool","article_publisher":"https:\/\/www.facebook.com\/CSchoolRennes\/","article_modified_time":"2026-03-12T13:35:52+00:00","og_image":[{"width":1500,"height":500,"url":"https:\/\/cyberschool.univ-rennes.fr\/app\/uploads\/2021\/02\/cover-social-network.jpeg","type":"image\/jpeg"}],"twitter_card":"summary_large_image","twitter_site":"@CSchoolRennes","schema":{"@context":"https:\/\/schema.org","@graph":[{"@type":"WebPage","@id":"https:\/\/cyberschool.univ-rennes.fr\/en\/education\/masters-and-postgraduate-programmes\/masters-in-mathematics-and-applications-it-mathematics-and-cryptography\/study-programme-of-the-masters-mathematics-and-applications-it-mathematics-and-cryptography\/theorie-des-nombres\/","url":"https:\/\/cyberschool.univ-rennes.fr\/en\/education\/masters-and-postgraduate-programmes\/masters-in-mathematics-and-applications-it-mathematics-and-cryptography\/study-programme-of-the-masters-mathematics-and-applications-it-mathematics-and-cryptography\/theorie-des-nombres\/","name":"Th\u00e9orie des nombres - CyberSchool","isPartOf":{"@id":"https:\/\/cyberschool.univ-rennes.fr\/en\/#website"},"datePublished":"2025-03-11T13:57:26+00:00","dateModified":"2026-03-12T13:35:52+00:00","breadcrumb":{"@id":"https:\/\/cyberschool.univ-rennes.fr\/en\/education\/masters-and-postgraduate-programmes\/masters-in-mathematics-and-applications-it-mathematics-and-cryptography\/study-programme-of-the-masters-mathematics-and-applications-it-mathematics-and-cryptography\/theorie-des-nombres\/#breadcrumb"},"inLanguage":"en-US","potentialAction":[{"@type":"ReadAction","target":["https:\/\/cyberschool.univ-rennes.fr\/en\/education\/masters-and-postgraduate-programmes\/masters-in-mathematics-and-applications-it-mathematics-and-cryptography\/study-programme-of-the-masters-mathematics-and-applications-it-mathematics-and-cryptography\/theorie-des-nombres\/"]}]},{"@type":"BreadcrumbList","@id":"https:\/\/cyberschool.univ-rennes.fr\/en\/education\/masters-and-postgraduate-programmes\/masters-in-mathematics-and-applications-it-mathematics-and-cryptography\/study-programme-of-the-masters-mathematics-and-applications-it-mathematics-and-cryptography\/theorie-des-nombres\/#breadcrumb","itemListElement":[{"@type":"ListItem","position":1,"name":"Home","item":"https:\/\/cyberschool.univ-rennes.fr\/en\/"},{"@type":"ListItem","position":2,"name":"Education","item":"https:\/\/cyberschool.univ-rennes.fr\/en\/education\/"},{"@type":"ListItem","position":3,"name":"Master\u2019s and postgraduate programmes","item":"https:\/\/cyberschool.univ-rennes.fr\/en\/education\/masters-and-postgraduate-programmes\/"},{"@type":"ListItem","position":4,"name":"Master\u2019s in Mathematics and Applications \u2013 IT Mathematics and Cryptography","item":"https:\/\/cyberschool.univ-rennes.fr\/en\/education\/masters-and-postgraduate-programmes\/masters-in-mathematics-and-applications-it-mathematics-and-cryptography\/"},{"@type":"ListItem","position":5,"name":"Study programme of the Master&rsquo;s Mathematics and Applications \u2013 IT Mathematics and Cryptography","item":"https:\/\/cyberschool.univ-rennes.fr\/en\/education\/masters-and-postgraduate-programmes\/masters-in-mathematics-and-applications-it-mathematics-and-cryptography\/study-programme-of-the-masters-mathematics-and-applications-it-mathematics-and-cryptography\/"},{"@type":"ListItem","position":6,"name":"Th\u00e9orie des nombres"}]},{"@type":"WebSite","@id":"https:\/\/cyberschool.univ-rennes.fr\/en\/#website","url":"https:\/\/cyberschool.univ-rennes.fr\/en\/","name":"CyberSchool","description":"Just another WordPress site","potentialAction":[{"@type":"SearchAction","target":{"@type":"EntryPoint","urlTemplate":"https:\/\/cyberschool.univ-rennes.fr\/en\/?s={search_term_string}"},"query-input":"required name=search_term_string"}],"inLanguage":"en-US"}]}},"_links":{"self":[{"href":"https:\/\/cyberschool.univ-rennes.fr\/en\/wp-json\/wp\/v2\/pages\/16441"}],"collection":[{"href":"https:\/\/cyberschool.univ-rennes.fr\/en\/wp-json\/wp\/v2\/pages"}],"about":[{"href":"https:\/\/cyberschool.univ-rennes.fr\/en\/wp-json\/wp\/v2\/types\/page"}],"author":[{"embeddable":true,"href":"https:\/\/cyberschool.univ-rennes.fr\/en\/wp-json\/wp\/v2\/users\/8"}],"replies":[{"embeddable":true,"href":"https:\/\/cyberschool.univ-rennes.fr\/en\/wp-json\/wp\/v2\/comments?post=16441"}],"version-history":[{"count":3,"href":"https:\/\/cyberschool.univ-rennes.fr\/en\/wp-json\/wp\/v2\/pages\/16441\/revisions"}],"predecessor-version":[{"id":18487,"href":"https:\/\/cyberschool.univ-rennes.fr\/en\/wp-json\/wp\/v2\/pages\/16441\/revisions\/18487"}],"up":[{"embeddable":true,"href":"https:\/\/cyberschool.univ-rennes.fr\/en\/wp-json\/wp\/v2\/pages\/11605"}],"wp:attachment":[{"href":"https:\/\/cyberschool.univ-rennes.fr\/en\/wp-json\/wp\/v2\/media?parent=16441"}],"curies":[{"name":"wp","href":"https:\/\/api.w.org\/{rel}","templated":true}]}}