{"id":3384,"date":"2021-05-11T08:03:21","date_gmt":"2021-05-11T07:03:21","guid":{"rendered":"https:\/\/cyberschool.univ-rennes.fr\/?page_id=3384"},"modified":"2026-03-12T14:29:33","modified_gmt":"2026-03-12T13:29:33","slug":"operating-system-kernels-noy","status":"publish","type":"page","link":"https:\/\/cyberschool.univ-rennes.fr\/en\/education\/masters-and-postgraduate-programmes\/masters-cybersecurity-science-of-software-and-hardware-security\/study-programme-of-the-masters-cybersecurity-science-of-software-and-hardware-security\/operating-system-kernels-noy\/","title":{"rendered":"Operating System Kernels"},"content":{"rendered":"\n<section class=\"txt\">\n    <div class=\"container\">\n        <div class=\"bloc-txt\">\n                            <h2><span class=\"elipse\"><\/span><span class=\"trait\"><\/span>Teaching goals<\/h2>\n                        <p>Les comp\u00e9tences acquises lors de ce cours sont doubles. D\u2019une part, les \u00e9tudiant seront aptes \u00e0 comprendre et utiliser les appels syst\u00e8mes Linux (synchronisation, processus, partage de segments m\u00e9moire). D\u2019autre part, ils seront aptes \u00e0 comprendre et d\u00e9velopper le code au niveau des noyaux de syst\u00e8me qui les r\u00e9alisent.<\/p>\n\n        <\/div>\n    <\/div>\n<\/section>\n\n\n\n<section class=\"txt\">\n    <div class=\"container\">\n        <div class=\"bloc-txt\">\n                            <h2><span class=\"elipse\"><\/span><span class=\"trait\"><\/span>Course description<\/h2>\n                        <p>L\u2019objectif de ce module est d\u2019initier les \u00e9tudiants \u00e0 l\u2019utilisation et la r\u00e9alisation de syst\u00e8mes d\u2019exploitation. Y sont \u00e9tudi\u00e9s les concepts fondamentaux des syst\u00e8mes d\u2019exploitation (processus lourds et l\u00e9gers, synchronisation, entr\u00e9es\/sorties, adressage virtuel, pagination \u00e0 la demande, allocation dynamique de m\u00e9moire), ainsi que leur mise en \u0153uvre sur machine. Des travaux pratiques permettent d\u2019acqu\u00e9rir des comp\u00e9tences techniques via un projet de d\u00e9veloppement des morceaux centraux d\u2019un petit syst\u00e8me d\u2019exploitation (synchronisation entre processus, pagination \u00e0 la demande, fichiers mapp\u00e9s).<\/p>\n\n        <\/div>\n    <\/div>\n<\/section>\n\n\n\n<section class=\"txt\">\n    <div class=\"container\">\n        <div class=\"bloc-txt\">\n                            <h2><span class=\"elipse\"><\/span><span class=\"trait\"><\/span>Course content<\/h2>\n                        <ul>\n<li>Introduction aux syst\u00e8mes d\u2019exploitation<\/li>\n<li>Processus et ordonnancement<\/li>\n<li>Synchronisation<\/li>\n<li>Gestion d\u2019entr\u00e9es\/sorties<\/li>\n<li>Gestion m\u00e9moire (hi\u00e9rarchie m\u00e9moire, pagination, partage de m\u00e9moire)<\/li>\n<\/ul>\n\n        <\/div>\n    <\/div>\n<\/section>\n\n\n<section class=\"tuiles\">\n    <div class=\"container\">\n                <div class=\"bloc\">\n            <h2><span class=\"elipse\"><\/span><span class=\"trait\"><\/span>Keywords<\/h2>\n            <p>Operating systems, implementation, synchronization, demand paging, security.<\/p>\n\n                    <\/div>\n                <div class=\"bloc\">\n            <h2><span class=\"elipse\"><\/span><span class=\"trait\"><\/span>Prerequisites<\/h2>\n            <ul>\n<li>Fonctionnement de base des processeurs (instructions, registre, allocation en pile)<\/li>\n<li>Utilisation de base des syst\u00e8mes d\u2019exploitation (commandes, shell, processus, fichiers et r\u00e9pertoire)<\/li>\n<li>Programmation dans des langages imp\u00e9ratifs (C ou C++)<\/li>\n<\/ul>\n\n                    <\/div>\n            <\/div>\n<\/section>\n\n\n\n<section class=\"txt\">\n    <div class=\"container\">\n        <div class=\"bloc-txt\">\n                            <h2><span class=\"elipse\"><\/span><span class=\"trait\"><\/span>Bibliography<\/h2>\n                        <ul>\n<li>Principes appliqu\u00e9s des syst\u00e8mes d\u2019exploitation avec Java, by A. Silberschatz, P. Galvin and G. Gagne, 2008<\/li>\n<li>Syst\u00e8mes d\u2019exploitation, 3e edition, by A. Tanenbaum, 2008<\/li>\n<\/ul>\n\n        <\/div>\n    <\/div>\n<\/section>\n\n\n\n<section class=\"txt\">\n    <div class=\"container\">\n        <div class=\"bloc-txt\">\n                            <h2><span class=\"elipse\"><\/span><span class=\"trait\"><\/span>Biography<\/h2>\n                        <p><strong>Isabelle Puaut<\/strong> is a researcher professor at the Universit\u00e9 de Rennes. Isabelle Puaut\u2019s research focuses on real-time embedded systems: timing analysis of real-time software (WCET estimation), real-time operating systems, security in real-time embedded systems, architectural support for predictability in embedded systems. Isabelle Puaut carries out her research with IRISA.<\/p>\n\n        <\/div>\n    <\/div>\n<\/section>\n","protected":false},"excerpt":{"rendered":"","protected":false},"author":2,"featured_media":0,"parent":11707,"menu_order":0,"comment_status":"closed","ping_status":"closed","template":"","meta":[],"acf":[],"yoast_head":"<!-- This site is optimized with the Yoast SEO plugin v20.13 - https:\/\/yoast.com\/wordpress\/plugins\/seo\/ -->\n<title>Operating System Kernels - CyberSchool<\/title>\n<meta name=\"robots\" content=\"index, follow, max-snippet:-1, max-image-preview:large, max-video-preview:-1\" \/>\n<link rel=\"canonical\" href=\"https:\/\/cyberschool.univ-rennes.fr\/en\/education\/masters-and-postgraduate-programmes\/masters-cybersecurity-science-of-software-and-hardware-security\/study-programme-of-the-masters-cybersecurity-science-of-software-and-hardware-security\/operating-system-kernels-noy\/\" \/>\n<meta property=\"og:locale\" content=\"en_US\" \/>\n<meta property=\"og:type\" content=\"article\" \/>\n<meta property=\"og:title\" content=\"Operating System Kernels - CyberSchool\" \/>\n<meta property=\"og:url\" content=\"https:\/\/cyberschool.univ-rennes.fr\/en\/education\/masters-and-postgraduate-programmes\/masters-cybersecurity-science-of-software-and-hardware-security\/study-programme-of-the-masters-cybersecurity-science-of-software-and-hardware-security\/operating-system-kernels-noy\/\" \/>\n<meta property=\"og:site_name\" content=\"CyberSchool\" \/>\n<meta property=\"article:publisher\" content=\"https:\/\/www.facebook.com\/CSchoolRennes\/\" \/>\n<meta property=\"article:modified_time\" content=\"2026-03-12T13:29:33+00:00\" \/>\n<meta property=\"og:image\" content=\"https:\/\/cyberschool.univ-rennes.fr\/app\/uploads\/2021\/02\/cover-social-network.jpeg\" \/>\n\t<meta property=\"og:image:width\" content=\"1500\" \/>\n\t<meta property=\"og:image:height\" content=\"500\" \/>\n\t<meta property=\"og:image:type\" content=\"image\/jpeg\" \/>\n<meta name=\"twitter:card\" content=\"summary_large_image\" \/>\n<meta name=\"twitter:site\" content=\"@CSchoolRennes\" \/>\n<script type=\"application\/ld+json\" class=\"yoast-schema-graph\">{\"@context\":\"https:\/\/schema.org\",\"@graph\":[{\"@type\":\"WebPage\",\"@id\":\"https:\/\/cyberschool.univ-rennes.fr\/en\/education\/masters-and-postgraduate-programmes\/masters-cybersecurity-science-of-software-and-hardware-security\/study-programme-of-the-masters-cybersecurity-science-of-software-and-hardware-security\/operating-system-kernels-noy\/\",\"url\":\"https:\/\/cyberschool.univ-rennes.fr\/en\/education\/masters-and-postgraduate-programmes\/masters-cybersecurity-science-of-software-and-hardware-security\/study-programme-of-the-masters-cybersecurity-science-of-software-and-hardware-security\/operating-system-kernels-noy\/\",\"name\":\"Operating System Kernels - CyberSchool\",\"isPartOf\":{\"@id\":\"https:\/\/cyberschool.univ-rennes.fr\/en\/#website\"},\"datePublished\":\"2021-05-11T07:03:21+00:00\",\"dateModified\":\"2026-03-12T13:29:33+00:00\",\"breadcrumb\":{\"@id\":\"https:\/\/cyberschool.univ-rennes.fr\/en\/education\/masters-and-postgraduate-programmes\/masters-cybersecurity-science-of-software-and-hardware-security\/study-programme-of-the-masters-cybersecurity-science-of-software-and-hardware-security\/operating-system-kernels-noy\/#breadcrumb\"},\"inLanguage\":\"en-US\",\"potentialAction\":[{\"@type\":\"ReadAction\",\"target\":[\"https:\/\/cyberschool.univ-rennes.fr\/en\/education\/masters-and-postgraduate-programmes\/masters-cybersecurity-science-of-software-and-hardware-security\/study-programme-of-the-masters-cybersecurity-science-of-software-and-hardware-security\/operating-system-kernels-noy\/\"]}]},{\"@type\":\"BreadcrumbList\",\"@id\":\"https:\/\/cyberschool.univ-rennes.fr\/en\/education\/masters-and-postgraduate-programmes\/masters-cybersecurity-science-of-software-and-hardware-security\/study-programme-of-the-masters-cybersecurity-science-of-software-and-hardware-security\/operating-system-kernels-noy\/#breadcrumb\",\"itemListElement\":[{\"@type\":\"ListItem\",\"position\":1,\"name\":\"Home\",\"item\":\"https:\/\/cyberschool.univ-rennes.fr\/en\/\"},{\"@type\":\"ListItem\",\"position\":2,\"name\":\"Education\",\"item\":\"https:\/\/cyberschool.univ-rennes.fr\/en\/education\/\"},{\"@type\":\"ListItem\",\"position\":3,\"name\":\"Master\u2019s and postgraduate programmes\",\"item\":\"https:\/\/cyberschool.univ-rennes.fr\/en\/education\/masters-and-postgraduate-programmes\/\"},{\"@type\":\"ListItem\",\"position\":4,\"name\":\"Master\u2019s Cybersecurity, Science of Software and Hardware Security\",\"item\":\"https:\/\/cyberschool.univ-rennes.fr\/en\/education\/masters-and-postgraduate-programmes\/masters-cybersecurity-science-of-software-and-hardware-security\/\"},{\"@type\":\"ListItem\",\"position\":5,\"name\":\"Study programme of the Master\u2019s Cybersecurity, Science of Software and Hardware Security\",\"item\":\"https:\/\/cyberschool.univ-rennes.fr\/en\/education\/masters-and-postgraduate-programmes\/masters-cybersecurity-science-of-software-and-hardware-security\/study-programme-of-the-masters-cybersecurity-science-of-software-and-hardware-security\/\"},{\"@type\":\"ListItem\",\"position\":6,\"name\":\"Operating System Kernels\"}]},{\"@type\":\"WebSite\",\"@id\":\"https:\/\/cyberschool.univ-rennes.fr\/en\/#website\",\"url\":\"https:\/\/cyberschool.univ-rennes.fr\/en\/\",\"name\":\"CyberSchool\",\"description\":\"Just another WordPress site\",\"potentialAction\":[{\"@type\":\"SearchAction\",\"target\":{\"@type\":\"EntryPoint\",\"urlTemplate\":\"https:\/\/cyberschool.univ-rennes.fr\/en\/?s={search_term_string}\"},\"query-input\":\"required name=search_term_string\"}],\"inLanguage\":\"en-US\"}]}<\/script>\n<!-- \/ Yoast SEO plugin. -->","yoast_head_json":{"title":"Operating System Kernels - CyberSchool","robots":{"index":"index","follow":"follow","max-snippet":"max-snippet:-1","max-image-preview":"max-image-preview:large","max-video-preview":"max-video-preview:-1"},"canonical":"https:\/\/cyberschool.univ-rennes.fr\/en\/education\/masters-and-postgraduate-programmes\/masters-cybersecurity-science-of-software-and-hardware-security\/study-programme-of-the-masters-cybersecurity-science-of-software-and-hardware-security\/operating-system-kernels-noy\/","og_locale":"en_US","og_type":"article","og_title":"Operating System Kernels - CyberSchool","og_url":"https:\/\/cyberschool.univ-rennes.fr\/en\/education\/masters-and-postgraduate-programmes\/masters-cybersecurity-science-of-software-and-hardware-security\/study-programme-of-the-masters-cybersecurity-science-of-software-and-hardware-security\/operating-system-kernels-noy\/","og_site_name":"CyberSchool","article_publisher":"https:\/\/www.facebook.com\/CSchoolRennes\/","article_modified_time":"2026-03-12T13:29:33+00:00","og_image":[{"width":1500,"height":500,"url":"https:\/\/cyberschool.univ-rennes.fr\/app\/uploads\/2021\/02\/cover-social-network.jpeg","type":"image\/jpeg"}],"twitter_card":"summary_large_image","twitter_site":"@CSchoolRennes","schema":{"@context":"https:\/\/schema.org","@graph":[{"@type":"WebPage","@id":"https:\/\/cyberschool.univ-rennes.fr\/en\/education\/masters-and-postgraduate-programmes\/masters-cybersecurity-science-of-software-and-hardware-security\/study-programme-of-the-masters-cybersecurity-science-of-software-and-hardware-security\/operating-system-kernels-noy\/","url":"https:\/\/cyberschool.univ-rennes.fr\/en\/education\/masters-and-postgraduate-programmes\/masters-cybersecurity-science-of-software-and-hardware-security\/study-programme-of-the-masters-cybersecurity-science-of-software-and-hardware-security\/operating-system-kernels-noy\/","name":"Operating System Kernels - CyberSchool","isPartOf":{"@id":"https:\/\/cyberschool.univ-rennes.fr\/en\/#website"},"datePublished":"2021-05-11T07:03:21+00:00","dateModified":"2026-03-12T13:29:33+00:00","breadcrumb":{"@id":"https:\/\/cyberschool.univ-rennes.fr\/en\/education\/masters-and-postgraduate-programmes\/masters-cybersecurity-science-of-software-and-hardware-security\/study-programme-of-the-masters-cybersecurity-science-of-software-and-hardware-security\/operating-system-kernels-noy\/#breadcrumb"},"inLanguage":"en-US","potentialAction":[{"@type":"ReadAction","target":["https:\/\/cyberschool.univ-rennes.fr\/en\/education\/masters-and-postgraduate-programmes\/masters-cybersecurity-science-of-software-and-hardware-security\/study-programme-of-the-masters-cybersecurity-science-of-software-and-hardware-security\/operating-system-kernels-noy\/"]}]},{"@type":"BreadcrumbList","@id":"https:\/\/cyberschool.univ-rennes.fr\/en\/education\/masters-and-postgraduate-programmes\/masters-cybersecurity-science-of-software-and-hardware-security\/study-programme-of-the-masters-cybersecurity-science-of-software-and-hardware-security\/operating-system-kernels-noy\/#breadcrumb","itemListElement":[{"@type":"ListItem","position":1,"name":"Home","item":"https:\/\/cyberschool.univ-rennes.fr\/en\/"},{"@type":"ListItem","position":2,"name":"Education","item":"https:\/\/cyberschool.univ-rennes.fr\/en\/education\/"},{"@type":"ListItem","position":3,"name":"Master\u2019s and postgraduate programmes","item":"https:\/\/cyberschool.univ-rennes.fr\/en\/education\/masters-and-postgraduate-programmes\/"},{"@type":"ListItem","position":4,"name":"Master\u2019s Cybersecurity, Science of Software and Hardware Security","item":"https:\/\/cyberschool.univ-rennes.fr\/en\/education\/masters-and-postgraduate-programmes\/masters-cybersecurity-science-of-software-and-hardware-security\/"},{"@type":"ListItem","position":5,"name":"Study programme of the Master\u2019s Cybersecurity, Science of Software and Hardware Security","item":"https:\/\/cyberschool.univ-rennes.fr\/en\/education\/masters-and-postgraduate-programmes\/masters-cybersecurity-science-of-software-and-hardware-security\/study-programme-of-the-masters-cybersecurity-science-of-software-and-hardware-security\/"},{"@type":"ListItem","position":6,"name":"Operating System Kernels"}]},{"@type":"WebSite","@id":"https:\/\/cyberschool.univ-rennes.fr\/en\/#website","url":"https:\/\/cyberschool.univ-rennes.fr\/en\/","name":"CyberSchool","description":"Just another WordPress site","potentialAction":[{"@type":"SearchAction","target":{"@type":"EntryPoint","urlTemplate":"https:\/\/cyberschool.univ-rennes.fr\/en\/?s={search_term_string}"},"query-input":"required name=search_term_string"}],"inLanguage":"en-US"}]}},"_links":{"self":[{"href":"https:\/\/cyberschool.univ-rennes.fr\/en\/wp-json\/wp\/v2\/pages\/3384"}],"collection":[{"href":"https:\/\/cyberschool.univ-rennes.fr\/en\/wp-json\/wp\/v2\/pages"}],"about":[{"href":"https:\/\/cyberschool.univ-rennes.fr\/en\/wp-json\/wp\/v2\/types\/page"}],"author":[{"embeddable":true,"href":"https:\/\/cyberschool.univ-rennes.fr\/en\/wp-json\/wp\/v2\/users\/2"}],"replies":[{"embeddable":true,"href":"https:\/\/cyberschool.univ-rennes.fr\/en\/wp-json\/wp\/v2\/comments?post=3384"}],"version-history":[{"count":23,"href":"https:\/\/cyberschool.univ-rennes.fr\/en\/wp-json\/wp\/v2\/pages\/3384\/revisions"}],"predecessor-version":[{"id":18445,"href":"https:\/\/cyberschool.univ-rennes.fr\/en\/wp-json\/wp\/v2\/pages\/3384\/revisions\/18445"}],"up":[{"embeddable":true,"href":"https:\/\/cyberschool.univ-rennes.fr\/en\/wp-json\/wp\/v2\/pages\/11707"}],"wp:attachment":[{"href":"https:\/\/cyberschool.univ-rennes.fr\/en\/wp-json\/wp\/v2\/media?parent=3384"}],"curies":[{"name":"wp","href":"https:\/\/api.w.org\/{rel}","templated":true}]}}