{"id":3973,"date":"2021-08-31T15:31:57","date_gmt":"2021-08-31T14:31:57","guid":{"rendered":"https:\/\/cyberschool.univ-rennes.fr\/?page_id=3973"},"modified":"2026-03-12T14:29:33","modified_gmt":"2026-03-12T13:29:33","slug":"privacy","status":"publish","type":"page","link":"https:\/\/cyberschool.univ-rennes.fr\/en\/education\/masters-and-postgraduate-programmes\/masters-cybersecurity-science-of-software-and-hardware-security\/study-programme-of-the-masters-cybersecurity-science-of-software-and-hardware-security\/privacy\/","title":{"rendered":"Privacy"},"content":{"rendered":"\n<section class=\"txt\">\n    <div class=\"container\">\n        <div class=\"bloc-txt\">\n                            <h2><span class=\"elipse\"><\/span><span class=\"trait\"><\/span>Teaching goals<\/h2>\n                        <p>The objective of this course is to give to students a hands-on introduction to the main issues faced by these techniques and to the diversity of solutions found for reaching valuable privacy\/utility tradeoffs in real life.<\/p>\n\n        <\/div>\n    <\/div>\n<\/section>\n\n\n\n<section class=\"txt\">\n    <div class=\"container\">\n        <div class=\"bloc-txt\">\n                            <h2><span class=\"elipse\"><\/span><span class=\"trait\"><\/span>Course description<\/h2>\n                        <p>\u00ab Personal data is the new oil of the internet and the new currency of the digital world. \u00bb claimed Meglena Kouneva, European Commissioner for Consumer Protection in March 2009. The value of personal data for industry, science and society in general is widely recognized today. However, the potentially identifying and sensitive nature of personal data is often a major obstacle to their collection, processing, and sharing. The goal of privacy-preserving techniques in data-centric systems is precisely to enable a wide diversity of usages of big personal data while still providing strong privacy guarantees.<\/p>\n\n        <\/div>\n    <\/div>\n<\/section>\n\n\n\n<section class=\"txt\">\n    <div class=\"container\">\n        <div class=\"bloc-txt\">\n                            <h2><span class=\"elipse\"><\/span><span class=\"trait\"><\/span>Course content<\/h2>\n                        <ul>\n<li>Introduction : donn\u00e9es personnelles et soci\u00e9t\u00e9 aujourd&#8217;hui, motivation du besoin de les prot\u00e9ger.<\/li>\n<li>Publication de donn\u00e9es respectueuse de la vie priv\u00e9e (anonymisation) : mod\u00e8les et algorithmes par partitionnement, mod\u00e8les et algorithmes type differential privacy<\/li>\n<li>Pistage sur le Web : cookies, empreintes navigateur, contre-mesures.<\/li>\n<li>Contr\u00f4le d&#8217;acc\u00e8s dans les bases de donn\u00e9es : DAC, RBAC, MAC<\/li>\n<li>Recherche d&#8217;informations respectueuse de la vie priv\u00e9e : PIR computationelle et PIR th\u00e9orie de l&#8217;information<\/li>\n<li>Interrogation de donn\u00e9es personnelles chiffr\u00e9es : approches serveur, approches client<\/li>\n<li>Introduction au RGPD<\/li>\n<li>Introduction aux ar\u00eanes de standardisation du Web orient\u00e9es privacy<\/li>\n<\/ul>\n\n        <\/div>\n    <\/div>\n<\/section>\n\n\n<section class=\"tuiles\">\n    <div class=\"container\">\n                <div class=\"bloc\">\n            <h2><span class=\"elipse\"><\/span><span class=\"trait\"><\/span>Keywords<\/h2>\n            <p>Privacy, partial information leakage, differential privacy, encryption, personal data.<\/p>\n\n                    <\/div>\n                <div class=\"bloc\">\n            <h2><span class=\"elipse\"><\/span><span class=\"trait\"><\/span>Prerequisites<\/h2>\n            <ul>\n<li>Basics in the Python programing language<\/li>\n<li>Basic knowledge in cryptography<\/li>\n<li>Basic skills in statistics and probabilities<\/li>\n<\/ul>\n\n                    <\/div>\n            <\/div>\n<\/section>\n\n\n\n<section class=\"txt\">\n    <div class=\"container\">\n        <div class=\"bloc-txt\">\n                            <h2><span class=\"elipse\"><\/span><span class=\"trait\"><\/span>Bibliography<\/h2>\n                        <div class=\"contain-txt\">\n<ul>\n<li aria-level=\"1\">Privacy-Preserving Data Publishing by Bee-Chung Chen, Daniel Kifer, Kristen LeFevre and Ashwin Machanavajjhala, 2009.<\/li>\n<li aria-level=\"1\">The Algorithmic Foundations of Differential Privacy, by Cynthia Dwork and Aaron Roth, 2014.<\/li>\n<li aria-level=\"1\">Foundations of Cryptography: Volume 2, Basic Applications, by Oded Goldreich, 2004<\/li>\n<\/ul>\n<\/div>\n\n        <\/div>\n    <\/div>\n<\/section>\n\n\n\n<section class=\"txt\">\n    <div class=\"container\">\n        <div class=\"bloc-txt\">\n                            <h2><span class=\"elipse\"><\/span><span class=\"trait\"><\/span>Biography<\/h2>\n                        <div class=\"contain-txt\">\n<p><strong>Tristan Allard<\/strong> (responsible and main teacher) and teaching assistants for the technical part of the course, and external experts for the legal part.<\/p>\n<p>\u201cI am an associate professor (\u201cma\u00eetre de conf\u00e9rences\u201d) since September 2014 at the Univ Rennes, CNRS, Irisa. I am also a fixed term (March 2020 to March 2023) associate professor (\u201cprofesseur associ\u00e9\u201d) at the Universit\u00e9 du Qu\u00e9bec \u00e0 Montr\u00e9al (for co-supervising a joint PhD thesis between UQAM and UR1). Before that, I was a postdoctoral researcher at the Inria Zenith team in Montpellier. I conducted my Ph.D. thesis in Computer Science in the Inria SMIS team and received it from the University of Versailles in December 2011. The volume, variety, and velocity of digital personal data are increasing at a fast pace. Enabling both daily uses and large-scale analysis of personal data while preserving individuals\u2019 privacy is a key challenge in building a knowledge society. My research interests lie within this wide field. I am particularly interested in the combination of differential privacy with cryptography (privacy-preserving data querying, privacy-preserving crowdsourcing, privacy-preserving data mining). And recently I got diverted by the study of browser fingerprints for web authentication.\u201d<\/p>\n<\/div>\n\n        <\/div>\n    <\/div>\n<\/section>\n","protected":false},"excerpt":{"rendered":"","protected":false},"author":8,"featured_media":0,"parent":11707,"menu_order":0,"comment_status":"closed","ping_status":"closed","template":"","meta":[],"acf":[],"yoast_head":"<!-- This site is optimized with the Yoast SEO plugin v20.13 - https:\/\/yoast.com\/wordpress\/plugins\/seo\/ -->\n<title>Privacy - CyberSchool<\/title>\n<meta name=\"robots\" content=\"index, follow, max-snippet:-1, max-image-preview:large, max-video-preview:-1\" \/>\n<link rel=\"canonical\" href=\"https:\/\/cyberschool.univ-rennes.fr\/en\/education\/masters-and-postgraduate-programmes\/masters-cybersecurity-science-of-software-and-hardware-security\/study-programme-of-the-masters-cybersecurity-science-of-software-and-hardware-security\/privacy\/\" \/>\n<meta property=\"og:locale\" content=\"en_US\" \/>\n<meta property=\"og:type\" content=\"article\" \/>\n<meta property=\"og:title\" content=\"Privacy - CyberSchool\" \/>\n<meta property=\"og:url\" content=\"https:\/\/cyberschool.univ-rennes.fr\/en\/education\/masters-and-postgraduate-programmes\/masters-cybersecurity-science-of-software-and-hardware-security\/study-programme-of-the-masters-cybersecurity-science-of-software-and-hardware-security\/privacy\/\" \/>\n<meta property=\"og:site_name\" content=\"CyberSchool\" \/>\n<meta property=\"article:publisher\" content=\"https:\/\/www.facebook.com\/CSchoolRennes\/\" \/>\n<meta property=\"article:modified_time\" content=\"2026-03-12T13:29:33+00:00\" \/>\n<meta property=\"og:image\" content=\"https:\/\/cyberschool.univ-rennes.fr\/app\/uploads\/2021\/02\/cover-social-network.jpeg\" \/>\n\t<meta property=\"og:image:width\" content=\"1500\" \/>\n\t<meta property=\"og:image:height\" content=\"500\" \/>\n\t<meta property=\"og:image:type\" content=\"image\/jpeg\" \/>\n<meta name=\"twitter:card\" content=\"summary_large_image\" \/>\n<meta name=\"twitter:site\" content=\"@CSchoolRennes\" \/>\n<script type=\"application\/ld+json\" class=\"yoast-schema-graph\">{\"@context\":\"https:\/\/schema.org\",\"@graph\":[{\"@type\":\"WebPage\",\"@id\":\"https:\/\/cyberschool.univ-rennes.fr\/en\/education\/masters-and-postgraduate-programmes\/masters-cybersecurity-science-of-software-and-hardware-security\/study-programme-of-the-masters-cybersecurity-science-of-software-and-hardware-security\/privacy\/\",\"url\":\"https:\/\/cyberschool.univ-rennes.fr\/en\/education\/masters-and-postgraduate-programmes\/masters-cybersecurity-science-of-software-and-hardware-security\/study-programme-of-the-masters-cybersecurity-science-of-software-and-hardware-security\/privacy\/\",\"name\":\"Privacy - CyberSchool\",\"isPartOf\":{\"@id\":\"https:\/\/cyberschool.univ-rennes.fr\/en\/#website\"},\"datePublished\":\"2021-08-31T14:31:57+00:00\",\"dateModified\":\"2026-03-12T13:29:33+00:00\",\"breadcrumb\":{\"@id\":\"https:\/\/cyberschool.univ-rennes.fr\/en\/education\/masters-and-postgraduate-programmes\/masters-cybersecurity-science-of-software-and-hardware-security\/study-programme-of-the-masters-cybersecurity-science-of-software-and-hardware-security\/privacy\/#breadcrumb\"},\"inLanguage\":\"en-US\",\"potentialAction\":[{\"@type\":\"ReadAction\",\"target\":[\"https:\/\/cyberschool.univ-rennes.fr\/en\/education\/masters-and-postgraduate-programmes\/masters-cybersecurity-science-of-software-and-hardware-security\/study-programme-of-the-masters-cybersecurity-science-of-software-and-hardware-security\/privacy\/\"]}]},{\"@type\":\"BreadcrumbList\",\"@id\":\"https:\/\/cyberschool.univ-rennes.fr\/en\/education\/masters-and-postgraduate-programmes\/masters-cybersecurity-science-of-software-and-hardware-security\/study-programme-of-the-masters-cybersecurity-science-of-software-and-hardware-security\/privacy\/#breadcrumb\",\"itemListElement\":[{\"@type\":\"ListItem\",\"position\":1,\"name\":\"Home\",\"item\":\"https:\/\/cyberschool.univ-rennes.fr\/en\/\"},{\"@type\":\"ListItem\",\"position\":2,\"name\":\"Education\",\"item\":\"https:\/\/cyberschool.univ-rennes.fr\/en\/education\/\"},{\"@type\":\"ListItem\",\"position\":3,\"name\":\"Master\u2019s and postgraduate programmes\",\"item\":\"https:\/\/cyberschool.univ-rennes.fr\/en\/education\/masters-and-postgraduate-programmes\/\"},{\"@type\":\"ListItem\",\"position\":4,\"name\":\"Master\u2019s Cybersecurity, Science of Software and Hardware Security\",\"item\":\"https:\/\/cyberschool.univ-rennes.fr\/en\/education\/masters-and-postgraduate-programmes\/masters-cybersecurity-science-of-software-and-hardware-security\/\"},{\"@type\":\"ListItem\",\"position\":5,\"name\":\"Study programme of the Master\u2019s Cybersecurity, Science of Software and Hardware Security\",\"item\":\"https:\/\/cyberschool.univ-rennes.fr\/en\/education\/masters-and-postgraduate-programmes\/masters-cybersecurity-science-of-software-and-hardware-security\/study-programme-of-the-masters-cybersecurity-science-of-software-and-hardware-security\/\"},{\"@type\":\"ListItem\",\"position\":6,\"name\":\"Privacy\"}]},{\"@type\":\"WebSite\",\"@id\":\"https:\/\/cyberschool.univ-rennes.fr\/en\/#website\",\"url\":\"https:\/\/cyberschool.univ-rennes.fr\/en\/\",\"name\":\"CyberSchool\",\"description\":\"Just another WordPress site\",\"potentialAction\":[{\"@type\":\"SearchAction\",\"target\":{\"@type\":\"EntryPoint\",\"urlTemplate\":\"https:\/\/cyberschool.univ-rennes.fr\/en\/?s={search_term_string}\"},\"query-input\":\"required name=search_term_string\"}],\"inLanguage\":\"en-US\"}]}<\/script>\n<!-- \/ Yoast SEO plugin. -->","yoast_head_json":{"title":"Privacy - CyberSchool","robots":{"index":"index","follow":"follow","max-snippet":"max-snippet:-1","max-image-preview":"max-image-preview:large","max-video-preview":"max-video-preview:-1"},"canonical":"https:\/\/cyberschool.univ-rennes.fr\/en\/education\/masters-and-postgraduate-programmes\/masters-cybersecurity-science-of-software-and-hardware-security\/study-programme-of-the-masters-cybersecurity-science-of-software-and-hardware-security\/privacy\/","og_locale":"en_US","og_type":"article","og_title":"Privacy - CyberSchool","og_url":"https:\/\/cyberschool.univ-rennes.fr\/en\/education\/masters-and-postgraduate-programmes\/masters-cybersecurity-science-of-software-and-hardware-security\/study-programme-of-the-masters-cybersecurity-science-of-software-and-hardware-security\/privacy\/","og_site_name":"CyberSchool","article_publisher":"https:\/\/www.facebook.com\/CSchoolRennes\/","article_modified_time":"2026-03-12T13:29:33+00:00","og_image":[{"width":1500,"height":500,"url":"https:\/\/cyberschool.univ-rennes.fr\/app\/uploads\/2021\/02\/cover-social-network.jpeg","type":"image\/jpeg"}],"twitter_card":"summary_large_image","twitter_site":"@CSchoolRennes","schema":{"@context":"https:\/\/schema.org","@graph":[{"@type":"WebPage","@id":"https:\/\/cyberschool.univ-rennes.fr\/en\/education\/masters-and-postgraduate-programmes\/masters-cybersecurity-science-of-software-and-hardware-security\/study-programme-of-the-masters-cybersecurity-science-of-software-and-hardware-security\/privacy\/","url":"https:\/\/cyberschool.univ-rennes.fr\/en\/education\/masters-and-postgraduate-programmes\/masters-cybersecurity-science-of-software-and-hardware-security\/study-programme-of-the-masters-cybersecurity-science-of-software-and-hardware-security\/privacy\/","name":"Privacy - CyberSchool","isPartOf":{"@id":"https:\/\/cyberschool.univ-rennes.fr\/en\/#website"},"datePublished":"2021-08-31T14:31:57+00:00","dateModified":"2026-03-12T13:29:33+00:00","breadcrumb":{"@id":"https:\/\/cyberschool.univ-rennes.fr\/en\/education\/masters-and-postgraduate-programmes\/masters-cybersecurity-science-of-software-and-hardware-security\/study-programme-of-the-masters-cybersecurity-science-of-software-and-hardware-security\/privacy\/#breadcrumb"},"inLanguage":"en-US","potentialAction":[{"@type":"ReadAction","target":["https:\/\/cyberschool.univ-rennes.fr\/en\/education\/masters-and-postgraduate-programmes\/masters-cybersecurity-science-of-software-and-hardware-security\/study-programme-of-the-masters-cybersecurity-science-of-software-and-hardware-security\/privacy\/"]}]},{"@type":"BreadcrumbList","@id":"https:\/\/cyberschool.univ-rennes.fr\/en\/education\/masters-and-postgraduate-programmes\/masters-cybersecurity-science-of-software-and-hardware-security\/study-programme-of-the-masters-cybersecurity-science-of-software-and-hardware-security\/privacy\/#breadcrumb","itemListElement":[{"@type":"ListItem","position":1,"name":"Home","item":"https:\/\/cyberschool.univ-rennes.fr\/en\/"},{"@type":"ListItem","position":2,"name":"Education","item":"https:\/\/cyberschool.univ-rennes.fr\/en\/education\/"},{"@type":"ListItem","position":3,"name":"Master\u2019s and postgraduate programmes","item":"https:\/\/cyberschool.univ-rennes.fr\/en\/education\/masters-and-postgraduate-programmes\/"},{"@type":"ListItem","position":4,"name":"Master\u2019s Cybersecurity, Science of Software and Hardware Security","item":"https:\/\/cyberschool.univ-rennes.fr\/en\/education\/masters-and-postgraduate-programmes\/masters-cybersecurity-science-of-software-and-hardware-security\/"},{"@type":"ListItem","position":5,"name":"Study programme of the Master\u2019s Cybersecurity, Science of Software and Hardware Security","item":"https:\/\/cyberschool.univ-rennes.fr\/en\/education\/masters-and-postgraduate-programmes\/masters-cybersecurity-science-of-software-and-hardware-security\/study-programme-of-the-masters-cybersecurity-science-of-software-and-hardware-security\/"},{"@type":"ListItem","position":6,"name":"Privacy"}]},{"@type":"WebSite","@id":"https:\/\/cyberschool.univ-rennes.fr\/en\/#website","url":"https:\/\/cyberschool.univ-rennes.fr\/en\/","name":"CyberSchool","description":"Just another WordPress site","potentialAction":[{"@type":"SearchAction","target":{"@type":"EntryPoint","urlTemplate":"https:\/\/cyberschool.univ-rennes.fr\/en\/?s={search_term_string}"},"query-input":"required name=search_term_string"}],"inLanguage":"en-US"}]}},"_links":{"self":[{"href":"https:\/\/cyberschool.univ-rennes.fr\/en\/wp-json\/wp\/v2\/pages\/3973"}],"collection":[{"href":"https:\/\/cyberschool.univ-rennes.fr\/en\/wp-json\/wp\/v2\/pages"}],"about":[{"href":"https:\/\/cyberschool.univ-rennes.fr\/en\/wp-json\/wp\/v2\/types\/page"}],"author":[{"embeddable":true,"href":"https:\/\/cyberschool.univ-rennes.fr\/en\/wp-json\/wp\/v2\/users\/8"}],"replies":[{"embeddable":true,"href":"https:\/\/cyberschool.univ-rennes.fr\/en\/wp-json\/wp\/v2\/comments?post=3973"}],"version-history":[{"count":27,"href":"https:\/\/cyberschool.univ-rennes.fr\/en\/wp-json\/wp\/v2\/pages\/3973\/revisions"}],"predecessor-version":[{"id":18446,"href":"https:\/\/cyberschool.univ-rennes.fr\/en\/wp-json\/wp\/v2\/pages\/3973\/revisions\/18446"}],"up":[{"embeddable":true,"href":"https:\/\/cyberschool.univ-rennes.fr\/en\/wp-json\/wp\/v2\/pages\/11707"}],"wp:attachment":[{"href":"https:\/\/cyberschool.univ-rennes.fr\/en\/wp-json\/wp\/v2\/media?parent=3973"}],"curies":[{"name":"wp","href":"https:\/\/api.w.org\/{rel}","templated":true}]}}