{"id":4227,"date":"2021-09-17T13:20:09","date_gmt":"2021-09-17T12:20:09","guid":{"rendered":"https:\/\/cyberschool.univ-rennes.fr\/?page_id=4227"},"modified":"2026-03-12T14:31:02","modified_gmt":"2026-03-12T13:31:02","slug":"codes-correcteurs-derreur","status":"publish","type":"page","link":"https:\/\/cyberschool.univ-rennes.fr\/en\/education\/masters-and-postgraduate-programmes\/masters-in-mathematics-and-applications-it-mathematics-and-cryptography\/study-programme-of-the-masters-mathematics-and-applications-it-mathematics-and-cryptography\/codes-correcteurs-derreur\/","title":{"rendered":"Codes correcteurs"},"content":{"rendered":"\n<section class=\"txt\">\n    <div class=\"container\">\n        <div class=\"bloc-txt\">\n                            <h2><span class=\"elipse\"><\/span><span class=\"trait\"><\/span>Course description<\/h2>\n                        <div class=\"contain-txt\">\n<ul>\n<li>Codes lin\u00e9aires, codes cycliques<\/li>\n<li>Codes de Reed-Solomon, codes BCH, exemples d\u2019algorithmes de d\u00e9codage<\/li>\n<li>Codes de Goppa, cryptosyst\u00e8me de Mac Eliece<\/li>\n<\/ul>\n<\/div>\n\n        <\/div>\n    <\/div>\n<\/section>\n\n\n<section class=\"tuiles\">\n    <div class=\"container\">\n                <div class=\"bloc\">\n            <h2><span class=\"elipse\"><\/span><span class=\"trait\"><\/span>Skills to acquire<\/h2>\n            <p>Comprendre les principes g\u00e9n\u00e9raux des codes correcteurs d\u2019erreurs d\u00e9finis sur les corps finis et mettre en \u0153uvre des algorithmes (notamment de d\u00e9codage) sur certaines familles de codes.<\/p>\n\n                    <\/div>\n                <div class=\"bloc\">\n            <h2><span class=\"elipse\"><\/span><span class=\"trait\"><\/span>Keywords<\/h2>\n            <p>Codes correcteurs, corps finis, d\u00e9codage, cryptographie \u00e0 base de codes.<\/p>\n\n                    <\/div>\n            <\/div>\n<\/section>\n\n\n\n<section class=\"txt\">\n    <div class=\"container\">\n        <div class=\"bloc-txt\">\n                            <h2><span class=\"elipse\"><\/span><span class=\"trait\"><\/span>Biographies<\/h2>\n                        <div class=\"contain-txt\">\n<div class=\"contain-txt\">\n<p><strong>Delphine Boucher<\/strong> est ma\u00eetre de conf\u00e9rences \u00e0 l\u2019Universit\u00e9 de Rennes, responsable de l\u2019<a href=\"https:\/\/irmar.univ-rennes1.fr\/pole-geometrie-de-lirmar#section-3\" target=\"_blank\" rel=\"noopener\">\u00e9quipe G\u00e9om\u00e9trie et Alg\u00e8bre Effectives (GAE)<\/a> et directrice adjointe de l\u2019<a href=\"https:\/\/irmar.univ-rennes.fr\" target=\"_blank\" rel=\"noopener\">IRMAR<\/a>.<\/p>\n<p><strong>Felix Ulmer<\/strong> est professeur \u00e0 l\u2019Universit\u00e9 de Rennes et ancien directeur de l\u2019IRMAR.<\/p>\n<p><strong>Epiphane Nouetowa<\/strong> est un ancien \u00e9tudiant du master cryptographie. Il pr\u00e9pare actuellement une th\u00e8se sur les codes correcteurs d\u2019erreurs, sous la direction de Delphine Boucher et Pierre Loidreau.<\/p>\n<\/div>\n<\/div>\n\n        <\/div>\n    <\/div>\n<\/section>\n","protected":false},"excerpt":{"rendered":"","protected":false},"author":8,"featured_media":0,"parent":11605,"menu_order":0,"comment_status":"closed","ping_status":"closed","template":"","meta":[],"acf":[],"yoast_head":"<!-- This site is optimized with the Yoast SEO plugin v20.13 - https:\/\/yoast.com\/wordpress\/plugins\/seo\/ -->\n<title>Codes correcteurs - CyberSchool<\/title>\n<meta name=\"robots\" content=\"index, follow, max-snippet:-1, max-image-preview:large, max-video-preview:-1\" \/>\n<link rel=\"canonical\" href=\"https:\/\/cyberschool.univ-rennes.fr\/en\/education\/masters-and-postgraduate-programmes\/masters-in-mathematics-and-applications-it-mathematics-and-cryptography\/study-programme-of-the-masters-mathematics-and-applications-it-mathematics-and-cryptography\/codes-correcteurs-derreur\/\" \/>\n<meta property=\"og:locale\" content=\"en_US\" \/>\n<meta property=\"og:type\" content=\"article\" \/>\n<meta property=\"og:title\" content=\"Codes correcteurs - CyberSchool\" \/>\n<meta property=\"og:url\" content=\"https:\/\/cyberschool.univ-rennes.fr\/en\/education\/masters-and-postgraduate-programmes\/masters-in-mathematics-and-applications-it-mathematics-and-cryptography\/study-programme-of-the-masters-mathematics-and-applications-it-mathematics-and-cryptography\/codes-correcteurs-derreur\/\" \/>\n<meta property=\"og:site_name\" content=\"CyberSchool\" \/>\n<meta property=\"article:publisher\" content=\"https:\/\/www.facebook.com\/CSchoolRennes\/\" \/>\n<meta property=\"article:modified_time\" content=\"2026-03-12T13:31:02+00:00\" \/>\n<meta property=\"og:image\" content=\"https:\/\/cyberschool.univ-rennes.fr\/app\/uploads\/2021\/02\/cover-social-network.jpeg\" \/>\n\t<meta property=\"og:image:width\" content=\"1500\" \/>\n\t<meta property=\"og:image:height\" content=\"500\" \/>\n\t<meta property=\"og:image:type\" content=\"image\/jpeg\" \/>\n<meta name=\"twitter:card\" content=\"summary_large_image\" \/>\n<meta name=\"twitter:site\" content=\"@CSchoolRennes\" \/>\n<script type=\"application\/ld+json\" class=\"yoast-schema-graph\">{\"@context\":\"https:\/\/schema.org\",\"@graph\":[{\"@type\":\"WebPage\",\"@id\":\"https:\/\/cyberschool.univ-rennes.fr\/en\/education\/masters-and-postgraduate-programmes\/masters-in-mathematics-and-applications-it-mathematics-and-cryptography\/study-programme-of-the-masters-mathematics-and-applications-it-mathematics-and-cryptography\/codes-correcteurs-derreur\/\",\"url\":\"https:\/\/cyberschool.univ-rennes.fr\/en\/education\/masters-and-postgraduate-programmes\/masters-in-mathematics-and-applications-it-mathematics-and-cryptography\/study-programme-of-the-masters-mathematics-and-applications-it-mathematics-and-cryptography\/codes-correcteurs-derreur\/\",\"name\":\"Codes correcteurs - CyberSchool\",\"isPartOf\":{\"@id\":\"https:\/\/cyberschool.univ-rennes.fr\/en\/#website\"},\"datePublished\":\"2021-09-17T12:20:09+00:00\",\"dateModified\":\"2026-03-12T13:31:02+00:00\",\"breadcrumb\":{\"@id\":\"https:\/\/cyberschool.univ-rennes.fr\/en\/education\/masters-and-postgraduate-programmes\/masters-in-mathematics-and-applications-it-mathematics-and-cryptography\/study-programme-of-the-masters-mathematics-and-applications-it-mathematics-and-cryptography\/codes-correcteurs-derreur\/#breadcrumb\"},\"inLanguage\":\"en-US\",\"potentialAction\":[{\"@type\":\"ReadAction\",\"target\":[\"https:\/\/cyberschool.univ-rennes.fr\/en\/education\/masters-and-postgraduate-programmes\/masters-in-mathematics-and-applications-it-mathematics-and-cryptography\/study-programme-of-the-masters-mathematics-and-applications-it-mathematics-and-cryptography\/codes-correcteurs-derreur\/\"]}]},{\"@type\":\"BreadcrumbList\",\"@id\":\"https:\/\/cyberschool.univ-rennes.fr\/en\/education\/masters-and-postgraduate-programmes\/masters-in-mathematics-and-applications-it-mathematics-and-cryptography\/study-programme-of-the-masters-mathematics-and-applications-it-mathematics-and-cryptography\/codes-correcteurs-derreur\/#breadcrumb\",\"itemListElement\":[{\"@type\":\"ListItem\",\"position\":1,\"name\":\"Home\",\"item\":\"https:\/\/cyberschool.univ-rennes.fr\/en\/\"},{\"@type\":\"ListItem\",\"position\":2,\"name\":\"Education\",\"item\":\"https:\/\/cyberschool.univ-rennes.fr\/en\/education\/\"},{\"@type\":\"ListItem\",\"position\":3,\"name\":\"Master\u2019s and postgraduate programmes\",\"item\":\"https:\/\/cyberschool.univ-rennes.fr\/en\/education\/masters-and-postgraduate-programmes\/\"},{\"@type\":\"ListItem\",\"position\":4,\"name\":\"Master\u2019s in Mathematics and Applications \u2013 IT Mathematics and Cryptography\",\"item\":\"https:\/\/cyberschool.univ-rennes.fr\/en\/education\/masters-and-postgraduate-programmes\/masters-in-mathematics-and-applications-it-mathematics-and-cryptography\/\"},{\"@type\":\"ListItem\",\"position\":5,\"name\":\"Study programme of the Master&rsquo;s Mathematics and Applications \u2013 IT Mathematics and Cryptography\",\"item\":\"https:\/\/cyberschool.univ-rennes.fr\/en\/education\/masters-and-postgraduate-programmes\/masters-in-mathematics-and-applications-it-mathematics-and-cryptography\/study-programme-of-the-masters-mathematics-and-applications-it-mathematics-and-cryptography\/\"},{\"@type\":\"ListItem\",\"position\":6,\"name\":\"Codes correcteurs\"}]},{\"@type\":\"WebSite\",\"@id\":\"https:\/\/cyberschool.univ-rennes.fr\/en\/#website\",\"url\":\"https:\/\/cyberschool.univ-rennes.fr\/en\/\",\"name\":\"CyberSchool\",\"description\":\"Just another WordPress site\",\"potentialAction\":[{\"@type\":\"SearchAction\",\"target\":{\"@type\":\"EntryPoint\",\"urlTemplate\":\"https:\/\/cyberschool.univ-rennes.fr\/en\/?s={search_term_string}\"},\"query-input\":\"required name=search_term_string\"}],\"inLanguage\":\"en-US\"}]}<\/script>\n<!-- \/ Yoast SEO plugin. -->","yoast_head_json":{"title":"Codes correcteurs - CyberSchool","robots":{"index":"index","follow":"follow","max-snippet":"max-snippet:-1","max-image-preview":"max-image-preview:large","max-video-preview":"max-video-preview:-1"},"canonical":"https:\/\/cyberschool.univ-rennes.fr\/en\/education\/masters-and-postgraduate-programmes\/masters-in-mathematics-and-applications-it-mathematics-and-cryptography\/study-programme-of-the-masters-mathematics-and-applications-it-mathematics-and-cryptography\/codes-correcteurs-derreur\/","og_locale":"en_US","og_type":"article","og_title":"Codes correcteurs - CyberSchool","og_url":"https:\/\/cyberschool.univ-rennes.fr\/en\/education\/masters-and-postgraduate-programmes\/masters-in-mathematics-and-applications-it-mathematics-and-cryptography\/study-programme-of-the-masters-mathematics-and-applications-it-mathematics-and-cryptography\/codes-correcteurs-derreur\/","og_site_name":"CyberSchool","article_publisher":"https:\/\/www.facebook.com\/CSchoolRennes\/","article_modified_time":"2026-03-12T13:31:02+00:00","og_image":[{"width":1500,"height":500,"url":"https:\/\/cyberschool.univ-rennes.fr\/app\/uploads\/2021\/02\/cover-social-network.jpeg","type":"image\/jpeg"}],"twitter_card":"summary_large_image","twitter_site":"@CSchoolRennes","schema":{"@context":"https:\/\/schema.org","@graph":[{"@type":"WebPage","@id":"https:\/\/cyberschool.univ-rennes.fr\/en\/education\/masters-and-postgraduate-programmes\/masters-in-mathematics-and-applications-it-mathematics-and-cryptography\/study-programme-of-the-masters-mathematics-and-applications-it-mathematics-and-cryptography\/codes-correcteurs-derreur\/","url":"https:\/\/cyberschool.univ-rennes.fr\/en\/education\/masters-and-postgraduate-programmes\/masters-in-mathematics-and-applications-it-mathematics-and-cryptography\/study-programme-of-the-masters-mathematics-and-applications-it-mathematics-and-cryptography\/codes-correcteurs-derreur\/","name":"Codes correcteurs - CyberSchool","isPartOf":{"@id":"https:\/\/cyberschool.univ-rennes.fr\/en\/#website"},"datePublished":"2021-09-17T12:20:09+00:00","dateModified":"2026-03-12T13:31:02+00:00","breadcrumb":{"@id":"https:\/\/cyberschool.univ-rennes.fr\/en\/education\/masters-and-postgraduate-programmes\/masters-in-mathematics-and-applications-it-mathematics-and-cryptography\/study-programme-of-the-masters-mathematics-and-applications-it-mathematics-and-cryptography\/codes-correcteurs-derreur\/#breadcrumb"},"inLanguage":"en-US","potentialAction":[{"@type":"ReadAction","target":["https:\/\/cyberschool.univ-rennes.fr\/en\/education\/masters-and-postgraduate-programmes\/masters-in-mathematics-and-applications-it-mathematics-and-cryptography\/study-programme-of-the-masters-mathematics-and-applications-it-mathematics-and-cryptography\/codes-correcteurs-derreur\/"]}]},{"@type":"BreadcrumbList","@id":"https:\/\/cyberschool.univ-rennes.fr\/en\/education\/masters-and-postgraduate-programmes\/masters-in-mathematics-and-applications-it-mathematics-and-cryptography\/study-programme-of-the-masters-mathematics-and-applications-it-mathematics-and-cryptography\/codes-correcteurs-derreur\/#breadcrumb","itemListElement":[{"@type":"ListItem","position":1,"name":"Home","item":"https:\/\/cyberschool.univ-rennes.fr\/en\/"},{"@type":"ListItem","position":2,"name":"Education","item":"https:\/\/cyberschool.univ-rennes.fr\/en\/education\/"},{"@type":"ListItem","position":3,"name":"Master\u2019s and postgraduate programmes","item":"https:\/\/cyberschool.univ-rennes.fr\/en\/education\/masters-and-postgraduate-programmes\/"},{"@type":"ListItem","position":4,"name":"Master\u2019s in Mathematics and Applications \u2013 IT Mathematics and Cryptography","item":"https:\/\/cyberschool.univ-rennes.fr\/en\/education\/masters-and-postgraduate-programmes\/masters-in-mathematics-and-applications-it-mathematics-and-cryptography\/"},{"@type":"ListItem","position":5,"name":"Study programme of the Master&rsquo;s Mathematics and Applications \u2013 IT Mathematics and Cryptography","item":"https:\/\/cyberschool.univ-rennes.fr\/en\/education\/masters-and-postgraduate-programmes\/masters-in-mathematics-and-applications-it-mathematics-and-cryptography\/study-programme-of-the-masters-mathematics-and-applications-it-mathematics-and-cryptography\/"},{"@type":"ListItem","position":6,"name":"Codes correcteurs"}]},{"@type":"WebSite","@id":"https:\/\/cyberschool.univ-rennes.fr\/en\/#website","url":"https:\/\/cyberschool.univ-rennes.fr\/en\/","name":"CyberSchool","description":"Just another WordPress site","potentialAction":[{"@type":"SearchAction","target":{"@type":"EntryPoint","urlTemplate":"https:\/\/cyberschool.univ-rennes.fr\/en\/?s={search_term_string}"},"query-input":"required name=search_term_string"}],"inLanguage":"en-US"}]}},"_links":{"self":[{"href":"https:\/\/cyberschool.univ-rennes.fr\/en\/wp-json\/wp\/v2\/pages\/4227"}],"collection":[{"href":"https:\/\/cyberschool.univ-rennes.fr\/en\/wp-json\/wp\/v2\/pages"}],"about":[{"href":"https:\/\/cyberschool.univ-rennes.fr\/en\/wp-json\/wp\/v2\/types\/page"}],"author":[{"embeddable":true,"href":"https:\/\/cyberschool.univ-rennes.fr\/en\/wp-json\/wp\/v2\/users\/8"}],"replies":[{"embeddable":true,"href":"https:\/\/cyberschool.univ-rennes.fr\/en\/wp-json\/wp\/v2\/comments?post=4227"}],"version-history":[{"count":12,"href":"https:\/\/cyberschool.univ-rennes.fr\/en\/wp-json\/wp\/v2\/pages\/4227\/revisions"}],"predecessor-version":[{"id":18471,"href":"https:\/\/cyberschool.univ-rennes.fr\/en\/wp-json\/wp\/v2\/pages\/4227\/revisions\/18471"}],"up":[{"embeddable":true,"href":"https:\/\/cyberschool.univ-rennes.fr\/en\/wp-json\/wp\/v2\/pages\/11605"}],"wp:attachment":[{"href":"https:\/\/cyberschool.univ-rennes.fr\/en\/wp-json\/wp\/v2\/media?parent=4227"}],"curies":[{"name":"wp","href":"https:\/\/api.w.org\/{rel}","templated":true}]}}