{"id":4239,"date":"2021-09-17T14:21:47","date_gmt":"2021-09-17T13:21:47","guid":{"rendered":"https:\/\/cyberschool.univ-rennes.fr\/?page_id=4239"},"modified":"2026-03-12T14:31:14","modified_gmt":"2026-03-12T13:31:14","slug":"cryptographie","status":"publish","type":"page","link":"https:\/\/cyberschool.univ-rennes.fr\/en\/education\/masters-and-postgraduate-programmes\/masters-in-mathematics-and-applications-it-mathematics-and-cryptography\/study-programme-of-the-masters-mathematics-and-applications-it-mathematics-and-cryptography\/cryptographie\/","title":{"rendered":"Cryptographie"},"content":{"rendered":"\n<section class=\"txt\">\n    <div class=\"container\">\n        <div class=\"bloc-txt\">\n                            <h2><span class=\"elipse\"><\/span><span class=\"trait\"><\/span>Course description<\/h2>\n                        <div class=\"contain-txt\">\n<ul>\n<li>Principes g\u00e9n\u00e9raux de la cryptographie<\/li>\n<li>Chiffrements par blocs et par flot<\/li>\n<li>Cryptographie \u00e0 cl\u00e9 publique (RSA, logarithme discret)<\/li>\n<li>Fonctions de hachage, signature \u00e9lectronique<\/li>\n<\/ul>\n<\/div>\n\n        <\/div>\n    <\/div>\n<\/section>\n\n\n<section class=\"tuiles\">\n    <div class=\"container\">\n                <div class=\"bloc\">\n            <h2><span class=\"elipse\"><\/span><span class=\"trait\"><\/span>Skills to acquire<\/h2>\n            <p>Comprendre et savoir d\u00e9terminer les briques cryptographiques de bases n\u00e9cessaires \u00e0 la mise en place d\u2019un syst\u00e8me de s\u00e9curit\u00e9 global.<\/p>\n\n                    <\/div>\n                <div class=\"bloc\">\n            <h2><span class=\"elipse\"><\/span><span class=\"trait\"><\/span>Keywords<\/h2>\n            <p>Cryptographie par bloc, par flot, asym\u00e9trique, logarithme discret, RSA, fonctions de hachage.<\/p>\n\n                    <\/div>\n            <\/div>\n<\/section>\n\n\n\n<section class=\"txt\">\n    <div class=\"container\">\n        <div class=\"bloc-txt\">\n                            <h2><span class=\"elipse\"><\/span><span class=\"trait\"><\/span>Biographies<\/h2>\n                        <div class=\"contain-txt\">\n<p><strong>Sylvain Duquesne<\/strong> est professeur en Math\u00e9matiques \u00e0 l\u2019Universit\u00e9 de Rennes 1 depuis le 1er septembre 2008 et actuel directeur de l\u2019IRMAR. Son domaine de recherche concerne la th\u00e9orie des nombres et plus particuli\u00e8rement l\u2019arithm\u00e9tique et l\u2019algorithmique sur les courbes alg\u00e9briques, ainsi que les applications en cryptographie. Il participe au projet SafeTLS soutenu par l\u2019ANR.<\/p>\n<p><strong>Elie Eid<\/strong> est doctorant en math\u00e9matiques \u00e0 l\u2019Institut de recherche math\u00e9matique de Rennes (IRMAR) depuis octobre 2018, sous la direction de Reynald Lercier et Xavier Caruso.<\/p>\n<\/div>\n\n        <\/div>\n    <\/div>\n<\/section>\n","protected":false},"excerpt":{"rendered":"","protected":false},"author":8,"featured_media":0,"parent":11605,"menu_order":0,"comment_status":"closed","ping_status":"closed","template":"","meta":[],"acf":[],"yoast_head":"<!-- This site is optimized with the Yoast SEO plugin v20.13 - https:\/\/yoast.com\/wordpress\/plugins\/seo\/ -->\n<title>Cryptographie - CyberSchool<\/title>\n<meta name=\"robots\" content=\"index, follow, max-snippet:-1, max-image-preview:large, max-video-preview:-1\" \/>\n<link rel=\"canonical\" href=\"https:\/\/cyberschool.univ-rennes.fr\/en\/education\/masters-and-postgraduate-programmes\/masters-in-mathematics-and-applications-it-mathematics-and-cryptography\/study-programme-of-the-masters-mathematics-and-applications-it-mathematics-and-cryptography\/cryptographie\/\" \/>\n<meta property=\"og:locale\" content=\"en_US\" \/>\n<meta property=\"og:type\" content=\"article\" \/>\n<meta property=\"og:title\" content=\"Cryptographie - CyberSchool\" \/>\n<meta property=\"og:url\" content=\"https:\/\/cyberschool.univ-rennes.fr\/en\/education\/masters-and-postgraduate-programmes\/masters-in-mathematics-and-applications-it-mathematics-and-cryptography\/study-programme-of-the-masters-mathematics-and-applications-it-mathematics-and-cryptography\/cryptographie\/\" \/>\n<meta property=\"og:site_name\" content=\"CyberSchool\" \/>\n<meta property=\"article:publisher\" content=\"https:\/\/www.facebook.com\/CSchoolRennes\/\" \/>\n<meta property=\"article:modified_time\" content=\"2026-03-12T13:31:14+00:00\" \/>\n<meta property=\"og:image\" content=\"https:\/\/cyberschool.univ-rennes.fr\/app\/uploads\/2021\/02\/cover-social-network.jpeg\" \/>\n\t<meta property=\"og:image:width\" content=\"1500\" \/>\n\t<meta property=\"og:image:height\" content=\"500\" \/>\n\t<meta property=\"og:image:type\" content=\"image\/jpeg\" \/>\n<meta name=\"twitter:card\" content=\"summary_large_image\" \/>\n<meta name=\"twitter:site\" content=\"@CSchoolRennes\" \/>\n<script type=\"application\/ld+json\" class=\"yoast-schema-graph\">{\"@context\":\"https:\/\/schema.org\",\"@graph\":[{\"@type\":\"WebPage\",\"@id\":\"https:\/\/cyberschool.univ-rennes.fr\/en\/education\/masters-and-postgraduate-programmes\/masters-in-mathematics-and-applications-it-mathematics-and-cryptography\/study-programme-of-the-masters-mathematics-and-applications-it-mathematics-and-cryptography\/cryptographie\/\",\"url\":\"https:\/\/cyberschool.univ-rennes.fr\/en\/education\/masters-and-postgraduate-programmes\/masters-in-mathematics-and-applications-it-mathematics-and-cryptography\/study-programme-of-the-masters-mathematics-and-applications-it-mathematics-and-cryptography\/cryptographie\/\",\"name\":\"Cryptographie - CyberSchool\",\"isPartOf\":{\"@id\":\"https:\/\/cyberschool.univ-rennes.fr\/en\/#website\"},\"datePublished\":\"2021-09-17T13:21:47+00:00\",\"dateModified\":\"2026-03-12T13:31:14+00:00\",\"breadcrumb\":{\"@id\":\"https:\/\/cyberschool.univ-rennes.fr\/en\/education\/masters-and-postgraduate-programmes\/masters-in-mathematics-and-applications-it-mathematics-and-cryptography\/study-programme-of-the-masters-mathematics-and-applications-it-mathematics-and-cryptography\/cryptographie\/#breadcrumb\"},\"inLanguage\":\"en-US\",\"potentialAction\":[{\"@type\":\"ReadAction\",\"target\":[\"https:\/\/cyberschool.univ-rennes.fr\/en\/education\/masters-and-postgraduate-programmes\/masters-in-mathematics-and-applications-it-mathematics-and-cryptography\/study-programme-of-the-masters-mathematics-and-applications-it-mathematics-and-cryptography\/cryptographie\/\"]}]},{\"@type\":\"BreadcrumbList\",\"@id\":\"https:\/\/cyberschool.univ-rennes.fr\/en\/education\/masters-and-postgraduate-programmes\/masters-in-mathematics-and-applications-it-mathematics-and-cryptography\/study-programme-of-the-masters-mathematics-and-applications-it-mathematics-and-cryptography\/cryptographie\/#breadcrumb\",\"itemListElement\":[{\"@type\":\"ListItem\",\"position\":1,\"name\":\"Home\",\"item\":\"https:\/\/cyberschool.univ-rennes.fr\/en\/\"},{\"@type\":\"ListItem\",\"position\":2,\"name\":\"Education\",\"item\":\"https:\/\/cyberschool.univ-rennes.fr\/en\/education\/\"},{\"@type\":\"ListItem\",\"position\":3,\"name\":\"Master\u2019s and postgraduate programmes\",\"item\":\"https:\/\/cyberschool.univ-rennes.fr\/en\/education\/masters-and-postgraduate-programmes\/\"},{\"@type\":\"ListItem\",\"position\":4,\"name\":\"Master\u2019s in Mathematics and Applications \u2013 IT Mathematics and Cryptography\",\"item\":\"https:\/\/cyberschool.univ-rennes.fr\/en\/education\/masters-and-postgraduate-programmes\/masters-in-mathematics-and-applications-it-mathematics-and-cryptography\/\"},{\"@type\":\"ListItem\",\"position\":5,\"name\":\"Study programme of the Master&rsquo;s Mathematics and Applications \u2013 IT Mathematics and Cryptography\",\"item\":\"https:\/\/cyberschool.univ-rennes.fr\/en\/education\/masters-and-postgraduate-programmes\/masters-in-mathematics-and-applications-it-mathematics-and-cryptography\/study-programme-of-the-masters-mathematics-and-applications-it-mathematics-and-cryptography\/\"},{\"@type\":\"ListItem\",\"position\":6,\"name\":\"Cryptographie\"}]},{\"@type\":\"WebSite\",\"@id\":\"https:\/\/cyberschool.univ-rennes.fr\/en\/#website\",\"url\":\"https:\/\/cyberschool.univ-rennes.fr\/en\/\",\"name\":\"CyberSchool\",\"description\":\"Just another WordPress site\",\"potentialAction\":[{\"@type\":\"SearchAction\",\"target\":{\"@type\":\"EntryPoint\",\"urlTemplate\":\"https:\/\/cyberschool.univ-rennes.fr\/en\/?s={search_term_string}\"},\"query-input\":\"required name=search_term_string\"}],\"inLanguage\":\"en-US\"}]}<\/script>\n<!-- \/ Yoast SEO plugin. -->","yoast_head_json":{"title":"Cryptographie - CyberSchool","robots":{"index":"index","follow":"follow","max-snippet":"max-snippet:-1","max-image-preview":"max-image-preview:large","max-video-preview":"max-video-preview:-1"},"canonical":"https:\/\/cyberschool.univ-rennes.fr\/en\/education\/masters-and-postgraduate-programmes\/masters-in-mathematics-and-applications-it-mathematics-and-cryptography\/study-programme-of-the-masters-mathematics-and-applications-it-mathematics-and-cryptography\/cryptographie\/","og_locale":"en_US","og_type":"article","og_title":"Cryptographie - CyberSchool","og_url":"https:\/\/cyberschool.univ-rennes.fr\/en\/education\/masters-and-postgraduate-programmes\/masters-in-mathematics-and-applications-it-mathematics-and-cryptography\/study-programme-of-the-masters-mathematics-and-applications-it-mathematics-and-cryptography\/cryptographie\/","og_site_name":"CyberSchool","article_publisher":"https:\/\/www.facebook.com\/CSchoolRennes\/","article_modified_time":"2026-03-12T13:31:14+00:00","og_image":[{"width":1500,"height":500,"url":"https:\/\/cyberschool.univ-rennes.fr\/app\/uploads\/2021\/02\/cover-social-network.jpeg","type":"image\/jpeg"}],"twitter_card":"summary_large_image","twitter_site":"@CSchoolRennes","schema":{"@context":"https:\/\/schema.org","@graph":[{"@type":"WebPage","@id":"https:\/\/cyberschool.univ-rennes.fr\/en\/education\/masters-and-postgraduate-programmes\/masters-in-mathematics-and-applications-it-mathematics-and-cryptography\/study-programme-of-the-masters-mathematics-and-applications-it-mathematics-and-cryptography\/cryptographie\/","url":"https:\/\/cyberschool.univ-rennes.fr\/en\/education\/masters-and-postgraduate-programmes\/masters-in-mathematics-and-applications-it-mathematics-and-cryptography\/study-programme-of-the-masters-mathematics-and-applications-it-mathematics-and-cryptography\/cryptographie\/","name":"Cryptographie - CyberSchool","isPartOf":{"@id":"https:\/\/cyberschool.univ-rennes.fr\/en\/#website"},"datePublished":"2021-09-17T13:21:47+00:00","dateModified":"2026-03-12T13:31:14+00:00","breadcrumb":{"@id":"https:\/\/cyberschool.univ-rennes.fr\/en\/education\/masters-and-postgraduate-programmes\/masters-in-mathematics-and-applications-it-mathematics-and-cryptography\/study-programme-of-the-masters-mathematics-and-applications-it-mathematics-and-cryptography\/cryptographie\/#breadcrumb"},"inLanguage":"en-US","potentialAction":[{"@type":"ReadAction","target":["https:\/\/cyberschool.univ-rennes.fr\/en\/education\/masters-and-postgraduate-programmes\/masters-in-mathematics-and-applications-it-mathematics-and-cryptography\/study-programme-of-the-masters-mathematics-and-applications-it-mathematics-and-cryptography\/cryptographie\/"]}]},{"@type":"BreadcrumbList","@id":"https:\/\/cyberschool.univ-rennes.fr\/en\/education\/masters-and-postgraduate-programmes\/masters-in-mathematics-and-applications-it-mathematics-and-cryptography\/study-programme-of-the-masters-mathematics-and-applications-it-mathematics-and-cryptography\/cryptographie\/#breadcrumb","itemListElement":[{"@type":"ListItem","position":1,"name":"Home","item":"https:\/\/cyberschool.univ-rennes.fr\/en\/"},{"@type":"ListItem","position":2,"name":"Education","item":"https:\/\/cyberschool.univ-rennes.fr\/en\/education\/"},{"@type":"ListItem","position":3,"name":"Master\u2019s and postgraduate programmes","item":"https:\/\/cyberschool.univ-rennes.fr\/en\/education\/masters-and-postgraduate-programmes\/"},{"@type":"ListItem","position":4,"name":"Master\u2019s in Mathematics and Applications \u2013 IT Mathematics and Cryptography","item":"https:\/\/cyberschool.univ-rennes.fr\/en\/education\/masters-and-postgraduate-programmes\/masters-in-mathematics-and-applications-it-mathematics-and-cryptography\/"},{"@type":"ListItem","position":5,"name":"Study programme of the Master&rsquo;s Mathematics and Applications \u2013 IT Mathematics and Cryptography","item":"https:\/\/cyberschool.univ-rennes.fr\/en\/education\/masters-and-postgraduate-programmes\/masters-in-mathematics-and-applications-it-mathematics-and-cryptography\/study-programme-of-the-masters-mathematics-and-applications-it-mathematics-and-cryptography\/"},{"@type":"ListItem","position":6,"name":"Cryptographie"}]},{"@type":"WebSite","@id":"https:\/\/cyberschool.univ-rennes.fr\/en\/#website","url":"https:\/\/cyberschool.univ-rennes.fr\/en\/","name":"CyberSchool","description":"Just another WordPress site","potentialAction":[{"@type":"SearchAction","target":{"@type":"EntryPoint","urlTemplate":"https:\/\/cyberschool.univ-rennes.fr\/en\/?s={search_term_string}"},"query-input":"required name=search_term_string"}],"inLanguage":"en-US"}]}},"_links":{"self":[{"href":"https:\/\/cyberschool.univ-rennes.fr\/en\/wp-json\/wp\/v2\/pages\/4239"}],"collection":[{"href":"https:\/\/cyberschool.univ-rennes.fr\/en\/wp-json\/wp\/v2\/pages"}],"about":[{"href":"https:\/\/cyberschool.univ-rennes.fr\/en\/wp-json\/wp\/v2\/types\/page"}],"author":[{"embeddable":true,"href":"https:\/\/cyberschool.univ-rennes.fr\/en\/wp-json\/wp\/v2\/users\/8"}],"replies":[{"embeddable":true,"href":"https:\/\/cyberschool.univ-rennes.fr\/en\/wp-json\/wp\/v2\/comments?post=4239"}],"version-history":[{"count":11,"href":"https:\/\/cyberschool.univ-rennes.fr\/en\/wp-json\/wp\/v2\/pages\/4239\/revisions"}],"predecessor-version":[{"id":18475,"href":"https:\/\/cyberschool.univ-rennes.fr\/en\/wp-json\/wp\/v2\/pages\/4239\/revisions\/18475"}],"up":[{"embeddable":true,"href":"https:\/\/cyberschool.univ-rennes.fr\/en\/wp-json\/wp\/v2\/pages\/11605"}],"wp:attachment":[{"href":"https:\/\/cyberschool.univ-rennes.fr\/en\/wp-json\/wp\/v2\/media?parent=4239"}],"curies":[{"name":"wp","href":"https:\/\/api.w.org\/{rel}","templated":true}]}}