{"id":4300,"date":"2021-09-21T13:09:59","date_gmt":"2021-09-21T12:09:59","guid":{"rendered":"https:\/\/cyberschool.univ-rennes.fr\/?page_id=4300"},"modified":"2026-03-12T14:31:15","modified_gmt":"2026-03-12T13:31:15","slug":"cryptographie-quantique","status":"publish","type":"page","link":"https:\/\/cyberschool.univ-rennes.fr\/en\/education\/masters-and-postgraduate-programmes\/masters-in-mathematics-and-applications-it-mathematics-and-cryptography\/study-programme-of-the-masters-mathematics-and-applications-it-mathematics-and-cryptography\/cryptographie-quantique\/","title":{"rendered":"Cryptographie Quantique"},"content":{"rendered":"\n<section class=\"txt\">\n    <div class=\"container\">\n        <div class=\"bloc-txt\">\n                            <h2><span class=\"elipse\"><\/span><span class=\"trait\"><\/span>Course description<\/h2>\n                        <ul>\n<li>Postulats de le m\u00e9canique classique et de la m\u00e9canique quantique<\/li>\n<li>Distribution de la cl\u00e9 par un proc\u00e9d\u00e9 quantique<\/li>\n<li>Analyse de la s\u00e9curit\u00e9 du protocole BB84<\/li>\n<li>Information quantique<\/li>\n<li>Registres et portes logiques<\/li>\n<li>Codes correcteurs d\u2019erreurs<\/li>\n<li>Algorithme de factorisation de Shor<\/li>\n<\/ul>\n\n        <\/div>\n    <\/div>\n<\/section>\n\n\n<section class=\"tuiles\">\n    <div class=\"container\">\n                <div class=\"bloc\">\n            <h2><span class=\"elipse\"><\/span><span class=\"trait\"><\/span>Skills to acquire<\/h2>\n            <p>D\u00e9couvrir les bases de la m\u00e9canique quantique et ses applications en cryptographie.<\/p>\n\n                    <\/div>\n                <div class=\"bloc\">\n            <h2><span class=\"elipse\"><\/span><span class=\"trait\"><\/span>Keywords<\/h2>\n            <p>Quantique, \u00e9change de cl\u00e9, attaques de la cryptographie classique.<\/p>\n\n                    <\/div>\n            <\/div>\n<\/section>\n\n\n\n<section class=\"txt\">\n    <div class=\"container\">\n        <div class=\"bloc-txt\">\n                            <h2><span class=\"elipse\"><\/span><span class=\"trait\"><\/span>Biography<\/h2>\n                        <p><strong>Vincent Guirardel<\/strong> est professeur \u00e0 l\u2019Universit\u00e9 de Rennes ancien membre de l\u2019Institut universitaire de France et directeur du Centre Henri Lebesgue.<\/p>\n\n        <\/div>\n    <\/div>\n<\/section>\n","protected":false},"excerpt":{"rendered":"","protected":false},"author":8,"featured_media":0,"parent":11605,"menu_order":0,"comment_status":"closed","ping_status":"closed","template":"","meta":[],"acf":[],"yoast_head":"<!-- This site is optimized with the Yoast SEO plugin v20.13 - https:\/\/yoast.com\/wordpress\/plugins\/seo\/ -->\n<title>Cryptographie Quantique - CyberSchool<\/title>\n<meta name=\"robots\" content=\"index, follow, max-snippet:-1, max-image-preview:large, max-video-preview:-1\" \/>\n<link rel=\"canonical\" href=\"https:\/\/cyberschool.univ-rennes.fr\/en\/education\/masters-and-postgraduate-programmes\/masters-in-mathematics-and-applications-it-mathematics-and-cryptography\/study-programme-of-the-masters-mathematics-and-applications-it-mathematics-and-cryptography\/cryptographie-quantique\/\" \/>\n<meta property=\"og:locale\" content=\"en_US\" \/>\n<meta property=\"og:type\" content=\"article\" \/>\n<meta property=\"og:title\" content=\"Cryptographie Quantique - CyberSchool\" \/>\n<meta property=\"og:url\" content=\"https:\/\/cyberschool.univ-rennes.fr\/en\/education\/masters-and-postgraduate-programmes\/masters-in-mathematics-and-applications-it-mathematics-and-cryptography\/study-programme-of-the-masters-mathematics-and-applications-it-mathematics-and-cryptography\/cryptographie-quantique\/\" \/>\n<meta property=\"og:site_name\" content=\"CyberSchool\" \/>\n<meta property=\"article:publisher\" content=\"https:\/\/www.facebook.com\/CSchoolRennes\/\" \/>\n<meta property=\"article:modified_time\" content=\"2026-03-12T13:31:15+00:00\" \/>\n<meta property=\"og:image\" content=\"https:\/\/cyberschool.univ-rennes.fr\/app\/uploads\/2021\/02\/cover-social-network.jpeg\" \/>\n\t<meta property=\"og:image:width\" content=\"1500\" \/>\n\t<meta property=\"og:image:height\" content=\"500\" \/>\n\t<meta property=\"og:image:type\" content=\"image\/jpeg\" \/>\n<meta name=\"twitter:card\" content=\"summary_large_image\" \/>\n<meta name=\"twitter:site\" content=\"@CSchoolRennes\" \/>\n<script type=\"application\/ld+json\" class=\"yoast-schema-graph\">{\"@context\":\"https:\/\/schema.org\",\"@graph\":[{\"@type\":\"WebPage\",\"@id\":\"https:\/\/cyberschool.univ-rennes.fr\/en\/education\/masters-and-postgraduate-programmes\/masters-in-mathematics-and-applications-it-mathematics-and-cryptography\/study-programme-of-the-masters-mathematics-and-applications-it-mathematics-and-cryptography\/cryptographie-quantique\/\",\"url\":\"https:\/\/cyberschool.univ-rennes.fr\/en\/education\/masters-and-postgraduate-programmes\/masters-in-mathematics-and-applications-it-mathematics-and-cryptography\/study-programme-of-the-masters-mathematics-and-applications-it-mathematics-and-cryptography\/cryptographie-quantique\/\",\"name\":\"Cryptographie Quantique - CyberSchool\",\"isPartOf\":{\"@id\":\"https:\/\/cyberschool.univ-rennes.fr\/en\/#website\"},\"datePublished\":\"2021-09-21T12:09:59+00:00\",\"dateModified\":\"2026-03-12T13:31:15+00:00\",\"breadcrumb\":{\"@id\":\"https:\/\/cyberschool.univ-rennes.fr\/en\/education\/masters-and-postgraduate-programmes\/masters-in-mathematics-and-applications-it-mathematics-and-cryptography\/study-programme-of-the-masters-mathematics-and-applications-it-mathematics-and-cryptography\/cryptographie-quantique\/#breadcrumb\"},\"inLanguage\":\"en-US\",\"potentialAction\":[{\"@type\":\"ReadAction\",\"target\":[\"https:\/\/cyberschool.univ-rennes.fr\/en\/education\/masters-and-postgraduate-programmes\/masters-in-mathematics-and-applications-it-mathematics-and-cryptography\/study-programme-of-the-masters-mathematics-and-applications-it-mathematics-and-cryptography\/cryptographie-quantique\/\"]}]},{\"@type\":\"BreadcrumbList\",\"@id\":\"https:\/\/cyberschool.univ-rennes.fr\/en\/education\/masters-and-postgraduate-programmes\/masters-in-mathematics-and-applications-it-mathematics-and-cryptography\/study-programme-of-the-masters-mathematics-and-applications-it-mathematics-and-cryptography\/cryptographie-quantique\/#breadcrumb\",\"itemListElement\":[{\"@type\":\"ListItem\",\"position\":1,\"name\":\"Home\",\"item\":\"https:\/\/cyberschool.univ-rennes.fr\/en\/\"},{\"@type\":\"ListItem\",\"position\":2,\"name\":\"Education\",\"item\":\"https:\/\/cyberschool.univ-rennes.fr\/en\/education\/\"},{\"@type\":\"ListItem\",\"position\":3,\"name\":\"Master\u2019s and postgraduate programmes\",\"item\":\"https:\/\/cyberschool.univ-rennes.fr\/en\/education\/masters-and-postgraduate-programmes\/\"},{\"@type\":\"ListItem\",\"position\":4,\"name\":\"Master\u2019s in Mathematics and Applications \u2013 IT Mathematics and Cryptography\",\"item\":\"https:\/\/cyberschool.univ-rennes.fr\/en\/education\/masters-and-postgraduate-programmes\/masters-in-mathematics-and-applications-it-mathematics-and-cryptography\/\"},{\"@type\":\"ListItem\",\"position\":5,\"name\":\"Study programme of the Master&rsquo;s Mathematics and Applications \u2013 IT Mathematics and Cryptography\",\"item\":\"https:\/\/cyberschool.univ-rennes.fr\/en\/education\/masters-and-postgraduate-programmes\/masters-in-mathematics-and-applications-it-mathematics-and-cryptography\/study-programme-of-the-masters-mathematics-and-applications-it-mathematics-and-cryptography\/\"},{\"@type\":\"ListItem\",\"position\":6,\"name\":\"Cryptographie Quantique\"}]},{\"@type\":\"WebSite\",\"@id\":\"https:\/\/cyberschool.univ-rennes.fr\/en\/#website\",\"url\":\"https:\/\/cyberschool.univ-rennes.fr\/en\/\",\"name\":\"CyberSchool\",\"description\":\"Just another WordPress site\",\"potentialAction\":[{\"@type\":\"SearchAction\",\"target\":{\"@type\":\"EntryPoint\",\"urlTemplate\":\"https:\/\/cyberschool.univ-rennes.fr\/en\/?s={search_term_string}\"},\"query-input\":\"required name=search_term_string\"}],\"inLanguage\":\"en-US\"}]}<\/script>\n<!-- \/ Yoast SEO plugin. -->","yoast_head_json":{"title":"Cryptographie Quantique - CyberSchool","robots":{"index":"index","follow":"follow","max-snippet":"max-snippet:-1","max-image-preview":"max-image-preview:large","max-video-preview":"max-video-preview:-1"},"canonical":"https:\/\/cyberschool.univ-rennes.fr\/en\/education\/masters-and-postgraduate-programmes\/masters-in-mathematics-and-applications-it-mathematics-and-cryptography\/study-programme-of-the-masters-mathematics-and-applications-it-mathematics-and-cryptography\/cryptographie-quantique\/","og_locale":"en_US","og_type":"article","og_title":"Cryptographie Quantique - CyberSchool","og_url":"https:\/\/cyberschool.univ-rennes.fr\/en\/education\/masters-and-postgraduate-programmes\/masters-in-mathematics-and-applications-it-mathematics-and-cryptography\/study-programme-of-the-masters-mathematics-and-applications-it-mathematics-and-cryptography\/cryptographie-quantique\/","og_site_name":"CyberSchool","article_publisher":"https:\/\/www.facebook.com\/CSchoolRennes\/","article_modified_time":"2026-03-12T13:31:15+00:00","og_image":[{"width":1500,"height":500,"url":"https:\/\/cyberschool.univ-rennes.fr\/app\/uploads\/2021\/02\/cover-social-network.jpeg","type":"image\/jpeg"}],"twitter_card":"summary_large_image","twitter_site":"@CSchoolRennes","schema":{"@context":"https:\/\/schema.org","@graph":[{"@type":"WebPage","@id":"https:\/\/cyberschool.univ-rennes.fr\/en\/education\/masters-and-postgraduate-programmes\/masters-in-mathematics-and-applications-it-mathematics-and-cryptography\/study-programme-of-the-masters-mathematics-and-applications-it-mathematics-and-cryptography\/cryptographie-quantique\/","url":"https:\/\/cyberschool.univ-rennes.fr\/en\/education\/masters-and-postgraduate-programmes\/masters-in-mathematics-and-applications-it-mathematics-and-cryptography\/study-programme-of-the-masters-mathematics-and-applications-it-mathematics-and-cryptography\/cryptographie-quantique\/","name":"Cryptographie Quantique - CyberSchool","isPartOf":{"@id":"https:\/\/cyberschool.univ-rennes.fr\/en\/#website"},"datePublished":"2021-09-21T12:09:59+00:00","dateModified":"2026-03-12T13:31:15+00:00","breadcrumb":{"@id":"https:\/\/cyberschool.univ-rennes.fr\/en\/education\/masters-and-postgraduate-programmes\/masters-in-mathematics-and-applications-it-mathematics-and-cryptography\/study-programme-of-the-masters-mathematics-and-applications-it-mathematics-and-cryptography\/cryptographie-quantique\/#breadcrumb"},"inLanguage":"en-US","potentialAction":[{"@type":"ReadAction","target":["https:\/\/cyberschool.univ-rennes.fr\/en\/education\/masters-and-postgraduate-programmes\/masters-in-mathematics-and-applications-it-mathematics-and-cryptography\/study-programme-of-the-masters-mathematics-and-applications-it-mathematics-and-cryptography\/cryptographie-quantique\/"]}]},{"@type":"BreadcrumbList","@id":"https:\/\/cyberschool.univ-rennes.fr\/en\/education\/masters-and-postgraduate-programmes\/masters-in-mathematics-and-applications-it-mathematics-and-cryptography\/study-programme-of-the-masters-mathematics-and-applications-it-mathematics-and-cryptography\/cryptographie-quantique\/#breadcrumb","itemListElement":[{"@type":"ListItem","position":1,"name":"Home","item":"https:\/\/cyberschool.univ-rennes.fr\/en\/"},{"@type":"ListItem","position":2,"name":"Education","item":"https:\/\/cyberschool.univ-rennes.fr\/en\/education\/"},{"@type":"ListItem","position":3,"name":"Master\u2019s and postgraduate programmes","item":"https:\/\/cyberschool.univ-rennes.fr\/en\/education\/masters-and-postgraduate-programmes\/"},{"@type":"ListItem","position":4,"name":"Master\u2019s in Mathematics and Applications \u2013 IT Mathematics and Cryptography","item":"https:\/\/cyberschool.univ-rennes.fr\/en\/education\/masters-and-postgraduate-programmes\/masters-in-mathematics-and-applications-it-mathematics-and-cryptography\/"},{"@type":"ListItem","position":5,"name":"Study programme of the Master&rsquo;s Mathematics and Applications \u2013 IT Mathematics and Cryptography","item":"https:\/\/cyberschool.univ-rennes.fr\/en\/education\/masters-and-postgraduate-programmes\/masters-in-mathematics-and-applications-it-mathematics-and-cryptography\/study-programme-of-the-masters-mathematics-and-applications-it-mathematics-and-cryptography\/"},{"@type":"ListItem","position":6,"name":"Cryptographie Quantique"}]},{"@type":"WebSite","@id":"https:\/\/cyberschool.univ-rennes.fr\/en\/#website","url":"https:\/\/cyberschool.univ-rennes.fr\/en\/","name":"CyberSchool","description":"Just another WordPress site","potentialAction":[{"@type":"SearchAction","target":{"@type":"EntryPoint","urlTemplate":"https:\/\/cyberschool.univ-rennes.fr\/en\/?s={search_term_string}"},"query-input":"required name=search_term_string"}],"inLanguage":"en-US"}]}},"_links":{"self":[{"href":"https:\/\/cyberschool.univ-rennes.fr\/en\/wp-json\/wp\/v2\/pages\/4300"}],"collection":[{"href":"https:\/\/cyberschool.univ-rennes.fr\/en\/wp-json\/wp\/v2\/pages"}],"about":[{"href":"https:\/\/cyberschool.univ-rennes.fr\/en\/wp-json\/wp\/v2\/types\/page"}],"author":[{"embeddable":true,"href":"https:\/\/cyberschool.univ-rennes.fr\/en\/wp-json\/wp\/v2\/users\/8"}],"replies":[{"embeddable":true,"href":"https:\/\/cyberschool.univ-rennes.fr\/en\/wp-json\/wp\/v2\/comments?post=4300"}],"version-history":[{"count":14,"href":"https:\/\/cyberschool.univ-rennes.fr\/en\/wp-json\/wp\/v2\/pages\/4300\/revisions"}],"predecessor-version":[{"id":18476,"href":"https:\/\/cyberschool.univ-rennes.fr\/en\/wp-json\/wp\/v2\/pages\/4300\/revisions\/18476"}],"up":[{"embeddable":true,"href":"https:\/\/cyberschool.univ-rennes.fr\/en\/wp-json\/wp\/v2\/pages\/11605"}],"wp:attachment":[{"href":"https:\/\/cyberschool.univ-rennes.fr\/en\/wp-json\/wp\/v2\/media?parent=4300"}],"curies":[{"name":"wp","href":"https:\/\/api.w.org\/{rel}","templated":true}]}}