{"id":5120,"date":"2021-12-14T11:30:58","date_gmt":"2021-12-14T10:30:58","guid":{"rendered":"https:\/\/cyberschool.univ-rennes.fr\/?page_id=5120"},"modified":"2026-03-12T14:35:38","modified_gmt":"2026-03-12T13:35:38","slug":"masters-in-mathematics-and-applications-it-mathematics-and-cryptography","status":"publish","type":"page","link":"https:\/\/cyberschool.univ-rennes.fr\/en\/education\/masters-and-postgraduate-programmes\/masters-in-mathematics-and-applications-it-mathematics-and-cryptography\/","title":{"rendered":"Master\u2019s in Mathematics and Applications \u2013 IT Mathematics and Cryptography"},"content":{"rendered":"<section class=\"text-intro\">\n    <div class=\"container\">\n        <p style=\"text-align: center;\"><strong>The Master&#8217;s in Mathematics and Applications &#8211; IT Mathematics, Cryptography is run by the <\/strong><a href=\"https:\/\/math.univ-rennes1.fr\/parcours-mathematiques-de-linformation-cryptographie-master\" target=\"_blank\" rel=\"noopener\"><strong>UFR Math\u00e9matiques<\/strong><\/a> <strong>at the <\/strong><a href=\"https:\/\/www.univ-rennes1.fr\/\" target=\"_blank\" rel=\"noopener\"><strong>University of Rennes<\/strong><\/a>.<\/p>\n<p><img decoding=\"async\" loading=\"lazy\" class=\" wp-image-9170 aligncenter\" src=\"https:\/\/cyberschool.univ-rennes.fr\/app\/uploads\/2023\/01\/unirennes_logonoir_rvb-1-300x106.png\" alt=\"Logo de l'Universit\u00e9 de Rennes\" width=\"215\" height=\"76\" \/><\/p>\n<blockquote>\n<p style=\"text-align: center;\"><strong>&gt; ECTS:<\/strong> 120 ECTS<strong><br \/>\n&gt; Duration:<\/strong> 2 years, full-time, starting from Bachelor\u2019s degree (Bac +3)<strong><br \/>\n&gt; Programme manager<\/strong>: <a class=\"c-link\" href=\"https:\/\/perso.univ-rennes1.fr\/sylvain.duquesne\/anglais\/\" target=\"_blank\" rel=\"noopener noreferrer\" data-stringify-link=\"https:\/\/perso.univ-rennes1.fr\/sylvain.duquesne\/anglais\/\" data-sk=\"tooltip_parent\">Sylvain Duquesne<\/a><strong><br \/>\n&gt; Place<\/strong>: Rennes<\/p>\n<\/blockquote>\n<p>&nbsp;<\/p>\n\n    <\/div>\n<\/section>\n\n\n    <section class=\"txt-image  right\">\n    <div class=\"container\">\n        <div class=\"bloc-txt\">\n            <div class=\"contain-txt\">\n                                    <h2><span class=\"elipse\"><\/span><span class=\"trait\"><\/span>Presentation<\/h2>\n                                <div class=\"contain-txt\">\n<p><strong>This master&#8217;s trains specialist mathematical engineers to become digital information protection experts.<\/strong> The programme is geared towards students who have graduated with a Mathematics degree and students who wish to develop the necessary skills to deal with rapidly changing information sectors (cryptography, error correction) in which mathematics play an ever-increasing role.<\/p>\n<p><strong>Students will gain in-depth understanding of cryptography by learning the necessary theory behind modern cryptography and information theory, as well as practical knowledge for effective application in real life. Fundamental mathematics for modelisation and digital information processing include several branches of mathematics, such as algebra, geometry, combinatorics and probability.<\/strong> Students acquire a dual competence in Mathematics and Computer Science.<\/p>\n<p><strong>The aim of this Master\u2019s is to teach students how to handle complex mathematics both from a theoretical and algorithmic point of view.<\/strong><\/p>\n<p>Because cryptography has had a strong foothold in Rennes since the 80s, this Master\u2019s programme is taught within a framework at the forefront of cryptography. The programme\u2019s teaching staff come from academic, research (IRMAR and IRISA labs) and industrial sectors (DGA-MI \u2013 Information Control Defence Agency, Orange Labs, and Amossys, amongst others).<\/p>\n<\/div>\n\n                                            <\/div>\n        <\/div>\n        <div class=\"bloc-img\">\n            <picture>\n                    <source\n                    type=\"image\/webp\"\n                    srcset=\"https:\/\/cyberschool.univ-rennes.fr\/app\/uploads\/2021\/12\/computer-science.webp, https:\/\/cyberschool.univ-rennes.fr\/app\/uploads\/2021\/12\/computer-science@2x.webp 2x\"\n                    >\n                    <source\n                    type=\"image\/jpeg\"\n                    srcset=\"https:\/\/cyberschool.univ-rennes.fr\/app\/uploads\/2021\/12\/computer-science.jpg, https:\/\/cyberschool.univ-rennes.fr\/app\/uploads\/2021\/12\/computer-science@2x.jpg 2x\"\n                    >\n                    <img decoding=\"async\" src=\"https:\/\/cyberschool.univ-rennes.fr\/app\/uploads\/2021\/12\/computer-science.jpg\" loading=\"lazy\" alt=\"Computer Science\" \/>\n            <\/picture>\n        <\/div>\n    <\/div>\n<\/section>\n\n\n    <section class=\"txt-image  left\">\n    <div class=\"container\">\n        <div class=\"bloc-txt\">\n            <div class=\"contain-txt\">\n                                    <h2><span class=\"elipse\"><\/span><span class=\"trait\"><\/span>Acquired skills<\/h2>\n                                <div class=\"contain-txt\">\n<ul>\n<li>Expertise in symmetric, asymmetric, post-quantum, cryptanalysis and, hidden channel attack, cryptography<\/li>\n<li>Proficiency in complex mathematics for use in a range of areas (mobile telephones, wireless networks, remote internet transactions, widespread use of smart cards in securing commercial transactions, biometric identification techniques, remote identification)<\/li>\n<li>Dual skills in mathematics and IT to enable students to work in information security, IT security and security software development<\/li>\n<li>Ability to adapt to new problems, attacks and environments<\/li>\n<\/ul>\n<\/div>\n\n                                            <\/div>\n        <\/div>\n        <div class=\"bloc-img\">\n            <picture>\n                    <source\n                    type=\"image\/webp\"\n                    srcset=\"https:\/\/cyberschool.univ-rennes.fr\/app\/uploads\/2021\/12\/mathematics.webp, https:\/\/cyberschool.univ-rennes.fr\/app\/uploads\/2021\/12\/mathematics@2x.webp 2x\"\n                    >\n                    <source\n                    type=\"image\/jpeg\"\n                    srcset=\"https:\/\/cyberschool.univ-rennes.fr\/app\/uploads\/2021\/12\/mathematics.jpg, https:\/\/cyberschool.univ-rennes.fr\/app\/uploads\/2021\/12\/mathematics@2x.jpg 2x\"\n                    >\n                    <img decoding=\"async\" src=\"https:\/\/cyberschool.univ-rennes.fr\/app\/uploads\/2021\/12\/mathematics.jpg\" loading=\"lazy\" alt=\"Mathematics\" \/>\n            <\/picture>\n        <\/div>\n    <\/div>\n<\/section>\n\n\n    <section class=\"txt-image bg-grey right\">\n    <div class=\"container\">\n        <div class=\"bloc-txt\">\n            <div class=\"contain-txt\">\n                                    <h2><span class=\"elipse\"><\/span><span class=\"trait\"><\/span>Who can apply ?<\/h2>\n                                <div class=\"contain-txt\">\n<p>I<strong>f you wish to apply for this master, you will need a mathematics degree.<\/strong><\/p>\n<p>When you candidate, please provide details of your relevant experience in the field, in your cover letter and CV.<\/p>\n<\/div>\n<div class=\"contain-txt\">\n<p>Once your application has been submitted, the selection committee will make the final decision as to whether your baccalaur\u00e9at and work experience are an appropriate pre-requisite for this master.<\/p>\n<\/div>\n\n                                            <\/div>\n        <\/div>\n        <div class=\"bloc-img\">\n            <picture>\n                    <source\n                    type=\"image\/webp\"\n                    srcset=\"https:\/\/cyberschool.univ-rennes.fr\/app\/uploads\/2022\/11\/emma-dau-n_4ity1kmde-unsplash-scaled.webp, https:\/\/cyberschool.univ-rennes.fr\/app\/uploads\/2022\/11\/emma-dau-n_4ity1kmde-unsplash-scaled@2x.webp 2x\"\n                    >\n                    <source\n                    type=\"image\/jpeg\"\n                    srcset=\"https:\/\/cyberschool.univ-rennes.fr\/app\/uploads\/2022\/11\/emma-dau-n_4ity1kmde-unsplash-scaled.jpg, https:\/\/cyberschool.univ-rennes.fr\/app\/uploads\/2022\/11\/emma-dau-n_4ity1kmde-unsplash-scaled@2x.jpg 2x\"\n                    >\n                    <img decoding=\"async\" src=\"https:\/\/cyberschool.univ-rennes.fr\/app\/uploads\/2022\/11\/emma-dau-n_4ity1kmde-unsplash-scaled.jpg\" loading=\"lazy\" alt=\"\" \/>\n            <\/picture>\n        <\/div>\n    <\/div>\n<\/section>\n\n\n<section class=\"tuiles\">\n    <div class=\"container\">\n                <div class=\"bloc\">\n            <h2><span class=\"elipse\"><\/span><span class=\"trait\"><\/span>Internships<\/h2>\n            <p>Students in the Master\u2019s in Mathematics and Applications \u2013 IT Mathematics and Cryptography, must complete two internships during their programme:<\/p>\n<ul>\n<li>An <strong>internship of 2 to 3 months in the first year<\/strong>, from mid-May (optional)<\/li>\n<li>An <strong>internship of 6 months in the second year<\/strong>, from the beginning of March (mandatory)<\/li>\n<\/ul>\n<p>These internships can be carried out in companies or in research laboratories.<\/p>\n<div class=\"btn-shortcode\"><a href=\"https:\/\/cyberschool.univ-rennes.fr\/en\/businesses\/professional-integration\/#internships\" target=\"_blank\" rel=\"noopener\">More information on internships<\/a><\/div>\n\n                    <\/div>\n                <div class=\"bloc\">\n            <h2><span class=\"elipse\"><\/span><span class=\"trait\"><\/span>I have found an internship:<\/h2>\n            <p><strong>For students currently in the programme, once you have found your internship, please contact Annie Qu\u00e9m\u00e9r\u00e9 to know the procedure:<\/strong><\/p>\n<p class=\"title\">Annie Qu\u00e9m\u00e9r\u00e9<br \/>\n<a href=\"mailto:annie.quemere@univ-rennes.fr\">annie.quemere@univ-rennes.fr<\/a><br \/>\n+33 2.23.23.36.35<br \/>\nMathematics UFR, Building 22<\/p>\n\n                    <\/div>\n            <\/div>\n<\/section>\n\n\n\n<section class=\"txt\">\n    <div class=\"container\">\n        <div class=\"bloc-txt\">\n                            <h2><span class=\"elipse\"><\/span><span class=\"trait\"><\/span>Study programme<\/h2>\n                        <p>Find out more about the courses taught in this Master&#8217;s (their description, their teaching goals, the teaching team, etc.).<\/p>\n<div class=\"btn-shortcode\"><a href=\"https:\/\/cyberschool.univ-rennes.fr\/en\/education\/masters-and-postgraduate-programmes\/masters-in-mathematics-and-applications-it-mathematics-and-cryptography\/study-programme-of-the-masters-mathematics-and-applications-it-mathematics-and-cryptography\/\">Check out the study programme in detail<\/a><\/div>\n\n        <\/div>\n    <\/div>\n<\/section>\n\n\n\n<section class=\"txt\">\n    <div class=\"container\">\n        <div class=\"bloc-txt\">\n                            <h2><span class=\"elipse\"><\/span><span class=\"trait\"><\/span>Employment opportunities<\/h2>\n                        <div class=\"contain-txt\">\n<p>Increasing digital activity means that cryptography is a rapidly-developing sector. The Master\u2019s programme delivers dual proficiency in mathematics and IT, which is rare in the current job market. Graduates are able to apply for the following positions:<\/p>\n<ul>\n<li><strong>\u00a0R&amp;D Engineer and IT Security Developer<\/strong><\/li>\n<li><strong>\u00a0Research Engineer specialised in IT security<\/strong><\/li>\n<li><strong>\u00a0Security Software Developer<\/strong><\/li>\n<\/ul>\n<p>CyberSchool also has solid research links enable students to <strong>continue their studies to PhD level<\/strong>.<\/p>\n<\/div>\n\n        <\/div>\n    <\/div>\n<\/section>\n\n\n\n<section class=\"txt\">\n    <div class=\"container\">\n        <div class=\"bloc-txt\">\n                            <h2><span class=\"elipse\"><\/span><span class=\"trait\"><\/span>Partnerships<\/h2>\n                        <p>This Master\u2019s is part of a <strong>partnership between the Rennes Institute of Mathematical Research (<a href=\"http:\/\/irmar.univ-rennes1.fr\/\" target=\"_blank\" rel=\"noopener\">IRMAR<\/a>) and the French Directorate General of Armaments\u2019 cryptography lab (<a href=\"http:\/\/www.defense.gouv.fr\/dga\/\" target=\"_blank\" rel=\"noopener\">DGA<\/a>)<\/strong> in charge of creating government cryptography algorithms. The DGA is a stakeholder in the EUR Cyberschool.<\/p>\n<p><strong>IRISA (Research Institute of Computer Science and Random Systems) cryptography research teams also work closely with the Master\u2019s programme.<\/strong><\/p>\n\n        <\/div>\n    <\/div>\n<\/section>\n\n\n    <section class=\"txt-image bg-grey left\">\n    <div class=\"container\">\n        <div class=\"bloc-txt\">\n            <div class=\"contain-txt\">\n                                    <h2><span class=\"elipse\"><\/span><span class=\"trait\"><\/span>SecNumedu label<\/h2>\n                                <p><strong>The programme has been granted the <a href=\"https:\/\/www.ssi.gouv.fr\/\" target=\"_blank\" rel=\"noopener\">ANSSI<\/a> (French national agency for information systems security) <a href=\"https:\/\/www.ssi.gouv.fr\/entreprise\/formations\/secnumedu\/\" target=\"_blank\" rel=\"noopener\">SecNum<em>edu<\/em> label<\/a>.<\/strong> This label guarantees the relevance of the training in relation to its objectives.<\/p>\n\n                                            <\/div>\n        <\/div>\n        <div class=\"bloc-img\">\n            <picture>\n                    <source\n                    type=\"image\/webp\"\n                    srcset=\"https:\/\/cyberschool.univ-rennes.fr\/app\/uploads\/2022\/11\/secnumedu_logo_plan-de-travail-1.webp, https:\/\/cyberschool.univ-rennes.fr\/app\/uploads\/2022\/11\/secnumedu_logo_plan-de-travail-1@2x.webp 2x\"\n                    >\n                    <source\n                    type=\"image\/jpeg\"\n                    srcset=\"https:\/\/cyberschool.univ-rennes.fr\/app\/uploads\/2022\/11\/secnumedu_logo_plan-de-travail-1.jpg, https:\/\/cyberschool.univ-rennes.fr\/app\/uploads\/2022\/11\/secnumedu_logo_plan-de-travail-1@2x.jpg 2x\"\n                    >\n                    <img decoding=\"async\" src=\"https:\/\/cyberschool.univ-rennes.fr\/app\/uploads\/2022\/11\/secnumedu_logo_plan-de-travail-1.jpg\" loading=\"lazy\" alt=\"Logo SecNumedu\" \/>\n            <\/picture>\n        <\/div>\n    <\/div>\n<\/section>\n\n\n<section class=\"double-cta\">\n    <div class=\"container\">\n                    <div class=\"bloc\">\n                <p class=\"title\">Go to the website of the University of Rennes<\/p>\n                <a href=\"https:\/\/formations.univ-rennes.fr\/master-mention-mathematiques-et-applications-parcours-mathematiques-de-linformation-cryptographie\"  class=\"btn\"><span>I would like more information<\/span><\/a>\n            <\/div>\n                    <div class=\"bloc\">\n                <p class=\"title\">Do you wish to apply for this master\u2019s programme?<\/p>\n                <a href=\"https:\/\/cyberschool.univ-rennes.fr\/en\/admissions\/admission-masters-mathematics-and-applications-it-mathematics-and-cryptography\/\"  class=\"btn\"><span>I wish to apply<\/span><\/a>\n            <\/div>\n            <\/div>\n<\/section>\n","protected":false},"excerpt":{"rendered":"","protected":false},"author":8,"featured_media":5340,"parent":11276,"menu_order":0,"comment_status":"closed","ping_status":"closed","template":"","meta":[],"acf":[],"yoast_head":"<!-- This site is optimized with the Yoast SEO plugin v20.13 - https:\/\/yoast.com\/wordpress\/plugins\/seo\/ -->\n<title>Master\u2019s in Mathematics and Applications \u2013 IT Mathematics and Cryptography - CyberSchool<\/title>\n<meta name=\"robots\" content=\"index, follow, max-snippet:-1, max-image-preview:large, max-video-preview:-1\" \/>\n<link rel=\"canonical\" href=\"https:\/\/cyberschool.univ-rennes.fr\/en\/education\/masters-and-postgraduate-programmes\/masters-in-mathematics-and-applications-it-mathematics-and-cryptography\/\" \/>\n<meta property=\"og:locale\" content=\"en_US\" \/>\n<meta property=\"og:type\" content=\"article\" \/>\n<meta property=\"og:title\" content=\"Master\u2019s in Mathematics and Applications \u2013 IT Mathematics and Cryptography - CyberSchool\" \/>\n<meta property=\"og:url\" content=\"https:\/\/cyberschool.univ-rennes.fr\/en\/education\/masters-and-postgraduate-programmes\/masters-in-mathematics-and-applications-it-mathematics-and-cryptography\/\" \/>\n<meta property=\"og:site_name\" content=\"CyberSchool\" \/>\n<meta property=\"article:publisher\" content=\"https:\/\/www.facebook.com\/CSchoolRennes\/\" \/>\n<meta property=\"article:modified_time\" content=\"2026-03-12T13:35:38+00:00\" \/>\n<meta property=\"og:image\" content=\"https:\/\/cyberschool.univ-rennes.fr\/app\/uploads\/2021\/12\/student.jpg\" \/>\n\t<meta property=\"og:image:width\" content=\"1200\" \/>\n\t<meta property=\"og:image:height\" content=\"630\" \/>\n\t<meta property=\"og:image:type\" content=\"image\/jpeg\" \/>\n<meta name=\"twitter:card\" content=\"summary_large_image\" \/>\n<meta name=\"twitter:site\" content=\"@CSchoolRennes\" \/>\n<script type=\"application\/ld+json\" class=\"yoast-schema-graph\">{\"@context\":\"https:\/\/schema.org\",\"@graph\":[{\"@type\":\"WebPage\",\"@id\":\"https:\/\/cyberschool.univ-rennes.fr\/en\/education\/masters-and-postgraduate-programmes\/masters-in-mathematics-and-applications-it-mathematics-and-cryptography\/\",\"url\":\"https:\/\/cyberschool.univ-rennes.fr\/en\/education\/masters-and-postgraduate-programmes\/masters-in-mathematics-and-applications-it-mathematics-and-cryptography\/\",\"name\":\"Master\u2019s in Mathematics and Applications \u2013 IT Mathematics and Cryptography - CyberSchool\",\"isPartOf\":{\"@id\":\"https:\/\/cyberschool.univ-rennes.fr\/en\/#website\"},\"datePublished\":\"2021-12-14T10:30:58+00:00\",\"dateModified\":\"2026-03-12T13:35:38+00:00\",\"breadcrumb\":{\"@id\":\"https:\/\/cyberschool.univ-rennes.fr\/en\/education\/masters-and-postgraduate-programmes\/masters-in-mathematics-and-applications-it-mathematics-and-cryptography\/#breadcrumb\"},\"inLanguage\":\"en-US\",\"potentialAction\":[{\"@type\":\"ReadAction\",\"target\":[\"https:\/\/cyberschool.univ-rennes.fr\/en\/education\/masters-and-postgraduate-programmes\/masters-in-mathematics-and-applications-it-mathematics-and-cryptography\/\"]}]},{\"@type\":\"BreadcrumbList\",\"@id\":\"https:\/\/cyberschool.univ-rennes.fr\/en\/education\/masters-and-postgraduate-programmes\/masters-in-mathematics-and-applications-it-mathematics-and-cryptography\/#breadcrumb\",\"itemListElement\":[{\"@type\":\"ListItem\",\"position\":1,\"name\":\"Home\",\"item\":\"https:\/\/cyberschool.univ-rennes.fr\/en\/\"},{\"@type\":\"ListItem\",\"position\":2,\"name\":\"Education\",\"item\":\"https:\/\/cyberschool.univ-rennes.fr\/en\/education\/\"},{\"@type\":\"ListItem\",\"position\":3,\"name\":\"Master\u2019s and postgraduate programmes\",\"item\":\"https:\/\/cyberschool.univ-rennes.fr\/en\/education\/masters-and-postgraduate-programmes\/\"},{\"@type\":\"ListItem\",\"position\":4,\"name\":\"Master\u2019s in Mathematics and Applications \u2013 IT Mathematics and Cryptography\"}]},{\"@type\":\"WebSite\",\"@id\":\"https:\/\/cyberschool.univ-rennes.fr\/en\/#website\",\"url\":\"https:\/\/cyberschool.univ-rennes.fr\/en\/\",\"name\":\"CyberSchool\",\"description\":\"Just another WordPress site\",\"potentialAction\":[{\"@type\":\"SearchAction\",\"target\":{\"@type\":\"EntryPoint\",\"urlTemplate\":\"https:\/\/cyberschool.univ-rennes.fr\/en\/?s={search_term_string}\"},\"query-input\":\"required name=search_term_string\"}],\"inLanguage\":\"en-US\"}]}<\/script>\n<!-- \/ Yoast SEO plugin. -->","yoast_head_json":{"title":"Master\u2019s in Mathematics and Applications \u2013 IT Mathematics and Cryptography - CyberSchool","robots":{"index":"index","follow":"follow","max-snippet":"max-snippet:-1","max-image-preview":"max-image-preview:large","max-video-preview":"max-video-preview:-1"},"canonical":"https:\/\/cyberschool.univ-rennes.fr\/en\/education\/masters-and-postgraduate-programmes\/masters-in-mathematics-and-applications-it-mathematics-and-cryptography\/","og_locale":"en_US","og_type":"article","og_title":"Master\u2019s in Mathematics and Applications \u2013 IT Mathematics and Cryptography - CyberSchool","og_url":"https:\/\/cyberschool.univ-rennes.fr\/en\/education\/masters-and-postgraduate-programmes\/masters-in-mathematics-and-applications-it-mathematics-and-cryptography\/","og_site_name":"CyberSchool","article_publisher":"https:\/\/www.facebook.com\/CSchoolRennes\/","article_modified_time":"2026-03-12T13:35:38+00:00","og_image":[{"width":1200,"height":630,"url":"https:\/\/cyberschool.univ-rennes.fr\/app\/uploads\/2021\/12\/student.jpg","type":"image\/jpeg"}],"twitter_card":"summary_large_image","twitter_site":"@CSchoolRennes","schema":{"@context":"https:\/\/schema.org","@graph":[{"@type":"WebPage","@id":"https:\/\/cyberschool.univ-rennes.fr\/en\/education\/masters-and-postgraduate-programmes\/masters-in-mathematics-and-applications-it-mathematics-and-cryptography\/","url":"https:\/\/cyberschool.univ-rennes.fr\/en\/education\/masters-and-postgraduate-programmes\/masters-in-mathematics-and-applications-it-mathematics-and-cryptography\/","name":"Master\u2019s in Mathematics and Applications \u2013 IT Mathematics and Cryptography - CyberSchool","isPartOf":{"@id":"https:\/\/cyberschool.univ-rennes.fr\/en\/#website"},"datePublished":"2021-12-14T10:30:58+00:00","dateModified":"2026-03-12T13:35:38+00:00","breadcrumb":{"@id":"https:\/\/cyberschool.univ-rennes.fr\/en\/education\/masters-and-postgraduate-programmes\/masters-in-mathematics-and-applications-it-mathematics-and-cryptography\/#breadcrumb"},"inLanguage":"en-US","potentialAction":[{"@type":"ReadAction","target":["https:\/\/cyberschool.univ-rennes.fr\/en\/education\/masters-and-postgraduate-programmes\/masters-in-mathematics-and-applications-it-mathematics-and-cryptography\/"]}]},{"@type":"BreadcrumbList","@id":"https:\/\/cyberschool.univ-rennes.fr\/en\/education\/masters-and-postgraduate-programmes\/masters-in-mathematics-and-applications-it-mathematics-and-cryptography\/#breadcrumb","itemListElement":[{"@type":"ListItem","position":1,"name":"Home","item":"https:\/\/cyberschool.univ-rennes.fr\/en\/"},{"@type":"ListItem","position":2,"name":"Education","item":"https:\/\/cyberschool.univ-rennes.fr\/en\/education\/"},{"@type":"ListItem","position":3,"name":"Master\u2019s and postgraduate programmes","item":"https:\/\/cyberschool.univ-rennes.fr\/en\/education\/masters-and-postgraduate-programmes\/"},{"@type":"ListItem","position":4,"name":"Master\u2019s in Mathematics and Applications \u2013 IT Mathematics and Cryptography"}]},{"@type":"WebSite","@id":"https:\/\/cyberschool.univ-rennes.fr\/en\/#website","url":"https:\/\/cyberschool.univ-rennes.fr\/en\/","name":"CyberSchool","description":"Just another WordPress site","potentialAction":[{"@type":"SearchAction","target":{"@type":"EntryPoint","urlTemplate":"https:\/\/cyberschool.univ-rennes.fr\/en\/?s={search_term_string}"},"query-input":"required name=search_term_string"}],"inLanguage":"en-US"}]}},"_links":{"self":[{"href":"https:\/\/cyberschool.univ-rennes.fr\/en\/wp-json\/wp\/v2\/pages\/5120"}],"collection":[{"href":"https:\/\/cyberschool.univ-rennes.fr\/en\/wp-json\/wp\/v2\/pages"}],"about":[{"href":"https:\/\/cyberschool.univ-rennes.fr\/en\/wp-json\/wp\/v2\/types\/page"}],"author":[{"embeddable":true,"href":"https:\/\/cyberschool.univ-rennes.fr\/en\/wp-json\/wp\/v2\/users\/8"}],"replies":[{"embeddable":true,"href":"https:\/\/cyberschool.univ-rennes.fr\/en\/wp-json\/wp\/v2\/comments?post=5120"}],"version-history":[{"count":128,"href":"https:\/\/cyberschool.univ-rennes.fr\/en\/wp-json\/wp\/v2\/pages\/5120\/revisions"}],"predecessor-version":[{"id":18461,"href":"https:\/\/cyberschool.univ-rennes.fr\/en\/wp-json\/wp\/v2\/pages\/5120\/revisions\/18461"}],"up":[{"embeddable":true,"href":"https:\/\/cyberschool.univ-rennes.fr\/en\/wp-json\/wp\/v2\/pages\/11276"}],"wp:featuredmedia":[{"embeddable":true,"href":"https:\/\/cyberschool.univ-rennes.fr\/en\/wp-json\/wp\/v2\/media\/5340"}],"wp:attachment":[{"href":"https:\/\/cyberschool.univ-rennes.fr\/en\/wp-json\/wp\/v2\/media?parent=5120"}],"curies":[{"name":"wp","href":"https:\/\/api.w.org\/{rel}","templated":true}]}}