{"id":712,"date":"2021-01-26T15:58:08","date_gmt":"2021-01-26T14:58:08","guid":{"rendered":"https:\/\/cyberschool.univ-rennes.fr?page_id=712"},"modified":"2026-03-12T14:36:49","modified_gmt":"2026-03-12T13:36:49","slug":"life-in-rennes","status":"publish","type":"page","link":"https:\/\/cyberschool.univ-rennes.fr\/en\/community\/life-in-rennes\/","title":{"rendered":"Life in Rennes"},"content":{"rendered":"<section class=\"text-intro\">\n    <div class=\"container\">\n        <p style=\"text-align: center;\">As the capital of one of France\u2019s most active regions, Rennes is renowned for its high quality of life, rich cultural programme and diverse heritage. Rennes also attracts a host of exceptional talents to several key economic sectors: digital, cybersecurity, transport, eco-industries, cultural and creative industries, etc.<\/p>\n<p style=\"text-align: center;\"><strong>Rennes, 3rd most liveable city in 2023<\/strong> (<a href=\"https:\/\/www.rennes-business.com\/fr\/business-a-rennes\/actualites\/classements-palmares\/palmares-villes-bon-vivre\/\" target=\"_blank\" rel=\"noopener\">Rennes Business<\/a>).<\/p>\n\n    <\/div>\n<\/section>\n\n\n\n<section class=\"image-rounded\">\n    <div class=\"container\">\n        <div class=\"bloc-img\">\n            <picture>\n                <source\n                type=\"image\/webp\"\n                srcset=\"https:\/\/cyberschool.univ-rennes.fr\/app\/uploads\/2021\/01\/banner-lifeinrennes_frederic-obe-400x225.webp, https:\/\/cyberschool.univ-rennes.fr\/app\/uploads\/2021\/01\/banner-lifeinrennes_frederic-obe-800x450@2x.webp 2x\"\n                media=\"(max-width: 480px)\"\n                >\n                <source\n                type=\"image\/webp\"\n                srcset=\"https:\/\/cyberschool.univ-rennes.fr\/app\/uploads\/2021\/01\/banner-lifeinrennes_frederic-obe-1008x415.webp, https:\/\/cyberschool.univ-rennes.fr\/app\/uploads\/2021\/01\/banner-lifeinrennes_frederic-obe@2x.webp 2x\"\n                media=\"(min-width: 1280px)\"\n                >\n                <source\n                type=\"image\/jpeg\"\n                srcset=\"https:\/\/cyberschool.univ-rennes.fr\/app\/uploads\/2021\/01\/banner-lifeinrennes_frederic-obe-400x225.jpg, https:\/\/cyberschool.univ-rennes.fr\/app\/uploads\/2021\/01\/banner-lifeinrennes_frederic-obe-800x450@2x.jpg 2x\"\n                media=\"(max-width: 480px)\"\n                >\n                <source\n                type=\"image\/jpeg\"\n                srcset=\"https:\/\/cyberschool.univ-rennes.fr\/app\/uploads\/2021\/01\/banner-lifeinrennes_frederic-obe-1008x415.jpg, https:\/\/cyberschool.univ-rennes.fr\/app\/uploads\/2021\/01\/banner-lifeinrennes_frederic-obe@2x.jpg 2x\"\n                media=\"(min-width: 1280px)\"\n                >\n                <img decoding=\"async\" src=\"https:\/\/cyberschool.univ-rennes.fr\/app\/uploads\/2021\/01\/banner-lifeinrennes_frederic-obe-1008x415.jpg\" loading=\"lazy\" alt=\"Banner Lifeinrennes Frederic Obe\" \/>\n            <\/picture>\n        <\/div>\n    <\/div>\n<\/section>\n\n\n<section class=\"numbers\">\n    <span class=\"elipse-right\"><\/span>\n    <div class=\"container\">\n                   <div class=\"bloc-number\">\n                <span class=\"number\">45<\/span>\n                <p>mins from the sea<\/p>\n            <\/div>\n                    <div class=\"bloc-number\">\n                <span class=\"number\">21<\/span>\n                <p> mins: average commuting time<\/p>\n            <\/div>\n                    <div class=\"bloc-number\">\n                <span class=\"number\">860<\/span>\n                <p>hectares of green areas<\/p>\n            <\/div>\n                    <div class=\"bloc-number\">\n                <span class=\"number\">160<\/span>\n                <p>hectares of parks<\/p>\n            <\/div>\n                    <div class=\"bloc-number\">\n                <span class=\"number\">1h25<\/span>\n                <p> from Paris by high-speed train (LVG)<\/p>\n            <\/div>\n                    <div class=\"bloc-number\">\n                <span class=\"number\">69,000<\/span>\n                <p>students<\/p>\n            <\/div>\n                    <div class=\"bloc-number\">\n                <span class=\"number\">2<\/span>\n                <p>metro lines<\/p>\n            <\/div>\n            <\/div>\n<\/section>\n\n\n    <section class=\"txt-image  right\">\n    <div class=\"container\">\n        <div class=\"bloc-txt\">\n            <div class=\"contain-txt\">\n                                    <h2><span class=\"elipse\"><\/span><span class=\"trait\"><\/span>Lifestyle<\/h2>\n                                <p>Rennes, the capital of Brittany and a city of art and history, is proud of its cultural identity. Its thriving, historical city centre vibrates to a blend of history and rich cultural heritage with iconic festivals (festival Urbaines, Les Tomb\u00e9es de la Nuit, Dimanche \u00e0 Rennes), museums and institutes (the Mus\u00e9e des Beaux-Arts, the Frac, the Cri\u00e9e, and the Champs Libres).<\/p>\n<p>Rennes is also a renowned music scene! The city owes its well-earned reputation to its programme of 25+ weekly concerts in more than 300 venues, and its festivals (Les Transmusicales, Festival Ay-Roop, Festival Mythos).<\/p>\n<div class=\"btn-shortcode\"><a href=\"https:\/\/www.tourisme-rennes.com\/fr\/\" target=\"_blank\" rel=\"noopener\">More information about the tourism in Rennes<\/a><\/div>\n\n                                            <\/div>\n        <\/div>\n        <div class=\"bloc-img\">\n            <picture>\n                    <source\n                    type=\"image\/webp\"\n                    srcset=\"https:\/\/cyberschool.univ-rennes.fr\/app\/uploads\/2021\/01\/outinrennes-scaled.webp, https:\/\/cyberschool.univ-rennes.fr\/app\/uploads\/2021\/01\/outinrennes-scaled@2x.webp 2x\"\n                    >\n                    <source\n                    type=\"image\/jpeg\"\n                    srcset=\"https:\/\/cyberschool.univ-rennes.fr\/app\/uploads\/2021\/01\/outinrennes-scaled.jpg, https:\/\/cyberschool.univ-rennes.fr\/app\/uploads\/2021\/01\/outinrennes-scaled@2x.jpg 2x\"\n                    >\n                    <img decoding=\"async\" src=\"https:\/\/cyberschool.univ-rennes.fr\/app\/uploads\/2021\/01\/outinrennes-scaled.jpg\" loading=\"lazy\" alt=\"Outinrennes\" \/>\n            <\/picture>\n        <\/div>\n    <\/div>\n<\/section>\n\n\n<section class=\"logement\">\n    <div class=\"container\">\n        <div class=\"contain-title\">\n            <h2><span class=\"elipse\"><\/span><span class=\"trait\"><\/span>Accomodation<\/h2>\n        <\/div>\n        <div class=\"contain-blocs\">\n            <div class=\"bloc\">\n                <p class=\"title\">Student residences<\/p>\n                <p>CyberSchool students have a large choice of 25 university halls of residence and student residences in Rennes. A host of accommodation options are available year round in Rennes, from a bedroom in university halls of residence, to a studio, or a one-bedroomed flat.<\/p>\n\n                                    <a href=\"https:\/\/www.crous-rennes.fr\/se-loger\/je-cherche-un-logement\/\" target=\"_blank\" class=\"btn\"><span>For more information<\/span><\/a>\n                            <\/div>\n            <div class=\"bloc\">\n                <p class=\"title\">Other student accommodation in Rennes<\/p>\n                <p>There are other ways of finding accommodation outside student residences:<\/p>\n<ul>\n<li><strong>Private residences<\/strong><\/li>\n<li>Renting <strong>accommodation from private individuals<\/strong><\/li>\n<li>Advertisements from <strong>estate agents<\/strong><\/li>\n<li>Websites specialising in <strong>flat sharing<\/strong><\/li>\n<li>&#8230;<\/li>\n<\/ul>\n\n                                    <a href=\"http:\/\/www.crous-rennes.fr\/logements\/logement-chez-les-particuliers\/trouver-un-logement\/\" target=\"_blank\" class=\"btn\"><span>For more information<\/span><\/a>\n                            <\/div>\n        <\/div>\n                    <h3>Useful links<\/h3>\n                            <div class=\"contain-links\">\n                                    <div class=\"bloc\">\n                        <p class=\"title\">Leboncoin<\/p>\n                        \n                        <a href=\"http:\/\/www.leboncoin.fr\/\" target=\"_blank\" class=\"link\">View website<\/a>\n                    <\/div>\n                                    <div class=\"bloc\">\n                        <p class=\"title\">Ouest-France Immo<\/p>\n                        \n                        <a href=\"http:\/\/www.ouestfrance-immo.com\/\" target=\"_blank\" class=\"link\">View website<\/a>\n                    <\/div>\n                                    <div class=\"bloc\">\n                        <p class=\"title\">Regional Youth Information Centre (CRIJ) accommodation guide<\/p>\n                        \n                        <a href=\"https:\/\/fr.calameo.com\/read\/006136049ca709ba4e8df?page=1\" target=\"_blank\" class=\"link\">View website<\/a>\n                    <\/div>\n                                    <div class=\"bloc\">\n                        <p class=\"title\">Youth hostels<\/p>\n                        <p>Temporary accommodation when you arrive in Rennes.<\/p>\n\n                        <a href=\"http:\/\/www.fuaj.org\/\" target=\"_blank\" class=\"link\">View website<\/a>\n                    <\/div>\n                                    <div class=\"bloc\">\n                        <p class=\"title\">Lokaviz<\/p>\n                        <p>Accommodation provided by private individuals, mostly approved by Crous.<\/p>\n\n                        <a href=\"http:\/\/www.lokaviz.fr\/\" target=\"_blank\" class=\"link\">View website<\/a>\n                    <\/div>\n                                    <div class=\"bloc\">\n                        <p class=\"title\">La Carte des Colocs<\/p>\n                        <p>Shared accommodation.<\/p>\n\n                        <a href=\"https:\/\/www.lacartedescolocs.fr\/\" target=\"_blank\" class=\"link\">View website<\/a>\n                    <\/div>\n                            <\/div>\n            <\/div>\n<\/section>\n\n\n    <section class=\"txt-image  right\">\n    <div class=\"container\">\n        <div class=\"bloc-txt\">\n            <div class=\"contain-txt\">\n                                    <h2><span class=\"elipse\"><\/span><span class=\"trait\"><\/span>Getting around in Rennes<\/h2>\n                                <p>Studying in Rennes means you can enjoy numerous activities and this will involve travel: going to and from campuses and sports activities, shopping, and going out, etc. Many students also need to regularly organise travel between their family homes and their student accommodation.<\/p>\n<p>Below are several travel tips for CyberSchool students:<\/p>\n\n                                    <div class=\"bloc-accordeon\">\n                                                    <div class=\"bloc\">\n                                <p class=\"title\">Carte Korrigo<\/p>\n                                <div class=\"contain-txt\">\n                                <p>This is the main travel card in Rennes and Brittany (bus, metro, regional express train network (TER), and self-service bikes) and provides access to a range of Crous services (university restaurants &#8211; Resto&#8217;U, etc.), university libraries, and public swimming pools, etc.<\/p>\n\n                                <\/div>\n                            <\/div>\n                                                    <div class=\"bloc\">\n                                <p class=\"title\">Bike<\/p>\n                                <div class=\"contain-txt\">\n                                <p>Rennes boasts quite an extensive <a href=\"http:\/\/www.geovelo.fr\/rennes\" target=\"_blank\" rel=\"noopener\">bike path<\/a> and bike parking network.<\/p>\n<p><a href=\"https:\/\/rustine-beaulieu.weebly.com\/\" target=\"_blank\" rel=\"noopener\">Rustine de Beaulieu\u2019s<\/a> DIY bike repair workshop is run on campus by a voluntary team of cycling enthusiasts and aims to foster mutual help and knowledge sharing.<\/p>\n<p><a href=\"https:\/\/www.levelostar.fr\/\" target=\"_blank\" rel=\"noopener\">V\u00e9lo Star<\/a> is a short-term, self-service, bike hire service.<\/p>\n\n                                <\/div>\n                            <\/div>\n                                                    <div class=\"bloc\">\n                                <p class=\"title\">Public transport<\/p>\n                                <div class=\"contain-txt\">\n                                <p>The STAR (Rennes\u2019 metro and bus service) student deal offers unlimited use of the metro + bus + bike services and several other benefits.<\/p>\n<p><a href=\"https:\/\/www.breizhgo.bzh\/\" target=\"_blank\" rel=\"noopener\">BreizhGo<\/a>, an Ille-et-Vilaine county service, runs coaches from the bus station beside Rennes train station.<\/p>\n<p>The French national railway company (SNCF) and <a href=\"http:\/\/www.ter.sncf.com\/bretagne\" target=\"_blank\" rel=\"noopener\">its regional express train network (TER)<\/a> also serve the county and the Brittany region.<\/p>\n\n                                <\/div>\n                            <\/div>\n                                                    <div class=\"bloc\">\n                                <p class=\"title\">Carpooling and car sharing<\/p>\n                                <div class=\"contain-txt\">\n                                <p><a href=\"https:\/\/ehop.bzh\/\" target=\"_blank\" rel=\"noopener\">Ehop<\/a>: if you need your car to get to campus or if you need a lift to university then Ehop\u2019s local carpooling home-work travel network is for you.<\/p>\n<p><a href=\"http:\/\/www.cityroul.com\/\" target=\"_blank\" rel=\"noopener\">CityRoul\u2019<\/a> is a car sharing service for one-off car needs (shopping, a trip to the coast, or transporting equipment).<\/p>\n\n                                <\/div>\n                            <\/div>\n                                            <\/div>\n                                            <\/div>\n        <\/div>\n        <div class=\"bloc-img\">\n            <picture>\n                    <source\n                    type=\"image\/webp\"\n                    srcset=\"https:\/\/cyberschool.univ-rennes.fr\/app\/uploads\/2021\/01\/gettingaroundrennes_frederic-obe.webp, https:\/\/cyberschool.univ-rennes.fr\/app\/uploads\/2021\/01\/gettingaroundrennes_frederic-obe@2x.webp 2x\"\n                    >\n                    <source\n                    type=\"image\/jpeg\"\n                    srcset=\"https:\/\/cyberschool.univ-rennes.fr\/app\/uploads\/2021\/01\/gettingaroundrennes_frederic-obe.jpg, https:\/\/cyberschool.univ-rennes.fr\/app\/uploads\/2021\/01\/gettingaroundrennes_frederic-obe@2x.jpg 2x\"\n                    >\n                    <img decoding=\"async\" src=\"https:\/\/cyberschool.univ-rennes.fr\/app\/uploads\/2021\/01\/gettingaroundrennes_frederic-obe.jpg\" loading=\"lazy\" alt=\"Gettingaroundrennes Frederic Obe\" \/>\n            <\/picture>\n        <\/div>\n    <\/div>\n<\/section>\n\n\n    <section class=\"txt-image  left\">\n    <div class=\"container\">\n        <div class=\"bloc-txt\">\n            <div class=\"contain-txt\">\n                                    <h2><span class=\"elipse\"><\/span><span class=\"trait\"><\/span>Out and about<\/h2>\n                                <p>The<a href=\"http:\/\/www.sortir-rennesmetropole.fr\/\" target=\"_blank\" rel=\"noopener\"><strong> Sortir!<\/strong><\/a> pass gives students access to a multitude of activities (cinema for only \u20ac3, free museum entrance, etc.).<\/p>\n<p>Solidarity pricing provides either free access to, or 85% or 50% off the monthly STAR (Rennes\u2019 metro and bus service) network subscription and Handistar (transport service for people with reduced mobility) service.<\/p>\n\n                                            <\/div>\n        <\/div>\n        <div class=\"bloc-img\">\n            <picture>\n                    <source\n                    type=\"image\/webp\"\n                    srcset=\"https:\/\/cyberschool.univ-rennes.fr\/app\/uploads\/2021\/01\/renneslifestyle_frederic-obe.webp, https:\/\/cyberschool.univ-rennes.fr\/app\/uploads\/2021\/01\/renneslifestyle_frederic-obe@2x.webp 2x\"\n                    >\n                    <source\n                    type=\"image\/jpeg\"\n                    srcset=\"https:\/\/cyberschool.univ-rennes.fr\/app\/uploads\/2021\/01\/renneslifestyle_frederic-obe.jpg, https:\/\/cyberschool.univ-rennes.fr\/app\/uploads\/2021\/01\/renneslifestyle_frederic-obe@2x.jpg 2x\"\n                    >\n                    <img decoding=\"async\" src=\"https:\/\/cyberschool.univ-rennes.fr\/app\/uploads\/2021\/01\/renneslifestyle_frederic-obe.jpg\" loading=\"lazy\" alt=\"Renneslifestyle Frederic Obe\" \/>\n            <\/picture>\n        <\/div>\n    <\/div>\n<\/section>\n","protected":false},"excerpt":{"rendered":"","protected":false},"author":1,"featured_media":0,"parent":385,"menu_order":0,"comment_status":"closed","ping_status":"closed","template":"","meta":[],"acf":[],"yoast_head":"<!-- This site is optimized with the Yoast SEO plugin v20.13 - https:\/\/yoast.com\/wordpress\/plugins\/seo\/ -->\n<title>Life in Rennes - CyberSchool<\/title>\n<meta name=\"description\" content=\"As the capital of one of France\u2019s most active regions, Rennes is renowned for its high quality of life, rich cultural programme and diverse heritage.\" \/>\n<meta name=\"robots\" content=\"index, follow, max-snippet:-1, max-image-preview:large, max-video-preview:-1\" \/>\n<link rel=\"canonical\" href=\"https:\/\/cyberschool.univ-rennes.fr\/en\/community\/life-in-rennes\/\" \/>\n<meta property=\"og:locale\" content=\"en_US\" \/>\n<meta property=\"og:type\" content=\"article\" \/>\n<meta property=\"og:title\" content=\"Life in Rennes - CyberSchool\" \/>\n<meta property=\"og:description\" content=\"As the capital of one of France\u2019s most active regions, Rennes is renowned for its high quality of life, rich cultural programme and diverse heritage.\" \/>\n<meta property=\"og:url\" content=\"https:\/\/cyberschool.univ-rennes.fr\/en\/community\/life-in-rennes\/\" \/>\n<meta property=\"og:site_name\" content=\"CyberSchool\" \/>\n<meta property=\"article:publisher\" content=\"https:\/\/www.facebook.com\/CSchoolRennes\/\" \/>\n<meta property=\"article:modified_time\" content=\"2026-03-12T13:36:49+00:00\" \/>\n<meta property=\"og:image\" content=\"https:\/\/cyberschool.univ-rennes.fr\/app\/uploads\/2021\/02\/cover-social-network.jpeg\" \/>\n\t<meta property=\"og:image:width\" content=\"1500\" \/>\n\t<meta property=\"og:image:height\" content=\"500\" \/>\n\t<meta property=\"og:image:type\" content=\"image\/jpeg\" \/>\n<meta name=\"twitter:card\" content=\"summary_large_image\" \/>\n<meta name=\"twitter:site\" content=\"@CSchoolRennes\" \/>\n<script type=\"application\/ld+json\" class=\"yoast-schema-graph\">{\"@context\":\"https:\/\/schema.org\",\"@graph\":[{\"@type\":\"WebPage\",\"@id\":\"https:\/\/cyberschool.univ-rennes.fr\/en\/community\/life-in-rennes\/\",\"url\":\"https:\/\/cyberschool.univ-rennes.fr\/en\/community\/life-in-rennes\/\",\"name\":\"Life in Rennes - CyberSchool\",\"isPartOf\":{\"@id\":\"https:\/\/cyberschool.univ-rennes.fr\/en\/#website\"},\"datePublished\":\"2021-01-26T14:58:08+00:00\",\"dateModified\":\"2026-03-12T13:36:49+00:00\",\"description\":\"As the capital of one of France\u2019s most active regions, Rennes is renowned for its high quality of life, rich cultural programme and diverse heritage.\",\"breadcrumb\":{\"@id\":\"https:\/\/cyberschool.univ-rennes.fr\/en\/community\/life-in-rennes\/#breadcrumb\"},\"inLanguage\":\"en-US\",\"potentialAction\":[{\"@type\":\"ReadAction\",\"target\":[\"https:\/\/cyberschool.univ-rennes.fr\/en\/community\/life-in-rennes\/\"]}]},{\"@type\":\"BreadcrumbList\",\"@id\":\"https:\/\/cyberschool.univ-rennes.fr\/en\/community\/life-in-rennes\/#breadcrumb\",\"itemListElement\":[{\"@type\":\"ListItem\",\"position\":1,\"name\":\"Home\",\"item\":\"https:\/\/cyberschool.univ-rennes.fr\/en\/\"},{\"@type\":\"ListItem\",\"position\":2,\"name\":\"Community\",\"item\":\"https:\/\/cyberschool.univ-rennes.fr\/en\/community\/\"},{\"@type\":\"ListItem\",\"position\":3,\"name\":\"Life in Rennes\"}]},{\"@type\":\"WebSite\",\"@id\":\"https:\/\/cyberschool.univ-rennes.fr\/en\/#website\",\"url\":\"https:\/\/cyberschool.univ-rennes.fr\/en\/\",\"name\":\"CyberSchool\",\"description\":\"Just another WordPress site\",\"potentialAction\":[{\"@type\":\"SearchAction\",\"target\":{\"@type\":\"EntryPoint\",\"urlTemplate\":\"https:\/\/cyberschool.univ-rennes.fr\/en\/?s={search_term_string}\"},\"query-input\":\"required name=search_term_string\"}],\"inLanguage\":\"en-US\"}]}<\/script>\n<!-- \/ Yoast SEO plugin. -->","yoast_head_json":{"title":"Life in Rennes - CyberSchool","description":"As the capital of one of France\u2019s most active regions, Rennes is renowned for its high quality of life, rich cultural programme and diverse heritage.","robots":{"index":"index","follow":"follow","max-snippet":"max-snippet:-1","max-image-preview":"max-image-preview:large","max-video-preview":"max-video-preview:-1"},"canonical":"https:\/\/cyberschool.univ-rennes.fr\/en\/community\/life-in-rennes\/","og_locale":"en_US","og_type":"article","og_title":"Life in Rennes - CyberSchool","og_description":"As the capital of one of France\u2019s most active regions, Rennes is renowned for its high quality of life, rich cultural programme and diverse heritage.","og_url":"https:\/\/cyberschool.univ-rennes.fr\/en\/community\/life-in-rennes\/","og_site_name":"CyberSchool","article_publisher":"https:\/\/www.facebook.com\/CSchoolRennes\/","article_modified_time":"2026-03-12T13:36:49+00:00","og_image":[{"width":1500,"height":500,"url":"https:\/\/cyberschool.univ-rennes.fr\/app\/uploads\/2021\/02\/cover-social-network.jpeg","type":"image\/jpeg"}],"twitter_card":"summary_large_image","twitter_site":"@CSchoolRennes","schema":{"@context":"https:\/\/schema.org","@graph":[{"@type":"WebPage","@id":"https:\/\/cyberschool.univ-rennes.fr\/en\/community\/life-in-rennes\/","url":"https:\/\/cyberschool.univ-rennes.fr\/en\/community\/life-in-rennes\/","name":"Life in Rennes - CyberSchool","isPartOf":{"@id":"https:\/\/cyberschool.univ-rennes.fr\/en\/#website"},"datePublished":"2021-01-26T14:58:08+00:00","dateModified":"2026-03-12T13:36:49+00:00","description":"As the capital of one of France\u2019s most active regions, Rennes is renowned for its high quality of life, rich cultural programme and diverse heritage.","breadcrumb":{"@id":"https:\/\/cyberschool.univ-rennes.fr\/en\/community\/life-in-rennes\/#breadcrumb"},"inLanguage":"en-US","potentialAction":[{"@type":"ReadAction","target":["https:\/\/cyberschool.univ-rennes.fr\/en\/community\/life-in-rennes\/"]}]},{"@type":"BreadcrumbList","@id":"https:\/\/cyberschool.univ-rennes.fr\/en\/community\/life-in-rennes\/#breadcrumb","itemListElement":[{"@type":"ListItem","position":1,"name":"Home","item":"https:\/\/cyberschool.univ-rennes.fr\/en\/"},{"@type":"ListItem","position":2,"name":"Community","item":"https:\/\/cyberschool.univ-rennes.fr\/en\/community\/"},{"@type":"ListItem","position":3,"name":"Life in Rennes"}]},{"@type":"WebSite","@id":"https:\/\/cyberschool.univ-rennes.fr\/en\/#website","url":"https:\/\/cyberschool.univ-rennes.fr\/en\/","name":"CyberSchool","description":"Just another WordPress site","potentialAction":[{"@type":"SearchAction","target":{"@type":"EntryPoint","urlTemplate":"https:\/\/cyberschool.univ-rennes.fr\/en\/?s={search_term_string}"},"query-input":"required name=search_term_string"}],"inLanguage":"en-US"}]}},"_links":{"self":[{"href":"https:\/\/cyberschool.univ-rennes.fr\/en\/wp-json\/wp\/v2\/pages\/712"}],"collection":[{"href":"https:\/\/cyberschool.univ-rennes.fr\/en\/wp-json\/wp\/v2\/pages"}],"about":[{"href":"https:\/\/cyberschool.univ-rennes.fr\/en\/wp-json\/wp\/v2\/types\/page"}],"author":[{"embeddable":true,"href":"https:\/\/cyberschool.univ-rennes.fr\/en\/wp-json\/wp\/v2\/users\/1"}],"replies":[{"embeddable":true,"href":"https:\/\/cyberschool.univ-rennes.fr\/en\/wp-json\/wp\/v2\/comments?post=712"}],"version-history":[{"count":33,"href":"https:\/\/cyberschool.univ-rennes.fr\/en\/wp-json\/wp\/v2\/pages\/712\/revisions"}],"predecessor-version":[{"id":18499,"href":"https:\/\/cyberschool.univ-rennes.fr\/en\/wp-json\/wp\/v2\/pages\/712\/revisions\/18499"}],"up":[{"embeddable":true,"href":"https:\/\/cyberschool.univ-rennes.fr\/en\/wp-json\/wp\/v2\/pages\/385"}],"wp:attachment":[{"href":"https:\/\/cyberschool.univ-rennes.fr\/en\/wp-json\/wp\/v2\/media?parent=712"}],"curies":[{"name":"wp","href":"https:\/\/api.w.org\/{rel}","templated":true}]}}