{"id":777,"date":"2021-01-27T10:41:38","date_gmt":"2021-01-27T09:41:38","guid":{"rendered":"https:\/\/cyberschool.univ-rennes.fr?page_id=777"},"modified":"2026-03-12T14:38:14","modified_gmt":"2026-03-12T13:38:14","slug":"contact-us","status":"publish","type":"page","link":"https:\/\/cyberschool.univ-rennes.fr\/en\/contact-us\/","title":{"rendered":"Contact us"},"content":{"rendered":"<section class=\"text-intro\">\n    <div class=\"container\">\n        \n    <\/div>\n<\/section>\n\n\n<section class=\"contact\">\n    <div class=\"container\">\n        <div class=\"bloc-form\">\n            <div class=\"line\">\n                <div class=\"btn-step btn-step-1 active\"><\/div>\n                <div class=\"btn-step btn-step-2\"><\/div>\n                <div class=\"btn-step btn-step-3\"><\/div>\n            <\/div>\n            \n<div class=\"wpcf7 no-js\" id=\"wpcf7-f420-o1\" lang=\"fr-FR\" dir=\"ltr\">\n<div class=\"screen-reader-response\"><p role=\"status\" aria-live=\"polite\" aria-atomic=\"true\"><\/p> <ul><\/ul><\/div>\n<form action=\"\/en\/wp-json\/wp\/v2\/pages\/777#wpcf7-f420-o1\" method=\"post\" class=\"wpcf7-form init\" aria-label=\"Formulaire de contact\" novalidate=\"novalidate\" data-status=\"init\">\n<div style=\"display: none;\">\n<input type=\"hidden\" name=\"_wpcf7\" value=\"420\" \/>\n<input type=\"hidden\" name=\"_wpcf7_version\" value=\"5.7.7\" \/>\n<input type=\"hidden\" name=\"_wpcf7_locale\" value=\"fr_FR\" \/>\n<input type=\"hidden\" name=\"_wpcf7_unit_tag\" value=\"wpcf7-f420-o1\" \/>\n<input type=\"hidden\" name=\"_wpcf7_container_post\" value=\"0\" \/>\n<input type=\"hidden\" name=\"_wpcf7_posted_data_hash\" value=\"\" \/>\n<input type=\"hidden\" name=\"_wpcf7_recaptcha_response\" value=\"\" \/>\n<\/div>\n<div class=\"checkboxes\">\n<span class=\"wpcf7-form-control-wrap\" data-name=\"type\"><span class=\"wpcf7-form-control wpcf7-radio\"><span class=\"wpcf7-list-item first\"><label><input type=\"radio\" name=\"type\" value=\"I&#039;m a student\" checked=\"checked\" \/><span class=\"wpcf7-list-item-label\">I&#039;m a student<\/span><\/label><\/span><span class=\"wpcf7-list-item\"><label><input type=\"radio\" name=\"type\" value=\"I&#039;m a company\" \/><span class=\"wpcf7-list-item-label\">I&#039;m a company<\/span><\/label><\/span><span class=\"wpcf7-list-item last\"><label><input type=\"radio\" name=\"type\" value=\"Other\" \/><span class=\"wpcf7-list-item-label\">Other<\/span><\/label><\/span><\/span><\/span>\n<\/div>\n<div class=\"first-step\">\n<p class=\"title\">Contact information<\/p>\n<div class=\"row\">\n<label><span class=\"placeholder\">Lastname<span>*<\/span><\/span> <span class=\"wpcf7-form-control-wrap\" data-name=\"lastname\"><input size=\"40\" class=\"wpcf7-form-control wpcf7-text wpcf7-validates-as-required\" aria-required=\"true\" aria-invalid=\"false\" value=\"\" type=\"text\" name=\"lastname\" \/><\/span> <\/label>\n<label><span class=\"placeholder\">Firstname<span>*<\/span><\/span> <span class=\"wpcf7-form-control-wrap\" data-name=\"firstname\"><input size=\"40\" class=\"wpcf7-form-control wpcf7-text wpcf7-validates-as-required\" aria-required=\"true\" aria-invalid=\"false\" value=\"\" type=\"text\" name=\"firstname\" \/><\/span> <\/label>\n<\/div>\n<div class=\"row\">\n<label><span class=\"placeholder\">Email address<span>*<\/span><\/span> <span class=\"wpcf7-form-control-wrap\" data-name=\"email\"><input size=\"40\" class=\"wpcf7-form-control wpcf7-text wpcf7-email wpcf7-validates-as-required wpcf7-validates-as-email\" aria-required=\"true\" aria-invalid=\"false\" value=\"\" type=\"email\" name=\"email\" \/><\/span> <\/label>\n<label><span class=\"placeholder\">Phone<span>*<\/span><\/span> <span class=\"wpcf7-form-control-wrap\" data-name=\"phone\"><input size=\"40\" class=\"wpcf7-form-control wpcf7-text wpcf7-validates-as-required\" aria-required=\"true\" aria-invalid=\"false\" value=\"\" type=\"text\" name=\"phone\" \/><\/span> <\/label>\n<\/div>\n<label><span class=\"placeholder\">University\/Company\/Other<span>*<\/span><\/span> <span class=\"wpcf7-form-control-wrap\" data-name=\"company\"><input size=\"40\" class=\"wpcf7-form-control wpcf7-text wpcf7-validates-as-required\" aria-required=\"true\" aria-invalid=\"false\" value=\"\" type=\"text\" name=\"company\" \/><\/span> <\/label>\n<div class=\"btn-validate-step-1\">Continue<\/div>\n<\/div>\n<div class=\"second-step\">\n<p class=\"title\">Your message<\/p>\n<label><span class=\"placeholder\">Subject<span>*<\/span><\/span><span class=\"wpcf7-form-control-wrap\" data-name=\"subject\"><select class=\"wpcf7-form-control wpcf7-select\" aria-invalid=\"false\" name=\"subject\"><option value=\"Choose a subject..\">Choose a subject..<\/option><option value=\"STUDENTS\">STUDENTS<\/option><option value=\"&gt; General informations\">&gt; General informations<\/option><option value=\"&gt; Admission\">&gt; Admission<\/option><option value=\"&gt; Intership\">&gt; Intership<\/option><option value=\"&gt; Work-study program\">&gt; Work-study program<\/option><option value=\"&gt; PhD\">&gt; PhD<\/option><option value=\"COMPANY\">COMPANY<\/option><option value=\"&gt; Information request\">&gt; Information request<\/option><option value=\"&gt; Become a partner\">&gt; Become a partner<\/option><option value=\"&gt; Intership &amp; Work-study offer\">&gt; Intership &amp; Work-study offer<\/option><option value=\"OTHER\">OTHER<\/option><option value=\"&gt; Information request\">&gt; Information request<\/option><option value=\"&gt; Communication department\">&gt; Communication department<\/option><option value=\"&gt; Recruitement department\">&gt; Recruitement department<\/option><\/select><\/span>\n<\/label><label class=\"textarea\"><span class=\"placeholder\">Your message<span>*<\/span><\/span><span class=\"wpcf7-form-control-wrap\" data-name=\"message\"><textarea cols=\"40\" rows=\"10\" class=\"wpcf7-form-control wpcf7-textarea wpcf7-validates-as-required\" aria-required=\"true\" aria-invalid=\"false\" name=\"message\"><\/textarea><\/span> <\/label>\n<label><span class=\"placeholder\">How did you know about us? (social networks, website, etc.)<span>*<\/span><\/span> <span class=\"wpcf7-form-control-wrap\" data-name=\"canal\"><input size=\"40\" class=\"wpcf7-form-control wpcf7-text wpcf7-validates-as-required\" aria-required=\"true\" aria-invalid=\"false\" value=\"\" type=\"text\" name=\"canal\" \/><\/span> <\/label>\n<span class=\"wpcf7-form-control-wrap\" data-name=\"rgpd\"><span class=\"wpcf7-form-control wpcf7-checkbox wpcf7-validates-as-required\"><span class=\"wpcf7-list-item first last\"><input type=\"checkbox\" name=\"rgpd[]\" value=\"I consent to my data being used by CyberSchool to contact me and provide me with information about the school*\" \/><span class=\"wpcf7-list-item-label\">I consent to my data being used by CyberSchool to contact me and provide me with information about the school*<\/span><\/span><\/span><\/span>\n<span class=\"wpcf7-form-control-wrap\" data-name=\"newsletter\"><span class=\"wpcf7-form-control wpcf7-checkbox\"><span class=\"wpcf7-list-item first last\"><input type=\"checkbox\" name=\"newsletter[]\" value=\"I want to subscribe to the newsletter\" \/><span class=\"wpcf7-list-item-label\">I want to subscribe to the newsletter<\/span><\/span><\/span><\/span>\n\n<input class=\"wpcf7-form-control has-spinner wpcf7-submit\" type=\"submit\" value=\"Send\" \/>\n<\/div><div class=\"wpcf7-response-output\" aria-hidden=\"true\"><\/div>\n<\/form>\n<\/div>\n\n        <\/div>\n    <\/div>\n    <div class=\"container\">\n        <h2><span class=\"elipse\"><\/span><span class=\"trait\"><\/span>Useful information<\/h2>\n        <div class=\"contain-infos\">\n            <div class=\"bloc-map\">\n                <div id=\"map\"><\/div>\n            <\/div>\n            <div class=\"bloc-info\">\n                <div class=\"bloc\">\n                    <div class=\"contain-img\">\n                    <\/div>\n                    <div class=\"contain-txt\">\n                        <p class=\"title\">Address<\/p>\n                        <p class=\"text\">Campus de Beaulieu &#8211; ISTIC \r\nB\u00e2timent 12D &#8211; 2\u00e8me \u00e9tage,\r\n263 Avenue G\u00e9n\u00e9ral Leclerc, \r\n35042 Rennes<\/p>\n                    <\/div>\n                <\/div>\n                <div class=\"bloc\">\n                    <div class=\"contain-img\"><\/div>\n                    <div class=\"contain-txt\">\n                        <p class=\"title\">Phone<\/p>\n                        <a href=\"tel:+32\"><\/a>\n                    <\/div>\n                <\/div>\n                <div class=\"bloc\">\n                    <div class=\"contain-img\"><\/div>\n                    <div class=\"contain-txt\">\n                        <p class=\"title\">Come by bus<\/p>\n                        <p class=\"text\">From the city center: take one of the C4, C6, 40 or 67 buses at R\u00e9publique or Pasteur, to get off at Tournebride.<\/p>\n                    <\/div>\n                <\/div>\n            <\/div>\n        <\/div>\n    <\/div>\n<\/section>\n\n<link rel=\"stylesheet\" href=\"https:\/\/unpkg.com\/leaflet@1.7.1\/dist\/leaflet.css\" integrity=\"sha512-xodZBNTC5n17Xt2atTPuE1HxjVMSvLVW9ocqUKLsCC5CXdbqCmblAshOMAS6\/keqq\/sMZMZ19scR4PsZChSR7A==\" crossorigin=\"\"\/>\n\n","protected":false},"excerpt":{"rendered":"","protected":false},"author":1,"featured_media":0,"parent":0,"menu_order":14,"comment_status":"closed","ping_status":"closed","template":"","meta":[],"acf":[],"yoast_head":"<!-- This site is optimized with the Yoast SEO plugin v20.13 - https:\/\/yoast.com\/wordpress\/plugins\/seo\/ -->\n<title>Contact us - CyberSchool<\/title>\n<meta name=\"description\" content=\"Send us an email if you have a question about CyberSchool Rennes admissions or if you are a partner.\" \/>\n<meta name=\"robots\" content=\"index, follow, max-snippet:-1, max-image-preview:large, max-video-preview:-1\" \/>\n<link rel=\"canonical\" href=\"https:\/\/cyberschool.univ-rennes.fr\/en\/contact-us\/\" \/>\n<meta property=\"og:locale\" content=\"en_US\" \/>\n<meta property=\"og:type\" content=\"article\" \/>\n<meta property=\"og:title\" content=\"Contact us - CyberSchool\" \/>\n<meta property=\"og:description\" content=\"Send us an email if you have a question about CyberSchool Rennes admissions or if you are a partner.\" \/>\n<meta property=\"og:url\" content=\"https:\/\/cyberschool.univ-rennes.fr\/en\/contact-us\/\" \/>\n<meta property=\"og:site_name\" content=\"CyberSchool\" \/>\n<meta property=\"article:publisher\" content=\"https:\/\/www.facebook.com\/CSchoolRennes\/\" \/>\n<meta property=\"article:modified_time\" content=\"2026-03-12T13:38:14+00:00\" \/>\n<meta property=\"og:image\" content=\"https:\/\/cyberschool.univ-rennes.fr\/app\/uploads\/2021\/02\/cover-social-network.jpeg\" \/>\n\t<meta property=\"og:image:width\" content=\"1500\" \/>\n\t<meta property=\"og:image:height\" content=\"500\" \/>\n\t<meta property=\"og:image:type\" content=\"image\/jpeg\" \/>\n<meta name=\"twitter:card\" content=\"summary_large_image\" \/>\n<meta name=\"twitter:site\" content=\"@CSchoolRennes\" \/>\n<script type=\"application\/ld+json\" class=\"yoast-schema-graph\">{\"@context\":\"https:\/\/schema.org\",\"@graph\":[{\"@type\":\"WebPage\",\"@id\":\"https:\/\/cyberschool.univ-rennes.fr\/en\/contact-us\/\",\"url\":\"https:\/\/cyberschool.univ-rennes.fr\/en\/contact-us\/\",\"name\":\"Contact us - CyberSchool\",\"isPartOf\":{\"@id\":\"https:\/\/cyberschool.univ-rennes.fr\/en\/#website\"},\"datePublished\":\"2021-01-27T09:41:38+00:00\",\"dateModified\":\"2026-03-12T13:38:14+00:00\",\"description\":\"Send us an email if you have a question about CyberSchool Rennes admissions or if you are a partner.\",\"breadcrumb\":{\"@id\":\"https:\/\/cyberschool.univ-rennes.fr\/en\/contact-us\/#breadcrumb\"},\"inLanguage\":\"en-US\",\"potentialAction\":[{\"@type\":\"ReadAction\",\"target\":[\"https:\/\/cyberschool.univ-rennes.fr\/en\/contact-us\/\"]}]},{\"@type\":\"BreadcrumbList\",\"@id\":\"https:\/\/cyberschool.univ-rennes.fr\/en\/contact-us\/#breadcrumb\",\"itemListElement\":[{\"@type\":\"ListItem\",\"position\":1,\"name\":\"Home\",\"item\":\"https:\/\/cyberschool.univ-rennes.fr\/en\/\"},{\"@type\":\"ListItem\",\"position\":2,\"name\":\"Contact us\"}]},{\"@type\":\"WebSite\",\"@id\":\"https:\/\/cyberschool.univ-rennes.fr\/en\/#website\",\"url\":\"https:\/\/cyberschool.univ-rennes.fr\/en\/\",\"name\":\"CyberSchool\",\"description\":\"Just another WordPress site\",\"potentialAction\":[{\"@type\":\"SearchAction\",\"target\":{\"@type\":\"EntryPoint\",\"urlTemplate\":\"https:\/\/cyberschool.univ-rennes.fr\/en\/?s={search_term_string}\"},\"query-input\":\"required name=search_term_string\"}],\"inLanguage\":\"en-US\"}]}<\/script>\n<!-- \/ Yoast SEO plugin. -->","yoast_head_json":{"title":"Contact us - CyberSchool","description":"Send us an email if you have a question about CyberSchool Rennes admissions or if you are a partner.","robots":{"index":"index","follow":"follow","max-snippet":"max-snippet:-1","max-image-preview":"max-image-preview:large","max-video-preview":"max-video-preview:-1"},"canonical":"https:\/\/cyberschool.univ-rennes.fr\/en\/contact-us\/","og_locale":"en_US","og_type":"article","og_title":"Contact us - CyberSchool","og_description":"Send us an email if you have a question about CyberSchool Rennes admissions or if you are a partner.","og_url":"https:\/\/cyberschool.univ-rennes.fr\/en\/contact-us\/","og_site_name":"CyberSchool","article_publisher":"https:\/\/www.facebook.com\/CSchoolRennes\/","article_modified_time":"2026-03-12T13:38:14+00:00","og_image":[{"width":1500,"height":500,"url":"https:\/\/cyberschool.univ-rennes.fr\/app\/uploads\/2021\/02\/cover-social-network.jpeg","type":"image\/jpeg"}],"twitter_card":"summary_large_image","twitter_site":"@CSchoolRennes","schema":{"@context":"https:\/\/schema.org","@graph":[{"@type":"WebPage","@id":"https:\/\/cyberschool.univ-rennes.fr\/en\/contact-us\/","url":"https:\/\/cyberschool.univ-rennes.fr\/en\/contact-us\/","name":"Contact us - CyberSchool","isPartOf":{"@id":"https:\/\/cyberschool.univ-rennes.fr\/en\/#website"},"datePublished":"2021-01-27T09:41:38+00:00","dateModified":"2026-03-12T13:38:14+00:00","description":"Send us an email if you have a question about CyberSchool Rennes admissions or if you are a partner.","breadcrumb":{"@id":"https:\/\/cyberschool.univ-rennes.fr\/en\/contact-us\/#breadcrumb"},"inLanguage":"en-US","potentialAction":[{"@type":"ReadAction","target":["https:\/\/cyberschool.univ-rennes.fr\/en\/contact-us\/"]}]},{"@type":"BreadcrumbList","@id":"https:\/\/cyberschool.univ-rennes.fr\/en\/contact-us\/#breadcrumb","itemListElement":[{"@type":"ListItem","position":1,"name":"Home","item":"https:\/\/cyberschool.univ-rennes.fr\/en\/"},{"@type":"ListItem","position":2,"name":"Contact us"}]},{"@type":"WebSite","@id":"https:\/\/cyberschool.univ-rennes.fr\/en\/#website","url":"https:\/\/cyberschool.univ-rennes.fr\/en\/","name":"CyberSchool","description":"Just another WordPress site","potentialAction":[{"@type":"SearchAction","target":{"@type":"EntryPoint","urlTemplate":"https:\/\/cyberschool.univ-rennes.fr\/en\/?s={search_term_string}"},"query-input":"required name=search_term_string"}],"inLanguage":"en-US"}]}},"_links":{"self":[{"href":"https:\/\/cyberschool.univ-rennes.fr\/en\/wp-json\/wp\/v2\/pages\/777"}],"collection":[{"href":"https:\/\/cyberschool.univ-rennes.fr\/en\/wp-json\/wp\/v2\/pages"}],"about":[{"href":"https:\/\/cyberschool.univ-rennes.fr\/en\/wp-json\/wp\/v2\/types\/page"}],"author":[{"embeddable":true,"href":"https:\/\/cyberschool.univ-rennes.fr\/en\/wp-json\/wp\/v2\/users\/1"}],"replies":[{"embeddable":true,"href":"https:\/\/cyberschool.univ-rennes.fr\/en\/wp-json\/wp\/v2\/comments?post=777"}],"version-history":[{"count":17,"href":"https:\/\/cyberschool.univ-rennes.fr\/en\/wp-json\/wp\/v2\/pages\/777\/revisions"}],"predecessor-version":[{"id":18525,"href":"https:\/\/cyberschool.univ-rennes.fr\/en\/wp-json\/wp\/v2\/pages\/777\/revisions\/18525"}],"wp:attachment":[{"href":"https:\/\/cyberschool.univ-rennes.fr\/en\/wp-json\/wp\/v2\/media?parent=777"}],"curies":[{"name":"wp","href":"https:\/\/api.w.org\/{rel}","templated":true}]}}