{"id":8742,"date":"2022-11-10T11:23:07","date_gmt":"2022-11-10T10:23:07","guid":{"rendered":"https:\/\/cyberschool.univ-rennes.fr\/?page_id=8742"},"modified":"2026-04-13T16:02:50","modified_gmt":"2026-04-13T15:02:50","slug":"admission-masters-cybersecurity-with-ciso-specialisation","status":"publish","type":"page","link":"https:\/\/cyberschool.univ-rennes.fr\/en\/admissions\/admission-masters-cybersecurity-with-ciso-specialisation\/","title":{"rendered":"Admission Master\u2019s Cybersecurity with CISO specialisation"},"content":{"rendered":"<section class=\"text-intro\">\n    <div class=\"container\">\n        <section class=\"text-intro\">\n<div class=\"container\">\n<p style=\"text-align: center;\">Welcome to our application and admissions page for the <strong><a href=\"https:\/\/cyberschool.univ-rennes.fr\/en\/education\/cybersecurity-training-programmes\/masters-cybersecurity-with-ciso-specialisation\/\" target=\"_blank\" rel=\"noopener\">Master\u2019s Cybersecurity with CISO specialisation<\/a>, run by the <a href=\"https:\/\/www.univ-rennes.fr\/\" target=\"_blank\" rel=\"noopener\">University of Rennes<\/a> (<a href=\"https:\/\/istic.univ-rennes.fr\/\" target=\"_blank\" rel=\"noopener\">ISTIC<\/a>).<\/strong><img decoding=\"async\" loading=\"lazy\" class=\"size-medium wp-image-14536 aligncenter\" src=\"https:\/\/cyberschool.univ-rennes.fr\/app\/uploads\/2024\/04\/istic-quadri-300x64.png\" alt=\"Logo de l'ISTIC et de l'Universit\u00e9 de Rennes\" width=\"300\" height=\"64\" srcset=\"https:\/\/cyberschool.univ-rennes.fr\/app\/uploads\/2024\/04\/istic-quadri-300x64.png 300w, https:\/\/cyberschool.univ-rennes.fr\/app\/uploads\/2024\/04\/istic-quadri.png 596w\" sizes=\"(max-width: 300px) 100vw, 300px\" \/><strong>Discover the different steps you will need to follow to apply to this Master\u2019s programme.<\/strong><\/p>\n<h3 style=\"text-align: center;\"><strong>TABLE OF CONTENTS<\/strong><\/h3>\n<p style=\"text-align: center;\"><a href=\"https:\/\/cyberschool.univ-rennes.fr\/en\/admissions\/admission-masters-computer-science-track-chief-information-security-officer\/#dates\">Application dates<\/a><br \/>\n<a href=\"https:\/\/cyberschool.univ-rennes.fr\/en\/admissions\/admission-masters-computer-science-track-chief-information-security-officer\/#portal\">Application portal<\/a><br \/>\n<a href=\"https:\/\/cyberschool.univ-rennes.fr\/en\/admissions\/admission-masters-computer-science-track-chief-information-security-officer\/#process\">Admissions process<\/a><br \/>\n<a href=\"https:\/\/cyberschool.univ-rennes.fr\/en\/admissions\/admission-masters-computer-science-track-chief-information-security-officer\/#fees\">Tuition fees<\/a><br \/>\n<a href=\"https:\/\/cyberschool.univ-rennes.fr\/en\/admissions\/admission-masters-computer-science-track-chief-information-security-officer\/#schedule\">Work-study schedules<\/a><br \/>\n<a href=\"https:\/\/cyberschool.univ-rennes.fr\/en\/admissions\/admission-masters-computer-science-track-chief-information-security-officer\/#documents\">Documents you will need when applying to Universit\u00e9 de Rennes<\/a><br \/>\n<a href=\"https:\/\/cyberschool.univ-rennes.fr\/en\/admissions\/admission-masters-computer-science-track-chief-information-security-officer\/#lifelonglearning\">Application requirements in M1 for lifelong learning<\/a><\/p>\n<\/div>\n<\/section>\n\n    <\/div>\n<\/section>\n\n\n\n<section class=\"txt\">\n    <div class=\"container\">\n        <div class=\"bloc-txt\">\n                            <h2><span class=\"elipse\"><\/span><span class=\"trait\"><\/span>Preamble<\/h2>\n                        <ul>\n<li>Our Master\u2019s programmes start in September. The academic year is divided into two semesters. <strong>To graduate, you need to successfully complete four academic semesters (two years of studies) for a total of 120 ECTS credits.<\/strong><\/li>\n<li>This Master\u2019s is <strong>offered <u>only<\/u> as a work-study programme<\/strong> during the two years of studies. It starts in September and is conditional on obtaining a two-year work-study contract.<\/li>\n<li>To apply for this Master&#8217;s, it is necessary to hold a <strong>Bachelor degree, engineering degree or equivalent in Computer Sciences and\/or Electrical and Electronic Engineering <\/strong>to apply.<\/li>\n<li><strong>Applicants are encouraged to actively seek a company for their work-study programme even before they submit their application.<\/strong> Preference will be given to applications that already include a work-study contract.<\/li>\n<\/ul>\n<p><a name=\"dates\"><\/a><\/p>\n\n        <\/div>\n    <\/div>\n<\/section>\n\n\n    <section class=\"txt-image bg-grey left\">\n    <div class=\"container\">\n        <div class=\"bloc-txt\">\n            <div class=\"contain-txt\">\n                                    <h2><span class=\"elipse\"><\/span><span class=\"trait\"><\/span>Application dates<\/h2>\n                                <p><strong>The application period takes place at the beginning of the year, around February\/March. <\/strong>The academic year will start in early September.<\/p>\n<p><a name=\"portal\"><\/a><\/p>\n\n                                            <\/div>\n        <\/div>\n        <div class=\"bloc-img\">\n            <picture>\n                    <source\n                    type=\"image\/webp\"\n                    srcset=\"https:\/\/cyberschool.univ-rennes.fr\/app\/uploads\/2021\/01\/banner-admission-scaled.webp, https:\/\/cyberschool.univ-rennes.fr\/app\/uploads\/2021\/01\/banner-admission-scaled@2x.webp 2x\"\n                    >\n                    <source\n                    type=\"image\/jpeg\"\n                    srcset=\"https:\/\/cyberschool.univ-rennes.fr\/app\/uploads\/2021\/01\/banner-admission-scaled.jpg, https:\/\/cyberschool.univ-rennes.fr\/app\/uploads\/2021\/01\/banner-admission-scaled@2x.jpg 2x\"\n                    >\n                    <img decoding=\"async\" src=\"https:\/\/cyberschool.univ-rennes.fr\/app\/uploads\/2021\/01\/banner-admission-scaled.jpg\" loading=\"lazy\" alt=\"Banner Admission\" \/>\n            <\/picture>\n        <\/div>\n    <\/div>\n<\/section>\n\n\n\n<section class=\"txt\">\n    <div class=\"container\">\n        <div class=\"bloc-txt\">\n                            <h2><span class=\"elipse\"><\/span><span class=\"trait\"><\/span>Application portal<\/h2>\n                        <p><strong>To apply to the <a href=\"https:\/\/cyberschool.univ-rennes.fr\/en\/education\/cybersecurity-training-programmes\/masters-cybersecurity-with-ciso-specialisation\/\" target=\"_blank\" rel=\"noopener\">Master\u2019s Cybersecurity with CISO specialisation<\/a> you have to complete your application via the national portal <a href=\"https:\/\/www.monmaster.gouv.fr\/\" target=\"_blank\" rel=\"noopener\">Mon Master<\/a>.<\/strong><\/p>\n<p>This master is listed with the other tracks of the computer science mention of the <a href=\"https:\/\/www.univ-rennes.fr\/\" target=\"_blank\" rel=\"noopener\">University of Rennes<\/a>.<\/p>\n<p>The track to be selected is &#8220;Responsable de la s\u00e9curit\u00e9 des syst\u00e8mes d\u2019information (rssi)&#8221;.<\/p>\n<div class=\"btn-shortcode\"><a href=\"https:\/\/www.monmaster.gouv.fr\/master\/universite-de-rennes\/informatique-19?nomenclature=informatique&amp;course=cybersecurite&amp;position=2&amp;layout=1\" target=\"_blank\" rel=\"noopener\">Access to the platform<\/a><\/div>\n<p><a name=\"process\"><\/a><\/p>\n\n        <\/div>\n    <\/div>\n<\/section>\n\n\n\n<section class=\"txt\">\n    <div class=\"container\">\n        <div class=\"bloc-txt\">\n                            <h2><span class=\"elipse\"><\/span><span class=\"trait\"><\/span>Admissions process<\/h2>\n                        <p><strong>March to April:<\/strong><\/p>\n<ul>\n<li>Application period for the Master\u2019s Computer Science, track Chief information security officer.<\/li>\n<li>Search for a host company for your work-study programme.<\/li>\n<li>Pre-selection of applications by the admissions committee.<\/li>\n<\/ul>\n<p><strong>April to July:<\/strong><\/p>\n<ul>\n<li>The admissions committee examines the applications. Preference will be given to applications that already include a work-study contract.<\/li>\n<li>Interviews may be conducted by the pedagogical committee in order to study the candidates&#8217; academic and professional project.<\/li>\n<li>Following the pre-selection of your file, you will have to actively look for a host company if you do not yet have a work-study contract. CyberSchool will be able to provide you with support, particularly through its partnerships. Admission is conditional on obtaining a work-study contract.<\/li>\n<li>Please send your work-study offer to cyberschool@univ-rennes.fr so that it can be studied by the pedagogical committee as part of your application. Please indicate in the subject line of your email &#8216;Application for Master CISO work-study offer &#8211; NAME First name&#8217;.<\/li>\n<\/ul>\n<p><strong>By 30 August at the latest:<\/strong> You must have signed a two-year work-study contract and be able to prove that you have obtained your diploma validating access to the master. Your admission is then definitive and you are asked to finalise your administrative registration at the Universit\u00e9 de Rennes.<\/p>\n<p><strong>1st week of September:<\/strong> Start of the academic year<\/p>\n<p><a name=\"fees\"><\/a><\/p>\n\n        <\/div>\n    <\/div>\n<\/section>\n\n\n\n<section class=\"txt\">\n    <div class=\"container\">\n        <div class=\"bloc-txt\">\n                            <h2><span class=\"elipse\"><\/span><span class=\"trait\"><\/span>Tuition fees<\/h2>\n                        <p>As this Master&#8217;s is only offered as a work-study programme, <strong>the tuition fees are paid by the host company for the duration of the contract<\/strong> (2 years).<br \/>\n<a name=\"schedule\"><\/a><\/p>\n\n        <\/div>\n    <\/div>\n<\/section>\n\n\n\n<section class=\"txt\">\n    <div class=\"container\">\n        <div class=\"bloc-txt\">\n                            <h2><span class=\"elipse\"><\/span><span class=\"trait\"><\/span>Work-study schedules<\/h2>\n                        <p>Here is the work-study schedules for the\u00a0<strong><a href=\"https:\/\/cyberschool.univ-rennes.fr\/en\/education\/cybersecurity-training-programmes\/masters-cybersecurity-with-ciso-specialisation\/\" target=\"_blank\" rel=\"noopener\">Master\u2019s Cybersecurity with CISO specialisation<\/a> (Year 1 and Year 2)<\/strong> for the academic year 2025-2026.<\/p>\n<p><div class=\"btn-shortcode\"><a href=\"https:\/\/cyberschool.univ-rennes.fr\/app\/uploads\/2025\/06\/m1-calendrier-alternance-202526.pdf\" target=\"_blank\" rel=\"noopener\">Download the calendar (Year 1)<\/a><\/div> <div class=\"btn-shortcode\"><a href=\"https:\/\/cyberschool.univ-rennes.fr\/app\/uploads\/2025\/06\/m2-calendrier-alternance-202526.pdf\" target=\"_blank\" rel=\"noopener\">Download the calendar (Year 2)<\/a><\/div><\/p>\n<div class=\"btn-shortcode\"><a href=\"https:\/\/cyberschool.univ-rennes.fr\/en\/businesses\/work-study\/\" target=\"_blank\" rel=\"noopener\">More information on the work-study programme<\/a><\/div>\n<p><a name=\"documents\"><\/a><\/p>\n\n        <\/div>\n    <\/div>\n<\/section>\n\n\n\n<section class=\"txt\">\n    <div class=\"container\">\n        <div class=\"bloc-txt\">\n                            <h2><span class=\"elipse\"><\/span><span class=\"trait\"><\/span>Documents you will need when applying to Universit\u00e9 de Rennes <\/h2>\n                        <p>When applying via the \u2018Mon Master\u2019 platform, you will have to provide a number of documents.<\/p>\n<p>Here is an overview of the documents that will be requested to submit your application form:<\/p>\n<h3><b>CV<\/b><\/h3>\n<h3><strong>Cover letter<\/strong><\/h3>\n<p>One A4 page (both sides) maximum. We recommend you to include the following in your cover letter:<\/p>\n<ul>\n<li>Describe your interest in cybersecurity and more specifically in the job of <span class=\"ILfuVd\" lang=\"fr\"><span class=\"hgKElc\">Chief information security officer<\/span><\/span> (why would you like to study cybersecurity, what do you like about the job of CISO, what motivates you&#8230;)<\/li>\n<li>What is your career plan?<\/li>\n<\/ul>\n<h3>Bachelor\u2019s degree<\/h3>\n<p>Applicants must have completed a Bachelor\u2019s degree (180 ECTS) or equivalent academic qualifications in order to apply.<\/p>\n<h3>Promise of employment (if available)<\/h3>\n<p>If you have found a host company for your two years of work-study programme, you can attach your promise of employment.<\/p>\n<h3>Optional<\/h3>\n<p>Any additional information that you deem useful (letter of recommendation, etc.)<\/p>\n<p><em>You may be asked for other documents when you apply.<\/em><\/p>\n<p><a name=\"lifelonglearning\"><\/a><\/p>\n\n        <\/div>\n    <\/div>\n<\/section>\n\n\n    <section class=\"txt-image  left\">\n    <div class=\"container\">\n        <div class=\"bloc-txt\">\n            <div class=\"contain-txt\">\n                                    <h2><span class=\"elipse\"><\/span><span class=\"trait\"><\/span>Application requirements in M1 for lifelong learning<\/h2>\n                                <ul>\n<li>The <strong><a href=\"https:\/\/cyberschool.univ-rennes.fr\/en\/education\/cybersecurity-training-programmes\/masters-cybersecurity-with-ciso-specialisation\/\" target=\"_blank\" rel=\"noopener\">Master\u2019s Cybersecurity with CISO specialisation<\/a><\/strong> is open for application to <strong>lifelong learning<\/strong>.<\/li>\n<li>Please note that this Master\u2019s is <strong>offered <u>only<\/u> as a work-study programme. <\/strong>Not all candidates are eligible for a professionalization contract or an apprenticeship contract.<\/li>\n<li>In case of a lower level diploma, professionals who can prove significant experience are eligible for validation of accreditation of prior experiential learning.<\/li>\n<li>To learn more about the application process, please refer to the information stated on the webpage of the <a href=\"https:\/\/formation-continue.univ-rennes1.fr\/alternance\" target=\"_blank\" rel=\"noopener\">\u2018Service de Formation Continue et Alternance\u2019<\/a> (SFCA) of Universit\u00e9 de Rennes.<\/li>\n<li>For further information, please contact Guillaume RIOU: guillaume.riou@univ-rennes.fr.<\/li>\n<\/ul>\n\n                                            <\/div>\n        <\/div>\n        <div class=\"bloc-img\">\n            <picture>\n                    <source\n                    type=\"image\/webp\"\n                    srcset=\"https:\/\/cyberschool.univ-rennes.fr\/app\/uploads\/2021\/09\/lifelong-learning-cyberschool.webp, https:\/\/cyberschool.univ-rennes.fr\/app\/uploads\/2021\/09\/lifelong-learning-cyberschool@2x.webp 2x\"\n                    >\n                    <source\n                    type=\"image\/jpeg\"\n                    srcset=\"https:\/\/cyberschool.univ-rennes.fr\/app\/uploads\/2021\/09\/lifelong-learning-cyberschool.jpg, https:\/\/cyberschool.univ-rennes.fr\/app\/uploads\/2021\/09\/lifelong-learning-cyberschool@2x.jpg 2x\"\n                    >\n                    <img decoding=\"async\" src=\"https:\/\/cyberschool.univ-rennes.fr\/app\/uploads\/2021\/09\/lifelong-learning-cyberschool.jpg\" loading=\"lazy\" alt=\"Lifelong Learning Cyberschool\" \/>\n            <\/picture>\n        <\/div>\n    <\/div>\n<\/section>\n","protected":false},"excerpt":{"rendered":"","protected":false},"author":8,"featured_media":540,"parent":530,"menu_order":0,"comment_status":"closed","ping_status":"closed","template":"","meta":[],"acf":[],"yoast_head":"<!-- This site is optimized with the Yoast SEO plugin v20.13 - https:\/\/yoast.com\/wordpress\/plugins\/seo\/ -->\n<title>Admission Master\u2019s Cybersecurity with CISO specialisation - CyberSchool<\/title>\n<meta name=\"robots\" content=\"index, follow, max-snippet:-1, max-image-preview:large, max-video-preview:-1\" \/>\n<link rel=\"canonical\" href=\"https:\/\/cyberschool.univ-rennes.fr\/en\/admissions\/admission-masters-cybersecurity-with-ciso-specialisation\/\" \/>\n<meta property=\"og:locale\" content=\"en_US\" \/>\n<meta property=\"og:type\" content=\"article\" \/>\n<meta property=\"og:title\" content=\"Admission Master\u2019s Cybersecurity with CISO specialisation - CyberSchool\" \/>\n<meta property=\"og:url\" content=\"https:\/\/cyberschool.univ-rennes.fr\/en\/admissions\/admission-masters-cybersecurity-with-ciso-specialisation\/\" \/>\n<meta property=\"og:site_name\" content=\"CyberSchool\" \/>\n<meta property=\"article:publisher\" content=\"https:\/\/www.facebook.com\/CSchoolRennes\/\" \/>\n<meta property=\"article:modified_time\" content=\"2026-04-13T15:02:50+00:00\" \/>\n<meta property=\"og:image\" content=\"https:\/\/cyberschool.univ-rennes.fr\/app\/uploads\/2021\/01\/banner-admission-scaled.jpg\" \/>\n\t<meta property=\"og:image:width\" content=\"2560\" \/>\n\t<meta property=\"og:image:height\" content=\"1707\" \/>\n\t<meta property=\"og:image:type\" content=\"image\/jpeg\" \/>\n<meta name=\"twitter:card\" content=\"summary_large_image\" \/>\n<meta name=\"twitter:site\" content=\"@CSchoolRennes\" \/>\n<script type=\"application\/ld+json\" class=\"yoast-schema-graph\">{\"@context\":\"https:\/\/schema.org\",\"@graph\":[{\"@type\":\"WebPage\",\"@id\":\"https:\/\/cyberschool.univ-rennes.fr\/en\/admissions\/admission-masters-cybersecurity-with-ciso-specialisation\/\",\"url\":\"https:\/\/cyberschool.univ-rennes.fr\/en\/admissions\/admission-masters-cybersecurity-with-ciso-specialisation\/\",\"name\":\"Admission Master\u2019s Cybersecurity with CISO specialisation - CyberSchool\",\"isPartOf\":{\"@id\":\"https:\/\/cyberschool.univ-rennes.fr\/en\/#website\"},\"datePublished\":\"2022-11-10T10:23:07+00:00\",\"dateModified\":\"2026-04-13T15:02:50+00:00\",\"breadcrumb\":{\"@id\":\"https:\/\/cyberschool.univ-rennes.fr\/en\/admissions\/admission-masters-cybersecurity-with-ciso-specialisation\/#breadcrumb\"},\"inLanguage\":\"en-US\",\"potentialAction\":[{\"@type\":\"ReadAction\",\"target\":[\"https:\/\/cyberschool.univ-rennes.fr\/en\/admissions\/admission-masters-cybersecurity-with-ciso-specialisation\/\"]}]},{\"@type\":\"BreadcrumbList\",\"@id\":\"https:\/\/cyberschool.univ-rennes.fr\/en\/admissions\/admission-masters-cybersecurity-with-ciso-specialisation\/#breadcrumb\",\"itemListElement\":[{\"@type\":\"ListItem\",\"position\":1,\"name\":\"Home\",\"item\":\"https:\/\/cyberschool.univ-rennes.fr\/en\/\"},{\"@type\":\"ListItem\",\"position\":2,\"name\":\"Admissions\",\"item\":\"https:\/\/cyberschool.univ-rennes.fr\/en\/admissions\/\"},{\"@type\":\"ListItem\",\"position\":3,\"name\":\"Admission Master\u2019s Cybersecurity with CISO specialisation\"}]},{\"@type\":\"WebSite\",\"@id\":\"https:\/\/cyberschool.univ-rennes.fr\/en\/#website\",\"url\":\"https:\/\/cyberschool.univ-rennes.fr\/en\/\",\"name\":\"CyberSchool\",\"description\":\"Just another WordPress site\",\"potentialAction\":[{\"@type\":\"SearchAction\",\"target\":{\"@type\":\"EntryPoint\",\"urlTemplate\":\"https:\/\/cyberschool.univ-rennes.fr\/en\/?s={search_term_string}\"},\"query-input\":\"required name=search_term_string\"}],\"inLanguage\":\"en-US\"}]}<\/script>\n<!-- \/ Yoast SEO plugin. -->","yoast_head_json":{"title":"Admission Master\u2019s Cybersecurity with CISO specialisation - CyberSchool","robots":{"index":"index","follow":"follow","max-snippet":"max-snippet:-1","max-image-preview":"max-image-preview:large","max-video-preview":"max-video-preview:-1"},"canonical":"https:\/\/cyberschool.univ-rennes.fr\/en\/admissions\/admission-masters-cybersecurity-with-ciso-specialisation\/","og_locale":"en_US","og_type":"article","og_title":"Admission Master\u2019s Cybersecurity with CISO specialisation - CyberSchool","og_url":"https:\/\/cyberschool.univ-rennes.fr\/en\/admissions\/admission-masters-cybersecurity-with-ciso-specialisation\/","og_site_name":"CyberSchool","article_publisher":"https:\/\/www.facebook.com\/CSchoolRennes\/","article_modified_time":"2026-04-13T15:02:50+00:00","og_image":[{"width":2560,"height":1707,"url":"https:\/\/cyberschool.univ-rennes.fr\/app\/uploads\/2021\/01\/banner-admission-scaled.jpg","type":"image\/jpeg"}],"twitter_card":"summary_large_image","twitter_site":"@CSchoolRennes","schema":{"@context":"https:\/\/schema.org","@graph":[{"@type":"WebPage","@id":"https:\/\/cyberschool.univ-rennes.fr\/en\/admissions\/admission-masters-cybersecurity-with-ciso-specialisation\/","url":"https:\/\/cyberschool.univ-rennes.fr\/en\/admissions\/admission-masters-cybersecurity-with-ciso-specialisation\/","name":"Admission Master\u2019s Cybersecurity with CISO specialisation - CyberSchool","isPartOf":{"@id":"https:\/\/cyberschool.univ-rennes.fr\/en\/#website"},"datePublished":"2022-11-10T10:23:07+00:00","dateModified":"2026-04-13T15:02:50+00:00","breadcrumb":{"@id":"https:\/\/cyberschool.univ-rennes.fr\/en\/admissions\/admission-masters-cybersecurity-with-ciso-specialisation\/#breadcrumb"},"inLanguage":"en-US","potentialAction":[{"@type":"ReadAction","target":["https:\/\/cyberschool.univ-rennes.fr\/en\/admissions\/admission-masters-cybersecurity-with-ciso-specialisation\/"]}]},{"@type":"BreadcrumbList","@id":"https:\/\/cyberschool.univ-rennes.fr\/en\/admissions\/admission-masters-cybersecurity-with-ciso-specialisation\/#breadcrumb","itemListElement":[{"@type":"ListItem","position":1,"name":"Home","item":"https:\/\/cyberschool.univ-rennes.fr\/en\/"},{"@type":"ListItem","position":2,"name":"Admissions","item":"https:\/\/cyberschool.univ-rennes.fr\/en\/admissions\/"},{"@type":"ListItem","position":3,"name":"Admission Master\u2019s Cybersecurity with CISO specialisation"}]},{"@type":"WebSite","@id":"https:\/\/cyberschool.univ-rennes.fr\/en\/#website","url":"https:\/\/cyberschool.univ-rennes.fr\/en\/","name":"CyberSchool","description":"Just another WordPress site","potentialAction":[{"@type":"SearchAction","target":{"@type":"EntryPoint","urlTemplate":"https:\/\/cyberschool.univ-rennes.fr\/en\/?s={search_term_string}"},"query-input":"required name=search_term_string"}],"inLanguage":"en-US"}]}},"_links":{"self":[{"href":"https:\/\/cyberschool.univ-rennes.fr\/en\/wp-json\/wp\/v2\/pages\/8742"}],"collection":[{"href":"https:\/\/cyberschool.univ-rennes.fr\/en\/wp-json\/wp\/v2\/pages"}],"about":[{"href":"https:\/\/cyberschool.univ-rennes.fr\/en\/wp-json\/wp\/v2\/types\/page"}],"author":[{"embeddable":true,"href":"https:\/\/cyberschool.univ-rennes.fr\/en\/wp-json\/wp\/v2\/users\/8"}],"replies":[{"embeddable":true,"href":"https:\/\/cyberschool.univ-rennes.fr\/en\/wp-json\/wp\/v2\/comments?post=8742"}],"version-history":[{"count":53,"href":"https:\/\/cyberschool.univ-rennes.fr\/en\/wp-json\/wp\/v2\/pages\/8742\/revisions"}],"predecessor-version":[{"id":18686,"href":"https:\/\/cyberschool.univ-rennes.fr\/en\/wp-json\/wp\/v2\/pages\/8742\/revisions\/18686"}],"up":[{"embeddable":true,"href":"https:\/\/cyberschool.univ-rennes.fr\/en\/wp-json\/wp\/v2\/pages\/530"}],"wp:featuredmedia":[{"embeddable":true,"href":"https:\/\/cyberschool.univ-rennes.fr\/en\/wp-json\/wp\/v2\/media\/540"}],"wp:attachment":[{"href":"https:\/\/cyberschool.univ-rennes.fr\/en\/wp-json\/wp\/v2\/media?parent=8742"}],"curies":[{"name":"wp","href":"https:\/\/api.w.org\/{rel}","templated":true}]}}