{"id":9,"date":"2021-01-05T14:36:49","date_gmt":"2021-01-05T13:36:49","guid":{"rendered":"https:\/\/cyberschool.univ-rennes.fr?page_id=9"},"modified":"2026-04-27T10:16:56","modified_gmt":"2026-04-27T09:16:56","slug":"cyberschool","status":"publish","type":"page","link":"https:\/\/cyberschool.univ-rennes.fr\/en\/","title":{"rendered":"CyberSchool"},"content":{"rendered":"<section class=\"top-home\">\n    <div class=\"contain-img\">\n        <picture>\n            <source\n            type=\"image\/webp\"\n            srcset=\"https:\/\/cyberschool.univ-rennes.fr\/app\/uploads\/2021\/02\/img_7070-800x1067.webp, https:\/\/cyberschool.univ-rennes.fr\/app\/uploads\/2021\/02\/img_7070-800x1067@2x.webp 2x\"\n            media=\"(max-width: 480px)\"\n            >\n            <source\n            type=\"image\/webp\"\n            srcset=\"https:\/\/cyberschool.univ-rennes.fr\/app\/uploads\/2021\/02\/img_7070.webp, https:\/\/cyberschool.univ-rennes.fr\/app\/uploads\/2021\/02\/img_7070@2x.webp 2x\"\n            media=\"(min-width: 480px)\"\n            >\n            <source\n            type=\"image\/jpeg\"\n            srcset=\"https:\/\/cyberschool.univ-rennes.fr\/app\/uploads\/2021\/02\/img_7070-800x1067.jpg, https:\/\/cyberschool.univ-rennes.fr\/app\/uploads\/2021\/02\/img_7070-800x1067@2x.jpg 2x\"\n            media=\"(max-width: 480px)\"\n            >\n            <source\n            type=\"image\/jpeg\"\n            srcset=\"https:\/\/cyberschool.univ-rennes.fr\/app\/uploads\/2021\/02\/img_7070.jpg, https:\/\/cyberschool.univ-rennes.fr\/app\/uploads\/2021\/02\/img_7070@2x.jpg 2x\"\n            media=\"(min-width: 480px)\"\n            >\n            <img decoding=\"async\" src=\"https:\/\/cyberschool.univ-rennes.fr\/app\/uploads\/2021\/02\/img_7070.jpg\" width=\"2500\" height=\"1200\" loading=\"lazy\" alt=\"Campus\" \/>\n        <\/picture>\n        <div class=\"arc\"><\/div>\n    <\/div>\n    <div class=\"container\">\n        <div class=\"contain-txt\">\n            <div class=\"bloc-title\">\n                <h1>Graduate cybersecurity Research School<\/h1>\n                <p><br data-mce-bogus=\"1\"><\/p>\n\n                <div class=\"links\">\n                                            <a href=\"https:\/\/cyberschool.univ-rennes.fr\/en\/education\/\"><span>You are a student<\/span><\/a>\n                                            <a href=\"https:\/\/cyberschool.univ-rennes.fr\/en\/education\/are-you-a-high-school-student\/\"><span>You are a high-school student<\/span><\/a>\n                                            <a href=\"https:\/\/cyberschool.univ-rennes.fr\/en\/businesses\/collaborations\/\"><span>You are a company<\/span><\/a>\n                                    <\/div>\n                <div class=\"search\">\n                    <p>You are looking for:<\/p>\n                    <div class=\"contain-links\">\n                                                    <a href=\"https:\/\/cyberschool.univ-rennes.fr\/en\/education\/two-and-three-year-higher-education-programmes\/\"><span>A two- and three-year higher education programme<\/span><\/a>\n                                                    <a href=\"https:\/\/cyberschool.univ-rennes.fr\/en\/education\/masters-and-postgraduate-programmes\/\"><span>A Master\u2019s and postgraduate programme<\/span><\/a>\n                                            <\/div>\n                <\/div>\n            <\/div>\n            <div class=\"bloc-infos\">\n                <div class=\"links\">\n                                            <div class=\"link\">\n                            <a href=\"https:\/\/cyberschool.univ-rennes.fr\/en\/about\/cyberschool\/\"><span>What is CyberSchool?<\/span><\/a>\n                        <\/div>\n                                            <div class=\"link\">\n                            <a href=\"https:\/\/cyberschool.univ-rennes.fr\/en\/education\/\"><span>Cybersecurity training programmes of our partners<\/span><\/a>\n                        <\/div>\n                                            <div class=\"link\">\n                            <a href=\"https:\/\/cyberschool.univ-rennes.fr\/en\/community\/our-events\/\"><span>Our Events<\/span><\/a>\n                        <\/div>\n                                            <div class=\"link\">\n                            <a href=\"https:\/\/cyberschool.univ-rennes.fr\/en\/about\/ecosystem\/\"><span>Cybersecurity in Rennes<\/span><\/a>\n                        <\/div>\n                                    <\/div>\n                                    <div class=\"bloc-info\">\n                                                    <div class=\"info\">\n                                <p class=\"title\">BreizhCTF<\/p>\n                                <p>May 22-23<\/p>\n                                                                    <a href=\"https:\/\/www.breizhctf.com\/\" class=\"link\">Read more<\/a>\n                                                            <\/div>\n                                                    <div class=\"info\">\n                                <p class=\"title\">RESSI 2026<\/p>\n                                <p>May 27-29<\/p>\n                                                                    <a href=\"https:\/\/ressi2026.sciencesconf.org\/?lang=fr\" class=\"link\">Read more<\/a>\n                                                            <\/div>\n                                            <\/div>\n                            <\/div>\n        <\/div>\n    <\/div>\n<\/section>\n\n\n<section class=\"presentation\">\n    <span class=\"elipse-left\"><\/span>\n    <div class=\"container\">\n        <div class=\"bloc-imgs\">\n            <div class=\"bloc-img bloc-img-1\">\n                <picture>\n                    <source\n                    type=\"image\/webp\"\n                    srcset=\"https:\/\/cyberschool.univ-rennes.fr\/app\/uploads\/2025\/09\/visite-orange-cyberdefense-cyberschool-362x220.webp, https:\/\/cyberschool.univ-rennes.fr\/app\/uploads\/2025\/09\/visite-orange-cyberdefense-cyberschool-724x440@2x.webp 2x\"\n                    media=\"(max-width: 480px)\"\n                    >\n                    <source\n                    type=\"image\/webp\"\n                    srcset=\"https:\/\/cyberschool.univ-rennes.fr\/app\/uploads\/2025\/09\/visite-orange-cyberdefense-cyberschool-280x220.webp, https:\/\/cyberschool.univ-rennes.fr\/app\/uploads\/2025\/09\/visite-orange-cyberdefense-cyberschool-560x440@2x.webp 2x\"\n                    media=\"(min-width: 480px)\"\n                    >\n                    <source\n                    type=\"image\/jpeg\"\n                    srcset=\"https:\/\/cyberschool.univ-rennes.fr\/app\/uploads\/2025\/09\/visite-orange-cyberdefense-cyberschool-362x220.jpg, https:\/\/cyberschool.univ-rennes.fr\/app\/uploads\/2025\/09\/visite-orange-cyberdefense-cyberschool-724x440@2x.jpg 2x\"\n                    media=\"(max-width: 480px)\"\n                    >\n                    <source\n                    type=\"image\/jpeg\"\n                    srcset=\"https:\/\/cyberschool.univ-rennes.fr\/app\/uploads\/2025\/09\/visite-orange-cyberdefense-cyberschool-280x220.jpg, https:\/\/cyberschool.univ-rennes.fr\/app\/uploads\/2025\/09\/visite-orange-cyberdefense-cyberschool-560x440@2x.jpg 2x\"\n                    media=\"(min-width: 480px)\"\n                    >\n                    <img decoding=\"async\" src=\"https:\/\/cyberschool.univ-rennes.fr\/app\/uploads\/2025\/09\/visite-orange-cyberdefense-cyberschool-280x220.jpg\" loading=\"lazy\" width=\"280\" height=\"220\" alt=\"Les \u00e9tudiants devant les locaux d'Orange Cyberdefense\" \/>\n                <\/picture>\n            <\/div>\n            <div class=\"bloc-img bloc-img-2\">\n                <picture>\n                    <source\n                    type=\"image\/webp\"\n                    srcset=\"https:\/\/cyberschool.univ-rennes.fr\/app\/uploads\/2025\/02\/20250206_150222-2-min-280x220.webp, https:\/\/cyberschool.univ-rennes.fr\/app\/uploads\/2025\/02\/20250206_150222-2-min-560x440@2x.webp 2x\"\n                    >\n                    <source\n                    type=\"image\/jpeg\"\n                    srcset=\"https:\/\/cyberschool.univ-rennes.fr\/app\/uploads\/2025\/02\/20250206_150222-2-min-280x220.jpg, https:\/\/cyberschool.univ-rennes.fr\/app\/uploads\/2025\/02\/20250206_150222-2-min-560x440@2x.jpg 2x\"\n                    >\n                    <img decoding=\"async\" src=\"https:\/\/cyberschool.univ-rennes.fr\/app\/uploads\/2025\/02\/20250206_150222-2-min-280x220.jpg\" width=\"280\" height=\"220\" loading=\"lazy\" alt=\"Etudiants assistant \u00e0 une conf\u00e9rence dans l'amphi\" \/>\n                <\/picture>\n            <\/div>\n            <div class=\"bloc-img bloc-img-3\">\n                <picture>\n                    <source\n                    type=\"image\/webp\"\n                    srcset=\"https:\/\/cyberschool.univ-rennes.fr\/app\/uploads\/2024\/10\/defhack-2024-cyberschool-5-240x320.webp, https:\/\/cyberschool.univ-rennes.fr\/app\/uploads\/2024\/10\/defhack-2024-cyberschool-5-480x640@2x.webp 2x\"\n                    >\n                    <source\n                    type=\"image\/jpeg\"\n                    srcset=\"https:\/\/cyberschool.univ-rennes.fr\/app\/uploads\/2024\/10\/defhack-2024-cyberschool-5-240x320.jpg, https:\/\/cyberschool.univ-rennes.fr\/app\/uploads\/2024\/10\/defhack-2024-cyberschool-5-480x640@2x.jpg 2x\"\n                    >\n                    <img decoding=\"async\" src=\"https:\/\/cyberschool.univ-rennes.fr\/app\/uploads\/2024\/10\/defhack-2024-cyberschool-5-240x320.jpg\" loading=\"lazy\" width=\"240\" height=\"320\" alt=\"\" \/>\n                <\/picture>\n            <\/div>\n        <\/div>\n        <div class=\"bloc-txt\">\n            <div class=\"bloc-title\">\n                <h2><span class=\"elipse\"><\/span><span class=\"trait\"><\/span>CyberSchool<\/h2>\n                <p>CyberSchool is a <strong>winning project of the French \u201cInvestments for the Future\u201d programme<\/strong>. It is the only graduate cybersecurity research school in France.<\/p>\n<p>CyberSchool was created with the goal of <strong>increasing the number of highly qualified cybersecurity professionals<\/strong> to meet talent needs in Brittany and France. It aims to <strong>raise awareness of this sector<\/strong> among a wide audience, <strong>enhance the training<\/strong> of its partners, and <strong>facilitate career transitions<\/strong>. CyberSchool also <strong>invests in research<\/strong> to support cybersecurity innovation and strengthen Brittany\u2019s position as a center of excellence in this field.<\/p>\n<p>Managed by the University of Rennes, CyberSchool draws on the expertise of <strong>ten academic, scientific, and institutional partners<\/strong>.<\/p>\n\n            <\/div>\n            <div class=\"rubriques\">\n                            <\/div>\n            <a href=\"https:\/\/cyberschool.univ-rennes.fr\/en\/about\/cyberschool\/\" class=\"btn\"><span>Read more<\/span><\/a>\n        <\/div>\n    <\/div>\n<\/section>\n\n\n<section class=\"numbers\">\n    <span class=\"elipse-right\"><\/span>\n    <div class=\"container\">\n                   <div class=\"bloc-number\">\n                <span class=\"number\">20<\/span>\n                <p>cybersecurity training programmes<\/p>\n            <\/div>\n                    <div class=\"bloc-number\">\n                <span class=\"number\">10<\/span>\n                <p>partners<\/p>\n            <\/div>\n            <\/div>\n<\/section>\n\n\n<section class=\"numbers\">\n    <span class=\"elipse-right\"><\/span>\n    <div class=\"container\">\n                   <div class=\"bloc-number\">\n                <span class=\"number\">131<\/span>\n                <p>PhD students<\/p>\n            <\/div>\n                    <div class=\"bloc-number\">\n                <span class=\"number\">700+<\/span>\n                <p>students<\/p>\n            <\/div>\n            <\/div>\n<\/section>\n\n\n<section class=\"events\">\n    <span class=\"elipse-left\"><\/span>\n    <div class=\"container\">\n        <h2><span class=\"elipse\"><\/span><span class=\"trait\"><\/span>Upcoming events<\/h2>\n    <\/div>\n    <div class=\"container\">\n                   <div class=\"bloc-events\">\n                <div class=\"title\">\n                    <p class=\"title\">BreizhCTF<\/p>\n                    <p><span>22-23<\/span>May<\/p>\n                <\/div>\n                <p>The BreizhCTF will take place on 22 and 23 May in Rennes. On this occasion, 600 participants will compete in the CTF. Alongside the competition, several key activities will be organised: a Hack&amp;Job event, dedicated to connecting with organisations involved in cybersecurity recruitment and training, as well as a Hack&amp;Teens initiative to explore careers and educational pathways in the field. CyberSchool, a partner of the event, will be represented by a team of students taking part in the competition and will also host a stand alongside the IUT of Saint-Malo.<\/p>\n\n            <\/div>\n                    <div class=\"bloc-events\">\n                <div class=\"title\">\n                    <p class=\"title\">RESSI 2026<\/p>\n                    <p><span>27-29<\/span>May<\/p>\n                <\/div>\n                <p>The <em><strong>Rendez-Vous de la Recherche et de l\u2019Enseignement de la S\u00e9curit\u00e9 des Syst\u00e8mes d\u2019Information<\/strong><\/em> (RESSI) returns for a new edition in Luxembourg. This scientific event aims to <strong>bring together and energise the French-speaking community involved in both academic and industrial research, as well as education, in the field of information systems security<\/strong>. Several members of the CyberSchool consortium will be in attendance.<\/p>\n\n            <\/div>\n            <\/div>\n<\/section>\n\n\n<section class=\"actualitys\">\n    <span class=\"elipse-right\"><\/span>\n    <div class=\"container\">\n        <h2><span class=\"elipse\"><\/span><span class=\"trait\"><\/span>News<\/h2>\n    <\/div>\n    <div class=\"container contain-blocs\">\n                    <a href=\"https:\/\/cyberschool.univ-rennes.fr\/en\/ctf-cyberspice-2026\/\" class=\"bloc\" >\n                <div class=\"contain-img\">\n                    <source\n                        type=\"image\/webp\"\n                        srcset=\"https:\/\/cyberschool.univ-rennes.fr\/app\/uploads\/2026\/04\/1776093687197-2-200x180.webp, https:\/\/cyberschool.univ-rennes.fr\/app\/uploads\/2026\/04\/1776093687197-2-400x360@2x.webp 2x\"\n                        media=\"(max-width: 480px)\"\n                    >\n                    <source\n                        type=\"image\/webp\"\n                        srcset=\"https:\/\/cyberschool.univ-rennes.fr\/app\/uploads\/2026\/04\/1776093687197-2-400x180.webp, https:\/\/cyberschool.univ-rennes.fr\/app\/uploads\/2026\/04\/1776093687197-2-800x360@2x.webp 2x\"\n                        media=\"(min-width: 480px)\"\n                    >\n                    <source\n                        type=\"image\/jpeg\"\n                        srcset=\"https:\/\/cyberschool.univ-rennes.fr\/app\/uploads\/2026\/04\/1776093687197-2-200x180.jpg, https:\/\/cyberschool.univ-rennes.fr\/app\/uploads\/2026\/04\/1776093687197-2-400x360@2x.jpg 2x\"\n                        media=\"(max-width: 480px)\"\n                    >\n                    <source\n                        type=\"image\/jpeg\"\n                        srcset=\"https:\/\/cyberschool.univ-rennes.fr\/app\/uploads\/2026\/04\/1776093687197-2-400x180.jpg, https:\/\/cyberschool.univ-rennes.fr\/app\/uploads\/2026\/04\/1776093687197-2-800x360@2x.jpg 2x\"\n                        media=\"(min-width: 480px)\"\n                    >\n                    <img decoding=\"async\" src=\"https:\/\/cyberschool.univ-rennes.fr\/app\/uploads\/2026\/04\/1776093687197-2-400x180.jpg\" width=\"380\" height=\"180\" loading=\"lazy\" alt=\"CTF Cyber&amp;Spice 2026\" \/>\n                <\/div>\n                <div class=\"contain-txt\">                            \n                    <p class=\"title\">CTF Cyber&amp;Spice 2026<\/p>\n                    <p>With more than 80 participants and around fifty challenges, the Cyber&amp;Spice CTF delivered a comprehensive experience combining technical depth, immersion and collaboration.<\/p>\n                    <span class=\"read-more\">Read more<\/span>\n                <\/div>\n            <\/a>\n                    <a href=\"https:\/\/cyberschool.univ-rennes.fr\/en\/ctf-hacklantique-2026\/\" class=\"bloc\" >\n                <div class=\"contain-img\">\n                    <source\n                        type=\"image\/webp\"\n                        srcset=\"https:\/\/cyberschool.univ-rennes.fr\/app\/uploads\/2026\/03\/hacklantique-2026-1-200x180.webp, https:\/\/cyberschool.univ-rennes.fr\/app\/uploads\/2026\/03\/hacklantique-2026-1-400x360@2x.webp 2x\"\n                        media=\"(max-width: 480px)\"\n                    >\n                    <source\n                        type=\"image\/webp\"\n                        srcset=\"https:\/\/cyberschool.univ-rennes.fr\/app\/uploads\/2026\/03\/hacklantique-2026-1-400x180.webp, https:\/\/cyberschool.univ-rennes.fr\/app\/uploads\/2026\/03\/hacklantique-2026-1-800x360@2x.webp 2x\"\n                        media=\"(min-width: 480px)\"\n                    >\n                    <source\n                        type=\"image\/jpeg\"\n                        srcset=\"https:\/\/cyberschool.univ-rennes.fr\/app\/uploads\/2026\/03\/hacklantique-2026-1-200x180.jpg, https:\/\/cyberschool.univ-rennes.fr\/app\/uploads\/2026\/03\/hacklantique-2026-1-400x360@2x.jpg 2x\"\n                        media=\"(max-width: 480px)\"\n                    >\n                    <source\n                        type=\"image\/jpeg\"\n                        srcset=\"https:\/\/cyberschool.univ-rennes.fr\/app\/uploads\/2026\/03\/hacklantique-2026-1-400x180.jpg, https:\/\/cyberschool.univ-rennes.fr\/app\/uploads\/2026\/03\/hacklantique-2026-1-800x360@2x.jpg 2x\"\n                        media=\"(min-width: 480px)\"\n                    >\n                    <img decoding=\"async\" src=\"https:\/\/cyberschool.univ-rennes.fr\/app\/uploads\/2026\/03\/hacklantique-2026-1-400x180.png\" width=\"380\" height=\"180\" loading=\"lazy\" alt=\"CTF Hack\u2019Lantique 2026\" \/>\n                <\/div>\n                <div class=\"contain-txt\">                            \n                    <p class=\"title\">CTF Hack\u2019Lantique 2026<\/p>\n                    <p>On Saturday 7 March, 200 enthusiasts took part in the fifth edition of the CTF Hack\u2019Lantique, a cybersecurity challenge organised by students from IMT Atlantique.<\/p>\n                    <span class=\"read-more\">Read more<\/span>\n                <\/div>\n            <\/a>\n                <div class=\"bloc-info bloc\">\n            <a class=\"blocTweet\" rel=\"noreferrer noopener\" href=\"\" target=\"_blank\">\n                <span class=\"date\"><\/span>\n                <span class=\"title\"><\/span>\n                <span class=\"name\">@CSchoolRennes<\/span>\n            <\/a>\n            <div>\n                <p class=\"title\">More CyberSchool informations<\/p>\n                <p>Follow us on social media<\/p>\n                <div class=\"socials\">\n                                            <a href=\"https:\/\/www.facebook.com\/CSchoolRennes\/\" target=\"_blank\" rel=\"noopener\" class=\"fb\">fb<\/a>\n                                                                <a href=\"https:\/\/www.instagram.com\/cyberschoolrennes\/\" target=\"_blank\" rel=\"noopener\" class=\"instagram\">instagram<\/a>\n                                                                <a href=\"https:\/\/twitter.com\/CSchoolRennes\" target=\"_blank\" rel=\"noopener\" class=\"twitter\">twitter<\/a>\n                                                                <a href=\"https:\/\/www.youtube.com\/channel\/UCLWvjcFT7sjKHK_5GOenK7Q\" target=\"_blank\" rel=\"noopener\" class=\"youtube\">youtube<\/a>\n                                                                <a href=\"https:\/\/www.linkedin.com\/company\/cyberschoolrennes\/\" target=\"_blank\" rel=\"noopener\" class=\"linkedin\">linkedin<\/a>\n                                    <\/div>\n            <\/div>\n        <\/div>\n    <\/div>\n    <div class=\"container\">\n                            <a href=\"https:\/\/cyberschool.univ-rennes.fr\/en\/news\/\" class=\"btn\"><span>Read all news<\/span><\/a>\n            <\/div>\n<\/section>","protected":false},"excerpt":{"rendered":"","protected":false},"author":1,"featured_media":0,"parent":0,"menu_order":1,"comment_status":"closed","ping_status":"closed","template":"","meta":[],"acf":[],"yoast_head":"<!-- This site is optimized with the Yoast SEO plugin v20.13 - https:\/\/yoast.com\/wordpress\/plugins\/seo\/ -->\n<title>CyberSchool Rennes - French Graduate School in Cybersecurity<\/title>\n<meta name=\"description\" content=\"CyberSchool brings together university and engineering and prestigious school cybersecurity training programmes.\" \/>\n<meta name=\"robots\" content=\"index, follow, max-snippet:-1, max-image-preview:large, max-video-preview:-1\" \/>\n<link rel=\"canonical\" href=\"https:\/\/cyberschool.univ-rennes.fr\/en\/\" \/>\n<meta property=\"og:locale\" content=\"en_US\" \/>\n<meta property=\"og:type\" content=\"article\" \/>\n<meta property=\"og:title\" content=\"CyberSchool Rennes - French Graduate School in Cybersecurity\" \/>\n<meta property=\"og:description\" content=\"CyberSchool brings together university and engineering and prestigious school cybersecurity training programmes.\" \/>\n<meta property=\"og:url\" content=\"https:\/\/cyberschool.univ-rennes.fr\/en\/\" \/>\n<meta property=\"og:site_name\" content=\"CyberSchool\" \/>\n<meta property=\"article:publisher\" content=\"https:\/\/www.facebook.com\/CSchoolRennes\/\" \/>\n<meta property=\"article:modified_time\" content=\"2026-04-27T09:16:56+00:00\" \/>\n<meta property=\"og:image\" content=\"https:\/\/cyberschool.univ-rennes.fr\/app\/uploads\/2021\/02\/cover-social-network.jpeg\" \/>\n\t<meta property=\"og:image:width\" content=\"1500\" \/>\n\t<meta property=\"og:image:height\" content=\"500\" \/>\n\t<meta property=\"og:image:type\" content=\"image\/jpeg\" \/>\n<meta name=\"twitter:card\" content=\"summary_large_image\" \/>\n<meta name=\"twitter:site\" content=\"@CSchoolRennes\" \/>\n<script type=\"application\/ld+json\" class=\"yoast-schema-graph\">{\"@context\":\"https:\/\/schema.org\",\"@graph\":[{\"@type\":\"WebPage\",\"@id\":\"https:\/\/cyberschool.univ-rennes.fr\/en\/\",\"url\":\"https:\/\/cyberschool.univ-rennes.fr\/en\/\",\"name\":\"CyberSchool Rennes - French Graduate School in Cybersecurity\",\"isPartOf\":{\"@id\":\"https:\/\/cyberschool.univ-rennes.fr\/en\/#website\"},\"datePublished\":\"2021-01-05T13:36:49+00:00\",\"dateModified\":\"2026-04-27T09:16:56+00:00\",\"description\":\"CyberSchool brings together university and engineering and prestigious school cybersecurity training programmes.\",\"breadcrumb\":{\"@id\":\"https:\/\/cyberschool.univ-rennes.fr\/en\/#breadcrumb\"},\"inLanguage\":\"en-US\",\"potentialAction\":[{\"@type\":\"ReadAction\",\"target\":[\"https:\/\/cyberschool.univ-rennes.fr\/en\/\"]}]},{\"@type\":\"BreadcrumbList\",\"@id\":\"https:\/\/cyberschool.univ-rennes.fr\/en\/#breadcrumb\",\"itemListElement\":[{\"@type\":\"ListItem\",\"position\":1,\"name\":\"Home\",\"item\":\"https:\/\/cyberschool.univ-rennes.fr\/en\/\"},{\"@type\":\"ListItem\",\"position\":2,\"name\":\"CyberSchool\"}]},{\"@type\":\"WebSite\",\"@id\":\"https:\/\/cyberschool.univ-rennes.fr\/en\/#website\",\"url\":\"https:\/\/cyberschool.univ-rennes.fr\/en\/\",\"name\":\"CyberSchool\",\"description\":\"Just another WordPress site\",\"potentialAction\":[{\"@type\":\"SearchAction\",\"target\":{\"@type\":\"EntryPoint\",\"urlTemplate\":\"https:\/\/cyberschool.univ-rennes.fr\/en\/?s={search_term_string}\"},\"query-input\":\"required name=search_term_string\"}],\"inLanguage\":\"en-US\"}]}<\/script>\n<!-- \/ Yoast SEO plugin. -->","yoast_head_json":{"title":"CyberSchool Rennes - French Graduate School in Cybersecurity","description":"CyberSchool brings together university and engineering and prestigious school cybersecurity training programmes.","robots":{"index":"index","follow":"follow","max-snippet":"max-snippet:-1","max-image-preview":"max-image-preview:large","max-video-preview":"max-video-preview:-1"},"canonical":"https:\/\/cyberschool.univ-rennes.fr\/en\/","og_locale":"en_US","og_type":"article","og_title":"CyberSchool Rennes - French Graduate School in Cybersecurity","og_description":"CyberSchool brings together university and engineering and prestigious school cybersecurity training programmes.","og_url":"https:\/\/cyberschool.univ-rennes.fr\/en\/","og_site_name":"CyberSchool","article_publisher":"https:\/\/www.facebook.com\/CSchoolRennes\/","article_modified_time":"2026-04-27T09:16:56+00:00","og_image":[{"width":1500,"height":500,"url":"https:\/\/cyberschool.univ-rennes.fr\/app\/uploads\/2021\/02\/cover-social-network.jpeg","type":"image\/jpeg"}],"twitter_card":"summary_large_image","twitter_site":"@CSchoolRennes","schema":{"@context":"https:\/\/schema.org","@graph":[{"@type":"WebPage","@id":"https:\/\/cyberschool.univ-rennes.fr\/en\/","url":"https:\/\/cyberschool.univ-rennes.fr\/en\/","name":"CyberSchool Rennes - French Graduate School in Cybersecurity","isPartOf":{"@id":"https:\/\/cyberschool.univ-rennes.fr\/en\/#website"},"datePublished":"2021-01-05T13:36:49+00:00","dateModified":"2026-04-27T09:16:56+00:00","description":"CyberSchool brings together university and engineering and prestigious school cybersecurity training programmes.","breadcrumb":{"@id":"https:\/\/cyberschool.univ-rennes.fr\/en\/#breadcrumb"},"inLanguage":"en-US","potentialAction":[{"@type":"ReadAction","target":["https:\/\/cyberschool.univ-rennes.fr\/en\/"]}]},{"@type":"BreadcrumbList","@id":"https:\/\/cyberschool.univ-rennes.fr\/en\/#breadcrumb","itemListElement":[{"@type":"ListItem","position":1,"name":"Home","item":"https:\/\/cyberschool.univ-rennes.fr\/en\/"},{"@type":"ListItem","position":2,"name":"CyberSchool"}]},{"@type":"WebSite","@id":"https:\/\/cyberschool.univ-rennes.fr\/en\/#website","url":"https:\/\/cyberschool.univ-rennes.fr\/en\/","name":"CyberSchool","description":"Just another WordPress site","potentialAction":[{"@type":"SearchAction","target":{"@type":"EntryPoint","urlTemplate":"https:\/\/cyberschool.univ-rennes.fr\/en\/?s={search_term_string}"},"query-input":"required name=search_term_string"}],"inLanguage":"en-US"}]}},"_links":{"self":[{"href":"https:\/\/cyberschool.univ-rennes.fr\/en\/wp-json\/wp\/v2\/pages\/9"}],"collection":[{"href":"https:\/\/cyberschool.univ-rennes.fr\/en\/wp-json\/wp\/v2\/pages"}],"about":[{"href":"https:\/\/cyberschool.univ-rennes.fr\/en\/wp-json\/wp\/v2\/types\/page"}],"author":[{"embeddable":true,"href":"https:\/\/cyberschool.univ-rennes.fr\/en\/wp-json\/wp\/v2\/users\/1"}],"replies":[{"embeddable":true,"href":"https:\/\/cyberschool.univ-rennes.fr\/en\/wp-json\/wp\/v2\/comments?post=9"}],"version-history":[{"count":477,"href":"https:\/\/cyberschool.univ-rennes.fr\/en\/wp-json\/wp\/v2\/pages\/9\/revisions"}],"predecessor-version":[{"id":18757,"href":"https:\/\/cyberschool.univ-rennes.fr\/en\/wp-json\/wp\/v2\/pages\/9\/revisions\/18757"}],"wp:attachment":[{"href":"https:\/\/cyberschool.univ-rennes.fr\/en\/wp-json\/wp\/v2\/media?parent=9"}],"curies":[{"name":"wp","href":"https:\/\/api.w.org\/{rel}","templated":true}]}}